{"id":4854,"date":"2021-06-08T17:34:11","date_gmt":"2021-06-08T10:34:11","guid":{"rendered":"https:\/\/solarquangbinh.com\/san-pham\/three-phasesolar-pump-inverter-11kw-model-hsph11kh\/"},"modified":"2021-07-24T19:21:57","modified_gmt":"2021-07-24T12:21:57","slug":"three-phasesolar-pump-inverter-11kw-model-hsph11kh","status":"publish","type":"product","link":"https:\/\/solarquangbinh.com\/?product=three-phasesolar-pump-inverter-11kw-model-hsph11kh","title":{"rendered":"THREE PHASE\nSOLAR PUMP INVERTER 11KW. Model: HSPH11KH"},"content":{"rendered":"","protected":false},"excerpt":{"rendered":"<p>Hobertek \u0111\u01b0\u1ee3c th\u00e0nh l\u1eadp v\u00e0o n\u0103m 2006, l\u00e0 c\u00f4ng ty chuy\u00ean tham gia v\u00e0o vi\u1ec7c thi\u1ebft k\u1ebf h\u1ec7 th\u1ed1ng n\u0103ng l\u01b0\u1ee3ng m\u1eb7t tr\u1eddi v\u00e0 m\u00e1y b\u01a1m n\u01b0\u1edbc cho doanh nghi\u1ec7p c\u0169ng nh\u01b0 t\u01b0 nh\u00e2n v\u1edbi doanh s\u1ed1 b\u00e1n h\u00e0ng cao.<br \/>\n   V\u1edbi nh\u1eefng ti\u00eau ch\u00ed:<br \/>\n-S\u1ea3n ph\u1ea9m ch\u1ea5t l\u01b0\u1ee3ng cao<br \/>\n-Th\u1eddi gian giao h\u00e0ng nhanh ch\u00f3ng<br \/>\n-Gi\u00e1 tr\u1ecb s\u1ea3n ph\u1ea9m cao<br \/>\n-D\u1ec5 d\u00e0ng l\u1eafp \u0111\u1eb7t<br \/>\n-B\u1ea3o h\u00e0nh 18 th\u00e1ng<br \/>\n-D\u1ecbch v\u1ee5 t\u01b0 v\u1ea5n 24\/7<br \/>\n-H\u01a1n 10 n\u0103m kinh nghi\u1ec7m trong vi\u1ec7c thi\u1ebft k\u1ebf v\u00e0 s\u1ea3n xu\u1ea5t<br \/>\n-\u0110\u1ea1t ti\u00eau chu\u1ea9n qu\u1ed1c t\u1ebf nh\u01b0: CE; ISO9001; OEM\/ODM<br \/>\n* V\u1ec1 s\u1ea3n ph\u1ea9m:<br \/>\n  \u0110\u00e2y l\u00e0 lo\u1ea1i Hybrid Solar Pump Inverter c\u00f3 k\u1ebft n\u1ed1i \u0111i\u1ec7n l\u01b0\u1edbi, khi PV y\u1ebfu s\u1ebd l\u1ea5y \u0111i\u1ec7n l\u01b0\u1edbi b\u00f9 v\u00e0o.<br \/>\n-C\u00f3 m\u00e0n h\u00ecnh LCD.<br \/>\n-C\u1ea5p b\u1ea3o v\u1ec7 IP65.<br \/>\n-Theo d\u00f5i v\u00e0 gi\u00e1m s\u00e1t qua GPRS\/SMS<br \/>\n-C\u00e1c b\u1ea3o v\u1ec7: B\u1ea3o v\u1ec7 ng\u01b0\u1ee3c c\u1ef1c pin m\u1eb7t tr\u1eddi, b\u1ea3o v\u1ec7 ng\u1eafn m\u1ea1ch AC \u0111\u1ea7u ra, B\u1ea3o v\u1ec7 m\u1ea5t pha AC \u0111\u1ea7u v\u00e0o v\u00e0 ra, B\u1ea3o v\u1ec7 qu\u00e1 nhi\u1ec7t \u0111\u1ed9, B\u1ea3o v\u1ec7 th\u1ea5p v\u00e0 qu\u00e1 \u0111i\u1ec7n \u00e1p PV, B\u1ea3o v\u1ec7 khi c\u1ea1n v\u00e0 \u0111\u1ea7y b\u1ed3n  n\u01b0\u1edbc.<br \/>\n* Th\u00f4ng tin k\u0129 thu\u1eadt c\u01a1 b\u1ea3n:<br \/>\nSOLAR PUMP INVERTER 11W ( 3 PHA)<\/p>\n<p>&#8211; C\u00f4ng su\u1ea5t ra AC: 11000KW<\/p>\n<p>&#8211; Hi\u1ec7u su\u1ea5t t\u1ed1i \u0111a: 97%<\/p>\n<p>&#8211; Theo ti\u00eau chu\u1ea9n: IP65<\/p>\n<p>&#8211; K\u00edch th\u01b0\u1edbc: 550mm\/350mm\/285mm<\/p>\n<p>&#8211; Kh\u1ed1i L\u01b0\u1ee3ng: 13.5kg<\/p>\n","protected":false},"featured_media":4789,"template":"","meta":[],"product_cat":[735],"product_tag":[],"yoast_head":"<!-- This site is optimized with the Yoast SEO plugin v20.6 - https:\/\/yoast.com\/wordpress\/plugins\/seo\/ -->\r\n<title>THREE PHASE SOLAR PUMP INVERTER 11KW. Model: HSPH11KH - Solar Qu\u1ea3ng B\u00ecnh chuy\u00ean gi\u1ea3i ph\u00e1p v\u00e0 cung c\u1ea5p h\u1ec7 th\u1ed1ng \u0111i\u1ec7n m\u1eb7t tr\u1eddi h\u00f2a l\u01b0\u1edbi v\u00e0 l\u01b0u tr\u1eef t\u1ea1i Qu\u1ea3ng B\u00ecnh<\/title>\r\n<meta name=\"robots\" content=\"index, follow, max-snippet:-1, max-image-preview:large, max-video-preview:-1\" \/>\r\n<link rel=\"canonical\" href=\"https:\/\/solarquangbinh.com\/?product=three-phasesolar-pump-inverter-11kw-model-hsph11kh\" \/>\r\n<meta property=\"og:locale\" content=\"vi_VN\" \/>\r\n<meta property=\"og:type\" content=\"article\" \/>\r\n<meta property=\"og:title\" content=\"THREE PHASE SOLAR PUMP INVERTER 11KW. Model: HSPH11KH - Solar Qu\u1ea3ng B\u00ecnh chuy\u00ean gi\u1ea3i ph\u00e1p v\u00e0 cung c\u1ea5p h\u1ec7 th\u1ed1ng \u0111i\u1ec7n m\u1eb7t tr\u1eddi h\u00f2a l\u01b0\u1edbi v\u00e0 l\u01b0u tr\u1eef t\u1ea1i Qu\u1ea3ng B\u00ecnh\" \/>\r\n<meta property=\"og:description\" content=\"Hobertek \u0111\u01b0\u1ee3c th\u00e0nh l\u1eadp v\u00e0o n\u0103m 2006, l\u00e0 c\u00f4ng ty chuy\u00ean tham gia v\u00e0o vi\u1ec7c thi\u1ebft k\u1ebf h\u1ec7 th\u1ed1ng n\u0103ng l\u01b0\u1ee3ng m\u1eb7t tr\u1eddi v\u00e0 m\u00e1y b\u01a1m n\u01b0\u1edbc cho doanh nghi\u1ec7p c\u0169ng nh\u01b0 t\u01b0 nh\u00e2n v\u1edbi doanh s\u1ed1 b\u00e1n h\u00e0ng cao.   V\u1edbi nh\u1eefng ti\u00eau ch\u00ed: -S\u1ea3n ph\u1ea9m ch\u1ea5t l\u01b0\u1ee3ng cao -Th\u1eddi gian giao h\u00e0ng nhanh ch\u00f3ng -Gi\u00e1 tr\u1ecb s\u1ea3n ph\u1ea9m cao -D\u1ec5 d\u00e0ng l\u1eafp \u0111\u1eb7t -B\u1ea3o h\u00e0nh 18 th\u00e1ng -D\u1ecbch v\u1ee5 t\u01b0 v\u1ea5n 24\/7 -H\u01a1n 10 n\u0103m kinh nghi\u1ec7m trong vi\u1ec7c thi\u1ebft k\u1ebf v\u00e0 s\u1ea3n xu\u1ea5t -\u0110\u1ea1t ti\u00eau chu\u1ea9n qu\u1ed1c t\u1ebf nh\u01b0: CE; ISO9001; OEM\/ODM * V\u1ec1 s\u1ea3n ph\u1ea9m:  \u0110\u00e2y l\u00e0 lo\u1ea1i Hybrid Solar Pump Inverter c\u00f3 k\u1ebft n\u1ed1i \u0111i\u1ec7n l\u01b0\u1edbi, khi PV y\u1ebfu s\u1ebd l\u1ea5y \u0111i\u1ec7n l\u01b0\u1edbi b\u00f9 v\u00e0o. -C\u00f3 m\u00e0n h\u00ecnh LCD. -C\u1ea5p b\u1ea3o v\u1ec7 IP65. -Theo d\u00f5i v\u00e0 gi\u00e1m s\u00e1t qua GPRS\/SMS -C\u00e1c b\u1ea3o v\u1ec7: B\u1ea3o v\u1ec7 ng\u01b0\u1ee3c c\u1ef1c pin m\u1eb7t tr\u1eddi, b\u1ea3o v\u1ec7 ng\u1eafn m\u1ea1ch AC \u0111\u1ea7u ra, B\u1ea3o v\u1ec7 m\u1ea5t pha AC \u0111\u1ea7u v\u00e0o v\u00e0 ra, B\u1ea3o v\u1ec7 qu\u00e1 nhi\u1ec7t \u0111\u1ed9, B\u1ea3o v\u1ec7 th\u1ea5p v\u00e0 qu\u00e1 \u0111i\u1ec7n \u00e1p PV, B\u1ea3o v\u1ec7 khi c\u1ea1n v\u00e0 \u0111\u1ea7y b\u1ed3n n\u01b0\u1edbc. * Th\u00f4ng tin k\u0129 thu\u1eadt c\u01a1 b\u1ea3n: SOLAR PUMP INVERTER 11W ( 3 PHA) - C\u00f4ng su\u1ea5t ra AC: 11000KW - Hi\u1ec7u su\u1ea5t t\u1ed1i \u0111a: 97% - Theo ti\u00eau chu\u1ea9n: IP65 - K\u00edch th\u01b0\u1edbc: 550mm\/350mm\/285mm - Kh\u1ed1i L\u01b0\u1ee3ng: 13.5kg\" \/>\r\n<meta property=\"og:url\" content=\"https:\/\/solarquangbinh.com\/?product=three-phasesolar-pump-inverter-11kw-model-hsph11kh\" \/>\r\n<meta property=\"og:site_name\" content=\"Solar Qu\u1ea3ng B\u00ecnh chuy\u00ean gi\u1ea3i ph\u00e1p v\u00e0 cung c\u1ea5p h\u1ec7 th\u1ed1ng \u0111i\u1ec7n m\u1eb7t tr\u1eddi h\u00f2a l\u01b0\u1edbi v\u00e0 l\u01b0u tr\u1eef t\u1ea1i Qu\u1ea3ng B\u00ecnh\" \/>\r\n<meta property=\"article:modified_time\" content=\"2021-07-24T12:21:57+00:00\" \/>\r\n<meta property=\"og:image\" content=\"https:\/\/solarquangbinh.com\/wp-content\/uploads\/2021\/06\/25b3000f4bcbb08e45f4fed13818580b.jpg\" \/>\r\n\t<meta property=\"og:image:width\" content=\"220\" \/>\r\n\t<meta property=\"og:image:height\" content=\"220\" \/>\r\n\t<meta property=\"og:image:type\" content=\"image\/jpeg\" \/>\r\n<meta name=\"twitter:card\" content=\"summary_large_image\" \/>\r\n<script type=\"application\/ld+json\" class=\"yoast-schema-graph\">{\"@context\":\"https:\/\/schema.org\",\"@graph\":[{\"@type\":\"WebPage\",\"@id\":\"https:\/\/solarquangbinh.com\/?product=three-phasesolar-pump-inverter-11kw-model-hsph11kh\",\"url\":\"https:\/\/solarquangbinh.com\/?product=three-phasesolar-pump-inverter-11kw-model-hsph11kh\",\"name\":\"THREE PHASE SOLAR PUMP INVERTER 11KW. Model: HSPH11KH - Solar Qu\u1ea3ng B\u00ecnh chuy\u00ean gi\u1ea3i ph\u00e1p v\u00e0 cung c\u1ea5p h\u1ec7 th\u1ed1ng \u0111i\u1ec7n m\u1eb7t tr\u1eddi h\u00f2a l\u01b0\u1edbi v\u00e0 l\u01b0u tr\u1eef t\u1ea1i Qu\u1ea3ng B\u00ecnh\",\"isPartOf\":{\"@id\":\"https:\/\/solarquangbinh.com\/#website\"},\"datePublished\":\"2021-06-08T10:34:11+00:00\",\"dateModified\":\"2021-07-24T12:21:57+00:00\",\"breadcrumb\":{\"@id\":\"https:\/\/solarquangbinh.com\/?product=three-phasesolar-pump-inverter-11kw-model-hsph11kh#breadcrumb\"},\"inLanguage\":\"vi\",\"potentialAction\":[{\"@type\":\"ReadAction\",\"target\":[\"https:\/\/solarquangbinh.com\/?product=three-phasesolar-pump-inverter-11kw-model-hsph11kh\"]}]},{\"@type\":\"BreadcrumbList\",\"@id\":\"https:\/\/solarquangbinh.com\/?product=three-phasesolar-pump-inverter-11kw-model-hsph11kh#breadcrumb\",\"itemListElement\":[{\"@type\":\"ListItem\",\"position\":1,\"name\":\"Trang ch\u1ee7\",\"item\":\"https:\/\/solarquangbinh.com\/\"},{\"@type\":\"ListItem\",\"position\":2,\"name\":\"S\u1ea3n ph\u1ea9m\",\"item\":\"https:\/\/solarquangbinh.com\/?page_id=20\"},{\"@type\":\"ListItem\",\"position\":3,\"name\":\"THREE PHASE SOLAR PUMP INVERTER 11KW. Model: HSPH11KH\"}]},{\"@type\":\"WebSite\",\"@id\":\"https:\/\/solarquangbinh.com\/#website\",\"url\":\"https:\/\/solarquangbinh.com\/\",\"name\":\"Solar Qu\u1ea3ng B\u00ecnh chuy\u00ean gi\u1ea3i ph\u00e1p v\u00e0 cung c\u1ea5p h\u1ec7 th\u1ed1ng \u0111i\u1ec7n m\u1eb7t tr\u1eddi h\u00f2a l\u01b0\u1edbi v\u00e0 l\u01b0u tr\u1eef t\u1ea1i Qu\u1ea3ng B\u00ecnh\",\"description\":\"\u0110i\u1ec7n n\u0103ng l\u01b0\u1ee3ng m\u1eb7t tr\u1eddi Qu\u1ea3ng B\u00ecnh, Solar Quang Binh, Solar Qu\u1ea3ng B\u00ecnh chuy\u00ean cung c\u1ea5p h\u1ec7 th\u1ed1ng \u0111i\u1ec7n m\u1eb7t tr\u1eddi h\u00f2a l\u01b0\u1edbi v\u00e0 l\u01b0u tr\u1eef, pin n\u0103ng l\u01b0\u1ee3ng m\u1eb7t tr\u1eddi, Solar Quang Binh\",\"potentialAction\":[{\"@type\":\"SearchAction\",\"target\":{\"@type\":\"EntryPoint\",\"urlTemplate\":\"https:\/\/solarquangbinh.com\/?s={search_term_string}\"},\"query-input\":\"required name=search_term_string\"}],\"inLanguage\":\"vi\"}]}<\/script>\r\n<!-- \/ Yoast SEO plugin. -->","yoast_head_json":{"title":"THREE PHASE SOLAR PUMP INVERTER 11KW. Model: HSPH11KH - Solar Qu\u1ea3ng B\u00ecnh chuy\u00ean gi\u1ea3i ph\u00e1p v\u00e0 cung c\u1ea5p h\u1ec7 th\u1ed1ng \u0111i\u1ec7n m\u1eb7t tr\u1eddi h\u00f2a l\u01b0\u1edbi v\u00e0 l\u01b0u tr\u1eef t\u1ea1i Qu\u1ea3ng B\u00ecnh","robots":{"index":"index","follow":"follow","max-snippet":"max-snippet:-1","max-image-preview":"max-image-preview:large","max-video-preview":"max-video-preview:-1"},"canonical":"https:\/\/solarquangbinh.com\/?product=three-phasesolar-pump-inverter-11kw-model-hsph11kh","og_locale":"vi_VN","og_type":"article","og_title":"THREE PHASE SOLAR PUMP INVERTER 11KW. Model: HSPH11KH - Solar Qu\u1ea3ng B\u00ecnh chuy\u00ean gi\u1ea3i ph\u00e1p v\u00e0 cung c\u1ea5p h\u1ec7 th\u1ed1ng \u0111i\u1ec7n m\u1eb7t tr\u1eddi h\u00f2a l\u01b0\u1edbi v\u00e0 l\u01b0u tr\u1eef t\u1ea1i Qu\u1ea3ng B\u00ecnh","og_description":"Hobertek \u0111\u01b0\u1ee3c th\u00e0nh l\u1eadp v\u00e0o n\u0103m 2006, l\u00e0 c\u00f4ng ty chuy\u00ean tham gia v\u00e0o vi\u1ec7c thi\u1ebft k\u1ebf h\u1ec7 th\u1ed1ng n\u0103ng l\u01b0\u1ee3ng m\u1eb7t tr\u1eddi v\u00e0 m\u00e1y b\u01a1m n\u01b0\u1edbc cho doanh nghi\u1ec7p c\u0169ng nh\u01b0 t\u01b0 nh\u00e2n v\u1edbi doanh s\u1ed1 b\u00e1n h\u00e0ng cao.   V\u1edbi nh\u1eefng ti\u00eau ch\u00ed: -S\u1ea3n ph\u1ea9m ch\u1ea5t l\u01b0\u1ee3ng cao -Th\u1eddi gian giao h\u00e0ng nhanh ch\u00f3ng -Gi\u00e1 tr\u1ecb s\u1ea3n ph\u1ea9m cao -D\u1ec5 d\u00e0ng l\u1eafp \u0111\u1eb7t -B\u1ea3o h\u00e0nh 18 th\u00e1ng -D\u1ecbch v\u1ee5 t\u01b0 v\u1ea5n 24\/7 -H\u01a1n 10 n\u0103m kinh nghi\u1ec7m trong vi\u1ec7c thi\u1ebft k\u1ebf v\u00e0 s\u1ea3n xu\u1ea5t -\u0110\u1ea1t ti\u00eau chu\u1ea9n qu\u1ed1c t\u1ebf nh\u01b0: CE; ISO9001; OEM\/ODM * V\u1ec1 s\u1ea3n ph\u1ea9m:  \u0110\u00e2y l\u00e0 lo\u1ea1i Hybrid Solar Pump Inverter c\u00f3 k\u1ebft n\u1ed1i \u0111i\u1ec7n l\u01b0\u1edbi, khi PV y\u1ebfu s\u1ebd l\u1ea5y \u0111i\u1ec7n l\u01b0\u1edbi b\u00f9 v\u00e0o. -C\u00f3 m\u00e0n h\u00ecnh LCD. -C\u1ea5p b\u1ea3o v\u1ec7 IP65. -Theo d\u00f5i v\u00e0 gi\u00e1m s\u00e1t qua GPRS\/SMS -C\u00e1c b\u1ea3o v\u1ec7: B\u1ea3o v\u1ec7 ng\u01b0\u1ee3c c\u1ef1c pin m\u1eb7t tr\u1eddi, b\u1ea3o v\u1ec7 ng\u1eafn m\u1ea1ch AC \u0111\u1ea7u ra, B\u1ea3o v\u1ec7 m\u1ea5t pha AC \u0111\u1ea7u v\u00e0o v\u00e0 ra, B\u1ea3o v\u1ec7 qu\u00e1 nhi\u1ec7t \u0111\u1ed9, B\u1ea3o v\u1ec7 th\u1ea5p v\u00e0 qu\u00e1 \u0111i\u1ec7n \u00e1p PV, B\u1ea3o v\u1ec7 khi c\u1ea1n v\u00e0 \u0111\u1ea7y b\u1ed3n n\u01b0\u1edbc. * Th\u00f4ng tin k\u0129 thu\u1eadt c\u01a1 b\u1ea3n: SOLAR PUMP INVERTER 11W ( 3 PHA) - C\u00f4ng su\u1ea5t ra AC: 11000KW - Hi\u1ec7u su\u1ea5t t\u1ed1i \u0111a: 97% - Theo ti\u00eau chu\u1ea9n: IP65 - K\u00edch th\u01b0\u1edbc: 550mm\/350mm\/285mm - Kh\u1ed1i L\u01b0\u1ee3ng: 13.5kg","og_url":"https:\/\/solarquangbinh.com\/?product=three-phasesolar-pump-inverter-11kw-model-hsph11kh","og_site_name":"Solar Qu\u1ea3ng B\u00ecnh chuy\u00ean gi\u1ea3i ph\u00e1p v\u00e0 cung c\u1ea5p h\u1ec7 th\u1ed1ng \u0111i\u1ec7n m\u1eb7t tr\u1eddi h\u00f2a l\u01b0\u1edbi v\u00e0 l\u01b0u tr\u1eef t\u1ea1i Qu\u1ea3ng B\u00ecnh","article_modified_time":"2021-07-24T12:21:57+00:00","og_image":[{"width":220,"height":220,"url":"https:\/\/solarquangbinh.com\/wp-content\/uploads\/2021\/06\/25b3000f4bcbb08e45f4fed13818580b.jpg","type":"image\/jpeg"}],"twitter_card":"summary_large_image","schema":{"@context":"https:\/\/schema.org","@graph":[{"@type":"WebPage","@id":"https:\/\/solarquangbinh.com\/?product=three-phasesolar-pump-inverter-11kw-model-hsph11kh","url":"https:\/\/solarquangbinh.com\/?product=three-phasesolar-pump-inverter-11kw-model-hsph11kh","name":"THREE PHASE SOLAR PUMP INVERTER 11KW. Model: HSPH11KH - Solar Qu\u1ea3ng B\u00ecnh chuy\u00ean gi\u1ea3i ph\u00e1p v\u00e0 cung c\u1ea5p h\u1ec7 th\u1ed1ng \u0111i\u1ec7n m\u1eb7t tr\u1eddi h\u00f2a l\u01b0\u1edbi v\u00e0 l\u01b0u tr\u1eef t\u1ea1i Qu\u1ea3ng B\u00ecnh","isPartOf":{"@id":"https:\/\/solarquangbinh.com\/#website"},"datePublished":"2021-06-08T10:34:11+00:00","dateModified":"2021-07-24T12:21:57+00:00","breadcrumb":{"@id":"https:\/\/solarquangbinh.com\/?product=three-phasesolar-pump-inverter-11kw-model-hsph11kh#breadcrumb"},"inLanguage":"vi","potentialAction":[{"@type":"ReadAction","target":["https:\/\/solarquangbinh.com\/?product=three-phasesolar-pump-inverter-11kw-model-hsph11kh"]}]},{"@type":"BreadcrumbList","@id":"https:\/\/solarquangbinh.com\/?product=three-phasesolar-pump-inverter-11kw-model-hsph11kh#breadcrumb","itemListElement":[{"@type":"ListItem","position":1,"name":"Trang ch\u1ee7","item":"https:\/\/solarquangbinh.com\/"},{"@type":"ListItem","position":2,"name":"S\u1ea3n ph\u1ea9m","item":"https:\/\/solarquangbinh.com\/?page_id=20"},{"@type":"ListItem","position":3,"name":"THREE PHASE SOLAR PUMP INVERTER 11KW. Model: HSPH11KH"}]},{"@type":"WebSite","@id":"https:\/\/solarquangbinh.com\/#website","url":"https:\/\/solarquangbinh.com\/","name":"Solar Qu\u1ea3ng B\u00ecnh chuy\u00ean gi\u1ea3i ph\u00e1p v\u00e0 cung c\u1ea5p h\u1ec7 th\u1ed1ng \u0111i\u1ec7n m\u1eb7t tr\u1eddi h\u00f2a l\u01b0\u1edbi v\u00e0 l\u01b0u tr\u1eef t\u1ea1i Qu\u1ea3ng B\u00ecnh","description":"\u0110i\u1ec7n n\u0103ng l\u01b0\u1ee3ng m\u1eb7t tr\u1eddi Qu\u1ea3ng B\u00ecnh, Solar Quang Binh, Solar Qu\u1ea3ng B\u00ecnh chuy\u00ean cung c\u1ea5p h\u1ec7 th\u1ed1ng \u0111i\u1ec7n m\u1eb7t tr\u1eddi h\u00f2a l\u01b0\u1edbi v\u00e0 l\u01b0u tr\u1eef, pin n\u0103ng l\u01b0\u1ee3ng m\u1eb7t tr\u1eddi, Solar Quang Binh","potentialAction":[{"@type":"SearchAction","target":{"@type":"EntryPoint","urlTemplate":"https:\/\/solarquangbinh.com\/?s={search_term_string}"},"query-input":"required name=search_term_string"}],"inLanguage":"vi"}]}},"_links":{"self":[{"href":"https:\/\/solarquangbinh.com\/index.php?rest_route=\/wp\/v3\/product\/4854"}],"collection":[{"href":"https:\/\/solarquangbinh.com\/index.php?rest_route=\/wp\/v3\/product"}],"about":[{"href":"https:\/\/solarquangbinh.com\/index.php?rest_route=\/wp\/v2\/types\/product"}],"wp:featuredmedia":[{"embeddable":true,"href":"https:\/\/solarquangbinh.com\/index.php?rest_route=\/wp\/v2\/media\/4789"}],"wp:attachment":[{"href":"https:\/\/solarquangbinh.com\/index.php?rest_route=%2Fwp%2Fv2%2Fmedia&parent=4854"}],"wp:term":[{"taxonomy":"product_cat","embeddable":true,"href":"https:\/\/solarquangbinh.com\/index.php?rest_route=%2Fwp%2Fv2%2Fproduct_cat&post=4854"},{"taxonomy":"product_tag","embeddable":true,"href":"https:\/\/solarquangbinh.com\/index.php?rest_route=%2Fwp%2Fv2%2Fproduct_tag&post=4854"}],"curies":[{"name":"wp","href":"https:\/\/api.w.org\/{rel}","templated":true}]}}