{"id":4873,"date":"2021-06-08T17:34:28","date_gmt":"2021-06-08T10:34:28","guid":{"rendered":"https:\/\/solarquangbinh.com\/san-pham\/bo-dieu-khien-tu-xa-cho-bo-sac-denduong-srne-model-sr-cu-all\/"},"modified":"2021-07-24T19:21:59","modified_gmt":"2021-07-24T12:21:59","slug":"bo-dieu-khien-tu-xa-cho-bo-sac-denduong-srne-model-sr-cu-all","status":"publish","type":"product","link":"https:\/\/solarquangbinh.com\/?product=bo-dieu-khien-tu-xa-cho-bo-sac-denduong-srne-model-sr-cu-all","title":{"rendered":"B\u1ed8 \u0110I\u1ec0U KHI\u1ec2N T\u1eea XA CHO B\u1ed8 S\u1ea0C \u0110\u00c8N\n\u0110\u01af\u1edcNG SRNE . MODEL: SR-CU-ALL"},"content":{"rendered":"","protected":false},"excerpt":{"rendered":"<p>SRNE SR-CU-ALL2 H\u1ed3ng Ngo\u1ea1i K\u00e8m M\u00e0n H\u00ecnh Hi\u1ec3n Th\u1ecb LCD Cho Sola \u0110\u00e8n \u0110i\u1ec1u Khi\u1ec3n SR-DH, SR-DH-L\u00fd SR-DM, SR-MES, SR-SES V. V.<\/p>\n","protected":false},"featured_media":4872,"template":"","meta":[],"product_cat":[629],"product_tag":[632],"yoast_head":"<!-- This site is optimized with the Yoast SEO plugin v20.6 - https:\/\/yoast.com\/wordpress\/plugins\/seo\/ -->\r\n<title>B\u1ed8 \u0110I\u1ec0U KHI\u1ec2N T\u1eea XA CHO B\u1ed8 S\u1ea0C \u0110\u00c8N \u0110\u01af\u1edcNG SRNE . MODEL: SR-CU-ALL - Solar Qu\u1ea3ng B\u00ecnh chuy\u00ean gi\u1ea3i ph\u00e1p v\u00e0 cung c\u1ea5p h\u1ec7 th\u1ed1ng \u0111i\u1ec7n m\u1eb7t tr\u1eddi h\u00f2a l\u01b0\u1edbi v\u00e0 l\u01b0u tr\u1eef t\u1ea1i Qu\u1ea3ng B\u00ecnh<\/title>\r\n<meta name=\"robots\" content=\"index, follow, max-snippet:-1, max-image-preview:large, max-video-preview:-1\" \/>\r\n<link rel=\"canonical\" href=\"https:\/\/solarquangbinh.com\/?product=bo-dieu-khien-tu-xa-cho-bo-sac-denduong-srne-model-sr-cu-all\" \/>\r\n<meta property=\"og:locale\" content=\"vi_VN\" \/>\r\n<meta property=\"og:type\" content=\"article\" \/>\r\n<meta property=\"og:title\" content=\"B\u1ed8 \u0110I\u1ec0U KHI\u1ec2N T\u1eea XA CHO B\u1ed8 S\u1ea0C \u0110\u00c8N \u0110\u01af\u1edcNG SRNE . MODEL: SR-CU-ALL - Solar Qu\u1ea3ng B\u00ecnh chuy\u00ean gi\u1ea3i ph\u00e1p v\u00e0 cung c\u1ea5p h\u1ec7 th\u1ed1ng \u0111i\u1ec7n m\u1eb7t tr\u1eddi h\u00f2a l\u01b0\u1edbi v\u00e0 l\u01b0u tr\u1eef t\u1ea1i Qu\u1ea3ng B\u00ecnh\" \/>\r\n<meta property=\"og:description\" content=\"SRNE SR-CU-ALL2 H\u1ed3ng Ngo\u1ea1i K\u00e8m M\u00e0n H\u00ecnh Hi\u1ec3n Th\u1ecb LCD Cho Sola \u0110\u00e8n \u0110i\u1ec1u Khi\u1ec3n SR-DH, SR-DH-L\u00fd SR-DM, SR-MES, SR-SES V. V.\" \/>\r\n<meta property=\"og:url\" content=\"https:\/\/solarquangbinh.com\/?product=bo-dieu-khien-tu-xa-cho-bo-sac-denduong-srne-model-sr-cu-all\" \/>\r\n<meta property=\"og:site_name\" content=\"Solar Qu\u1ea3ng B\u00ecnh chuy\u00ean gi\u1ea3i ph\u00e1p v\u00e0 cung c\u1ea5p h\u1ec7 th\u1ed1ng \u0111i\u1ec7n m\u1eb7t tr\u1eddi h\u00f2a l\u01b0\u1edbi v\u00e0 l\u01b0u tr\u1eef t\u1ea1i Qu\u1ea3ng B\u00ecnh\" \/>\r\n<meta property=\"article:modified_time\" content=\"2021-07-24T12:21:59+00:00\" \/>\r\n<meta property=\"og:image\" content=\"https:\/\/solarquangbinh.com\/wp-content\/uploads\/2021\/06\/c9ead06bccc42dcbdf56e49589a74c19.jpg\" \/>\r\n\t<meta property=\"og:image:width\" content=\"800\" \/>\r\n\t<meta property=\"og:image:height\" content=\"800\" \/>\r\n\t<meta property=\"og:image:type\" content=\"image\/jpeg\" \/>\r\n<meta name=\"twitter:card\" content=\"summary_large_image\" \/>\r\n<script type=\"application\/ld+json\" class=\"yoast-schema-graph\">{\"@context\":\"https:\/\/schema.org\",\"@graph\":[{\"@type\":\"WebPage\",\"@id\":\"https:\/\/solarquangbinh.com\/?product=bo-dieu-khien-tu-xa-cho-bo-sac-denduong-srne-model-sr-cu-all\",\"url\":\"https:\/\/solarquangbinh.com\/?product=bo-dieu-khien-tu-xa-cho-bo-sac-denduong-srne-model-sr-cu-all\",\"name\":\"B\u1ed8 \u0110I\u1ec0U KHI\u1ec2N T\u1eea XA CHO B\u1ed8 S\u1ea0C \u0110\u00c8N \u0110\u01af\u1edcNG SRNE . MODEL: SR-CU-ALL - Solar Qu\u1ea3ng B\u00ecnh chuy\u00ean gi\u1ea3i ph\u00e1p v\u00e0 cung c\u1ea5p h\u1ec7 th\u1ed1ng \u0111i\u1ec7n m\u1eb7t tr\u1eddi h\u00f2a l\u01b0\u1edbi v\u00e0 l\u01b0u tr\u1eef t\u1ea1i Qu\u1ea3ng B\u00ecnh\",\"isPartOf\":{\"@id\":\"https:\/\/solarquangbinh.com\/#website\"},\"datePublished\":\"2021-06-08T10:34:28+00:00\",\"dateModified\":\"2021-07-24T12:21:59+00:00\",\"breadcrumb\":{\"@id\":\"https:\/\/solarquangbinh.com\/?product=bo-dieu-khien-tu-xa-cho-bo-sac-denduong-srne-model-sr-cu-all#breadcrumb\"},\"inLanguage\":\"vi\",\"potentialAction\":[{\"@type\":\"ReadAction\",\"target\":[\"https:\/\/solarquangbinh.com\/?product=bo-dieu-khien-tu-xa-cho-bo-sac-denduong-srne-model-sr-cu-all\"]}]},{\"@type\":\"BreadcrumbList\",\"@id\":\"https:\/\/solarquangbinh.com\/?product=bo-dieu-khien-tu-xa-cho-bo-sac-denduong-srne-model-sr-cu-all#breadcrumb\",\"itemListElement\":[{\"@type\":\"ListItem\",\"position\":1,\"name\":\"Trang ch\u1ee7\",\"item\":\"https:\/\/solarquangbinh.com\/\"},{\"@type\":\"ListItem\",\"position\":2,\"name\":\"S\u1ea3n ph\u1ea9m\",\"item\":\"https:\/\/solarquangbinh.com\/?page_id=20\"},{\"@type\":\"ListItem\",\"position\":3,\"name\":\"B\u1ed8 \u0110I\u1ec0U KHI\u1ec2N T\u1eea XA CHO B\u1ed8 S\u1ea0C \u0110\u00c8N \u0110\u01af\u1edcNG SRNE . MODEL: SR-CU-ALL\"}]},{\"@type\":\"WebSite\",\"@id\":\"https:\/\/solarquangbinh.com\/#website\",\"url\":\"https:\/\/solarquangbinh.com\/\",\"name\":\"Solar Qu\u1ea3ng B\u00ecnh chuy\u00ean gi\u1ea3i ph\u00e1p v\u00e0 cung c\u1ea5p h\u1ec7 th\u1ed1ng \u0111i\u1ec7n m\u1eb7t tr\u1eddi h\u00f2a l\u01b0\u1edbi v\u00e0 l\u01b0u tr\u1eef t\u1ea1i Qu\u1ea3ng B\u00ecnh\",\"description\":\"\u0110i\u1ec7n n\u0103ng l\u01b0\u1ee3ng m\u1eb7t tr\u1eddi Qu\u1ea3ng B\u00ecnh, Solar Quang Binh, Solar Qu\u1ea3ng B\u00ecnh chuy\u00ean cung c\u1ea5p h\u1ec7 th\u1ed1ng \u0111i\u1ec7n m\u1eb7t tr\u1eddi h\u00f2a l\u01b0\u1edbi v\u00e0 l\u01b0u tr\u1eef, pin n\u0103ng l\u01b0\u1ee3ng m\u1eb7t tr\u1eddi, Solar Quang Binh\",\"potentialAction\":[{\"@type\":\"SearchAction\",\"target\":{\"@type\":\"EntryPoint\",\"urlTemplate\":\"https:\/\/solarquangbinh.com\/?s={search_term_string}\"},\"query-input\":\"required name=search_term_string\"}],\"inLanguage\":\"vi\"}]}<\/script>\r\n<!-- \/ Yoast SEO plugin. -->","yoast_head_json":{"title":"B\u1ed8 \u0110I\u1ec0U KHI\u1ec2N T\u1eea XA CHO B\u1ed8 S\u1ea0C \u0110\u00c8N \u0110\u01af\u1edcNG SRNE . MODEL: SR-CU-ALL - Solar Qu\u1ea3ng B\u00ecnh chuy\u00ean gi\u1ea3i ph\u00e1p v\u00e0 cung c\u1ea5p h\u1ec7 th\u1ed1ng \u0111i\u1ec7n m\u1eb7t tr\u1eddi h\u00f2a l\u01b0\u1edbi v\u00e0 l\u01b0u tr\u1eef t\u1ea1i Qu\u1ea3ng B\u00ecnh","robots":{"index":"index","follow":"follow","max-snippet":"max-snippet:-1","max-image-preview":"max-image-preview:large","max-video-preview":"max-video-preview:-1"},"canonical":"https:\/\/solarquangbinh.com\/?product=bo-dieu-khien-tu-xa-cho-bo-sac-denduong-srne-model-sr-cu-all","og_locale":"vi_VN","og_type":"article","og_title":"B\u1ed8 \u0110I\u1ec0U KHI\u1ec2N T\u1eea XA CHO B\u1ed8 S\u1ea0C \u0110\u00c8N \u0110\u01af\u1edcNG SRNE . MODEL: SR-CU-ALL - Solar Qu\u1ea3ng B\u00ecnh chuy\u00ean gi\u1ea3i ph\u00e1p v\u00e0 cung c\u1ea5p h\u1ec7 th\u1ed1ng \u0111i\u1ec7n m\u1eb7t tr\u1eddi h\u00f2a l\u01b0\u1edbi v\u00e0 l\u01b0u tr\u1eef t\u1ea1i Qu\u1ea3ng B\u00ecnh","og_description":"SRNE SR-CU-ALL2 H\u1ed3ng Ngo\u1ea1i K\u00e8m M\u00e0n H\u00ecnh Hi\u1ec3n Th\u1ecb LCD Cho Sola \u0110\u00e8n \u0110i\u1ec1u Khi\u1ec3n SR-DH, SR-DH-L\u00fd SR-DM, SR-MES, SR-SES V. V.","og_url":"https:\/\/solarquangbinh.com\/?product=bo-dieu-khien-tu-xa-cho-bo-sac-denduong-srne-model-sr-cu-all","og_site_name":"Solar Qu\u1ea3ng B\u00ecnh chuy\u00ean gi\u1ea3i ph\u00e1p v\u00e0 cung c\u1ea5p h\u1ec7 th\u1ed1ng \u0111i\u1ec7n m\u1eb7t tr\u1eddi h\u00f2a l\u01b0\u1edbi v\u00e0 l\u01b0u tr\u1eef t\u1ea1i Qu\u1ea3ng B\u00ecnh","article_modified_time":"2021-07-24T12:21:59+00:00","og_image":[{"width":800,"height":800,"url":"https:\/\/solarquangbinh.com\/wp-content\/uploads\/2021\/06\/c9ead06bccc42dcbdf56e49589a74c19.jpg","type":"image\/jpeg"}],"twitter_card":"summary_large_image","schema":{"@context":"https:\/\/schema.org","@graph":[{"@type":"WebPage","@id":"https:\/\/solarquangbinh.com\/?product=bo-dieu-khien-tu-xa-cho-bo-sac-denduong-srne-model-sr-cu-all","url":"https:\/\/solarquangbinh.com\/?product=bo-dieu-khien-tu-xa-cho-bo-sac-denduong-srne-model-sr-cu-all","name":"B\u1ed8 \u0110I\u1ec0U KHI\u1ec2N T\u1eea XA CHO B\u1ed8 S\u1ea0C \u0110\u00c8N \u0110\u01af\u1edcNG SRNE . MODEL: SR-CU-ALL - Solar Qu\u1ea3ng B\u00ecnh chuy\u00ean gi\u1ea3i ph\u00e1p v\u00e0 cung c\u1ea5p h\u1ec7 th\u1ed1ng \u0111i\u1ec7n m\u1eb7t tr\u1eddi h\u00f2a l\u01b0\u1edbi v\u00e0 l\u01b0u tr\u1eef t\u1ea1i Qu\u1ea3ng B\u00ecnh","isPartOf":{"@id":"https:\/\/solarquangbinh.com\/#website"},"datePublished":"2021-06-08T10:34:28+00:00","dateModified":"2021-07-24T12:21:59+00:00","breadcrumb":{"@id":"https:\/\/solarquangbinh.com\/?product=bo-dieu-khien-tu-xa-cho-bo-sac-denduong-srne-model-sr-cu-all#breadcrumb"},"inLanguage":"vi","potentialAction":[{"@type":"ReadAction","target":["https:\/\/solarquangbinh.com\/?product=bo-dieu-khien-tu-xa-cho-bo-sac-denduong-srne-model-sr-cu-all"]}]},{"@type":"BreadcrumbList","@id":"https:\/\/solarquangbinh.com\/?product=bo-dieu-khien-tu-xa-cho-bo-sac-denduong-srne-model-sr-cu-all#breadcrumb","itemListElement":[{"@type":"ListItem","position":1,"name":"Trang ch\u1ee7","item":"https:\/\/solarquangbinh.com\/"},{"@type":"ListItem","position":2,"name":"S\u1ea3n ph\u1ea9m","item":"https:\/\/solarquangbinh.com\/?page_id=20"},{"@type":"ListItem","position":3,"name":"B\u1ed8 \u0110I\u1ec0U KHI\u1ec2N T\u1eea XA CHO B\u1ed8 S\u1ea0C \u0110\u00c8N \u0110\u01af\u1edcNG SRNE . MODEL: SR-CU-ALL"}]},{"@type":"WebSite","@id":"https:\/\/solarquangbinh.com\/#website","url":"https:\/\/solarquangbinh.com\/","name":"Solar Qu\u1ea3ng B\u00ecnh chuy\u00ean gi\u1ea3i ph\u00e1p v\u00e0 cung c\u1ea5p h\u1ec7 th\u1ed1ng \u0111i\u1ec7n m\u1eb7t tr\u1eddi h\u00f2a l\u01b0\u1edbi v\u00e0 l\u01b0u tr\u1eef t\u1ea1i Qu\u1ea3ng B\u00ecnh","description":"\u0110i\u1ec7n n\u0103ng l\u01b0\u1ee3ng m\u1eb7t tr\u1eddi Qu\u1ea3ng B\u00ecnh, Solar Quang Binh, Solar Qu\u1ea3ng B\u00ecnh chuy\u00ean cung c\u1ea5p h\u1ec7 th\u1ed1ng \u0111i\u1ec7n m\u1eb7t tr\u1eddi h\u00f2a l\u01b0\u1edbi v\u00e0 l\u01b0u tr\u1eef, pin n\u0103ng l\u01b0\u1ee3ng m\u1eb7t tr\u1eddi, Solar Quang Binh","potentialAction":[{"@type":"SearchAction","target":{"@type":"EntryPoint","urlTemplate":"https:\/\/solarquangbinh.com\/?s={search_term_string}"},"query-input":"required name=search_term_string"}],"inLanguage":"vi"}]}},"_links":{"self":[{"href":"https:\/\/solarquangbinh.com\/index.php?rest_route=\/wp\/v3\/product\/4873"}],"collection":[{"href":"https:\/\/solarquangbinh.com\/index.php?rest_route=\/wp\/v3\/product"}],"about":[{"href":"https:\/\/solarquangbinh.com\/index.php?rest_route=\/wp\/v2\/types\/product"}],"wp:featuredmedia":[{"embeddable":true,"href":"https:\/\/solarquangbinh.com\/index.php?rest_route=\/wp\/v2\/media\/4872"}],"wp:attachment":[{"href":"https:\/\/solarquangbinh.com\/index.php?rest_route=%2Fwp%2Fv2%2Fmedia&parent=4873"}],"wp:term":[{"taxonomy":"product_cat","embeddable":true,"href":"https:\/\/solarquangbinh.com\/index.php?rest_route=%2Fwp%2Fv2%2Fproduct_cat&post=4873"},{"taxonomy":"product_tag","embeddable":true,"href":"https:\/\/solarquangbinh.com\/index.php?rest_route=%2Fwp%2Fv2%2Fproduct_tag&post=4873"}],"curies":[{"name":"wp","href":"https:\/\/api.w.org\/{rel}","templated":true}]}}