{"id":5921,"date":"2023-07-31T11:09:44","date_gmt":"2023-07-31T04:09:44","guid":{"rendered":"https:\/\/solarquangbinh.com\/?post_type=product&#038;p=5921"},"modified":"2023-07-31T11:10:08","modified_gmt":"2023-07-31T04:10:08","slug":"pin-ufo-48v-200ah","status":"publish","type":"product","link":"https:\/\/solarquangbinh.com\/?product=pin-ufo-48v-200ah","title":{"rendered":"Pin UFO 48V-200Ah"},"content":{"rendered":"<h3>Pin l\u01b0u tr\u1eef UFO 48V-200Ah\u00a0\u0111\u01b0\u1ee3c UFO Power s\u1ea3n xu\u1ea5t. V\u1edbi dung l\u01b0\u1ee3ng kh\u1ee7ng 200Ah, 48V h\u1ed7 tr\u1ee3 m\u1edf r\u1ed9ng dung l\u01b0\u1ee3ng t\u1ed1i \u0111a l\u00ean \u0111\u1ebfn 15 modun.\u00a0Pin l\u01b0u tr\u1eef Lithium UFO 48V 200Ah\u00a0x\u1ee9ng \u0111\u00e1ng l\u00e0 l\u1ef1a ch\u1ecdn \u0111\u00e1ng gi\u00e1 cho ng\u01b0\u1eddi d\u00f9ng n\u0103ng l\u01b0\u1ee3ng m\u1eb7t tr\u1eddi.<\/h3>\n<h3>Pin l\u01b0u tr\u1eef l\u00e0 m\u1ed9t ph\u1ea7n kh\u00e1 quan tr\u1ecdng v\u00e0 \u0111\u1eaft \u0111\u1ecf \u0111\u1ed1i v\u1edbi c\u00e1c h\u1ec7 th\u1ed1ng \u0111i\u1ec7n m\u1eb7t tr\u1eddi. Vi\u1ec7c l\u1ef1a ch\u1ecdn \u0111\u00f3 c\u0169ng kh\u1eaft khe, \u0111\u1ea3m b\u1ea3o tu\u1ed5i th\u1ecd v\u00e0 an to\u00e0n l\u00e0 c\u00e1c ti\u00eau ch\u00ed m\u00e0 ng\u01b0\u1eddi d\u00f9ng l\u1ef1a ch\u1ecdn \u0111\u1ed1i v\u1edbi c\u00f4ng ngh\u1ec7 pin Lithium ion thay v\u00ec c\u00e1c d\u00f2ng acquy truy\u1ec1n th\u1ed1ng. M\u1ed9t c\u00e1i t\u00ean kh\u00e1 quen thu\u1ed9c m\u00e0 Thu\u1eadn Phong Energy th\u01b0\u1eddng \u0111\u1ec1 xu\u1ea5t \u0111\u1ebfn c\u00e1c kh\u00e1ch h\u00e0ng c\u1ee7a m\u00ecnh l\u00e0 d\u00f2ng pin lithium ion c\u1ee7a UFO. Dung l\u01b0\u1ee3ng pin l\u1edbn, h\u1ed7 tr\u1ee3 k\u1ebft n\u1ed1i hi\u1ec7n \u0111\u1ea1i t\u01b0\u01a1ng th\u00edch v\u1edbi h\u1ea7u h\u1ebft c\u00e1c d\u00f2ng bi\u1ebfn t\u1ea7n hi\u1ec7n nay, ti\u1ec7n d\u1ee5ng v\u00e0 c\u1ef1c k\u1ef3 an to\u00e0n, tu\u1ed5i th\u1ecd tr\u00ean 15 n\u0103m gi\u00fap UFO 200Ah 48V \u0111\u01b0\u1ee3c r\u1ea5t nhi\u1ec1u ch\u1ee7 \u0111\u1ea7u t\u01b0 l\u1ef1a ch\u1ecdn.<\/h3>\n","protected":false},"excerpt":{"rendered":"<h3>V\u1ec1 s\u1ea3n ph\u1ea9m:<\/h3>\n<ul>\n<li>\n<h3>Model: U-P48200-1W<\/h3>\n<\/li>\n<li>\n<h3>C\u00f4ng su\u1ea5t : 48V\/200Ah 9.6kWh<\/h3>\n<\/li>\n<li>\n<h3>K\u00edch th\u01b0\u1edbc: 442*560*250 (mm)<\/h3>\n<\/li>\n<li>\n<h3>Tro\u0323ng l\u01b0\u01a1\u0323ng: 81kg<\/h3>\n<\/li>\n<\/ul>\n<h3><strong>\u00a0 \u00a0 \u00a0 <i class=\"fa fa-download \" ><\/i> Download<\/strong><\/h3>\n<ul>\n<li>\n<h3><a href=\"https:\/\/tpenergy.com.vn\/wp-content\/uploads\/2023\/07\/datahseet-UFO-48V-200ah-U-P48200-1W-1.pdf\">DATASHEET<\/a><\/h3>\n<\/li>\n<\/ul>\n","protected":false},"featured_media":5958,"template":"","meta":[],"product_cat":[728],"product_tag":[],"yoast_head":"<!-- This site is optimized with the Yoast SEO plugin v20.6 - https:\/\/yoast.com\/wordpress\/plugins\/seo\/ -->\r\n<title>Pin UFO 48V-200Ah - Solar Qu\u1ea3ng B\u00ecnh chuy\u00ean gi\u1ea3i ph\u00e1p v\u00e0 cung c\u1ea5p h\u1ec7 th\u1ed1ng \u0111i\u1ec7n m\u1eb7t tr\u1eddi h\u00f2a l\u01b0\u1edbi v\u00e0 l\u01b0u tr\u1eef t\u1ea1i Qu\u1ea3ng B\u00ecnh<\/title>\r\n<meta name=\"robots\" content=\"index, follow, max-snippet:-1, max-image-preview:large, max-video-preview:-1\" \/>\r\n<link rel=\"canonical\" href=\"https:\/\/solarquangbinh.com\/?product=pin-ufo-48v-200ah\" \/>\r\n<meta property=\"og:locale\" content=\"vi_VN\" \/>\r\n<meta property=\"og:type\" content=\"article\" \/>\r\n<meta property=\"og:title\" content=\"Pin UFO 48V-200Ah - Solar Qu\u1ea3ng B\u00ecnh chuy\u00ean gi\u1ea3i ph\u00e1p v\u00e0 cung c\u1ea5p h\u1ec7 th\u1ed1ng \u0111i\u1ec7n m\u1eb7t tr\u1eddi h\u00f2a l\u01b0\u1edbi v\u00e0 l\u01b0u tr\u1eef t\u1ea1i Qu\u1ea3ng B\u00ecnh\" \/>\r\n<meta property=\"og:description\" content=\"V\u1ec1 s\u1ea3n ph\u1ea9m:    Model: U-P48200-1W    C\u00f4ng su\u1ea5t : 48V\/200Ah 9.6kWh    K\u00edch th\u01b0\u1edbc: 442*560*250 (mm)    Tro\u0323ng l\u01b0\u01a1\u0323ng: 81kg   \u00a0 \u00a0 \u00a0 Download    DATASHEET\" \/>\r\n<meta property=\"og:url\" content=\"https:\/\/solarquangbinh.com\/?product=pin-ufo-48v-200ah\" \/>\r\n<meta property=\"og:site_name\" content=\"Solar Qu\u1ea3ng B\u00ecnh chuy\u00ean gi\u1ea3i ph\u00e1p v\u00e0 cung c\u1ea5p h\u1ec7 th\u1ed1ng \u0111i\u1ec7n m\u1eb7t tr\u1eddi h\u00f2a l\u01b0\u1edbi v\u00e0 l\u01b0u tr\u1eef t\u1ea1i Qu\u1ea3ng B\u00ecnh\" \/>\r\n<meta property=\"article:modified_time\" content=\"2023-07-31T04:10:08+00:00\" \/>\r\n<meta property=\"og:image\" content=\"https:\/\/solarquangbinh.com\/wp-content\/uploads\/2023\/07\/ufo-200ah.jpg\" \/>\r\n\t<meta property=\"og:image:width\" content=\"600\" \/>\r\n\t<meta property=\"og:image:height\" content=\"599\" \/>\r\n\t<meta property=\"og:image:type\" content=\"image\/jpeg\" \/>\r\n<meta name=\"twitter:card\" content=\"summary_large_image\" \/>\r\n<meta name=\"twitter:label1\" content=\"\u01af\u1edbc t\u00ednh th\u1eddi gian \u0111\u1ecdc\" \/>\n\t<meta name=\"twitter:data1\" content=\"1 ph\u00fat\" \/>\r\n<script type=\"application\/ld+json\" class=\"yoast-schema-graph\">{\"@context\":\"https:\/\/schema.org\",\"@graph\":[{\"@type\":\"WebPage\",\"@id\":\"https:\/\/solarquangbinh.com\/?product=pin-ufo-48v-200ah\",\"url\":\"https:\/\/solarquangbinh.com\/?product=pin-ufo-48v-200ah\",\"name\":\"Pin UFO 48V-200Ah - Solar Qu\u1ea3ng B\u00ecnh chuy\u00ean gi\u1ea3i ph\u00e1p v\u00e0 cung c\u1ea5p h\u1ec7 th\u1ed1ng \u0111i\u1ec7n m\u1eb7t tr\u1eddi h\u00f2a l\u01b0\u1edbi v\u00e0 l\u01b0u tr\u1eef t\u1ea1i Qu\u1ea3ng B\u00ecnh\",\"isPartOf\":{\"@id\":\"https:\/\/solarquangbinh.com\/#website\"},\"datePublished\":\"2023-07-31T04:09:44+00:00\",\"dateModified\":\"2023-07-31T04:10:08+00:00\",\"breadcrumb\":{\"@id\":\"https:\/\/solarquangbinh.com\/?product=pin-ufo-48v-200ah#breadcrumb\"},\"inLanguage\":\"vi\",\"potentialAction\":[{\"@type\":\"ReadAction\",\"target\":[\"https:\/\/solarquangbinh.com\/?product=pin-ufo-48v-200ah\"]}]},{\"@type\":\"BreadcrumbList\",\"@id\":\"https:\/\/solarquangbinh.com\/?product=pin-ufo-48v-200ah#breadcrumb\",\"itemListElement\":[{\"@type\":\"ListItem\",\"position\":1,\"name\":\"Trang ch\u1ee7\",\"item\":\"https:\/\/solarquangbinh.com\/\"},{\"@type\":\"ListItem\",\"position\":2,\"name\":\"S\u1ea3n ph\u1ea9m\",\"item\":\"https:\/\/solarquangbinh.com\/?page_id=20\"},{\"@type\":\"ListItem\",\"position\":3,\"name\":\"Pin UFO 48V-200Ah\"}]},{\"@type\":\"WebSite\",\"@id\":\"https:\/\/solarquangbinh.com\/#website\",\"url\":\"https:\/\/solarquangbinh.com\/\",\"name\":\"Solar Qu\u1ea3ng B\u00ecnh chuy\u00ean gi\u1ea3i ph\u00e1p v\u00e0 cung c\u1ea5p h\u1ec7 th\u1ed1ng \u0111i\u1ec7n m\u1eb7t tr\u1eddi h\u00f2a l\u01b0\u1edbi v\u00e0 l\u01b0u tr\u1eef t\u1ea1i Qu\u1ea3ng B\u00ecnh\",\"description\":\"\u0110i\u1ec7n n\u0103ng l\u01b0\u1ee3ng m\u1eb7t tr\u1eddi Qu\u1ea3ng B\u00ecnh, Solar Quang Binh, Solar Qu\u1ea3ng B\u00ecnh chuy\u00ean cung c\u1ea5p h\u1ec7 th\u1ed1ng \u0111i\u1ec7n m\u1eb7t tr\u1eddi h\u00f2a l\u01b0\u1edbi v\u00e0 l\u01b0u tr\u1eef, pin n\u0103ng l\u01b0\u1ee3ng m\u1eb7t tr\u1eddi, Solar Quang Binh\",\"potentialAction\":[{\"@type\":\"SearchAction\",\"target\":{\"@type\":\"EntryPoint\",\"urlTemplate\":\"https:\/\/solarquangbinh.com\/?s={search_term_string}\"},\"query-input\":\"required name=search_term_string\"}],\"inLanguage\":\"vi\"}]}<\/script>\r\n<!-- \/ Yoast SEO plugin. -->","yoast_head_json":{"title":"Pin UFO 48V-200Ah - Solar Qu\u1ea3ng B\u00ecnh chuy\u00ean gi\u1ea3i ph\u00e1p v\u00e0 cung c\u1ea5p h\u1ec7 th\u1ed1ng \u0111i\u1ec7n m\u1eb7t tr\u1eddi h\u00f2a l\u01b0\u1edbi v\u00e0 l\u01b0u tr\u1eef t\u1ea1i Qu\u1ea3ng B\u00ecnh","robots":{"index":"index","follow":"follow","max-snippet":"max-snippet:-1","max-image-preview":"max-image-preview:large","max-video-preview":"max-video-preview:-1"},"canonical":"https:\/\/solarquangbinh.com\/?product=pin-ufo-48v-200ah","og_locale":"vi_VN","og_type":"article","og_title":"Pin UFO 48V-200Ah - Solar Qu\u1ea3ng B\u00ecnh chuy\u00ean gi\u1ea3i ph\u00e1p v\u00e0 cung c\u1ea5p h\u1ec7 th\u1ed1ng \u0111i\u1ec7n m\u1eb7t tr\u1eddi h\u00f2a l\u01b0\u1edbi v\u00e0 l\u01b0u tr\u1eef t\u1ea1i Qu\u1ea3ng B\u00ecnh","og_description":"V\u1ec1 s\u1ea3n ph\u1ea9m:    Model: U-P48200-1W    C\u00f4ng su\u1ea5t : 48V\/200Ah 9.6kWh    K\u00edch th\u01b0\u1edbc: 442*560*250 (mm)    Tro\u0323ng l\u01b0\u01a1\u0323ng: 81kg   \u00a0 \u00a0 \u00a0 Download    DATASHEET","og_url":"https:\/\/solarquangbinh.com\/?product=pin-ufo-48v-200ah","og_site_name":"Solar Qu\u1ea3ng B\u00ecnh chuy\u00ean gi\u1ea3i ph\u00e1p v\u00e0 cung c\u1ea5p h\u1ec7 th\u1ed1ng \u0111i\u1ec7n m\u1eb7t tr\u1eddi h\u00f2a l\u01b0\u1edbi v\u00e0 l\u01b0u tr\u1eef t\u1ea1i Qu\u1ea3ng B\u00ecnh","article_modified_time":"2023-07-31T04:10:08+00:00","og_image":[{"width":600,"height":599,"url":"https:\/\/solarquangbinh.com\/wp-content\/uploads\/2023\/07\/ufo-200ah.jpg","type":"image\/jpeg"}],"twitter_card":"summary_large_image","twitter_misc":{"\u01af\u1edbc t\u00ednh th\u1eddi gian \u0111\u1ecdc":"1 ph\u00fat"},"schema":{"@context":"https:\/\/schema.org","@graph":[{"@type":"WebPage","@id":"https:\/\/solarquangbinh.com\/?product=pin-ufo-48v-200ah","url":"https:\/\/solarquangbinh.com\/?product=pin-ufo-48v-200ah","name":"Pin UFO 48V-200Ah - Solar Qu\u1ea3ng B\u00ecnh chuy\u00ean gi\u1ea3i ph\u00e1p v\u00e0 cung c\u1ea5p h\u1ec7 th\u1ed1ng \u0111i\u1ec7n m\u1eb7t tr\u1eddi h\u00f2a l\u01b0\u1edbi v\u00e0 l\u01b0u tr\u1eef t\u1ea1i Qu\u1ea3ng B\u00ecnh","isPartOf":{"@id":"https:\/\/solarquangbinh.com\/#website"},"datePublished":"2023-07-31T04:09:44+00:00","dateModified":"2023-07-31T04:10:08+00:00","breadcrumb":{"@id":"https:\/\/solarquangbinh.com\/?product=pin-ufo-48v-200ah#breadcrumb"},"inLanguage":"vi","potentialAction":[{"@type":"ReadAction","target":["https:\/\/solarquangbinh.com\/?product=pin-ufo-48v-200ah"]}]},{"@type":"BreadcrumbList","@id":"https:\/\/solarquangbinh.com\/?product=pin-ufo-48v-200ah#breadcrumb","itemListElement":[{"@type":"ListItem","position":1,"name":"Trang ch\u1ee7","item":"https:\/\/solarquangbinh.com\/"},{"@type":"ListItem","position":2,"name":"S\u1ea3n ph\u1ea9m","item":"https:\/\/solarquangbinh.com\/?page_id=20"},{"@type":"ListItem","position":3,"name":"Pin UFO 48V-200Ah"}]},{"@type":"WebSite","@id":"https:\/\/solarquangbinh.com\/#website","url":"https:\/\/solarquangbinh.com\/","name":"Solar Qu\u1ea3ng B\u00ecnh chuy\u00ean gi\u1ea3i ph\u00e1p v\u00e0 cung c\u1ea5p h\u1ec7 th\u1ed1ng \u0111i\u1ec7n m\u1eb7t tr\u1eddi h\u00f2a l\u01b0\u1edbi v\u00e0 l\u01b0u tr\u1eef t\u1ea1i Qu\u1ea3ng B\u00ecnh","description":"\u0110i\u1ec7n n\u0103ng l\u01b0\u1ee3ng m\u1eb7t tr\u1eddi Qu\u1ea3ng B\u00ecnh, Solar Quang Binh, Solar Qu\u1ea3ng B\u00ecnh chuy\u00ean cung c\u1ea5p h\u1ec7 th\u1ed1ng \u0111i\u1ec7n m\u1eb7t tr\u1eddi h\u00f2a l\u01b0\u1edbi v\u00e0 l\u01b0u tr\u1eef, pin n\u0103ng l\u01b0\u1ee3ng m\u1eb7t tr\u1eddi, Solar Quang Binh","potentialAction":[{"@type":"SearchAction","target":{"@type":"EntryPoint","urlTemplate":"https:\/\/solarquangbinh.com\/?s={search_term_string}"},"query-input":"required name=search_term_string"}],"inLanguage":"vi"}]}},"_links":{"self":[{"href":"https:\/\/solarquangbinh.com\/index.php?rest_route=\/wp\/v3\/product\/5921"}],"collection":[{"href":"https:\/\/solarquangbinh.com\/index.php?rest_route=\/wp\/v3\/product"}],"about":[{"href":"https:\/\/solarquangbinh.com\/index.php?rest_route=\/wp\/v2\/types\/product"}],"wp:featuredmedia":[{"embeddable":true,"href":"https:\/\/solarquangbinh.com\/index.php?rest_route=\/wp\/v2\/media\/5958"}],"wp:attachment":[{"href":"https:\/\/solarquangbinh.com\/index.php?rest_route=%2Fwp%2Fv2%2Fmedia&parent=5921"}],"wp:term":[{"taxonomy":"product_cat","embeddable":true,"href":"https:\/\/solarquangbinh.com\/index.php?rest_route=%2Fwp%2Fv2%2Fproduct_cat&post=5921"},{"taxonomy":"product_tag","embeddable":true,"href":"https:\/\/solarquangbinh.com\/index.php?rest_route=%2Fwp%2Fv2%2Fproduct_tag&post=5921"}],"curies":[{"name":"wp","href":"https:\/\/api.w.org\/{rel}","templated":true}]}}