{"id":6117,"date":"2023-08-04T11:32:14","date_gmt":"2023-08-04T04:32:14","guid":{"rendered":"https:\/\/solarquangbinh.com\/?post_type=product&#038;p=6117"},"modified":"2023-08-04T11:32:25","modified_gmt":"2023-08-04T04:32:25","slug":"den-an-ninh-nang-luong-mat-troi-gelta-gds04a","status":"publish","type":"product","link":"https:\/\/solarquangbinh.com\/?product=den-an-ninh-nang-luong-mat-troi-gelta-gds04a","title":{"rendered":"\u0110\u00e8n An Ninh N\u0103ng L\u01b0\u1ee3ng M\u1eb7t Tr\u1eddi Gelta \u2013 GDS04A"},"content":{"rendered":"<ul>\n<li><strong>C\u00f4ng ngh\u1ec7 TCS<\/strong>\u00a0\u0111\u1ea3m b\u1ea3o tu\u1ed5i th\u1ecd pin d\u00e0i h\u01a1n.<\/li>\n<li>B\u1ea3ng \u0111i\u1ec1u khi\u1ec3n v\u00e0 \u0111\u00e8n n\u0103ng l\u01b0\u1ee3ng m\u1eb7t tr\u1eddi c\u00f3 th\u1ec3\u00a0<strong>xoay 180\u00b0<\/strong>\u00a0gi\u00fap t\u0103ng di\u1ec7n t\u00edch chi\u1ebfu s\u00e1ng.<\/li>\n<li>Thi\u1ebft k\u1ebf th\u00f4ng minh, hi\u1ec7n \u0111\u1ea1i.<\/li>\n<li>\u0110i\u1ec1u ch\u1ec9nh th\u1eddi gian tr\u1ec5 chi\u1ebfu s\u00e1ng t\u1eeb\u00a0<strong>10s~7 ph\u00fat.<\/strong><\/li>\n<li><strong>C\u00f4ng ngh\u1ec7 ALS<\/strong>\u00a0gi\u00fap \u0111\u1ea3m b\u1ea3o th\u1eddi gian chi\u1ebfu s\u00e1ng\u00a0<strong>7 ng\u00e0y li\u00ean t\u1ee5c.<\/strong><\/li>\n<li>C\u1ea3m bi\u1ebfn chuy\u1ec3n \u0111\u1ed9ng ph\u00e1t hi\u1ec7n \u0111\u1ea3m b\u1ea3o an ninh.<\/li>\n<\/ul>\n<h2>Th\u00f4ng s\u1ed1 k\u1ef9 thu\u1eadt<\/h2>\n<table>\n<thead>\n<tr>\n<th class=\"pad--15 color--orangebold fw--600\">\u0110\u1eb6C \u0110I\u1ec2M<\/th>\n<th class=\"pad--15 color--orangebold fw--600\">\u0110\u00c8N AN NINH N\u0102NG L\u01af\u1ee2NG M\u1eb6T TR\u1edcI GELTA<\/th>\n<\/tr>\n<\/thead>\n<tbody>\n<tr>\n<td>H\u00ecnh \u1ea3nh<\/td>\n<td><img decoding=\"async\" src=\"https:\/\/gelta.vn\/wp-content\/uploads\/2023\/04\/den-tru-cong-an-ninh-nang-luong-mat-troi-gelta-300x300.png\" alt=\"\u0110\u00e8n tr\u1ee5 c\u1ed5ng an ninh n\u0103ng l\u01b0\u1ee3ng m\u1eb7t tr\u1eddi Gelta\" \/><\/td>\n<\/tr>\n<tr>\n<td>CCT (Nhi\u1ec7t \u0111\u1ed9 m\u00e0u)<\/td>\n<td>4000 K<\/td>\n<\/tr>\n<tr>\n<td>Pin l\u01b0u tr\u1eef<\/td>\n<td>7.4 Wh<\/td>\n<\/tr>\n<tr>\n<td>Quang th\u00f4ng<\/td>\n<td>1000 Lm<\/td>\n<\/tr>\n<tr>\n<td>Chip LED<\/td>\n<td><strong>OSRAM<\/strong><\/td>\n<\/tr>\n<tr>\n<td>Tu\u1ed5i th\u1ecd LED<\/td>\n<td>50,000 gi\u1edd<\/td>\n<\/tr>\n<tr>\n<td>Th\u1eddi gian s\u1ea1c<\/td>\n<td>5 gi\u1edd<\/td>\n<\/tr>\n<tr>\n<td>Th\u1eddi gian s\u00e1ng<\/td>\n<td>&gt;7 ng\u00e0y<\/td>\n<\/tr>\n<tr>\n<td>Nhi\u1ec7t \u0111\u1ed9 s\u1ea1c\/x\u1ea3<\/td>\n<td>-20~45\u00b0C\/-20~60\u00b0C<\/td>\n<\/tr>\n<tr>\n<td>PIR (C\u1ea3m bi\u1ebfn chuy\u1ec3n \u0111\u1ed9ng)<\/td>\n<td>6-8 m<\/td>\n<\/tr>\n<tr>\n<td>V\u1eadt li\u1ec7u<\/td>\n<td>ABS<\/td>\n<\/tr>\n<tr>\n<td>K\u00edch th\u01b0\u1edbc \u0111\u00e8n<\/td>\n<td>218\u00d7144 mm<\/td>\n<\/tr>\n<\/tbody>\n<\/table>\n<h2>B\u1ea3o d\u01b0\u1ee1ng v\u1eadn h\u00e0nh<\/h2>\n<ul class=\"listype--none\">\n<li><i class=\"fa-solid fa-circle-check color--orangebold marr--5\"><\/i>L\u1eafp \u0111\u1eb7t vui l\u00f2ng tu\u00e2n theo h\u01b0\u1edbng d\u1eabn \u0111i k\u00e8m.<\/li>\n<li><i class=\"fa-solid fa-circle-check color--orangebold marr--5\"><\/i>Ki\u1ec3m tra, v\u1ec7 sinh \u0111\u00e8n v\u00e0 t\u1ea5m pin quang \u0111i\u1ec7n \u0111\u1ecbnh k\u1ef3 \u0111\u1ec3 \u0111\u1ea3m b\u1ea3o hi\u1ec7u su\u1ea5t ho\u1ea1t \u0111\u1ed9ng t\u1ed1t nh\u1ea5t.<\/li>\n<\/ul>\n<p class=\"text--italic fz--14\">*L\u01b0u \u00fd: Th\u00f4ng s\u1ed1 k\u1ef9 thu\u1eadt n\u00eau tr\u00ean c\u00f3 dung sai +-5%. C\u00e1c th\u00f4ng s\u1ed1 tr\u00ean c\u00f3 th\u1ec3 thay \u0111\u1ed5i b\u1edfi nh\u00e0 s\u1ea3n xu\u1ea5t m\u00e0 kh\u00f4ng b\u00e1o tr\u01b0\u1edbc.<\/p>\n","protected":false},"excerpt":{"rendered":"<ul>\n<li class=\"shortdes--product\">Model:\u00a0GDS-04-A<\/li>\n<li class=\"shortdes--product\">Th\u01b0\u01a1ng hi\u1ec7u:\u00a0Gelta<\/li>\n<li class=\"shortdes--product\">CCT (Nhi\u1ec7t \u0111\u1ed9 m\u00e0u):\u00a04000 K<\/li>\n<li class=\"shortdes--product\">Quang th\u00f4ng:\u00a01000 Lm<\/li>\n<li class=\"shortdes--product\">Chip LED:\u00a0OSRAM<\/li>\n<li class=\"shortdes--product\">B\u1ea3o h\u00e0nh:\u00a03 n\u0103m<\/li>\n<\/ul>\n<p><a href=\"https:\/\/gelta.vn\/wp-content\/uploads\/2023\/06\/Datasheet-den-tru-cong-an-ninh-GDS-04-A.pdf\"><img decoding=\"async\" loading=\"lazy\" class=\"alignnone size-full wp-image-3072\" src=\"https:\/\/tpenergy.com.vn\/wp-content\/uploads\/2023\/08\/datta.png\" alt=\"\" width=\"136\" height=\"39\" \/><\/a><\/p>\n","protected":false},"featured_media":6129,"template":"","meta":[],"product_cat":[755],"product_tag":[756,760,758,604,759],"yoast_head":"<!-- This site is optimized with the Yoast SEO plugin v20.6 - https:\/\/yoast.com\/wordpress\/plugins\/seo\/ -->\r\n<title>\u0110\u00e8n An Ninh N\u0103ng L\u01b0\u1ee3ng M\u1eb7t Tr\u1eddi Gelta \u2013 GDS04A - Solar Qu\u1ea3ng B\u00ecnh chuy\u00ean gi\u1ea3i ph\u00e1p v\u00e0 cung c\u1ea5p h\u1ec7 th\u1ed1ng \u0111i\u1ec7n m\u1eb7t tr\u1eddi h\u00f2a l\u01b0\u1edbi v\u00e0 l\u01b0u tr\u1eef t\u1ea1i Qu\u1ea3ng B\u00ecnh<\/title>\r\n<meta name=\"robots\" content=\"index, follow, max-snippet:-1, max-image-preview:large, max-video-preview:-1\" \/>\r\n<link rel=\"canonical\" href=\"https:\/\/solarquangbinh.com\/?product=den-an-ninh-nang-luong-mat-troi-gelta-gds04a\" \/>\r\n<meta property=\"og:locale\" content=\"vi_VN\" \/>\r\n<meta property=\"og:type\" content=\"article\" \/>\r\n<meta property=\"og:title\" content=\"\u0110\u00e8n An Ninh N\u0103ng L\u01b0\u1ee3ng M\u1eb7t Tr\u1eddi Gelta \u2013 GDS04A - Solar Qu\u1ea3ng B\u00ecnh chuy\u00ean gi\u1ea3i ph\u00e1p v\u00e0 cung c\u1ea5p h\u1ec7 th\u1ed1ng \u0111i\u1ec7n m\u1eb7t tr\u1eddi h\u00f2a l\u01b0\u1edbi v\u00e0 l\u01b0u tr\u1eef t\u1ea1i Qu\u1ea3ng B\u00ecnh\" \/>\r\n<meta property=\"og:description\" content=\"Model:\u00a0GDS-04-A  Th\u01b0\u01a1ng hi\u1ec7u:\u00a0Gelta  CCT (Nhi\u1ec7t \u0111\u1ed9 m\u00e0u):\u00a04000 K  Quang th\u00f4ng:\u00a01000 Lm  Chip LED:\u00a0OSRAM  B\u1ea3o h\u00e0nh:\u00a03 n\u0103m\" \/>\r\n<meta property=\"og:url\" content=\"https:\/\/solarquangbinh.com\/?product=den-an-ninh-nang-luong-mat-troi-gelta-gds04a\" \/>\r\n<meta property=\"og:site_name\" content=\"Solar Qu\u1ea3ng B\u00ecnh chuy\u00ean gi\u1ea3i ph\u00e1p v\u00e0 cung c\u1ea5p h\u1ec7 th\u1ed1ng \u0111i\u1ec7n m\u1eb7t tr\u1eddi h\u00f2a l\u01b0\u1edbi v\u00e0 l\u01b0u tr\u1eef t\u1ea1i Qu\u1ea3ng B\u00ecnh\" \/>\r\n<meta property=\"article:modified_time\" content=\"2023-08-04T04:32:25+00:00\" \/>\r\n<meta property=\"og:image\" content=\"https:\/\/solarquangbinh.com\/wp-content\/uploads\/2023\/08\/den-an-ninh.png\" \/>\r\n\t<meta property=\"og:image:width\" content=\"800\" \/>\r\n\t<meta property=\"og:image:height\" content=\"800\" \/>\r\n\t<meta property=\"og:image:type\" content=\"image\/png\" \/>\r\n<meta name=\"twitter:card\" content=\"summary_large_image\" \/>\r\n<meta name=\"twitter:label1\" content=\"\u01af\u1edbc t\u00ednh th\u1eddi gian \u0111\u1ecdc\" \/>\n\t<meta name=\"twitter:data1\" content=\"2 ph\u00fat\" \/>\r\n<script type=\"application\/ld+json\" class=\"yoast-schema-graph\">{\"@context\":\"https:\/\/schema.org\",\"@graph\":[{\"@type\":\"WebPage\",\"@id\":\"https:\/\/solarquangbinh.com\/?product=den-an-ninh-nang-luong-mat-troi-gelta-gds04a\",\"url\":\"https:\/\/solarquangbinh.com\/?product=den-an-ninh-nang-luong-mat-troi-gelta-gds04a\",\"name\":\"\u0110\u00e8n An Ninh N\u0103ng L\u01b0\u1ee3ng M\u1eb7t Tr\u1eddi Gelta \u2013 GDS04A - Solar Qu\u1ea3ng B\u00ecnh chuy\u00ean gi\u1ea3i ph\u00e1p v\u00e0 cung c\u1ea5p h\u1ec7 th\u1ed1ng \u0111i\u1ec7n m\u1eb7t tr\u1eddi h\u00f2a l\u01b0\u1edbi v\u00e0 l\u01b0u tr\u1eef t\u1ea1i Qu\u1ea3ng B\u00ecnh\",\"isPartOf\":{\"@id\":\"https:\/\/solarquangbinh.com\/#website\"},\"datePublished\":\"2023-08-04T04:32:14+00:00\",\"dateModified\":\"2023-08-04T04:32:25+00:00\",\"breadcrumb\":{\"@id\":\"https:\/\/solarquangbinh.com\/?product=den-an-ninh-nang-luong-mat-troi-gelta-gds04a#breadcrumb\"},\"inLanguage\":\"vi\",\"potentialAction\":[{\"@type\":\"ReadAction\",\"target\":[\"https:\/\/solarquangbinh.com\/?product=den-an-ninh-nang-luong-mat-troi-gelta-gds04a\"]}]},{\"@type\":\"BreadcrumbList\",\"@id\":\"https:\/\/solarquangbinh.com\/?product=den-an-ninh-nang-luong-mat-troi-gelta-gds04a#breadcrumb\",\"itemListElement\":[{\"@type\":\"ListItem\",\"position\":1,\"name\":\"Trang ch\u1ee7\",\"item\":\"https:\/\/solarquangbinh.com\/\"},{\"@type\":\"ListItem\",\"position\":2,\"name\":\"S\u1ea3n ph\u1ea9m\",\"item\":\"https:\/\/solarquangbinh.com\/?page_id=20\"},{\"@type\":\"ListItem\",\"position\":3,\"name\":\"\u0110\u00e8n An Ninh N\u0103ng L\u01b0\u1ee3ng M\u1eb7t Tr\u1eddi Gelta \u2013 GDS04A\"}]},{\"@type\":\"WebSite\",\"@id\":\"https:\/\/solarquangbinh.com\/#website\",\"url\":\"https:\/\/solarquangbinh.com\/\",\"name\":\"Solar Qu\u1ea3ng B\u00ecnh chuy\u00ean gi\u1ea3i ph\u00e1p v\u00e0 cung c\u1ea5p h\u1ec7 th\u1ed1ng \u0111i\u1ec7n m\u1eb7t tr\u1eddi h\u00f2a l\u01b0\u1edbi v\u00e0 l\u01b0u tr\u1eef t\u1ea1i Qu\u1ea3ng B\u00ecnh\",\"description\":\"\u0110i\u1ec7n n\u0103ng l\u01b0\u1ee3ng m\u1eb7t tr\u1eddi Qu\u1ea3ng B\u00ecnh, Solar Quang Binh, Solar Qu\u1ea3ng B\u00ecnh chuy\u00ean cung c\u1ea5p h\u1ec7 th\u1ed1ng \u0111i\u1ec7n m\u1eb7t tr\u1eddi h\u00f2a l\u01b0\u1edbi v\u00e0 l\u01b0u tr\u1eef, pin n\u0103ng l\u01b0\u1ee3ng m\u1eb7t tr\u1eddi, Solar Quang Binh\",\"potentialAction\":[{\"@type\":\"SearchAction\",\"target\":{\"@type\":\"EntryPoint\",\"urlTemplate\":\"https:\/\/solarquangbinh.com\/?s={search_term_string}\"},\"query-input\":\"required name=search_term_string\"}],\"inLanguage\":\"vi\"}]}<\/script>\r\n<!-- \/ Yoast SEO plugin. -->","yoast_head_json":{"title":"\u0110\u00e8n An Ninh N\u0103ng L\u01b0\u1ee3ng M\u1eb7t Tr\u1eddi Gelta \u2013 GDS04A - Solar Qu\u1ea3ng B\u00ecnh chuy\u00ean gi\u1ea3i ph\u00e1p v\u00e0 cung c\u1ea5p h\u1ec7 th\u1ed1ng \u0111i\u1ec7n m\u1eb7t tr\u1eddi h\u00f2a l\u01b0\u1edbi v\u00e0 l\u01b0u tr\u1eef t\u1ea1i Qu\u1ea3ng B\u00ecnh","robots":{"index":"index","follow":"follow","max-snippet":"max-snippet:-1","max-image-preview":"max-image-preview:large","max-video-preview":"max-video-preview:-1"},"canonical":"https:\/\/solarquangbinh.com\/?product=den-an-ninh-nang-luong-mat-troi-gelta-gds04a","og_locale":"vi_VN","og_type":"article","og_title":"\u0110\u00e8n An Ninh N\u0103ng L\u01b0\u1ee3ng M\u1eb7t Tr\u1eddi Gelta \u2013 GDS04A - Solar Qu\u1ea3ng B\u00ecnh chuy\u00ean gi\u1ea3i ph\u00e1p v\u00e0 cung c\u1ea5p h\u1ec7 th\u1ed1ng \u0111i\u1ec7n m\u1eb7t tr\u1eddi h\u00f2a l\u01b0\u1edbi v\u00e0 l\u01b0u tr\u1eef t\u1ea1i Qu\u1ea3ng B\u00ecnh","og_description":"Model:\u00a0GDS-04-A  Th\u01b0\u01a1ng hi\u1ec7u:\u00a0Gelta  CCT (Nhi\u1ec7t \u0111\u1ed9 m\u00e0u):\u00a04000 K  Quang th\u00f4ng:\u00a01000 Lm  Chip LED:\u00a0OSRAM  B\u1ea3o h\u00e0nh:\u00a03 n\u0103m","og_url":"https:\/\/solarquangbinh.com\/?product=den-an-ninh-nang-luong-mat-troi-gelta-gds04a","og_site_name":"Solar Qu\u1ea3ng B\u00ecnh chuy\u00ean gi\u1ea3i ph\u00e1p v\u00e0 cung c\u1ea5p h\u1ec7 th\u1ed1ng \u0111i\u1ec7n m\u1eb7t tr\u1eddi h\u00f2a l\u01b0\u1edbi v\u00e0 l\u01b0u tr\u1eef t\u1ea1i Qu\u1ea3ng B\u00ecnh","article_modified_time":"2023-08-04T04:32:25+00:00","og_image":[{"width":800,"height":800,"url":"https:\/\/solarquangbinh.com\/wp-content\/uploads\/2023\/08\/den-an-ninh.png","type":"image\/png"}],"twitter_card":"summary_large_image","twitter_misc":{"\u01af\u1edbc t\u00ednh th\u1eddi gian \u0111\u1ecdc":"2 ph\u00fat"},"schema":{"@context":"https:\/\/schema.org","@graph":[{"@type":"WebPage","@id":"https:\/\/solarquangbinh.com\/?product=den-an-ninh-nang-luong-mat-troi-gelta-gds04a","url":"https:\/\/solarquangbinh.com\/?product=den-an-ninh-nang-luong-mat-troi-gelta-gds04a","name":"\u0110\u00e8n An Ninh N\u0103ng L\u01b0\u1ee3ng M\u1eb7t Tr\u1eddi Gelta \u2013 GDS04A - Solar Qu\u1ea3ng B\u00ecnh chuy\u00ean gi\u1ea3i ph\u00e1p v\u00e0 cung c\u1ea5p h\u1ec7 th\u1ed1ng \u0111i\u1ec7n m\u1eb7t tr\u1eddi h\u00f2a l\u01b0\u1edbi v\u00e0 l\u01b0u tr\u1eef t\u1ea1i Qu\u1ea3ng B\u00ecnh","isPartOf":{"@id":"https:\/\/solarquangbinh.com\/#website"},"datePublished":"2023-08-04T04:32:14+00:00","dateModified":"2023-08-04T04:32:25+00:00","breadcrumb":{"@id":"https:\/\/solarquangbinh.com\/?product=den-an-ninh-nang-luong-mat-troi-gelta-gds04a#breadcrumb"},"inLanguage":"vi","potentialAction":[{"@type":"ReadAction","target":["https:\/\/solarquangbinh.com\/?product=den-an-ninh-nang-luong-mat-troi-gelta-gds04a"]}]},{"@type":"BreadcrumbList","@id":"https:\/\/solarquangbinh.com\/?product=den-an-ninh-nang-luong-mat-troi-gelta-gds04a#breadcrumb","itemListElement":[{"@type":"ListItem","position":1,"name":"Trang ch\u1ee7","item":"https:\/\/solarquangbinh.com\/"},{"@type":"ListItem","position":2,"name":"S\u1ea3n ph\u1ea9m","item":"https:\/\/solarquangbinh.com\/?page_id=20"},{"@type":"ListItem","position":3,"name":"\u0110\u00e8n An Ninh N\u0103ng L\u01b0\u1ee3ng M\u1eb7t Tr\u1eddi Gelta \u2013 GDS04A"}]},{"@type":"WebSite","@id":"https:\/\/solarquangbinh.com\/#website","url":"https:\/\/solarquangbinh.com\/","name":"Solar Qu\u1ea3ng B\u00ecnh chuy\u00ean gi\u1ea3i ph\u00e1p v\u00e0 cung c\u1ea5p h\u1ec7 th\u1ed1ng \u0111i\u1ec7n m\u1eb7t tr\u1eddi h\u00f2a l\u01b0\u1edbi v\u00e0 l\u01b0u tr\u1eef t\u1ea1i Qu\u1ea3ng B\u00ecnh","description":"\u0110i\u1ec7n n\u0103ng l\u01b0\u1ee3ng m\u1eb7t tr\u1eddi Qu\u1ea3ng B\u00ecnh, Solar Quang Binh, Solar Qu\u1ea3ng B\u00ecnh chuy\u00ean cung c\u1ea5p h\u1ec7 th\u1ed1ng \u0111i\u1ec7n m\u1eb7t tr\u1eddi h\u00f2a l\u01b0\u1edbi v\u00e0 l\u01b0u tr\u1eef, pin n\u0103ng l\u01b0\u1ee3ng m\u1eb7t tr\u1eddi, Solar Quang Binh","potentialAction":[{"@type":"SearchAction","target":{"@type":"EntryPoint","urlTemplate":"https:\/\/solarquangbinh.com\/?s={search_term_string}"},"query-input":"required name=search_term_string"}],"inLanguage":"vi"}]}},"_links":{"self":[{"href":"https:\/\/solarquangbinh.com\/index.php?rest_route=\/wp\/v3\/product\/6117"}],"collection":[{"href":"https:\/\/solarquangbinh.com\/index.php?rest_route=\/wp\/v3\/product"}],"about":[{"href":"https:\/\/solarquangbinh.com\/index.php?rest_route=\/wp\/v2\/types\/product"}],"wp:featuredmedia":[{"embeddable":true,"href":"https:\/\/solarquangbinh.com\/index.php?rest_route=\/wp\/v2\/media\/6129"}],"wp:attachment":[{"href":"https:\/\/solarquangbinh.com\/index.php?rest_route=%2Fwp%2Fv2%2Fmedia&parent=6117"}],"wp:term":[{"taxonomy":"product_cat","embeddable":true,"href":"https:\/\/solarquangbinh.com\/index.php?rest_route=%2Fwp%2Fv2%2Fproduct_cat&post=6117"},{"taxonomy":"product_tag","embeddable":true,"href":"https:\/\/solarquangbinh.com\/index.php?rest_route=%2Fwp%2Fv2%2Fproduct_tag&post=6117"}],"curies":[{"name":"wp","href":"https:\/\/api.w.org\/{rel}","templated":true}]}}