{"id":6121,"date":"2023-08-04T11:32:15","date_gmt":"2023-08-04T04:32:15","guid":{"rendered":"https:\/\/solarquangbinh.com\/?post_type=product&#038;p=6121"},"modified":"2023-08-04T11:32:29","modified_gmt":"2023-08-04T04:32:29","slug":"den-duong-nang-luong-mat-troi-gelta-sts80a","status":"publish","type":"product","link":"https:\/\/solarquangbinh.com\/?product=den-duong-nang-luong-mat-troi-gelta-sts80a","title":{"rendered":"\u0110\u00e8n \u0110\u01b0\u1eddng N\u0103ng L\u01b0\u1ee3ng M\u1eb7t Tr\u1eddi Gelta \u2013 STS80A"},"content":{"rendered":"<ul>\n<li>\u0110\u00e8n thi\u1ebft k\u1ebf chuy\u00ean d\u1ee5ng cho c\u00e1c tuy\u1ebfn \u0111\u01b0\u1eddng, khu v\u1ef1c kh\u00f4ng gian r\u1ed9ng c\u1ea7n chi\u1ebfu s\u00e1ng.<\/li>\n<li><strong>Pin l\u01b0u tr\u1eef Lithium<\/strong>\u00a0cho ph\u00e9p tu\u1ed5i th\u1ecd d\u00e0i h\u01a1n, d\u00f2ng x\u1ea3 cao h\u01a1n v\u00e0 an to\u00e0n h\u01a1n.<\/li>\n<li>B\u1ed9 \u0111i\u1ec1u khi\u1ec3n th\u00f4ng minh k\u1ebft h\u1ee3p chip led \u0111\u1ed9c quy\u1ec1n, cho c\u01b0\u1eddng \u0111\u1ed9 chi\u1ebfu s\u00e1ng r\u1ea5t cao v\u1edbi Lumen l\u00ean \u0111\u1ebfn 15.000 Lm.<\/li>\n<li><strong>C\u00f4ng ngh\u1ec7 ALS v\u00e0 TCS<\/strong>\u00a0gi\u00fap \u0111\u1ea3m b\u1ea3o th\u1eddi gian s\u00e1ng t\u1ed1i \u01b0u\u00a0<strong>l\u00ean \u0111\u1ebfn 10 ng\u00e0y m\u01b0a.<\/strong><\/li>\n<li><strong>T\u1ea5m quang \u0111i\u1ec7n Mono<\/strong>\u00a0cho hi\u1ec7u su\u1ea5t chuy\u1ec3n \u0111\u1ed5i l\u00ean \u0111\u1ebfn 22%<\/li>\n<li>Thi\u1ebft k\u1ebf tinh t\u1ebf, sang tr\u1ecdng, c\u00f9ng ch\u1ea5t li\u1ec7u cao c\u1ea5p.<\/li>\n<\/ul>\n<h2>Th\u00f4ng s\u1ed1 k\u1ef9 thu\u1eadt<\/h2>\n<div>\n<table>\n<thead>\n<tr>\n<th>T\u00caN S\u1ea2N PH\u1ea8M:<\/th>\n<th class=\"textali--center\" colspan=\"6\"><a href=\"https:\/\/gelta.vn\/san-pham\/den-duong-nang-luong-mat-troi-gelta-sts80a\/\">\u0110\u00c8N \u0110\u01af\u1edcNG N\u0102NG L\u01af\u1ee2NG M\u1eb6T TR\u1edcI GELTA STS<\/a><\/th>\n<\/tr>\n<\/thead>\n<thead>\n<tr>\n<th>M\u00c3 S\u1ea2N PH\u1ea8M:<\/th>\n<th>STS-40<\/th>\n<th>STS-60<\/th>\n<th>STS-80-A<\/th>\n<th>STS-100<\/th>\n<th>STS-120<\/th>\n<th>STS-150<\/th>\n<\/tr>\n<\/thead>\n<tbody>\n<tr>\n<td>H\u00ecnh \u1ea3nh<\/td>\n<td><\/td>\n<td><\/td>\n<td><img decoding=\"async\" loading=\"lazy\" class=\"\" src=\"https:\/\/gelta.vn\/wp-content\/uploads\/2023\/07\/bo-den-duong-nang-luong-mat-troi-gelta-sts80a.png\" alt=\"\" width=\"169\" height=\"169\" \/><\/td>\n<\/tr>\n<tr>\n<td>T\u1ea5m quang \u0111i\u1ec7n<\/td>\n<td>50W<\/td>\n<td>50W<\/td>\n<td>150W<\/td>\n<td>150wW<\/td>\n<td>200W<\/td>\n<td>200W<\/td>\n<\/tr>\n<tr>\n<td>Pin l\u01b0u tr\u1eef<\/td>\n<td>Lithium 18.5V\/288.6WH<\/td>\n<td>Lithium 18.5V\/384.8WH<\/td>\n<td>Lithium 18.5V\/481WH<\/td>\n<td>Lithium 18.5V\/625.3WH<\/td>\n<td>Lithium 18.5V\/769.6WH<\/td>\n<td>Lithium 18.5V\/962WH<\/td>\n<\/tr>\n<tr>\n<td>Quang th\u00f4ng<\/td>\n<td>4000 lumens<\/td>\n<td>6000 lumens<\/td>\n<td>8000 lumens<\/td>\n<td>10000 lumens<\/td>\n<td>12000 lumens<\/td>\n<td>15000 lumens<\/td>\n<\/tr>\n<tr>\n<td>Th\u1eddi gian s\u1ea1c:<\/td>\n<td class=\"textali--center\" colspan=\"6\">4-6 gi\u1edd<\/td>\n<\/tr>\n<tr>\n<td>Chip Led(OSRAM)<\/td>\n<td class=\"textali--center\" colspan=\"6\"><strong>OSRAM<\/strong>\u00a03030<\/td>\n<\/tr>\n<tr>\n<td>Tu\u1ed5i th\u1ecd Led<\/td>\n<td class=\"textali--center\" colspan=\"6\">50.000 gi\u1edd<\/td>\n<\/tr>\n<tr>\n<td>Nhi\u1ec7t \u0111\u1ed9 m\u00e0u<\/td>\n<td class=\"textali--center\" colspan=\"6\">4000 K, Ra 70+<\/td>\n<\/tr>\n<tr>\n<td>Th\u1eddi gian chi\u1ebfu s\u00e1ng<\/td>\n<td class=\"textali--center\" colspan=\"6\">&gt;10 ng\u00e0y<\/td>\n<\/tr>\n<tr>\n<td>B\u1ed9 \u0111i\u1ec1u khi\u1ec3n<\/td>\n<td class=\"textali--center\" colspan=\"6\">N\u00fat chuy\u1ec3n \u0111\u1ed5i, ON\/OFF nh\u1ea5n gi\u1eef 1.5s<\/td>\n<\/tr>\n<tr>\n<td>Ch\u1ebf \u0111\u1ed9 s\u00e1ng<\/td>\n<td class=\"textali--center\" colspan=\"6\">100% (5 gi\u1edd) + 20% \u0110\u1ebfn khi tr\u1eddi s\u00e1ng<\/td>\n<\/tr>\n<tr>\n<td>C\u00f4ng su\u1ea5t ch\u1ec9 \u0111\u1ecbnh<\/td>\n<td class=\"textali--center\" colspan=\"6\">4LEDs: &gt; 80%, 3 LEDs: 60% ~ 80%, 2 LEDs: 30% ~ 60%, 1 LEDs: &lt; 30%<\/td>\n<\/tr>\n<tr>\n<td>K\u00edch th\u01b0\u1edbc \u0111\u00e8n<\/td>\n<td class=\"textali--center\" colspan=\"6\">542\u00d7235 mm<\/td>\n<\/tr>\n<tr>\n<td>Chi\u1ec1u cao l\u1eafp \u0111\u1eb7t\/ Kho\u1ea3ng c\u00e1ch l\u1eafp \u0111\u1eb7t<\/td>\n<td>4 m\u00e9t \/ 20 m\u00e9t<\/td>\n<td>6 m\u00e9t \/ 25 m\u00e9t<\/td>\n<td>8 m\u00e9t \/ 30 m\u00e9t<\/td>\n<td>10 m\u00e9t \/ 35 m\u00e9t<\/td>\n<td>12 m\u00e9t \/ 42 m\u00e9t<\/td>\n<td>15 m\u00e9t \/ 50 m\u00e9t<\/td>\n<\/tr>\n<tr>\n<td>Nhi\u1ec7t \u0111\u1ed9 s\u1ea1c\/x\u1ea3:<\/td>\n<td class=\"textali--center\" colspan=\"6\">-20~45\u00b0 C \/ -20 ~ 60\u00b0 C<\/td>\n<\/tr>\n<\/tbody>\n<\/table>\n<\/div>\n<h2>B\u1ea3o d\u01b0\u1ee1ng v\u1eadn h\u00e0nh<\/h2>\n<ul class=\"listype--none\">\n<li><i class=\"fa-solid fa-circle-check color--orangebold marr--5\"><\/i>L\u1eafp \u0111\u1eb7t vui l\u00f2ng tu\u00e2n theo h\u01b0\u1edbng d\u1eabn \u0111i k\u00e8m.<\/li>\n<li><i class=\"fa-solid fa-circle-check color--orangebold marr--5\"><\/i>Ki\u1ec3m tra, v\u1ec7 sinh \u0111\u00e8n v\u00e0 t\u1ea5m pin quang \u0111i\u1ec7n \u0111\u1ecbnh k\u1ef3 \u0111\u1ec3 \u0111\u1ea3m b\u1ea3o hi\u1ec7u su\u1ea5t ho\u1ea1t \u0111\u1ed9ng t\u1ed1t nh\u1ea5t.<\/li>\n<\/ul>\n<p class=\"text--italic fz--14\">*L\u01b0u \u00fd: Th\u00f4ng s\u1ed1 k\u1ef9 thu\u1eadt n\u00eau tr\u00ean c\u00f3 dung sai +-5%. C\u00e1c th\u00f4ng s\u1ed1 tr\u00ean c\u00f3 th\u1ec3 thay \u0111\u1ed5i b\u1edfi nh\u00e0 s\u1ea3n xu\u1ea5t m\u00e0 kh\u00f4ng b\u00e1o tr\u01b0\u1edbc.<\/p>\n","protected":false},"excerpt":{"rendered":"<ul>\n<li class=\"shortdes--product\">Model:\u00a0STS-80-A<\/li>\n<li class=\"shortdes--product\">Th\u01b0\u01a1ng hi\u1ec7u:\u00a0Gelta<\/li>\n<li class=\"shortdes--product\">Quang th\u00f4ng:\u00a08000 Lm<\/li>\n<li class=\"shortdes--product\">Chip LED:\u00a0OSRAM 3030<\/li>\n<li class=\"shortdes--product\">Th\u1eddi gian s\u00e1ng:\u00a0&gt;10 ng\u00e0y<\/li>\n<li class=\"shortdes--product\">B\u1ea3o h\u00e0nh:\u00a03 n\u0103m<\/li>\n<\/ul>\n<div class=\"dis--flex\">\n<div id=\"btnct-product\"><a href=\"https:\/\/gelta.vn\/wp-content\/uploads\/2023\/07\/Datasheet-den-duong-nang-luong-mat-troi-gelta-sts.pdf\"><img decoding=\"async\" loading=\"lazy\" class=\"alignnone size-full wp-image-3072\" src=\"https:\/\/tpenergy.com.vn\/wp-content\/uploads\/2023\/08\/datta.png\" alt=\"\" width=\"136\" height=\"39\" \/><\/a><\/div>\n<\/div>\n","protected":false},"featured_media":6133,"template":"","meta":[],"product_cat":[755],"product_tag":[756,757],"yoast_head":"<!-- This site is optimized with the Yoast SEO plugin v20.6 - https:\/\/yoast.com\/wordpress\/plugins\/seo\/ -->\r\n<title>\u0110\u00e8n \u0110\u01b0\u1eddng N\u0103ng L\u01b0\u1ee3ng M\u1eb7t Tr\u1eddi Gelta \u2013 STS80A - Solar Qu\u1ea3ng B\u00ecnh chuy\u00ean gi\u1ea3i ph\u00e1p v\u00e0 cung c\u1ea5p h\u1ec7 th\u1ed1ng \u0111i\u1ec7n m\u1eb7t tr\u1eddi h\u00f2a l\u01b0\u1edbi v\u00e0 l\u01b0u tr\u1eef t\u1ea1i Qu\u1ea3ng B\u00ecnh<\/title>\r\n<meta name=\"robots\" content=\"index, follow, max-snippet:-1, max-image-preview:large, max-video-preview:-1\" \/>\r\n<link rel=\"canonical\" href=\"https:\/\/solarquangbinh.com\/?product=den-duong-nang-luong-mat-troi-gelta-sts80a\" \/>\r\n<meta property=\"og:locale\" content=\"vi_VN\" \/>\r\n<meta property=\"og:type\" content=\"article\" \/>\r\n<meta property=\"og:title\" content=\"\u0110\u00e8n \u0110\u01b0\u1eddng N\u0103ng L\u01b0\u1ee3ng M\u1eb7t Tr\u1eddi Gelta \u2013 STS80A - Solar Qu\u1ea3ng B\u00ecnh chuy\u00ean gi\u1ea3i ph\u00e1p v\u00e0 cung c\u1ea5p h\u1ec7 th\u1ed1ng \u0111i\u1ec7n m\u1eb7t tr\u1eddi h\u00f2a l\u01b0\u1edbi v\u00e0 l\u01b0u tr\u1eef t\u1ea1i Qu\u1ea3ng B\u00ecnh\" \/>\r\n<meta property=\"og:description\" content=\"Model:\u00a0STS-80-A  Th\u01b0\u01a1ng hi\u1ec7u:\u00a0Gelta  Quang th\u00f4ng:\u00a08000 Lm  Chip LED:\u00a0OSRAM 3030  Th\u1eddi gian s\u00e1ng:\u00a0&gt;10 ng\u00e0y  B\u1ea3o h\u00e0nh:\u00a03 n\u0103m\" \/>\r\n<meta property=\"og:url\" content=\"https:\/\/solarquangbinh.com\/?product=den-duong-nang-luong-mat-troi-gelta-sts80a\" \/>\r\n<meta property=\"og:site_name\" content=\"Solar Qu\u1ea3ng B\u00ecnh chuy\u00ean gi\u1ea3i ph\u00e1p v\u00e0 cung c\u1ea5p h\u1ec7 th\u1ed1ng \u0111i\u1ec7n m\u1eb7t tr\u1eddi h\u00f2a l\u01b0\u1edbi v\u00e0 l\u01b0u tr\u1eef t\u1ea1i Qu\u1ea3ng B\u00ecnh\" \/>\r\n<meta property=\"article:modified_time\" content=\"2023-08-04T04:32:29+00:00\" \/>\r\n<meta property=\"og:image\" content=\"https:\/\/solarquangbinh.com\/wp-content\/uploads\/2023\/08\/bo-den-duong-nang-luong-mat-troi-gelta-sts80a.png\" \/>\r\n\t<meta property=\"og:image:width\" content=\"800\" \/>\r\n\t<meta property=\"og:image:height\" content=\"800\" \/>\r\n\t<meta property=\"og:image:type\" content=\"image\/png\" \/>\r\n<meta name=\"twitter:card\" content=\"summary_large_image\" \/>\r\n<meta name=\"twitter:label1\" content=\"\u01af\u1edbc t\u00ednh th\u1eddi gian \u0111\u1ecdc\" \/>\n\t<meta name=\"twitter:data1\" content=\"3 ph\u00fat\" \/>\r\n<script type=\"application\/ld+json\" class=\"yoast-schema-graph\">{\"@context\":\"https:\/\/schema.org\",\"@graph\":[{\"@type\":\"WebPage\",\"@id\":\"https:\/\/solarquangbinh.com\/?product=den-duong-nang-luong-mat-troi-gelta-sts80a\",\"url\":\"https:\/\/solarquangbinh.com\/?product=den-duong-nang-luong-mat-troi-gelta-sts80a\",\"name\":\"\u0110\u00e8n \u0110\u01b0\u1eddng N\u0103ng L\u01b0\u1ee3ng M\u1eb7t Tr\u1eddi Gelta \u2013 STS80A - Solar Qu\u1ea3ng B\u00ecnh chuy\u00ean gi\u1ea3i ph\u00e1p v\u00e0 cung c\u1ea5p h\u1ec7 th\u1ed1ng \u0111i\u1ec7n m\u1eb7t tr\u1eddi h\u00f2a l\u01b0\u1edbi v\u00e0 l\u01b0u tr\u1eef t\u1ea1i Qu\u1ea3ng B\u00ecnh\",\"isPartOf\":{\"@id\":\"https:\/\/solarquangbinh.com\/#website\"},\"datePublished\":\"2023-08-04T04:32:15+00:00\",\"dateModified\":\"2023-08-04T04:32:29+00:00\",\"breadcrumb\":{\"@id\":\"https:\/\/solarquangbinh.com\/?product=den-duong-nang-luong-mat-troi-gelta-sts80a#breadcrumb\"},\"inLanguage\":\"vi\",\"potentialAction\":[{\"@type\":\"ReadAction\",\"target\":[\"https:\/\/solarquangbinh.com\/?product=den-duong-nang-luong-mat-troi-gelta-sts80a\"]}]},{\"@type\":\"BreadcrumbList\",\"@id\":\"https:\/\/solarquangbinh.com\/?product=den-duong-nang-luong-mat-troi-gelta-sts80a#breadcrumb\",\"itemListElement\":[{\"@type\":\"ListItem\",\"position\":1,\"name\":\"Trang ch\u1ee7\",\"item\":\"https:\/\/solarquangbinh.com\/\"},{\"@type\":\"ListItem\",\"position\":2,\"name\":\"S\u1ea3n ph\u1ea9m\",\"item\":\"https:\/\/solarquangbinh.com\/?page_id=20\"},{\"@type\":\"ListItem\",\"position\":3,\"name\":\"\u0110\u00e8n \u0110\u01b0\u1eddng N\u0103ng L\u01b0\u1ee3ng M\u1eb7t Tr\u1eddi Gelta \u2013 STS80A\"}]},{\"@type\":\"WebSite\",\"@id\":\"https:\/\/solarquangbinh.com\/#website\",\"url\":\"https:\/\/solarquangbinh.com\/\",\"name\":\"Solar Qu\u1ea3ng B\u00ecnh chuy\u00ean gi\u1ea3i ph\u00e1p v\u00e0 cung c\u1ea5p h\u1ec7 th\u1ed1ng \u0111i\u1ec7n m\u1eb7t tr\u1eddi h\u00f2a l\u01b0\u1edbi v\u00e0 l\u01b0u tr\u1eef t\u1ea1i Qu\u1ea3ng B\u00ecnh\",\"description\":\"\u0110i\u1ec7n n\u0103ng l\u01b0\u1ee3ng m\u1eb7t tr\u1eddi Qu\u1ea3ng B\u00ecnh, Solar Quang Binh, Solar Qu\u1ea3ng B\u00ecnh chuy\u00ean cung c\u1ea5p h\u1ec7 th\u1ed1ng \u0111i\u1ec7n m\u1eb7t tr\u1eddi h\u00f2a l\u01b0\u1edbi v\u00e0 l\u01b0u tr\u1eef, pin n\u0103ng l\u01b0\u1ee3ng m\u1eb7t tr\u1eddi, Solar Quang Binh\",\"potentialAction\":[{\"@type\":\"SearchAction\",\"target\":{\"@type\":\"EntryPoint\",\"urlTemplate\":\"https:\/\/solarquangbinh.com\/?s={search_term_string}\"},\"query-input\":\"required name=search_term_string\"}],\"inLanguage\":\"vi\"}]}<\/script>\r\n<!-- \/ Yoast SEO plugin. -->","yoast_head_json":{"title":"\u0110\u00e8n \u0110\u01b0\u1eddng N\u0103ng L\u01b0\u1ee3ng M\u1eb7t Tr\u1eddi Gelta \u2013 STS80A - Solar Qu\u1ea3ng B\u00ecnh chuy\u00ean gi\u1ea3i ph\u00e1p v\u00e0 cung c\u1ea5p h\u1ec7 th\u1ed1ng \u0111i\u1ec7n m\u1eb7t tr\u1eddi h\u00f2a l\u01b0\u1edbi v\u00e0 l\u01b0u tr\u1eef t\u1ea1i Qu\u1ea3ng B\u00ecnh","robots":{"index":"index","follow":"follow","max-snippet":"max-snippet:-1","max-image-preview":"max-image-preview:large","max-video-preview":"max-video-preview:-1"},"canonical":"https:\/\/solarquangbinh.com\/?product=den-duong-nang-luong-mat-troi-gelta-sts80a","og_locale":"vi_VN","og_type":"article","og_title":"\u0110\u00e8n \u0110\u01b0\u1eddng N\u0103ng L\u01b0\u1ee3ng M\u1eb7t Tr\u1eddi Gelta \u2013 STS80A - Solar Qu\u1ea3ng B\u00ecnh chuy\u00ean gi\u1ea3i ph\u00e1p v\u00e0 cung c\u1ea5p h\u1ec7 th\u1ed1ng \u0111i\u1ec7n m\u1eb7t tr\u1eddi h\u00f2a l\u01b0\u1edbi v\u00e0 l\u01b0u tr\u1eef t\u1ea1i Qu\u1ea3ng B\u00ecnh","og_description":"Model:\u00a0STS-80-A  Th\u01b0\u01a1ng hi\u1ec7u:\u00a0Gelta  Quang th\u00f4ng:\u00a08000 Lm  Chip LED:\u00a0OSRAM 3030  Th\u1eddi gian s\u00e1ng:\u00a0&gt;10 ng\u00e0y  B\u1ea3o h\u00e0nh:\u00a03 n\u0103m","og_url":"https:\/\/solarquangbinh.com\/?product=den-duong-nang-luong-mat-troi-gelta-sts80a","og_site_name":"Solar Qu\u1ea3ng B\u00ecnh chuy\u00ean gi\u1ea3i ph\u00e1p v\u00e0 cung c\u1ea5p h\u1ec7 th\u1ed1ng \u0111i\u1ec7n m\u1eb7t tr\u1eddi h\u00f2a l\u01b0\u1edbi v\u00e0 l\u01b0u tr\u1eef t\u1ea1i Qu\u1ea3ng B\u00ecnh","article_modified_time":"2023-08-04T04:32:29+00:00","og_image":[{"width":800,"height":800,"url":"https:\/\/solarquangbinh.com\/wp-content\/uploads\/2023\/08\/bo-den-duong-nang-luong-mat-troi-gelta-sts80a.png","type":"image\/png"}],"twitter_card":"summary_large_image","twitter_misc":{"\u01af\u1edbc t\u00ednh th\u1eddi gian \u0111\u1ecdc":"3 ph\u00fat"},"schema":{"@context":"https:\/\/schema.org","@graph":[{"@type":"WebPage","@id":"https:\/\/solarquangbinh.com\/?product=den-duong-nang-luong-mat-troi-gelta-sts80a","url":"https:\/\/solarquangbinh.com\/?product=den-duong-nang-luong-mat-troi-gelta-sts80a","name":"\u0110\u00e8n \u0110\u01b0\u1eddng N\u0103ng L\u01b0\u1ee3ng M\u1eb7t Tr\u1eddi Gelta \u2013 STS80A - Solar Qu\u1ea3ng B\u00ecnh chuy\u00ean gi\u1ea3i ph\u00e1p v\u00e0 cung c\u1ea5p h\u1ec7 th\u1ed1ng \u0111i\u1ec7n m\u1eb7t tr\u1eddi h\u00f2a l\u01b0\u1edbi v\u00e0 l\u01b0u tr\u1eef t\u1ea1i Qu\u1ea3ng B\u00ecnh","isPartOf":{"@id":"https:\/\/solarquangbinh.com\/#website"},"datePublished":"2023-08-04T04:32:15+00:00","dateModified":"2023-08-04T04:32:29+00:00","breadcrumb":{"@id":"https:\/\/solarquangbinh.com\/?product=den-duong-nang-luong-mat-troi-gelta-sts80a#breadcrumb"},"inLanguage":"vi","potentialAction":[{"@type":"ReadAction","target":["https:\/\/solarquangbinh.com\/?product=den-duong-nang-luong-mat-troi-gelta-sts80a"]}]},{"@type":"BreadcrumbList","@id":"https:\/\/solarquangbinh.com\/?product=den-duong-nang-luong-mat-troi-gelta-sts80a#breadcrumb","itemListElement":[{"@type":"ListItem","position":1,"name":"Trang ch\u1ee7","item":"https:\/\/solarquangbinh.com\/"},{"@type":"ListItem","position":2,"name":"S\u1ea3n ph\u1ea9m","item":"https:\/\/solarquangbinh.com\/?page_id=20"},{"@type":"ListItem","position":3,"name":"\u0110\u00e8n \u0110\u01b0\u1eddng N\u0103ng L\u01b0\u1ee3ng M\u1eb7t Tr\u1eddi Gelta \u2013 STS80A"}]},{"@type":"WebSite","@id":"https:\/\/solarquangbinh.com\/#website","url":"https:\/\/solarquangbinh.com\/","name":"Solar Qu\u1ea3ng B\u00ecnh chuy\u00ean gi\u1ea3i ph\u00e1p v\u00e0 cung c\u1ea5p h\u1ec7 th\u1ed1ng \u0111i\u1ec7n m\u1eb7t tr\u1eddi h\u00f2a l\u01b0\u1edbi v\u00e0 l\u01b0u tr\u1eef t\u1ea1i Qu\u1ea3ng B\u00ecnh","description":"\u0110i\u1ec7n n\u0103ng l\u01b0\u1ee3ng m\u1eb7t tr\u1eddi Qu\u1ea3ng B\u00ecnh, Solar Quang Binh, Solar Qu\u1ea3ng B\u00ecnh chuy\u00ean cung c\u1ea5p h\u1ec7 th\u1ed1ng \u0111i\u1ec7n m\u1eb7t tr\u1eddi h\u00f2a l\u01b0\u1edbi v\u00e0 l\u01b0u tr\u1eef, pin n\u0103ng l\u01b0\u1ee3ng m\u1eb7t tr\u1eddi, Solar Quang Binh","potentialAction":[{"@type":"SearchAction","target":{"@type":"EntryPoint","urlTemplate":"https:\/\/solarquangbinh.com\/?s={search_term_string}"},"query-input":"required name=search_term_string"}],"inLanguage":"vi"}]}},"_links":{"self":[{"href":"https:\/\/solarquangbinh.com\/index.php?rest_route=\/wp\/v3\/product\/6121"}],"collection":[{"href":"https:\/\/solarquangbinh.com\/index.php?rest_route=\/wp\/v3\/product"}],"about":[{"href":"https:\/\/solarquangbinh.com\/index.php?rest_route=\/wp\/v2\/types\/product"}],"wp:featuredmedia":[{"embeddable":true,"href":"https:\/\/solarquangbinh.com\/index.php?rest_route=\/wp\/v2\/media\/6133"}],"wp:attachment":[{"href":"https:\/\/solarquangbinh.com\/index.php?rest_route=%2Fwp%2Fv2%2Fmedia&parent=6121"}],"wp:term":[{"taxonomy":"product_cat","embeddable":true,"href":"https:\/\/solarquangbinh.com\/index.php?rest_route=%2Fwp%2Fv2%2Fproduct_cat&post=6121"},{"taxonomy":"product_tag","embeddable":true,"href":"https:\/\/solarquangbinh.com\/index.php?rest_route=%2Fwp%2Fv2%2Fproduct_tag&post=6121"}],"curies":[{"name":"wp","href":"https:\/\/api.w.org\/{rel}","templated":true}]}}