{"id":6608,"date":"2024-07-31T09:28:46","date_gmt":"2024-07-31T02:28:46","guid":{"rendered":"https:\/\/solarquangbinh.com\/?post_type=product&#038;p=6608"},"modified":"2024-07-31T09:29:43","modified_gmt":"2024-07-31T02:29:43","slug":"tam-pin-qcells-mono-half-cells-425w-2","status":"publish","type":"product","link":"https:\/\/solarquangbinh.com\/?product=tam-pin-qcells-mono-half-cells-425w-2","title":{"rendered":"T\u1ea5m Pin Qcells Mono Half Cells 425W"},"content":{"rendered":"<p><strong>Th\u00f4ng tin s\u1ea3n ph\u1ea9m:<\/strong><\/p>\n<p>&#8211; Pin n\u0103ng l\u01b0\u1ee3ng m\u1eb7t tr\u1eddi Hanwha \u0111\u01b0\u1ee3c \u0111\u00e1nh gi\u00e1 r\u1ea5t cao thu\u1ed9c top 5 tr\u00ean th\u1ebf gi\u1edbi v\u1edbi c\u00f4ng ngh\u1ec7 \u0111\u1ed9c quy\u1ec1n Q CELL Q.Plus, c\u00f4ng ngh\u1ec7 m\u1edbi nh\u1ea5t 72 cell Perc.<\/p>\n<p>&#8211;\u00a0Trong c\u00f4ng ngh\u1ec7 pin m\u1eb7t tr\u1eddi, quang n\u0103ng \u0111\u01b0\u1ee3c bi\u1ebfn \u0111\u1ed5i tr\u1ef1c ti\u1ebfp th\u00e0nh \u0111i\u1ec7n n\u0103ng nh\u1edd c\u00e1c t\u1ebf b\u00e0o quang \u0111i\u1ec7n b\u00e1n d\u1eabn hay c\u00f2n g\u1ecdi l\u00e0 c\u00e1c pin M\u1eb7t Tr\u1eddi, \u0111\u01b0\u1ee3c ch\u1ebf t\u1ea1o t\u1eeb c\u00e1c v\u1eadt li\u1ec7u b\u00e1n d\u1eabn \u0111i\u1ec7n.<\/p>\n<p>&#8211; C\u00e1c h\u1ec7 th\u1ed1ng \u0111i\u1ec7n m\u1eb7t tr\u1eddi c\u00f3 \u01b0u \u0111i\u1ec3m l\u00e0 r\u1ea5t \u0111\u01a1n gi\u1ea3n, kh\u00f4ng c\u00f3 ph\u1ea7n chuy\u1ec3n \u0111\u1ed9ng, kh\u00f4ng \u0111\u00f2i h\u1ecfi ph\u1ea3i b\u1ea3o d\u01b0\u1ee1ng ch\u0103m s\u00f3c th\u01b0\u1eddng xuy\u00ean, g\u1ecdn nh\u1eb9 c\u00f3 th\u1ec3 l\u1eafp b\u1ea5t k\u1ef3 \u1edf \u0111\u00e2u c\u00f3 \u00e1nh s\u00e1ng m\u1eb7t tr\u1eddi.\u00a0<img decoding=\"async\" src=\"http:\/\/www.ongmattroi.vn\/upload\/source\/avatar\/Hanwha_Q_CELLS-tam-pin-cong-nghe-duc.png?1543478209199\" alt=\"Hanwha_Q_CELLS-tam-pin-cong-nghe-duc\" data-widget=\"image\" \/><\/p>\n<p><strong>V\u1ec1 Hanwha<\/strong><\/p>\n<p>T\u1eadp \u0111o\u00e0n Hanwha \u0111\u01b0\u1ee3c th\u00e0nh l\u1eadp v\u00e0o n\u0103m 1952, l\u00e0 m\u1ed9t trong 10 t\u1eadp \u0111o\u00e0n l\u1edbn nh\u1ea5t c\u1ee7a H\u00e0n Qu\u1ed1c v\u00e0 n\u1eb1m trong Top 500 t\u1eadp \u0111o\u00e0n kinh t\u1ebf l\u1edbn nh\u1ea5t tr\u00ean to\u00e0n th\u1ebf gi\u1edbi. M\u1ea1ng l\u01b0\u1edbi ho\u1ea1t \u0111\u1ed9ng to\u00e0n c\u1ea7u r\u1ed9ng kh\u1eafp c\u1ee7a Hanwha l\u00ean \u0111\u1ebfn con s\u1ed1 198 c\u00f4ng ty th\u00e0nh vi\u00ean, trong s\u1ed1 \u0111\u00f3 c\u00f3 52 c\u00f4ng ty th\u00e0nh vi\u00ean t\u1ea1i H\u00e0n Qu\u1ed1c v\u00e0 c\u00f3 \u0111\u1ebfn 146 c\u00f4ng ty th\u00e0nh vi\u00ean t\u1ea1i c\u00e1c n\u01b0\u1edbc kh\u00e1c tr\u00ean th\u1ebf gi\u1edbi v\u00e0 ho\u1ea1t \u0111\u1ed9ng t\u1ea1i h\u01a1n 19 qu\u1ed1c gia v\u00e0 v\u00f9ng l\u00e3nh th\u1ed5, trong \u0111\u00f3 c\u00f3 Vi\u1ec7t Nam.<\/p>\n<p>Hanwha Q CELLS Co. Ltd., l\u00e0 m\u1ed9t trong nh\u1eefng nh\u00e0 s\u1ea3n xu\u1ea5t quang \u0111i\u1ec7n l\u1edbn nh\u1ea5t v\u00e0 \u0111\u01b0\u1ee3c c\u00f4ng nh\u1eadn tr\u00ean th\u1ebf gi\u1edbi v\u1ec1 c\u00e1c m\u00f4 &#8211; \u0111un v\u00e0 pin m\u1eb7t tr\u1eddi ch\u1ea5t l\u01b0\u1ee3ng cao. N\u00f3 c\u00f3 tr\u1ee5 s\u1edf t\u1ea1i Seoul, H\u00e0n Qu\u1ed1c (Global Executive HQ) v\u00e0 Thalheim, \u0110\u1ee9c (HQ C\u00f4ng ngh\u1ec7 &amp; \u0110\u1ed5i m\u1edbi). V\u1edbi c\u00e1c c\u01a1 s\u1edf s\u1ea3n xu\u1ea5t qu\u1ed1c t\u1ebf \u0111a d\u1ea1ng t\u1ea1i H\u00e0n Qu\u1ed1c, Malaysia v\u00e0 Trung Qu\u1ed1c, Hanwha Q CELLS \u0111ang \u1edf m\u1ed9t v\u1ecb tr\u00ed \u0111\u1ed9c nh\u1ea5t \u0111\u1ec3 linh ho\u1ea1t gi\u1ea3i quy\u1ebft t\u1ea5t c\u1ea3 c\u00e1c th\u1ecb tr\u01b0\u1eddng to\u00e0n c\u1ea7u. Hanwha Q CELLS cung c\u1ea5p \u0111\u1ea7y \u0111\u1ee7 c\u00e1c s\u1ea3n ph\u1ea9m v\u00e0 gi\u1ea3i ph\u00e1p quang \u0111i\u1ec7n, t\u1eeb m\u00f4-\u0111un \u0111\u1ebfn h\u1ec7 th\u1ed1ng v\u00e0 nh\u00e0 m\u00e1y \u0111i\u1ec7n m\u1eb7t tr\u1eddi quy m\u00f4 l\u1edbn. T\u1ea1i Hanwha Q CELLS, ch\u00fang t\u00f4i quan t\u00e2m nh\u1ea5t \u0111\u1ebfn kh\u00e1ch h\u00e0ng c\u1ee7a m\u00ecnh v\u00e0 \u0111am m\u00ea \u0111\u00e1p \u1ee9ng nhu c\u1ea7u c\u1ee7a h\u1ecd. Ch\u00fang t\u00f4i s\u1ebd c\u1ed1 g\u1eafng \u00e1p d\u1ee5ng c\u00f4ng ngh\u1ec7 ti\u00ean ti\u1ebfn c\u1ee7a m\u00ecnh \u0111\u1ec3 \u0111\u1ecbnh h\u00ecnh m\u1ed9t k\u1ef7 nguy\u00ean m\u1edbi trong ng\u00e0nh n\u0103ng l\u01b0\u1ee3ng, mang l\u1ea1i l\u1ee3i \u00edch cho m\u1ed7i ng\u01b0\u1eddi ti\u00eau d\u00f9ng v\u00e0 th\u1ebf gi\u1edbi ch\u00fang ta \u0111ang s\u1ed1ng. G\u00f3p ph\u1ea7n x\u00e2y d\u1ef1ng ngu\u1ed3n n\u0103ng l\u01b0\u1ee3ng xanh cho m\u00f4i tr\u01b0\u1eddng<\/p>\n<p>&nbsp;<\/p>\n","protected":false},"excerpt":{"rendered":"<ul>\n<li><span style=\"font-size: 100%;\">H\u00e3ng s\u1ea3n xu\u1ea5t HANWHA (H\u00e0n Qu\u1ed1c)\u00a0<\/span><\/li>\n<li><span style=\"font-size: 100%;\">K\u00edch th\u01b0\u1edbc t\u1ea5m pin: 2080mm \u00d7 1030mm \u00d7 35mm\u00a0<\/span><\/li>\n<li><span style=\"font-size: 100%;\">C\u00f4ng su\u1ea5t: 425Wp\/t\u1ea5m\u00a0<\/span><\/li>\n<li><span style=\"font-size: 100%;\">Lo\u1ea1i: Mono<\/span><\/li>\n<li><span style=\"font-size: 100%;\">Kh\u1ed1i l\u01b0\u1ee3ng : 24,5kg\/t\u1ea5m<\/span><\/li>\n<li><span style=\"font-size: 100%;\">Hi\u1ec7u su\u1ea5t: &gt;= 19,8%<\/span><\/li>\n<li><span style=\"font-size: 100%;\">Pin \u0111\u1ea1t c\u00e1c ti\u00eau chu\u1ea9n kh\u1eaft khe nh\u01b0: CSA (USA), TUV, CE, ISO, IP67&#8230;.\u00a0<\/span><\/li>\n<li><span style=\"font-size: 100%;\">S\u1ea3n ph\u1ea9m \u0111\u01b0\u1ee3c b\u1ea3o h\u00e0nh: 12 n\u0103m; b\u1ea3o h\u00e0nh sau 25 n\u0103m s\u1eed d\u1ee5ng hi\u1ec7u su\u1ea5t v\u1eabn c\u00f2n &gt; 83,6%.<\/span><\/li>\n<li><span style=\"font-size: 100%;\">Xu\u1ea5t x\u1ee9: <b>Malaysia<\/b><\/span><\/li>\n<\/ul>\n<p><a href=\"https:\/\/powertech.vn\/upload\/elfinder\/TLKT%20n%E1%BB%99i%20b%E1%BB%99\/T%E1%BA%A4M%20PIN%20NLMT\/T%C3%A0i%20li%E1%BB%87u%20k%E1%BB%B9%20thu%E1%BA%ADt%20Hanwha_Q_Cell\/Datasheet\/datasheet%20425w.pdf\"><span style=\"color: #ff0000;\">DATASHEET<\/span><\/a><\/p>\n","protected":false},"featured_media":6037,"template":"","meta":[],"product_cat":[751],"product_tag":[752,749,750],"yoast_head":"<!-- This site is optimized with the Yoast SEO plugin v20.6 - https:\/\/yoast.com\/wordpress\/plugins\/seo\/ -->\r\n<title>T\u1ea5m Pin Qcells Mono Half Cells 425W - Solar Qu\u1ea3ng B\u00ecnh chuy\u00ean gi\u1ea3i ph\u00e1p v\u00e0 cung c\u1ea5p h\u1ec7 th\u1ed1ng \u0111i\u1ec7n m\u1eb7t tr\u1eddi h\u00f2a l\u01b0\u1edbi v\u00e0 l\u01b0u tr\u1eef t\u1ea1i Qu\u1ea3ng B\u00ecnh<\/title>\r\n<meta name=\"robots\" content=\"index, follow, max-snippet:-1, max-image-preview:large, max-video-preview:-1\" \/>\r\n<link rel=\"canonical\" href=\"https:\/\/solarquangbinh.com\/?product=tam-pin-qcells-mono-half-cells-425w-2\" \/>\r\n<meta property=\"og:locale\" content=\"vi_VN\" \/>\r\n<meta property=\"og:type\" content=\"article\" \/>\r\n<meta property=\"og:title\" content=\"T\u1ea5m Pin Qcells Mono Half Cells 425W - Solar Qu\u1ea3ng B\u00ecnh chuy\u00ean gi\u1ea3i ph\u00e1p v\u00e0 cung c\u1ea5p h\u1ec7 th\u1ed1ng \u0111i\u1ec7n m\u1eb7t tr\u1eddi h\u00f2a l\u01b0\u1edbi v\u00e0 l\u01b0u tr\u1eef t\u1ea1i Qu\u1ea3ng B\u00ecnh\" \/>\r\n<meta property=\"og:description\" content=\"H\u00e3ng s\u1ea3n xu\u1ea5t HANWHA (H\u00e0n Qu\u1ed1c)\u00a0  K\u00edch th\u01b0\u1edbc t\u1ea5m pin: 2080mm \u00d7 1030mm \u00d7 35mm\u00a0  C\u00f4ng su\u1ea5t: 425Wp\/t\u1ea5m\u00a0  Lo\u1ea1i: Mono  Kh\u1ed1i l\u01b0\u1ee3ng : 24,5kg\/t\u1ea5m  Hi\u1ec7u su\u1ea5t: &gt;= 19,8%  Pin \u0111\u1ea1t c\u00e1c ti\u00eau chu\u1ea9n kh\u1eaft khe nh\u01b0: CSA (USA), TUV, CE, ISO, IP67....\u00a0  S\u1ea3n ph\u1ea9m \u0111\u01b0\u1ee3c b\u1ea3o h\u00e0nh: 12 n\u0103m; b\u1ea3o h\u00e0nh sau 25 n\u0103m s\u1eed d\u1ee5ng hi\u1ec7u su\u1ea5t v\u1eabn c\u00f2n &gt; 83,6%.  Xu\u1ea5t x\u1ee9: Malaysia  DATASHEET\" \/>\r\n<meta property=\"og:url\" content=\"https:\/\/solarquangbinh.com\/?product=tam-pin-qcells-mono-half-cells-425w-2\" \/>\r\n<meta property=\"og:site_name\" content=\"Solar Qu\u1ea3ng B\u00ecnh chuy\u00ean gi\u1ea3i ph\u00e1p v\u00e0 cung c\u1ea5p h\u1ec7 th\u1ed1ng \u0111i\u1ec7n m\u1eb7t tr\u1eddi h\u00f2a l\u01b0\u1edbi v\u00e0 l\u01b0u tr\u1eef t\u1ea1i Qu\u1ea3ng B\u00ecnh\" \/>\r\n<meta property=\"article:modified_time\" content=\"2024-07-31T02:29:43+00:00\" \/>\r\n<meta property=\"og:image\" content=\"http:\/\/www.ongmattroi.vn\/upload\/source\/avatar\/Hanwha_Q_CELLS-tam-pin-cong-nghe-duc.png?1543478209199\" \/>\r\n<meta name=\"twitter:card\" content=\"summary_large_image\" \/>\r\n<meta name=\"twitter:label1\" content=\"\u01af\u1edbc t\u00ednh th\u1eddi gian \u0111\u1ecdc\" \/>\n\t<meta name=\"twitter:data1\" content=\"4 ph\u00fat\" \/>\r\n<script type=\"application\/ld+json\" class=\"yoast-schema-graph\">{\"@context\":\"https:\/\/schema.org\",\"@graph\":[{\"@type\":\"WebPage\",\"@id\":\"https:\/\/solarquangbinh.com\/?product=tam-pin-qcells-mono-half-cells-425w-2\",\"url\":\"https:\/\/solarquangbinh.com\/?product=tam-pin-qcells-mono-half-cells-425w-2\",\"name\":\"T\u1ea5m Pin Qcells Mono Half Cells 425W - Solar Qu\u1ea3ng B\u00ecnh chuy\u00ean gi\u1ea3i ph\u00e1p v\u00e0 cung c\u1ea5p h\u1ec7 th\u1ed1ng \u0111i\u1ec7n m\u1eb7t tr\u1eddi h\u00f2a l\u01b0\u1edbi v\u00e0 l\u01b0u tr\u1eef t\u1ea1i Qu\u1ea3ng B\u00ecnh\",\"isPartOf\":{\"@id\":\"https:\/\/solarquangbinh.com\/#website\"},\"datePublished\":\"2024-07-31T02:28:46+00:00\",\"dateModified\":\"2024-07-31T02:29:43+00:00\",\"breadcrumb\":{\"@id\":\"https:\/\/solarquangbinh.com\/?product=tam-pin-qcells-mono-half-cells-425w-2#breadcrumb\"},\"inLanguage\":\"vi\",\"potentialAction\":[{\"@type\":\"ReadAction\",\"target\":[\"https:\/\/solarquangbinh.com\/?product=tam-pin-qcells-mono-half-cells-425w-2\"]}]},{\"@type\":\"BreadcrumbList\",\"@id\":\"https:\/\/solarquangbinh.com\/?product=tam-pin-qcells-mono-half-cells-425w-2#breadcrumb\",\"itemListElement\":[{\"@type\":\"ListItem\",\"position\":1,\"name\":\"Trang ch\u1ee7\",\"item\":\"https:\/\/solarquangbinh.com\/\"},{\"@type\":\"ListItem\",\"position\":2,\"name\":\"S\u1ea3n ph\u1ea9m\",\"item\":\"https:\/\/solarquangbinh.com\/?page_id=20\"},{\"@type\":\"ListItem\",\"position\":3,\"name\":\"T\u1ea5m Pin Qcells Mono Half Cells 425W\"}]},{\"@type\":\"WebSite\",\"@id\":\"https:\/\/solarquangbinh.com\/#website\",\"url\":\"https:\/\/solarquangbinh.com\/\",\"name\":\"Solar Qu\u1ea3ng B\u00ecnh chuy\u00ean gi\u1ea3i ph\u00e1p v\u00e0 cung c\u1ea5p h\u1ec7 th\u1ed1ng \u0111i\u1ec7n m\u1eb7t tr\u1eddi h\u00f2a l\u01b0\u1edbi v\u00e0 l\u01b0u tr\u1eef t\u1ea1i Qu\u1ea3ng B\u00ecnh\",\"description\":\"\u0110i\u1ec7n n\u0103ng l\u01b0\u1ee3ng m\u1eb7t tr\u1eddi Qu\u1ea3ng B\u00ecnh, Solar Quang Binh, Solar Qu\u1ea3ng B\u00ecnh chuy\u00ean cung c\u1ea5p h\u1ec7 th\u1ed1ng \u0111i\u1ec7n m\u1eb7t tr\u1eddi h\u00f2a l\u01b0\u1edbi v\u00e0 l\u01b0u tr\u1eef, pin n\u0103ng l\u01b0\u1ee3ng m\u1eb7t tr\u1eddi, Solar Quang Binh\",\"potentialAction\":[{\"@type\":\"SearchAction\",\"target\":{\"@type\":\"EntryPoint\",\"urlTemplate\":\"https:\/\/solarquangbinh.com\/?s={search_term_string}\"},\"query-input\":\"required name=search_term_string\"}],\"inLanguage\":\"vi\"}]}<\/script>\r\n<!-- \/ Yoast SEO plugin. -->","yoast_head_json":{"title":"T\u1ea5m Pin Qcells Mono Half Cells 425W - Solar Qu\u1ea3ng B\u00ecnh chuy\u00ean gi\u1ea3i ph\u00e1p v\u00e0 cung c\u1ea5p h\u1ec7 th\u1ed1ng \u0111i\u1ec7n m\u1eb7t tr\u1eddi h\u00f2a l\u01b0\u1edbi v\u00e0 l\u01b0u tr\u1eef t\u1ea1i Qu\u1ea3ng B\u00ecnh","robots":{"index":"index","follow":"follow","max-snippet":"max-snippet:-1","max-image-preview":"max-image-preview:large","max-video-preview":"max-video-preview:-1"},"canonical":"https:\/\/solarquangbinh.com\/?product=tam-pin-qcells-mono-half-cells-425w-2","og_locale":"vi_VN","og_type":"article","og_title":"T\u1ea5m Pin Qcells Mono Half Cells 425W - Solar Qu\u1ea3ng B\u00ecnh chuy\u00ean gi\u1ea3i ph\u00e1p v\u00e0 cung c\u1ea5p h\u1ec7 th\u1ed1ng \u0111i\u1ec7n m\u1eb7t tr\u1eddi h\u00f2a l\u01b0\u1edbi v\u00e0 l\u01b0u tr\u1eef t\u1ea1i Qu\u1ea3ng B\u00ecnh","og_description":"H\u00e3ng s\u1ea3n xu\u1ea5t HANWHA (H\u00e0n Qu\u1ed1c)\u00a0  K\u00edch th\u01b0\u1edbc t\u1ea5m pin: 2080mm \u00d7 1030mm \u00d7 35mm\u00a0  C\u00f4ng su\u1ea5t: 425Wp\/t\u1ea5m\u00a0  Lo\u1ea1i: Mono  Kh\u1ed1i l\u01b0\u1ee3ng : 24,5kg\/t\u1ea5m  Hi\u1ec7u su\u1ea5t: &gt;= 19,8%  Pin \u0111\u1ea1t c\u00e1c ti\u00eau chu\u1ea9n kh\u1eaft khe nh\u01b0: CSA (USA), TUV, CE, ISO, IP67....\u00a0  S\u1ea3n ph\u1ea9m \u0111\u01b0\u1ee3c b\u1ea3o h\u00e0nh: 12 n\u0103m; b\u1ea3o h\u00e0nh sau 25 n\u0103m s\u1eed d\u1ee5ng hi\u1ec7u su\u1ea5t v\u1eabn c\u00f2n &gt; 83,6%.  Xu\u1ea5t x\u1ee9: Malaysia  DATASHEET","og_url":"https:\/\/solarquangbinh.com\/?product=tam-pin-qcells-mono-half-cells-425w-2","og_site_name":"Solar Qu\u1ea3ng B\u00ecnh chuy\u00ean gi\u1ea3i ph\u00e1p v\u00e0 cung c\u1ea5p h\u1ec7 th\u1ed1ng \u0111i\u1ec7n m\u1eb7t tr\u1eddi h\u00f2a l\u01b0\u1edbi v\u00e0 l\u01b0u tr\u1eef t\u1ea1i Qu\u1ea3ng B\u00ecnh","article_modified_time":"2024-07-31T02:29:43+00:00","og_image":[{"url":"http:\/\/www.ongmattroi.vn\/upload\/source\/avatar\/Hanwha_Q_CELLS-tam-pin-cong-nghe-duc.png?1543478209199"}],"twitter_card":"summary_large_image","twitter_misc":{"\u01af\u1edbc t\u00ednh th\u1eddi gian \u0111\u1ecdc":"4 ph\u00fat"},"schema":{"@context":"https:\/\/schema.org","@graph":[{"@type":"WebPage","@id":"https:\/\/solarquangbinh.com\/?product=tam-pin-qcells-mono-half-cells-425w-2","url":"https:\/\/solarquangbinh.com\/?product=tam-pin-qcells-mono-half-cells-425w-2","name":"T\u1ea5m Pin Qcells Mono Half Cells 425W - Solar Qu\u1ea3ng B\u00ecnh chuy\u00ean gi\u1ea3i ph\u00e1p v\u00e0 cung c\u1ea5p h\u1ec7 th\u1ed1ng \u0111i\u1ec7n m\u1eb7t tr\u1eddi h\u00f2a l\u01b0\u1edbi v\u00e0 l\u01b0u tr\u1eef t\u1ea1i Qu\u1ea3ng B\u00ecnh","isPartOf":{"@id":"https:\/\/solarquangbinh.com\/#website"},"datePublished":"2024-07-31T02:28:46+00:00","dateModified":"2024-07-31T02:29:43+00:00","breadcrumb":{"@id":"https:\/\/solarquangbinh.com\/?product=tam-pin-qcells-mono-half-cells-425w-2#breadcrumb"},"inLanguage":"vi","potentialAction":[{"@type":"ReadAction","target":["https:\/\/solarquangbinh.com\/?product=tam-pin-qcells-mono-half-cells-425w-2"]}]},{"@type":"BreadcrumbList","@id":"https:\/\/solarquangbinh.com\/?product=tam-pin-qcells-mono-half-cells-425w-2#breadcrumb","itemListElement":[{"@type":"ListItem","position":1,"name":"Trang ch\u1ee7","item":"https:\/\/solarquangbinh.com\/"},{"@type":"ListItem","position":2,"name":"S\u1ea3n ph\u1ea9m","item":"https:\/\/solarquangbinh.com\/?page_id=20"},{"@type":"ListItem","position":3,"name":"T\u1ea5m Pin Qcells Mono Half Cells 425W"}]},{"@type":"WebSite","@id":"https:\/\/solarquangbinh.com\/#website","url":"https:\/\/solarquangbinh.com\/","name":"Solar Qu\u1ea3ng B\u00ecnh chuy\u00ean gi\u1ea3i ph\u00e1p v\u00e0 cung c\u1ea5p h\u1ec7 th\u1ed1ng \u0111i\u1ec7n m\u1eb7t tr\u1eddi h\u00f2a l\u01b0\u1edbi v\u00e0 l\u01b0u tr\u1eef t\u1ea1i Qu\u1ea3ng B\u00ecnh","description":"\u0110i\u1ec7n n\u0103ng l\u01b0\u1ee3ng m\u1eb7t tr\u1eddi Qu\u1ea3ng B\u00ecnh, Solar Quang Binh, Solar Qu\u1ea3ng B\u00ecnh chuy\u00ean cung c\u1ea5p h\u1ec7 th\u1ed1ng \u0111i\u1ec7n m\u1eb7t tr\u1eddi h\u00f2a l\u01b0\u1edbi v\u00e0 l\u01b0u tr\u1eef, pin n\u0103ng l\u01b0\u1ee3ng m\u1eb7t tr\u1eddi, Solar Quang Binh","potentialAction":[{"@type":"SearchAction","target":{"@type":"EntryPoint","urlTemplate":"https:\/\/solarquangbinh.com\/?s={search_term_string}"},"query-input":"required name=search_term_string"}],"inLanguage":"vi"}]}},"_links":{"self":[{"href":"https:\/\/solarquangbinh.com\/index.php?rest_route=\/wp\/v3\/product\/6608"}],"collection":[{"href":"https:\/\/solarquangbinh.com\/index.php?rest_route=\/wp\/v3\/product"}],"about":[{"href":"https:\/\/solarquangbinh.com\/index.php?rest_route=\/wp\/v2\/types\/product"}],"wp:featuredmedia":[{"embeddable":true,"href":"https:\/\/solarquangbinh.com\/index.php?rest_route=\/wp\/v2\/media\/6037"}],"wp:attachment":[{"href":"https:\/\/solarquangbinh.com\/index.php?rest_route=%2Fwp%2Fv2%2Fmedia&parent=6608"}],"wp:term":[{"taxonomy":"product_cat","embeddable":true,"href":"https:\/\/solarquangbinh.com\/index.php?rest_route=%2Fwp%2Fv2%2Fproduct_cat&post=6608"},{"taxonomy":"product_tag","embeddable":true,"href":"https:\/\/solarquangbinh.com\/index.php?rest_route=%2Fwp%2Fv2%2Fproduct_tag&post=6608"}],"curies":[{"name":"wp","href":"https:\/\/api.w.org\/{rel}","templated":true}]}}