{"id":6613,"date":"2024-07-31T09:28:46","date_gmt":"2024-07-31T02:28:46","guid":{"rendered":"https:\/\/solarquangbinh.com\/?post_type=product&#038;p=6613"},"modified":"2024-07-31T09:34:31","modified_gmt":"2024-07-31T02:34:31","slug":"den-san-vuon-nang-luong-mat-troi-gelta-gds64a-2","status":"publish","type":"product","link":"https:\/\/solarquangbinh.com\/?product=den-san-vuon-nang-luong-mat-troi-gelta-gds64a-2","title":{"rendered":"\u0110\u00e8n S\u00e2n V\u01b0\u1eddn N\u0103ng L\u01b0\u1ee3ng M\u1eb7t Tr\u1eddi Gelta \u2013 GDS64A"},"content":{"rendered":"<ul>\n<li>Ho\u1ea1t \u0111\u1ed9ng t\u1eeb\u00a0<strong>-20\u00b0C \u0111\u1ebfn +60\u00b0C<\/strong>\u00a0ph\u00f9 h\u1ee3p v\u1edbi m\u1ecdi \u0111i\u1ec1u ki\u1ec7n th\u1eddi ti\u1ebft<\/li>\n<li>CRI l\u1edbn gi\u00fap \u00e1nh s\u00e1ng ph\u00e2n b\u1ed1 m\u1ed9t c\u00e1ch khoa h\u1ecdc v\u00e0 r\u00f5 n\u00e9t nh\u1ea5t<\/li>\n<li>Hi\u1ec7u su\u1ea5t chi\u1ebfu s\u00e1ng ho\u00e0n h\u1ea3o.\u00a0<strong>3 c\u1ea5p \u0111\u1ed9.<\/strong><\/li>\n<li><strong>C\u00f4ng ngh\u1ec7 ALS v\u00e0 TCS<\/strong>\u00a0cho ph\u00e9p chi\u1ebfu s\u00e1ng li\u00ean t\u1ee5c\u00a0<strong>10 \u0111\u00eam.<\/strong><\/li>\n<li>N\u00fat \u0111i\u1ec1u khi\u1ec3n th\u00f4ng minh, chip Led cao c\u1ea5p gi\u00fap n\u00e2ng cao c\u01b0\u1eddng \u0111\u1ed9 s\u00e1ng.<\/li>\n<li>Thi\u1ebft k\u1ebf tinh t\u1ebf, sang tr\u1ecdng, \u0111\u1ebf \u0111\u00e8n ch\u1eafc ch\u1eafn.<\/li>\n<\/ul>\n<h2>Th\u00f4ng s\u1ed1 k\u1ef9 thu\u1eadt<\/h2>\n<table>\n<thead>\n<tr>\n<th class=\"pad--15 color--orangebold fw--600\">\u0110\u1eb6C \u0110I\u1ec2M<\/th>\n<th class=\"pad--15 color--orangebold fw--600\">\u0110\u00c8N S\u00c2N V\u01af\u1edcN N\u0102NG L\u01af\u1ee2NG M\u1eb6T TR\u1edcI GELTA<\/th>\n<\/tr>\n<\/thead>\n<tbody>\n<tr>\n<td>H\u00ecnh \u1ea3nh<\/td>\n<td><img decoding=\"async\" src=\"https:\/\/gelta.vn\/wp-content\/uploads\/2023\/06\/bo-den-san-vuon-nang-luong-mat-troi-halo-64-w.png\" alt=\"\u0110\u00e8n s\u00e2n v\u01b0\u1eddn n\u0103ng l\u01b0\u1ee3ng m\u1eb7t tr\u1eddi Gelta\" \/><\/td>\n<\/tr>\n<tr>\n<td>T\u1ea5m quang \u0111i\u1ec7n<\/td>\n<td><strong>Mono<\/strong>\u00a017V\/19Wp<\/td>\n<\/tr>\n<tr>\n<td>Quang th\u00f4ng<\/td>\n<td>2000 Lm<\/td>\n<\/tr>\n<tr>\n<td>Chip LED<\/td>\n<td><strong>OSRAM<\/strong>(\u0110\u1ee9c)\/3030<\/td>\n<\/tr>\n<tr>\n<td>CCT (Nhi\u1ec7t \u0111\u1ed9 m\u00e0u)<\/td>\n<td>4500 K<\/td>\n<\/tr>\n<tr>\n<td>Tu\u1ed5i th\u1ecd LED<\/td>\n<td>50,000 gi\u1edd<\/td>\n<\/tr>\n<tr>\n<td>Th\u1eddi gian s\u1ea1c<\/td>\n<td>4 \u2013 6 gi\u1edd<\/td>\n<\/tr>\n<tr>\n<td>Th\u1eddi gian s\u00e1ng<\/td>\n<td>10 ng\u00e0y<\/td>\n<\/tr>\n<tr>\n<td>Ch\u1ea5t li\u1ec7u<\/td>\n<td>Nh\u00f4m<\/td>\n<\/tr>\n<tr>\n<td>K\u00edch th\u01b0\u1edbc \u0111\u00e8n<\/td>\n<td>160\u00d7430 mm<\/td>\n<\/tr>\n<tr>\n<td>C\u00e2n n\u1eb7ng<\/td>\n<td>4.3 Kg<\/td>\n<\/tr>\n<\/tbody>\n<\/table>\n<h2>B\u1ea3o d\u01b0\u1ee1ng v\u1eadn h\u00e0nh<\/h2>\n<ul class=\"listype--none\">\n<li><i class=\"fa-solid fa-circle-check color--orangebold marr--5\"><\/i>L\u1eafp \u0111\u1eb7t vui l\u00f2ng tu\u00e2n theo h\u01b0\u1edbng d\u1eabn \u0111i k\u00e8m.<\/li>\n<li><i class=\"fa-solid fa-circle-check color--orangebold marr--5\"><\/i>Ki\u1ec3m tra, v\u1ec7 sinh \u0111\u00e8n v\u00e0 t\u1ea5m pin quang \u0111i\u1ec7n \u0111\u1ecbnh k\u1ef3 \u0111\u1ec3 \u0111\u1ea3m b\u1ea3o hi\u1ec7u su\u1ea5t ho\u1ea1t \u0111\u1ed9ng t\u1ed1t nh\u1ea5t.<\/li>\n<\/ul>\n<p class=\"text--italic fz--14\">*L\u01b0u \u00fd: Th\u00f4ng s\u1ed1 k\u1ef9 thu\u1eadt n\u00eau tr\u00ean c\u00f3 dung sai +-5%. C\u00e1c th\u00f4ng s\u1ed1 tr\u00ean c\u00f3 th\u1ec3 thay \u0111\u1ed5i b\u1edfi nh\u00e0 s\u1ea3n xu\u1ea5t m\u00e0 kh\u00f4ng b\u00e1o tr\u01b0\u1edbc.<\/p>\n","protected":false},"excerpt":{"rendered":"<ul>\n<li class=\"shortdes--product\">Model:\u00a0GDS-64-A<\/li>\n<li class=\"shortdes--product\">Th\u01b0\u01a1ng hi\u1ec7u:\u00a0Gelta<\/li>\n<li class=\"shortdes--product\">Quang th\u00f4ng:\u00a02000 Lm<\/li>\n<li class=\"shortdes--product\">Chip LED:\u00a0OSRAM(\u0110\u1ee9c)\/3030<\/li>\n<li class=\"shortdes--product\">Th\u1eddi gian s\u00e1ng:\u00a010 ng\u00e0y<\/li>\n<li class=\"shortdes--product\">B\u1ea3o h\u00e0nh:\u00a03 n\u0103m<\/li>\n<\/ul>\n<p><a href=\"https:\/\/gelta.vn\/wp-content\/uploads\/2023\/06\/Datasheet-den-san-vuon-nang-luong-mat-troi-gelta-GDS-64-A.pdf\"><img decoding=\"async\" loading=\"lazy\" class=\"alignnone size-full wp-image-3072\" src=\"https:\/\/tpenergy.com.vn\/wp-content\/uploads\/2023\/08\/datta.png\" alt=\"\" width=\"136\" height=\"39\" \/><\/a><\/p>\n","protected":false},"featured_media":6126,"template":"","meta":[],"product_cat":[755],"product_tag":[756,760,757,758,759],"yoast_head":"<!-- This site is optimized with the Yoast SEO plugin v20.6 - https:\/\/yoast.com\/wordpress\/plugins\/seo\/ -->\r\n<title>\u0110\u00e8n S\u00e2n V\u01b0\u1eddn N\u0103ng L\u01b0\u1ee3ng M\u1eb7t Tr\u1eddi Gelta \u2013 GDS64A - Solar Qu\u1ea3ng B\u00ecnh chuy\u00ean gi\u1ea3i ph\u00e1p v\u00e0 cung c\u1ea5p h\u1ec7 th\u1ed1ng \u0111i\u1ec7n m\u1eb7t tr\u1eddi h\u00f2a l\u01b0\u1edbi v\u00e0 l\u01b0u tr\u1eef t\u1ea1i Qu\u1ea3ng B\u00ecnh<\/title>\r\n<meta name=\"robots\" content=\"index, follow, max-snippet:-1, max-image-preview:large, max-video-preview:-1\" \/>\r\n<link rel=\"canonical\" href=\"https:\/\/solarquangbinh.com\/?product=den-san-vuon-nang-luong-mat-troi-gelta-gds64a-2\" \/>\r\n<meta property=\"og:locale\" content=\"vi_VN\" \/>\r\n<meta property=\"og:type\" content=\"article\" \/>\r\n<meta property=\"og:title\" content=\"\u0110\u00e8n S\u00e2n V\u01b0\u1eddn N\u0103ng L\u01b0\u1ee3ng M\u1eb7t Tr\u1eddi Gelta \u2013 GDS64A - Solar Qu\u1ea3ng B\u00ecnh chuy\u00ean gi\u1ea3i ph\u00e1p v\u00e0 cung c\u1ea5p h\u1ec7 th\u1ed1ng \u0111i\u1ec7n m\u1eb7t tr\u1eddi h\u00f2a l\u01b0\u1edbi v\u00e0 l\u01b0u tr\u1eef t\u1ea1i Qu\u1ea3ng B\u00ecnh\" \/>\r\n<meta property=\"og:description\" content=\"Model:\u00a0GDS-64-A  Th\u01b0\u01a1ng hi\u1ec7u:\u00a0Gelta  Quang th\u00f4ng:\u00a02000 Lm  Chip LED:\u00a0OSRAM(\u0110\u1ee9c)\/3030  Th\u1eddi gian s\u00e1ng:\u00a010 ng\u00e0y  B\u1ea3o h\u00e0nh:\u00a03 n\u0103m\" \/>\r\n<meta property=\"og:url\" content=\"https:\/\/solarquangbinh.com\/?product=den-san-vuon-nang-luong-mat-troi-gelta-gds64a-2\" \/>\r\n<meta property=\"og:site_name\" content=\"Solar Qu\u1ea3ng B\u00ecnh chuy\u00ean gi\u1ea3i ph\u00e1p v\u00e0 cung c\u1ea5p h\u1ec7 th\u1ed1ng \u0111i\u1ec7n m\u1eb7t tr\u1eddi h\u00f2a l\u01b0\u1edbi v\u00e0 l\u01b0u tr\u1eef t\u1ea1i Qu\u1ea3ng B\u00ecnh\" \/>\r\n<meta property=\"article:modified_time\" content=\"2024-07-31T02:34:31+00:00\" \/>\r\n<meta property=\"og:image\" content=\"https:\/\/gelta.vn\/wp-content\/uploads\/2023\/06\/bo-den-san-vuon-nang-luong-mat-troi-halo-64-w.png\" \/>\r\n<meta name=\"twitter:card\" content=\"summary_large_image\" \/>\r\n<meta name=\"twitter:label1\" content=\"\u01af\u1edbc t\u00ednh th\u1eddi gian \u0111\u1ecdc\" \/>\n\t<meta name=\"twitter:data1\" content=\"2 ph\u00fat\" \/>\r\n<script type=\"application\/ld+json\" class=\"yoast-schema-graph\">{\"@context\":\"https:\/\/schema.org\",\"@graph\":[{\"@type\":\"WebPage\",\"@id\":\"https:\/\/solarquangbinh.com\/?product=den-san-vuon-nang-luong-mat-troi-gelta-gds64a-2\",\"url\":\"https:\/\/solarquangbinh.com\/?product=den-san-vuon-nang-luong-mat-troi-gelta-gds64a-2\",\"name\":\"\u0110\u00e8n S\u00e2n V\u01b0\u1eddn N\u0103ng L\u01b0\u1ee3ng M\u1eb7t Tr\u1eddi Gelta \u2013 GDS64A - Solar Qu\u1ea3ng B\u00ecnh chuy\u00ean gi\u1ea3i ph\u00e1p v\u00e0 cung c\u1ea5p h\u1ec7 th\u1ed1ng \u0111i\u1ec7n m\u1eb7t tr\u1eddi h\u00f2a l\u01b0\u1edbi v\u00e0 l\u01b0u tr\u1eef t\u1ea1i Qu\u1ea3ng B\u00ecnh\",\"isPartOf\":{\"@id\":\"https:\/\/solarquangbinh.com\/#website\"},\"datePublished\":\"2024-07-31T02:28:46+00:00\",\"dateModified\":\"2024-07-31T02:34:31+00:00\",\"breadcrumb\":{\"@id\":\"https:\/\/solarquangbinh.com\/?product=den-san-vuon-nang-luong-mat-troi-gelta-gds64a-2#breadcrumb\"},\"inLanguage\":\"vi\",\"potentialAction\":[{\"@type\":\"ReadAction\",\"target\":[\"https:\/\/solarquangbinh.com\/?product=den-san-vuon-nang-luong-mat-troi-gelta-gds64a-2\"]}]},{\"@type\":\"BreadcrumbList\",\"@id\":\"https:\/\/solarquangbinh.com\/?product=den-san-vuon-nang-luong-mat-troi-gelta-gds64a-2#breadcrumb\",\"itemListElement\":[{\"@type\":\"ListItem\",\"position\":1,\"name\":\"Trang ch\u1ee7\",\"item\":\"https:\/\/solarquangbinh.com\/\"},{\"@type\":\"ListItem\",\"position\":2,\"name\":\"S\u1ea3n ph\u1ea9m\",\"item\":\"https:\/\/solarquangbinh.com\/?page_id=20\"},{\"@type\":\"ListItem\",\"position\":3,\"name\":\"\u0110\u00e8n S\u00e2n V\u01b0\u1eddn N\u0103ng L\u01b0\u1ee3ng M\u1eb7t Tr\u1eddi Gelta \u2013 GDS64A\"}]},{\"@type\":\"WebSite\",\"@id\":\"https:\/\/solarquangbinh.com\/#website\",\"url\":\"https:\/\/solarquangbinh.com\/\",\"name\":\"Solar Qu\u1ea3ng B\u00ecnh chuy\u00ean gi\u1ea3i ph\u00e1p v\u00e0 cung c\u1ea5p h\u1ec7 th\u1ed1ng \u0111i\u1ec7n m\u1eb7t tr\u1eddi h\u00f2a l\u01b0\u1edbi v\u00e0 l\u01b0u tr\u1eef t\u1ea1i Qu\u1ea3ng B\u00ecnh\",\"description\":\"\u0110i\u1ec7n n\u0103ng l\u01b0\u1ee3ng m\u1eb7t tr\u1eddi Qu\u1ea3ng B\u00ecnh, Solar Quang Binh, Solar Qu\u1ea3ng B\u00ecnh chuy\u00ean cung c\u1ea5p h\u1ec7 th\u1ed1ng \u0111i\u1ec7n m\u1eb7t tr\u1eddi h\u00f2a l\u01b0\u1edbi v\u00e0 l\u01b0u tr\u1eef, pin n\u0103ng l\u01b0\u1ee3ng m\u1eb7t tr\u1eddi, Solar Quang Binh\",\"potentialAction\":[{\"@type\":\"SearchAction\",\"target\":{\"@type\":\"EntryPoint\",\"urlTemplate\":\"https:\/\/solarquangbinh.com\/?s={search_term_string}\"},\"query-input\":\"required name=search_term_string\"}],\"inLanguage\":\"vi\"}]}<\/script>\r\n<!-- \/ Yoast SEO plugin. -->","yoast_head_json":{"title":"\u0110\u00e8n S\u00e2n V\u01b0\u1eddn N\u0103ng L\u01b0\u1ee3ng M\u1eb7t Tr\u1eddi Gelta \u2013 GDS64A - Solar Qu\u1ea3ng B\u00ecnh chuy\u00ean gi\u1ea3i ph\u00e1p v\u00e0 cung c\u1ea5p h\u1ec7 th\u1ed1ng \u0111i\u1ec7n m\u1eb7t tr\u1eddi h\u00f2a l\u01b0\u1edbi v\u00e0 l\u01b0u tr\u1eef t\u1ea1i Qu\u1ea3ng B\u00ecnh","robots":{"index":"index","follow":"follow","max-snippet":"max-snippet:-1","max-image-preview":"max-image-preview:large","max-video-preview":"max-video-preview:-1"},"canonical":"https:\/\/solarquangbinh.com\/?product=den-san-vuon-nang-luong-mat-troi-gelta-gds64a-2","og_locale":"vi_VN","og_type":"article","og_title":"\u0110\u00e8n S\u00e2n V\u01b0\u1eddn N\u0103ng L\u01b0\u1ee3ng M\u1eb7t Tr\u1eddi Gelta \u2013 GDS64A - Solar Qu\u1ea3ng B\u00ecnh chuy\u00ean gi\u1ea3i ph\u00e1p v\u00e0 cung c\u1ea5p h\u1ec7 th\u1ed1ng \u0111i\u1ec7n m\u1eb7t tr\u1eddi h\u00f2a l\u01b0\u1edbi v\u00e0 l\u01b0u tr\u1eef t\u1ea1i Qu\u1ea3ng B\u00ecnh","og_description":"Model:\u00a0GDS-64-A  Th\u01b0\u01a1ng hi\u1ec7u:\u00a0Gelta  Quang th\u00f4ng:\u00a02000 Lm  Chip LED:\u00a0OSRAM(\u0110\u1ee9c)\/3030  Th\u1eddi gian s\u00e1ng:\u00a010 ng\u00e0y  B\u1ea3o h\u00e0nh:\u00a03 n\u0103m","og_url":"https:\/\/solarquangbinh.com\/?product=den-san-vuon-nang-luong-mat-troi-gelta-gds64a-2","og_site_name":"Solar Qu\u1ea3ng B\u00ecnh chuy\u00ean gi\u1ea3i ph\u00e1p v\u00e0 cung c\u1ea5p h\u1ec7 th\u1ed1ng \u0111i\u1ec7n m\u1eb7t tr\u1eddi h\u00f2a l\u01b0\u1edbi v\u00e0 l\u01b0u tr\u1eef t\u1ea1i Qu\u1ea3ng B\u00ecnh","article_modified_time":"2024-07-31T02:34:31+00:00","og_image":[{"url":"https:\/\/gelta.vn\/wp-content\/uploads\/2023\/06\/bo-den-san-vuon-nang-luong-mat-troi-halo-64-w.png"}],"twitter_card":"summary_large_image","twitter_misc":{"\u01af\u1edbc t\u00ednh th\u1eddi gian \u0111\u1ecdc":"2 ph\u00fat"},"schema":{"@context":"https:\/\/schema.org","@graph":[{"@type":"WebPage","@id":"https:\/\/solarquangbinh.com\/?product=den-san-vuon-nang-luong-mat-troi-gelta-gds64a-2","url":"https:\/\/solarquangbinh.com\/?product=den-san-vuon-nang-luong-mat-troi-gelta-gds64a-2","name":"\u0110\u00e8n S\u00e2n V\u01b0\u1eddn N\u0103ng L\u01b0\u1ee3ng M\u1eb7t Tr\u1eddi Gelta \u2013 GDS64A - Solar Qu\u1ea3ng B\u00ecnh chuy\u00ean gi\u1ea3i ph\u00e1p v\u00e0 cung c\u1ea5p h\u1ec7 th\u1ed1ng \u0111i\u1ec7n m\u1eb7t tr\u1eddi h\u00f2a l\u01b0\u1edbi v\u00e0 l\u01b0u tr\u1eef t\u1ea1i Qu\u1ea3ng B\u00ecnh","isPartOf":{"@id":"https:\/\/solarquangbinh.com\/#website"},"datePublished":"2024-07-31T02:28:46+00:00","dateModified":"2024-07-31T02:34:31+00:00","breadcrumb":{"@id":"https:\/\/solarquangbinh.com\/?product=den-san-vuon-nang-luong-mat-troi-gelta-gds64a-2#breadcrumb"},"inLanguage":"vi","potentialAction":[{"@type":"ReadAction","target":["https:\/\/solarquangbinh.com\/?product=den-san-vuon-nang-luong-mat-troi-gelta-gds64a-2"]}]},{"@type":"BreadcrumbList","@id":"https:\/\/solarquangbinh.com\/?product=den-san-vuon-nang-luong-mat-troi-gelta-gds64a-2#breadcrumb","itemListElement":[{"@type":"ListItem","position":1,"name":"Trang ch\u1ee7","item":"https:\/\/solarquangbinh.com\/"},{"@type":"ListItem","position":2,"name":"S\u1ea3n ph\u1ea9m","item":"https:\/\/solarquangbinh.com\/?page_id=20"},{"@type":"ListItem","position":3,"name":"\u0110\u00e8n S\u00e2n V\u01b0\u1eddn N\u0103ng L\u01b0\u1ee3ng M\u1eb7t Tr\u1eddi Gelta \u2013 GDS64A"}]},{"@type":"WebSite","@id":"https:\/\/solarquangbinh.com\/#website","url":"https:\/\/solarquangbinh.com\/","name":"Solar Qu\u1ea3ng B\u00ecnh chuy\u00ean gi\u1ea3i ph\u00e1p v\u00e0 cung c\u1ea5p h\u1ec7 th\u1ed1ng \u0111i\u1ec7n m\u1eb7t tr\u1eddi h\u00f2a l\u01b0\u1edbi v\u00e0 l\u01b0u tr\u1eef t\u1ea1i Qu\u1ea3ng B\u00ecnh","description":"\u0110i\u1ec7n n\u0103ng l\u01b0\u1ee3ng m\u1eb7t tr\u1eddi Qu\u1ea3ng B\u00ecnh, Solar Quang Binh, Solar Qu\u1ea3ng B\u00ecnh chuy\u00ean cung c\u1ea5p h\u1ec7 th\u1ed1ng \u0111i\u1ec7n m\u1eb7t tr\u1eddi h\u00f2a l\u01b0\u1edbi v\u00e0 l\u01b0u tr\u1eef, pin n\u0103ng l\u01b0\u1ee3ng m\u1eb7t tr\u1eddi, Solar Quang Binh","potentialAction":[{"@type":"SearchAction","target":{"@type":"EntryPoint","urlTemplate":"https:\/\/solarquangbinh.com\/?s={search_term_string}"},"query-input":"required name=search_term_string"}],"inLanguage":"vi"}]}},"_links":{"self":[{"href":"https:\/\/solarquangbinh.com\/index.php?rest_route=\/wp\/v3\/product\/6613"}],"collection":[{"href":"https:\/\/solarquangbinh.com\/index.php?rest_route=\/wp\/v3\/product"}],"about":[{"href":"https:\/\/solarquangbinh.com\/index.php?rest_route=\/wp\/v2\/types\/product"}],"wp:featuredmedia":[{"embeddable":true,"href":"https:\/\/solarquangbinh.com\/index.php?rest_route=\/wp\/v2\/media\/6126"}],"wp:attachment":[{"href":"https:\/\/solarquangbinh.com\/index.php?rest_route=%2Fwp%2Fv2%2Fmedia&parent=6613"}],"wp:term":[{"taxonomy":"product_cat","embeddable":true,"href":"https:\/\/solarquangbinh.com\/index.php?rest_route=%2Fwp%2Fv2%2Fproduct_cat&post=6613"},{"taxonomy":"product_tag","embeddable":true,"href":"https:\/\/solarquangbinh.com\/index.php?rest_route=%2Fwp%2Fv2%2Fproduct_tag&post=6613"}],"curies":[{"name":"wp","href":"https:\/\/api.w.org\/{rel}","templated":true}]}}