{"id":6691,"date":"2024-07-31T09:30:25","date_gmt":"2024-07-31T02:30:25","guid":{"rendered":"https:\/\/solarquangbinh.com\/?post_type=product&#038;p=6691"},"modified":"2024-07-31T09:34:17","modified_gmt":"2024-07-31T02:34:17","slug":"meter-eastron-3-pha-100a","status":"publish","type":"product","link":"https:\/\/solarquangbinh.com\/?product=meter-eastron-3-pha-100a","title":{"rendered":"Meter EASTRON 3 pha 100A"},"content":{"rendered":"<h3>Ph\u1ee5 ki\u1ec7n &amp; Gi\u00e1m s\u00e1t Energy Meter: Meter EASTRON 3 pha 100A \u0111\u1ea5u tr\u1ef1c ti\u1ebfp. M\u00e3:SDM630-Modbus V2<\/h3>\n<ul>\n<li>M\u00e0n h\u00ecnh LCD c\u1ee5c b\u1ed9, giao ti\u1ebfp RS485<\/li>\n<li>\u00c1p d\u1ee5ng l\u1eafp \u0111\u1eb7t \u0111\u01b0\u1eddng ray din DIN35mm ti\u00eau chu\u1ea9n<\/li>\n<li>Kh\u1ed1i l\u01b0\u1ee3ng nh\u1ecf, c\u00e0i \u0111\u1eb7t d\u1ec5 d\u00e0ng v\u00e0 giao ti\u1ebfp d\u1ec5 d\u00e0ng<\/li>\n<li>C\u00f4ng su\u1ea5t ho\u1ea1t \u0111\u1ed9ng thu\u1eadn v\u00e0 ngh\u1ecbch, \u0111o s\u00e1ng c\u00f4ng su\u1ea5t ph\u1ea3n kh\u00e1ng b\u1ed1n g\u00f3c ph\u1ea7n t\u01b0<\/li>\n<\/ul>\n<div>\n<table border=\"1\">\n<tbody>\n<tr>\n<td><strong>M\u00f4 h\u00ecnh<\/strong><\/td>\n<td align=\"center\"><strong>Modbus SDM 230<\/strong><\/td>\n<td colspan=\"2\" align=\"center\"><strong>SDM 630-Modbus V2<\/strong><\/td>\n<td><strong>SDM 630 MCT<\/strong><\/td>\n<\/tr>\n<tr>\n<td>T\u1ed1i \u0111a \u0111o d\u00f2ng \u0111i\u1ec7n m\u1ed9t chi\u1ec1u (A)<\/td>\n<td align=\"center\">100A<\/td>\n<td colspan=\"2\" align=\"center\">100A<\/td>\n<td>1-9999A (\u642d\u914d CT \u4e00\u6b21 \u4fa7 \u7535\u6d41\uff09<\/td>\n<\/tr>\n<tr>\n<td rowspan=\"2\">\u0110o \u0111i\u1ec7n \u00e1p tr\u1ef1c ti\u1ebfp gi\u1eefa c\u00e1c pha<\/td>\n<td rowspan=\"2\" align=\"center\">\/<\/td>\n<td colspan=\"2\" rowspan=\"2\" align=\"center\">147-480V<\/td>\n<td>50-950V<\/td>\n<\/tr>\n<tr>\n<td>50-550V<\/td>\n<\/tr>\n<tr>\n<td>\u0110o tr\u1ef1c ti\u1ebfp gi\u1eefa pha v\u00e0 trung t\u00ednh<\/td>\n<td align=\"center\">176 ~ 276V<\/td>\n<td colspan=\"2\" align=\"center\">85-480V<\/td>\n<td>20 \u0111\u1ebfn 550V<\/td>\n<\/tr>\n<tr>\n<td colspan=\"5\"><strong>L\u1edbp ch\u00ednh x\u00e1c<\/strong><\/td>\n<\/tr>\n<tr>\n<td>\u0110i\u1ec7n n\u0103ng ho\u1ea1t \u0111\u1ed9ng<\/td>\n<td colspan=\"4\" align=\"center\">Classl<\/td>\n<\/tr>\n<tr>\n<td>C\u00f4ng su\u1ea5t ph\u1ea3n kh\u00e1ng<\/td>\n<td colspan=\"4\" align=\"center\">L\u1edbp 2<\/td>\n<\/tr>\n<tr>\n<td colspan=\"5\"><strong>Ngu\u1ed3n c\u1ea5p<\/strong><\/td>\n<\/tr>\n<tr>\n<td>S\u1ef1 ti\u00eau th\u1ee5 n\u0103ng l\u01b0\u1ee3ng<\/td>\n<td colspan=\"2\" align=\"center\">\u22642W \/ 10VA<\/td>\n<td>\u22642W \/ 10VA<\/td>\n<td>\u22642W \/ 10VA<\/td>\n<\/tr>\n<tr>\n<td>Ngu\u1ed3n \u0111i\u1ec7n AC \u0111\u1ea7u v\u00e0o \u0111i\u1ec7n \u00e1p<\/td>\n<td colspan=\"2\" align=\"center\">176-276V<\/td>\n<td>85-480V<\/td>\n<td>85-275V \/ 120-380V<\/td>\n<\/tr>\n<tr>\n<td>T\u1ea7n s\u1ed1 \u0111\u1ea7u v\u00e0o ngu\u1ed3n \u0111i\u1ec7n AC<\/td>\n<td colspan=\"2\" align=\"center\">50Hz<\/td>\n<td>50 \/ 60Hz _2%<\/td>\n<td>50 \/ 60Hz _2%<\/td>\n<\/tr>\n<tr>\n<td colspan=\"5\"><strong>Th\u00f4ng s\u1ed1 k\u1ef9 thu\u1eadt th\u1ebf h\u1ec7<\/strong><\/td>\n<\/tr>\n<tr>\n<td>K\u00edch th\u01b0\u1edbc (L \/ H \/ W) t\u00ednh b\u1eb1ng mm<\/td>\n<td align=\"center\">36 \u00d7 99 \u00d7 63<\/td>\n<td align=\"center\">72 \u00d7 100 \u00d7 66<\/td>\n<td colspan=\"2\">72 \u00d7 94,5 \u00d7 65<\/td>\n<\/tr>\n<tr>\n<td>Tr\u1ecdng l\u01b0\u1ee3ng (kg)<\/td>\n<td align=\"center\">0.21<\/td>\n<td align=\"center\">0.42<\/td>\n<td colspan=\"2\">0.29<\/td>\n<\/tr>\n<tr>\n<td>C\u00e1c t\u00f9y ch\u1ecdn g\u1eafn k\u1ebft<\/td>\n<td colspan=\"4\" align=\"center\">\u0110o\u1ea1n \u0111\u01b0\u1eddng ray \u1ed3n \u00e0o<\/td>\n<\/tr>\n<tr>\n<td>M\u1ee9c \u0111\u1ed9 b\u1ea3o v\u1ec7<\/td>\n<td colspan=\"4\" align=\"center\">IP51<\/td>\n<\/tr>\n<tr>\n<td>Tr\u01b0ng b\u00e0y<\/td>\n<td colspan=\"4\" align=\"center\">LCD<\/td>\n<\/tr>\n<tr>\n<td>Ph\u01b0\u01a1ng th\u1ee9c giao ti\u1ebfp<\/td>\n<td colspan=\"4\" align=\"center\">RS485<\/td>\n<\/tr>\n<tr>\n<td>T\u1ed1i \u0111a s\u1ed1 l\u01b0\u1ee3ng thi\u1ebft b\u1ecb \u0111\u1ec3 k\u1ebft n\u1ed1i<\/td>\n<td colspan=\"4\" align=\"center\">32<\/td>\n<\/tr>\n<tr>\n<td>Ph\u1ea1m vi nhi\u1ec7t \u0111\u1ed9 l\u00e0m vi\u1ec7c \u0111\u01b0\u1ee3c \u0111i\u1ec1u ch\u1ec9nh<\/td>\n<td colspan=\"4\" align=\"center\">-25 \u2103 ~ 55 \u2103<\/td>\n<\/tr>\n<tr>\n<td>\u0110\u1ed9 \u1ea9m<\/td>\n<td colspan=\"4\" align=\"center\">0 ~ 95%, \u65e0 \u51b7\u51dd<\/td>\n<\/tr>\n<tr>\n<td>S\u1ef1 b\u1ea3o \u0111\u1ea3m<\/td>\n<td colspan=\"4\" align=\"center\">1,5 n\u0103m<\/td>\n<\/tr>\n<\/tbody>\n<\/table>\n<\/div>\n<h3 style=\"text-align: center;\">S\u01a1 \u0111\u1ed3 \u1ee9ng d\u1ee5ng Zero-export<\/h3>\n<p><img decoding=\"async\" class=\"wscnph\" src=\"https:\/\/vi.deyeinverter.com\/deyeinverter\/2020\/11\/19\/energy-meter-1.jpg\" \/><\/p>\n<div dir=\"auto\">&#8212;&#8212;&#8212;&#8212;&#8212;&#8212;&#8212;&#8212;&#8212;&#8212;&#8212;&#8211;<\/div>\n<div dir=\"auto\">CH\u1eccN THU\u1eacN PHONG &#8211; CH\u1eccN S\u1ef0 AN T\u00c2M<\/div>\n<div dir=\"auto\"><span class=\"x3nfvp2 x1j61x8r x1fcty0u xdj266r xhhsvwb xat24cr xgzva0m xxymvpz xlup9mm x1kky2od\"><img decoding=\"async\" loading=\"lazy\" class=\"xz74otr\" src=\"https:\/\/static.xx.fbcdn.net\/images\/emoji.php\/v9\/t4c\/1\/16\/25aa.png\" alt=\"\u25aa\" width=\"16\" height=\"16\" \/><\/span> Hotline: 0869.564.567<\/div>\n<div dir=\"auto\"><span class=\"x3nfvp2 x1j61x8r x1fcty0u xdj266r xhhsvwb xat24cr xgzva0m xxymvpz xlup9mm x1kky2od\"><img decoding=\"async\" loading=\"lazy\" class=\"xz74otr\" src=\"https:\/\/static.xx.fbcdn.net\/images\/emoji.php\/v9\/t4c\/1\/16\/25aa.png\" alt=\"\u25aa\" width=\"16\" height=\"16\" \/><\/span> K\u1ef9 thu\u1eadt: Mr D\u0169ng 0899768777<\/div>\n<div dir=\"auto\"><span class=\"x3nfvp2 x1j61x8r x1fcty0u xdj266r xhhsvwb xat24cr xgzva0m xxymvpz xlup9mm x1kky2od\"><img decoding=\"async\" loading=\"lazy\" class=\"xz74otr\" src=\"https:\/\/static.xx.fbcdn.net\/images\/emoji.php\/v9\/t4c\/1\/16\/25aa.png\" alt=\"\u25aa\" width=\"16\" height=\"16\" \/><\/span> Tr\u1ee5 s\u1edf ch\u00ednh: 30 Nguy\u1ec5n H\u1eefu D\u1eadt, ph\u01b0\u1eddng Nam L\u00fd, th\u00e0nh ph\u1ed1 \u0110\u1ed3ng H\u1edbi, t\u1ec9nh Qu\u1ea3ng B\u00ecnh,Vi\u1ec7t Nam<\/div>\n<div dir=\"auto\"><span class=\"x3nfvp2 x1j61x8r x1fcty0u xdj266r xhhsvwb xat24cr xgzva0m xxymvpz xlup9mm x1kky2od\"><img decoding=\"async\" loading=\"lazy\" class=\"xz74otr\" src=\"https:\/\/static.xx.fbcdn.net\/images\/emoji.php\/v9\/t4c\/1\/16\/25aa.png\" alt=\"\u25aa\" width=\"16\" height=\"16\" \/><\/span> Tr\u1ee5 s\u1edf H\u00e0 N\u1ed9i: Nh\u00e0 ph\u1ed1 th\u01b0\u01a1ng m\u1ea1i Khai S\u01a1n Town s\u1ed118 thu\u1ed9c Town 7, khu \u0111\u00f4 th\u1ecb Khai S\u01a1n City, Ph\u01b0\u1eddng Th\u01b0\u1ee3ng Thanh, Qu\u1eadn Long Bi\u00ean, TP H\u00e0 N\u1ed9i<\/div>\n<div dir=\"auto\"><span class=\"x3nfvp2 x1j61x8r x1fcty0u xdj266r xhhsvwb xat24cr xgzva0m xxymvpz xlup9mm x1kky2od\"><img decoding=\"async\" loading=\"lazy\" class=\"xz74otr\" src=\"https:\/\/static.xx.fbcdn.net\/images\/emoji.php\/v9\/t4c\/1\/16\/25aa.png\" alt=\"\u25aa\" width=\"16\" height=\"16\" \/><\/span> Email: solarquangbinh@gmail.com<\/div>\n<div dir=\"auto\"><span class=\"x3nfvp2 x1j61x8r x1fcty0u xdj266r xhhsvwb xat24cr xgzva0m xxymvpz xlup9mm x1kky2od\"><img decoding=\"async\" loading=\"lazy\" class=\"xz74otr\" src=\"https:\/\/static.xx.fbcdn.net\/images\/emoji.php\/v9\/t4c\/1\/16\/25aa.png\" alt=\"\u25aa\" width=\"16\" height=\"16\" \/><\/span> Website: <a class=\"x1i10hfl xjbqb8w x1ejq31n xd10rxx x1sy0etr x17r0tee x972fbf xcfux6l x1qhh985 xm0m39n x9f619 x1ypdohk xt0psk2 xe8uvvx xdj266r x11i5rnm xat24cr x1mh8g0r xexx8yu x4uap5 x18d9i69 xkhd6sd x16tdsg8 xggy1nq x1a2a7pz xt0b8zv x1hl2dhg x1fey0fg\" tabindex=\"0\" role=\"link\" href=\"https:\/\/l.facebook.com\/l.php?u=https%3A%2F%2Ftpenergy.com.vn%2F%3Ffbclid%3DIwZXh0bgNhZW0CMTAAAR1vFAMG_ZGvDHX6Xt5QeTKumCUBg6s8b-I6HG8_z9X4VJe0hKpEJwB7JEA_aem_AZXiK7-6KRLpa28QGm9_cp5eJUYgP9haSCi9ufg84O7eaAMZBJzdz8wg11hgSVR987yWM10NO7dnLoI5D00a2zdm&amp;h=AT0WI-crJPbVpeBeagDdYyQYWeC8wtyMq77IFb7Jv7KuimJfnlAj18gFINNU8edqC7DUvVfMeVrmLz-hlqwzO-fkwIVIy4RentYNa9BTvnVNUo4K8h3uSeo2FesY5099O9zy&amp;__tn__=-UK-R&amp;c[0]=AT03wQXnCd2nLGhgaOaZzP8xBuwPVdUcnIsRiSUHvmAOhCe0SCINvfRh8sySQBZh9fp30KM1G9HVCZS3mFfxNwDCQmZtcqHa8NwQqlpf2SJQNulpSuunYeHSqJe4tmK9MyXvByP-FoUPbEW29s6TR33D2jic-EC8eBbVMCLQAP8Ji41qbE079_ZxIFQ5MDeaPu25usrr1gs6x_esJfxUuYbHGX8Xv8Uz7Xej\" target=\"_blank\" rel=\"nofollow noopener noreferrer\">https:\/\/tpenergy.com.vn\/<\/a><\/div>\n<div dir=\"auto\"><span class=\"x3nfvp2 x1j61x8r x1fcty0u xdj266r xhhsvwb xat24cr xgzva0m xxymvpz xlup9mm x1kky2od\"><img decoding=\"async\" loading=\"lazy\" class=\"xz74otr\" src=\"https:\/\/static.xx.fbcdn.net\/images\/emoji.php\/v9\/t4c\/1\/16\/25aa.png\" alt=\"\u25aa\" width=\"16\" height=\"16\" \/><\/span> Shopee: <a class=\"x1i10hfl xjbqb8w x1ejq31n xd10rxx x1sy0etr x17r0tee x972fbf xcfux6l x1qhh985 xm0m39n x9f619 x1ypdohk xt0psk2 xe8uvvx xdj266r x11i5rnm xat24cr x1mh8g0r xexx8yu x4uap5 x18d9i69 xkhd6sd x16tdsg8 xggy1nq x1a2a7pz xt0b8zv x1hl2dhg x1fey0fg\" tabindex=\"0\" role=\"link\" href=\"https:\/\/l.facebook.com\/l.php?u=https%3A%2F%2Fshopee.vn%2Fsolarquangbinh%3Ffbclid%3DIwZXh0bgNhZW0CMTAAAR3kZb2556G3HPI8TY77Qvoz6hRfXmZp5v1n89cOKc6SmqyosMYHF7DRV_A_aem_AZXuugo2nDpFXAOAW33vNrRKJYeP6e0V8yFWCYrBM5Z4SDNHQ0YAPgMDDEQnHdGlmGyX8SpakX0e8MFmAIJlsVgn&amp;h=AT2Bq2bF7LJ_XKvZ5hKZanZx2_48AKxfeMPN4apcIODRxTNC4g1_yJ6FxQB_hK2p5XOnsyS05IwIf0gtxS532BquQeErBtoZr8qtx6wfv785UPj-nyjoPEWBJnQL36jbMDJX&amp;__tn__=-UK-R&amp;c[0]=AT03wQXnCd2nLGhgaOaZzP8xBuwPVdUcnIsRiSUHvmAOhCe0SCINvfRh8sySQBZh9fp30KM1G9HVCZS3mFfxNwDCQmZtcqHa8NwQqlpf2SJQNulpSuunYeHSqJe4tmK9MyXvByP-FoUPbEW29s6TR33D2jic-EC8eBbVMCLQAP8Ji41qbE079_ZxIFQ5MDeaPu25usrr1gs6x_esJfxUuYbHGX8Xv8Uz7Xej\" target=\"_blank\" rel=\"nofollow noopener noreferrer\">https:\/\/shopee.vn\/solarquangbinh<\/a><\/div>\n<div dir=\"auto\">\n<p><span class=\"x3nfvp2 x1j61x8r x1fcty0u xdj266r xhhsvwb xat24cr xgzva0m xxymvpz xlup9mm x1kky2od\"><img decoding=\"async\" loading=\"lazy\" class=\"xz74otr\" src=\"https:\/\/static.xx.fbcdn.net\/images\/emoji.php\/v9\/t4c\/1\/16\/25aa.png\" alt=\"\u25aa\" width=\"16\" height=\"16\" \/><\/span> Lazada: <a class=\"x1i10hfl xjbqb8w x1ejq31n xd10rxx x1sy0etr x17r0tee x972fbf xcfux6l x1qhh985 xm0m39n x9f619 x1ypdohk xt0psk2 xe8uvvx xdj266r x11i5rnm xat24cr x1mh8g0r xexx8yu x4uap5 x18d9i69 xkhd6sd x16tdsg8 xggy1nq x1a2a7pz xt0b8zv x1hl2dhg x1fey0fg\" tabindex=\"0\" role=\"link\" href=\"https:\/\/www.lazada.vn\/shop\/thuan-phong-electric\/-?fbclid=IwZXh0bgNhZW0CMTAAAR2xas3383zZnpLEEdJjuRRutNukYhQbsAE4pkywXFVG4nM34Z0Gu2jzxjc_aem_AZUybCK2nCtOdNLf2vZG6R6AyS8e4HXPiZ9B3RHLZwyW1Oy6rD1nqNf-5s0fENQUSe09qdK28G7Owtlja4wZztV0\" target=\"_blank\" rel=\"nofollow noopener noreferrer\">https:\/\/www.lazada.vn\/shop\/thuan-phong-electric\/-<\/a><\/p>\n<\/div>\n","protected":false},"excerpt":{"rendered":"<h3>V\u1ec1 s\u1ea3n ph\u1ea9m:<\/h3>\n<ul>\n<li>Ph\u1ea1m vi giao ti\u1ebfp t\u1ed1i \u0111a: 1000m<\/li>\n<li>Theo ti\u00eau chu\u1ea9n: IP51<\/li>\n<li>K\u00edch th\u01b0\u1edbc: 100mmx72mmx66mm<\/li>\n<li>Kh\u1ed1i L\u01b0\u1ee3ng: 80g<\/li>\n<li>K\u1ebft n\u1ed1i: \u00a0RS485<\/li>\n<li>B\u1ea3o h\u00e0nh 1 n\u0103m<\/li>\n<\/ul>\n<i class=\"fa fa-download \" ><\/i> Download<\/p>\n<ul>\n<li><a href=\"https:\/\/tpenergy.com.vn\/wp-content\/uploads\/2023\/10\/SDM630_Series_Datasheet.pdf\">DATASHEET<\/a><\/li>\n<li><a href=\"https:\/\/tpenergy.com.vn\/wp-content\/uploads\/2023\/10\/SDM630-Modbus-V2-manual-incl-protocoll.pdf\">User Manual<\/a><\/li>\n<\/ul>\n","protected":false},"featured_media":6742,"template":"","meta":[],"product_cat":[981],"product_tag":[983],"yoast_head":"<!-- This site is optimized with the Yoast SEO plugin v20.6 - https:\/\/yoast.com\/wordpress\/plugins\/seo\/ -->\r\n<title>Meter EASTRON 3 pha 100A - Solar Qu\u1ea3ng B\u00ecnh chuy\u00ean gi\u1ea3i ph\u00e1p v\u00e0 cung c\u1ea5p h\u1ec7 th\u1ed1ng \u0111i\u1ec7n m\u1eb7t tr\u1eddi h\u00f2a l\u01b0\u1edbi v\u00e0 l\u01b0u tr\u1eef t\u1ea1i Qu\u1ea3ng B\u00ecnh<\/title>\r\n<meta name=\"robots\" content=\"index, follow, max-snippet:-1, max-image-preview:large, max-video-preview:-1\" \/>\r\n<link rel=\"canonical\" href=\"https:\/\/solarquangbinh.com\/?product=meter-eastron-3-pha-100a\" \/>\r\n<meta property=\"og:locale\" content=\"vi_VN\" \/>\r\n<meta property=\"og:type\" content=\"article\" \/>\r\n<meta property=\"og:title\" content=\"Meter EASTRON 3 pha 100A - Solar Qu\u1ea3ng B\u00ecnh chuy\u00ean gi\u1ea3i ph\u00e1p v\u00e0 cung c\u1ea5p h\u1ec7 th\u1ed1ng \u0111i\u1ec7n m\u1eb7t tr\u1eddi h\u00f2a l\u01b0\u1edbi v\u00e0 l\u01b0u tr\u1eef t\u1ea1i Qu\u1ea3ng B\u00ecnh\" \/>\r\n<meta property=\"og:description\" content=\"V\u1ec1 s\u1ea3n ph\u1ea9m:   Ph\u1ea1m vi giao ti\u1ebfp t\u1ed1i \u0111a: 1000m  Theo ti\u00eau chu\u1ea9n: IP51  K\u00edch th\u01b0\u1edbc: 100mmx72mmx66mm  Kh\u1ed1i L\u01b0\u1ee3ng: 80g  K\u1ebft n\u1ed1i: \u00a0RS485  B\u1ea3o h\u00e0nh 1 n\u0103m   Download   DATASHEET  User Manual\" \/>\r\n<meta property=\"og:url\" content=\"https:\/\/solarquangbinh.com\/?product=meter-eastron-3-pha-100a\" \/>\r\n<meta property=\"og:site_name\" content=\"Solar Qu\u1ea3ng B\u00ecnh chuy\u00ean gi\u1ea3i ph\u00e1p v\u00e0 cung c\u1ea5p h\u1ec7 th\u1ed1ng \u0111i\u1ec7n m\u1eb7t tr\u1eddi h\u00f2a l\u01b0\u1edbi v\u00e0 l\u01b0u tr\u1eef t\u1ea1i Qu\u1ea3ng B\u00ecnh\" \/>\r\n<meta property=\"article:modified_time\" content=\"2024-07-31T02:34:17+00:00\" \/>\r\n<meta property=\"og:image\" content=\"https:\/\/vi.deyeinverter.com\/deyeinverter\/2020\/11\/19\/energy-meter-1.jpg\" \/>\r\n<meta name=\"twitter:card\" content=\"summary_large_image\" \/>\r\n<meta name=\"twitter:label1\" content=\"\u01af\u1edbc t\u00ednh th\u1eddi gian \u0111\u1ecdc\" \/>\n\t<meta name=\"twitter:data1\" content=\"3 ph\u00fat\" \/>\r\n<script type=\"application\/ld+json\" class=\"yoast-schema-graph\">{\"@context\":\"https:\/\/schema.org\",\"@graph\":[{\"@type\":\"WebPage\",\"@id\":\"https:\/\/solarquangbinh.com\/?product=meter-eastron-3-pha-100a\",\"url\":\"https:\/\/solarquangbinh.com\/?product=meter-eastron-3-pha-100a\",\"name\":\"Meter EASTRON 3 pha 100A - Solar Qu\u1ea3ng B\u00ecnh chuy\u00ean gi\u1ea3i ph\u00e1p v\u00e0 cung c\u1ea5p h\u1ec7 th\u1ed1ng \u0111i\u1ec7n m\u1eb7t tr\u1eddi h\u00f2a l\u01b0\u1edbi v\u00e0 l\u01b0u tr\u1eef t\u1ea1i Qu\u1ea3ng B\u00ecnh\",\"isPartOf\":{\"@id\":\"https:\/\/solarquangbinh.com\/#website\"},\"datePublished\":\"2024-07-31T02:30:25+00:00\",\"dateModified\":\"2024-07-31T02:34:17+00:00\",\"breadcrumb\":{\"@id\":\"https:\/\/solarquangbinh.com\/?product=meter-eastron-3-pha-100a#breadcrumb\"},\"inLanguage\":\"vi\",\"potentialAction\":[{\"@type\":\"ReadAction\",\"target\":[\"https:\/\/solarquangbinh.com\/?product=meter-eastron-3-pha-100a\"]}]},{\"@type\":\"BreadcrumbList\",\"@id\":\"https:\/\/solarquangbinh.com\/?product=meter-eastron-3-pha-100a#breadcrumb\",\"itemListElement\":[{\"@type\":\"ListItem\",\"position\":1,\"name\":\"Trang ch\u1ee7\",\"item\":\"https:\/\/solarquangbinh.com\/\"},{\"@type\":\"ListItem\",\"position\":2,\"name\":\"S\u1ea3n ph\u1ea9m\",\"item\":\"https:\/\/solarquangbinh.com\/?page_id=20\"},{\"@type\":\"ListItem\",\"position\":3,\"name\":\"Meter EASTRON 3 pha 100A\"}]},{\"@type\":\"WebSite\",\"@id\":\"https:\/\/solarquangbinh.com\/#website\",\"url\":\"https:\/\/solarquangbinh.com\/\",\"name\":\"Solar Qu\u1ea3ng B\u00ecnh chuy\u00ean gi\u1ea3i ph\u00e1p v\u00e0 cung c\u1ea5p h\u1ec7 th\u1ed1ng \u0111i\u1ec7n m\u1eb7t tr\u1eddi h\u00f2a l\u01b0\u1edbi v\u00e0 l\u01b0u tr\u1eef t\u1ea1i Qu\u1ea3ng B\u00ecnh\",\"description\":\"\u0110i\u1ec7n n\u0103ng l\u01b0\u1ee3ng m\u1eb7t tr\u1eddi Qu\u1ea3ng B\u00ecnh, Solar Quang Binh, Solar Qu\u1ea3ng B\u00ecnh chuy\u00ean cung c\u1ea5p h\u1ec7 th\u1ed1ng \u0111i\u1ec7n m\u1eb7t tr\u1eddi h\u00f2a l\u01b0\u1edbi v\u00e0 l\u01b0u tr\u1eef, pin n\u0103ng l\u01b0\u1ee3ng m\u1eb7t tr\u1eddi, Solar Quang Binh\",\"potentialAction\":[{\"@type\":\"SearchAction\",\"target\":{\"@type\":\"EntryPoint\",\"urlTemplate\":\"https:\/\/solarquangbinh.com\/?s={search_term_string}\"},\"query-input\":\"required name=search_term_string\"}],\"inLanguage\":\"vi\"}]}<\/script>\r\n<!-- \/ Yoast SEO plugin. -->","yoast_head_json":{"title":"Meter EASTRON 3 pha 100A - Solar Qu\u1ea3ng B\u00ecnh chuy\u00ean gi\u1ea3i ph\u00e1p v\u00e0 cung c\u1ea5p h\u1ec7 th\u1ed1ng \u0111i\u1ec7n m\u1eb7t tr\u1eddi h\u00f2a l\u01b0\u1edbi v\u00e0 l\u01b0u tr\u1eef t\u1ea1i Qu\u1ea3ng B\u00ecnh","robots":{"index":"index","follow":"follow","max-snippet":"max-snippet:-1","max-image-preview":"max-image-preview:large","max-video-preview":"max-video-preview:-1"},"canonical":"https:\/\/solarquangbinh.com\/?product=meter-eastron-3-pha-100a","og_locale":"vi_VN","og_type":"article","og_title":"Meter EASTRON 3 pha 100A - Solar Qu\u1ea3ng B\u00ecnh chuy\u00ean gi\u1ea3i ph\u00e1p v\u00e0 cung c\u1ea5p h\u1ec7 th\u1ed1ng \u0111i\u1ec7n m\u1eb7t tr\u1eddi h\u00f2a l\u01b0\u1edbi v\u00e0 l\u01b0u tr\u1eef t\u1ea1i Qu\u1ea3ng B\u00ecnh","og_description":"V\u1ec1 s\u1ea3n ph\u1ea9m:   Ph\u1ea1m vi giao ti\u1ebfp t\u1ed1i \u0111a: 1000m  Theo ti\u00eau chu\u1ea9n: IP51  K\u00edch th\u01b0\u1edbc: 100mmx72mmx66mm  Kh\u1ed1i L\u01b0\u1ee3ng: 80g  K\u1ebft n\u1ed1i: \u00a0RS485  B\u1ea3o h\u00e0nh 1 n\u0103m   Download   DATASHEET  User Manual","og_url":"https:\/\/solarquangbinh.com\/?product=meter-eastron-3-pha-100a","og_site_name":"Solar Qu\u1ea3ng B\u00ecnh chuy\u00ean gi\u1ea3i ph\u00e1p v\u00e0 cung c\u1ea5p h\u1ec7 th\u1ed1ng \u0111i\u1ec7n m\u1eb7t tr\u1eddi h\u00f2a l\u01b0\u1edbi v\u00e0 l\u01b0u tr\u1eef t\u1ea1i Qu\u1ea3ng B\u00ecnh","article_modified_time":"2024-07-31T02:34:17+00:00","og_image":[{"url":"https:\/\/vi.deyeinverter.com\/deyeinverter\/2020\/11\/19\/energy-meter-1.jpg"}],"twitter_card":"summary_large_image","twitter_misc":{"\u01af\u1edbc t\u00ednh th\u1eddi gian \u0111\u1ecdc":"3 ph\u00fat"},"schema":{"@context":"https:\/\/schema.org","@graph":[{"@type":"WebPage","@id":"https:\/\/solarquangbinh.com\/?product=meter-eastron-3-pha-100a","url":"https:\/\/solarquangbinh.com\/?product=meter-eastron-3-pha-100a","name":"Meter EASTRON 3 pha 100A - Solar Qu\u1ea3ng B\u00ecnh chuy\u00ean gi\u1ea3i ph\u00e1p v\u00e0 cung c\u1ea5p h\u1ec7 th\u1ed1ng \u0111i\u1ec7n m\u1eb7t tr\u1eddi h\u00f2a l\u01b0\u1edbi v\u00e0 l\u01b0u tr\u1eef t\u1ea1i Qu\u1ea3ng B\u00ecnh","isPartOf":{"@id":"https:\/\/solarquangbinh.com\/#website"},"datePublished":"2024-07-31T02:30:25+00:00","dateModified":"2024-07-31T02:34:17+00:00","breadcrumb":{"@id":"https:\/\/solarquangbinh.com\/?product=meter-eastron-3-pha-100a#breadcrumb"},"inLanguage":"vi","potentialAction":[{"@type":"ReadAction","target":["https:\/\/solarquangbinh.com\/?product=meter-eastron-3-pha-100a"]}]},{"@type":"BreadcrumbList","@id":"https:\/\/solarquangbinh.com\/?product=meter-eastron-3-pha-100a#breadcrumb","itemListElement":[{"@type":"ListItem","position":1,"name":"Trang ch\u1ee7","item":"https:\/\/solarquangbinh.com\/"},{"@type":"ListItem","position":2,"name":"S\u1ea3n ph\u1ea9m","item":"https:\/\/solarquangbinh.com\/?page_id=20"},{"@type":"ListItem","position":3,"name":"Meter EASTRON 3 pha 100A"}]},{"@type":"WebSite","@id":"https:\/\/solarquangbinh.com\/#website","url":"https:\/\/solarquangbinh.com\/","name":"Solar Qu\u1ea3ng B\u00ecnh chuy\u00ean gi\u1ea3i ph\u00e1p v\u00e0 cung c\u1ea5p h\u1ec7 th\u1ed1ng \u0111i\u1ec7n m\u1eb7t tr\u1eddi h\u00f2a l\u01b0\u1edbi v\u00e0 l\u01b0u tr\u1eef t\u1ea1i Qu\u1ea3ng B\u00ecnh","description":"\u0110i\u1ec7n n\u0103ng l\u01b0\u1ee3ng m\u1eb7t tr\u1eddi Qu\u1ea3ng B\u00ecnh, Solar Quang Binh, Solar Qu\u1ea3ng B\u00ecnh chuy\u00ean cung c\u1ea5p h\u1ec7 th\u1ed1ng \u0111i\u1ec7n m\u1eb7t tr\u1eddi h\u00f2a l\u01b0\u1edbi v\u00e0 l\u01b0u tr\u1eef, pin n\u0103ng l\u01b0\u1ee3ng m\u1eb7t tr\u1eddi, Solar Quang Binh","potentialAction":[{"@type":"SearchAction","target":{"@type":"EntryPoint","urlTemplate":"https:\/\/solarquangbinh.com\/?s={search_term_string}"},"query-input":"required name=search_term_string"}],"inLanguage":"vi"}]}},"_links":{"self":[{"href":"https:\/\/solarquangbinh.com\/index.php?rest_route=\/wp\/v3\/product\/6691"}],"collection":[{"href":"https:\/\/solarquangbinh.com\/index.php?rest_route=\/wp\/v3\/product"}],"about":[{"href":"https:\/\/solarquangbinh.com\/index.php?rest_route=\/wp\/v2\/types\/product"}],"wp:featuredmedia":[{"embeddable":true,"href":"https:\/\/solarquangbinh.com\/index.php?rest_route=\/wp\/v2\/media\/6742"}],"wp:attachment":[{"href":"https:\/\/solarquangbinh.com\/index.php?rest_route=%2Fwp%2Fv2%2Fmedia&parent=6691"}],"wp:term":[{"taxonomy":"product_cat","embeddable":true,"href":"https:\/\/solarquangbinh.com\/index.php?rest_route=%2Fwp%2Fv2%2Fproduct_cat&post=6691"},{"taxonomy":"product_tag","embeddable":true,"href":"https:\/\/solarquangbinh.com\/index.php?rest_route=%2Fwp%2Fv2%2Fproduct_tag&post=6691"}],"curies":[{"name":"wp","href":"https:\/\/api.w.org\/{rel}","templated":true}]}}