{"id":7124,"date":"2024-07-31T09:36:18","date_gmt":"2024-07-31T02:36:18","guid":{"rendered":"https:\/\/solarquangbinh.com\/?post_type=product&#038;p=7124"},"modified":"2024-07-31T09:36:25","modified_gmt":"2024-07-31T02:36:25","slug":"pin-lithium-bettenergy-eleshell-10-2k-51-2v-200ah","status":"publish","type":"product","link":"https:\/\/solarquangbinh.com\/?product=pin-lithium-bettenergy-eleshell-10-2k-51-2v-200ah","title":{"rendered":"Pin lithium Bettenergy Eleshell-10.2K (51.2V\u2013200AH)"},"content":{"rendered":"<p>B\u1ed9 l\u01b0u tr\u1eef n\u0103ng l\u01b0\u1ee3ng treo t\u01b0\u1eddng \u00e1p th\u1ea5p Pin lithium Bettenergy Eleshell-10.2K (51.2V\u2013200AH)<\/p>\n<ul>\n<li><strong>An to\u00e0n v\u00e0 \u0111\u00e1ng tin c\u1eady<\/strong><\/li>\n<\/ul>\n<p>Pin lithium s\u1eaft photphat c\u00f3 \u0111\u1ed9 an to\u00e0n cao, tu\u1ed5i th\u1ecd d\u00e0i 10 n\u0103m v\u00e0 hi\u1ec7u su\u1ea5t n\u0103ng l\u01b0\u1ee3ng cao.<\/p>\n<ul>\n<li><strong>C\u1ea5u h\u00ecnh linh ho\u1ea1t<\/strong><\/li>\n<\/ul>\n<p>Nhi\u1ec1u m\u00f4-\u0111un pin c\u00f3 th\u1ec3 \u0111\u01b0\u1ee3c k\u1ebft n\u1ed1i song song \u0111\u1ec3 t\u0103ng c\u00f4ng su\u1ea5t v\u00e0 \u0111i\u1ec7n n\u0103ng.<\/p>\n<ul>\n<li><strong>Th\u00f4ng minh<\/strong><\/li>\n<\/ul>\n<p>T\u01b0\u01a1ng th\u00edch v\u1edbi bi\u1ebfn t\u1ea7n \u0111a th\u01b0\u01a1ng hi\u1ec7u giao ti\u1ebfp.<\/p>\n<ul>\n<li><strong>Th\u00e2n thi\u1ec7n v\u1edbi m\u00f4i tr\u01b0\u1eddng<\/strong><\/li>\n<\/ul>\n<p>D\u1ec5 l\u1eafp \u0111\u1eb7t, m\u00f4-\u0111un s\u1ea3n ph\u1ea9m an to\u00e0n, kh\u00f4ng \u00f4 nhi\u1ec5m.<\/p>\n<p><img decoding=\"async\" loading=\"lazy\" class=\"alignnone size-full wp-image-5040\" src=\"https:\/\/tpenergy.com.vn\/wp-content\/uploads\/2024\/07\/model-ELESHELL-10.2K.jpg\" alt=\"\" width=\"990\" height=\"470\" \/> <img decoding=\"async\" loading=\"lazy\" class=\"alignnone size-medium wp-image-5041\" src=\"https:\/\/tpenergy.com.vn\/wp-content\/uploads\/2024\/07\/giai-phap-dung-pin-autosolar.jpg\" alt=\"\" width=\"986\" height=\"518\" \/><\/p>\n<p dir=\"ltr\"><strong><a href=\"https:\/\/www.facebook.com\/DienMatTroi.SolarQuangBinh\">Thu\u1eadn Phong<\/a>\u00a0cung c\u1ea5p l\u1eafp \u0111\u1eb7t tr\u1ecdn g\u00f3i h\u1ec7 th\u1ed1ng \u0111i\u1ec7n m\u1eb7t tr\u1eddi g\u1ed3m:<\/strong><\/p>\n<p><strong>\u2013 Thi\u1ebft k\u1ebf, l\u1eadp d\u1ef1 \u00e1n \u0111\u1ea7u t\u01b0<\/strong><br \/>\n<strong>\u2013 Cung c\u1ea5p thi\u1ebft b\u1ecb<\/strong><br \/>\n<strong>\u2013 Thi c\u00f4ng c\u00f4ng tr\u00ecnh<\/strong><br \/>\n<strong>\u2013 B\u1ea3o tr\u00ec, b\u1ea3o d\u01b0\u1ee1ng<\/strong><\/p>\n<p>V\u1edbi s\u1ef1 n\u1ed7 l\u1ef1c, l\u00f2ng nhi\u1ec7t th\u00e0nh c\u1ed1ng hi\u1ebfn c\u1ee7a \u0111\u1ed9i ng\u0169 nh\u00e2n vi\u00ean c\u00f4ng ty, Thu\u1eadn Phong mong mu\u1ed1n \u0111\u01b0a th\u01b0\u01a1ng hi\u1ec7u trong c\u00e1c l\u0129nh v\u1ef1c ph\u00e2n ph\u1ed1i thi\u1ebft b\u1ecb, t\u01b0 v\u1ea5n thi\u1ebft k\u1ebf, l\u1eafp \u0111\u1eb7t v\u00e0 thi c\u00f4ng \u0111i\u1ec7n m\u1eb7t tr\u1eddi t\u1ea1i Vi\u1ec7t Nam, mang l\u1ea1i ni\u1ec1m tin cho nhi\u1ec1u kh\u00e1ch h\u00e0ng v\u00e0 \u0111\u1ed1i t\u00e1c l\u1edbn, truy\u1ec1n t\u1ea3i nh\u1eefng gi\u00e1 tr\u1ecb t\u1ed1t \u0111\u1eb9p v\u1ec1 m\u1ed9t th\u1ebf gi\u1edbi s\u1ea1ch v\u00e0 b\u1ec1n v\u1eefng, \u0111\u1ed3ng th\u1eddi thi\u1ebft l\u1eadp m\u1ed9t h\u1ec7 sinh th\u00e1i an to\u00e0n cho t\u01b0\u01a1ng lai.<\/p>\n<p>V\u00ec v\u1eady, n\u1ebfu b\u1ea1n l\u00e0 ch\u1ee7 d\u1ef1 \u00e1n c\u00f3 nhu c\u1ea7u s\u1eed d\u1ee5ng <strong>Pin lithium Bettenergy Eleshell-10.2K (51.2V\u2013200AH) <\/strong>ch\u1ea5t l\u01b0\u1ee3ng, h\u00e3y li\u00ean h\u1ec7 v\u1edbi Thu\u1eadn Phong qua hotline 0869.564.567 \u0111\u1ec3 l\u1ef1a ch\u1ecdn d\u00f2ng Pin l\u01b0u tr\u1eef chi ph\u00ed t\u1ed1t v\u00e0 uy t\u00edn t\u1ea1i th\u1ecb tr\u01b0\u1eddng Vi\u1ec7t Nam hi\u1ec7n nay nh\u00e9.<\/p>\n<div class=\"x9f619 x1n2onr6 x1ja2u2z\">\n<div class=\"x78zum5 xdt5ytf x1n2onr6 x1ja2u2z\">\n<div class=\"x78zum5 xdt5ytf x1n2onr6 xat3117 xxzkxad\">\n<div class=\"x78zum5 xdt5ytf x1t2pt76 x1n2onr6 x1ja2u2z x10cihs4\">\n<div class=\"x9f619 x2lah0s x1nhvcw1 x1qjc9v5 xozqiw3 x1q0g3np x78zum5 x1iyjqo2 x1t2pt76 x1n2onr6 x1ja2u2z x1h6rjhl\">\n<div class=\"x9f619 x1n2onr6 x1ja2u2z xdt5ytf x193iq5w xeuugli x1r8uery x1iyjqo2 xs83m0k x78zum5 x1t2pt76\" role=\"main\" aria-label=\"temp heading\">\n<div class=\"x78zum5 xdt5ytf x1iyjqo2 x1t2pt76 xeuugli x1n2onr6 x1ja2u2z\">\n<div class=\"x78zum5 xdt5ytf x1t2pt76\">\n<div class=\"x78zum5 xdt5ytf x1iyjqo2 x1t2pt76 xeuugli\">\n<div class=\"x78zum5 xdt5ytf x1t2pt76 x1n2onr6\" role=\"main\">\n<div class=\"x6s0dn4 x78zum5 xdt5ytf x193iq5w\">\n<div class=\"x9f619 x193iq5w x1talbiv x1sltb1f x3fxtfs x1swvt13 x1pi30zi xw7yly9\">\n<div class=\"x9f619 x1n2onr6 x1ja2u2z x2lah0s x1qjc9v5 x78zum5 x1q0g3np x1a02dak xl56j7k x9otpla x1n0m28w x1wsgfga xp7jhwk\">\n<div class=\"x9f619 x1n2onr6 x1ja2u2z xeuugli xs83m0k x1xmf6yo x1emribx x1e56ztr x1i64zmx xjl7jj x19h7ccj xu9j1y6 x7ep2pv\">\n<div>\n<div>\n<div class=\"x1yztbdb x1n2onr6 xh8yej3 x1ja2u2z\">\n<div class=\"x1n2onr6 x1ja2u2z\">\n<div class=\"\">\n<div class=\"\">\n<div class=\"x1a2a7pz\" role=\"article\" aria-posinset=\"8\" aria-describedby=\":r6ar: :r6as: :r6at: :r6av: :r6au:\" aria-labelledby=\":r6aq:\">\n<div class=\"x78zum5 xdt5ytf\">\n<div class=\"x9f619 x1n2onr6 x1ja2u2z\">\n<div class=\"x78zum5 x1n2onr6 xh8yej3\">\n<div class=\"x9f619 x1n2onr6 x1ja2u2z x1jx94hy x1qpq9i9 xdney7k xu5ydu1 xt3gfkd xh8yej3 x6ikm8r x10wlt62 xquyuld\">\n<div>\n<div>\n<div class=\"html-div xe8uvvx xdj266r x11i5rnm xat24cr x1mh8g0r xexx8yu x4uap5 x18d9i69 xkhd6sd\">\n<div>\n<div>\n<div class=\"\" dir=\"auto\">\n<div id=\":r6as:\" class=\"x1iorvi4 x1pi30zi x1l90r2v x1swvt13\" data-ad-comet-preview=\"message\" data-ad-preview=\"message\">\n<div class=\"x78zum5 xdt5ytf xz62fqu x16ldp7u\">\n<div class=\"xu06os2 x1ok221b\">\n<div class=\"x11i5rnm xat24cr x1mh8g0r x1vvkbs xtlvy1s x126k92a\">\n<div dir=\"auto\">\u2014\u2014\u2014\u2014\u2014\u2014\u2014\u2014\u2014\u2014\u2014\u2013<\/div>\n<div dir=\"auto\">CH\u1eccN THU\u1eacN PHONG \u2013 CH\u1eccN S\u1ef0 AN T\u00c2M<\/div>\n<ul>\n<li dir=\"auto\">Hotline: 0869.564.567<\/li>\n<li dir=\"auto\">K\u1ef9 thu\u1eadt: Mr D\u0169ng 0899768777<\/li>\n<li dir=\"auto\">Tr\u1ee5 s\u1edf ch\u00ednh: 30 Nguy\u1ec5n H\u1eefu D\u1eadt, ph\u01b0\u1eddng Nam L\u00fd, th\u00e0nh ph\u1ed1 \u0110\u1ed3ng H\u1edbi, t\u1ec9nh Qu\u1ea3ng B\u00ecnh,Vi\u1ec7t Nam<\/li>\n<li dir=\"auto\">Tr\u1ee5 s\u1edf H\u00e0 N\u1ed9i: Nh\u00e0 ph\u1ed1 th\u01b0\u01a1ng m\u1ea1i Khai S\u01a1n Town s\u1ed118 thu\u1ed9c Town 7, khu \u0111\u00f4 th\u1ecb Khai S\u01a1n City, Ph\u01b0\u1eddng Th\u01b0\u1ee3ng Thanh, Qu\u1eadn Long Bi\u00ean, TP H\u00e0 N\u1ed9i<\/li>\n<li dir=\"auto\">Email: solarquangbinh@gmail.com<\/li>\n<li dir=\"auto\">Website: <a class=\"x1i10hfl xjbqb8w x1ejq31n xd10rxx x1sy0etr x17r0tee x972fbf xcfux6l x1qhh985 xm0m39n x9f619 x1ypdohk xt0psk2 xe8uvvx xdj266r x11i5rnm xat24cr x1mh8g0r xexx8yu x4uap5 x18d9i69 xkhd6sd x16tdsg8 x1hl2dhg xggy1nq x1a2a7pz xt0b8zv x1fey0fg\" tabindex=\"0\" role=\"link\" href=\"https:\/\/l.facebook.com\/l.php?u=https%3A%2F%2Ftpenergy.com.vn%2F%3Ffbclid%3DIwAR1Yk65BxQiz8uTiJR8kQda9ubGwH0YfX1WjDckOuU3TCihQkzbJpaE1UkQ_aem_Abwm458YHuHwid76Y95Z1G-sExSsXQpjSlES-AVM0uRory5O2WBkK45AZsqcSH04ezHcVfoRGpYhvQXMuGV6linJ&amp;h=AT0EfkxD8FJww4DwH8WFEvjBGv9i4Khs_HivGsTE7d1H55ore357yJ_ygBYV5j86Qr3gmtmWo0PgpdBc6LAIUrRB8NQ-ksg-lw-WPt2w-QcTUszumpZYzRzNoQXyOkGrIXOJ&amp;__tn__=-UK-R&amp;c[0]=AT2F0A169zZhpw8xp_j2RHiqbhIdCESRhjhLnLTosFESbl96tIrPxbUDtQVDSQQujyXlv6rcd6hWA8xclbPELZ94I5eoAQHPLJXahSFgs4BmlcajFJLP7mLM5K6dWkhGYxDnvOcs8mT88UMZvOAQbc3imlqPKd8ohl9PRVhLdTMgcC47d5IS7g5axBBlGzQLgXMGumNWpqm2\" target=\"_blank\" rel=\"nofollow noopener noreferrer\">https:\/\/tpenergy.com.vn\/<\/a><\/li>\n<li dir=\"auto\">Shopee: <a class=\"x1i10hfl xjbqb8w x1ejq31n xd10rxx x1sy0etr x17r0tee x972fbf xcfux6l x1qhh985 xm0m39n x9f619 x1ypdohk xt0psk2 xe8uvvx xdj266r x11i5rnm xat24cr x1mh8g0r xexx8yu x4uap5 x18d9i69 xkhd6sd x16tdsg8 x1hl2dhg xggy1nq x1a2a7pz xt0b8zv x1fey0fg\" tabindex=\"0\" role=\"link\" href=\"https:\/\/l.facebook.com\/l.php?u=https%3A%2F%2Fshopee.vn%2Fsolarquangbinh%3Ffbclid%3DIwAR0s9KAlg-iOJGA0_vRkelh6BPF__Yfe4eg2BrBtFIVWRuBSgcFYMHetR5Q_aem_AbyaaGWeOiyN88iX_ywnjY_dgrzy86wH-jd2FsDdYkeAFJeBRXG0v4q5lJ-TknfVRw9A2oEqn3idxB0MDdx8mWTG&amp;h=AT0kdMO8bR0hJqpsi9PE9e55aRTA3AisvB_T6fhnPb6zsaheTaS4eiMVdsdCjG6nKL1bFR0tNn_jkFczoEPXhgGKAPGNC6WCvjsSFndMXpvK95O673jMks5RTlsxzD2W-GBV&amp;__tn__=-UK-R&amp;c[0]=AT2F0A169zZhpw8xp_j2RHiqbhIdCESRhjhLnLTosFESbl96tIrPxbUDtQVDSQQujyXlv6rcd6hWA8xclbPELZ94I5eoAQHPLJXahSFgs4BmlcajFJLP7mLM5K6dWkhGYxDnvOcs8mT88UMZvOAQbc3imlqPKd8ohl9PRVhLdTMgcC47d5IS7g5axBBlGzQLgXMGumNWpqm2\" target=\"_blank\" rel=\"nofollow noopener noreferrer\">https:\/\/shopee.vn\/solarquangbinh<\/a><\/li>\n<li dir=\"auto\">Lazada: <a class=\"x1i10hfl xjbqb8w x1ejq31n xd10rxx x1sy0etr x17r0tee x972fbf xcfux6l x1qhh985 xm0m39n x9f619 x1ypdohk xt0psk2 xe8uvvx xdj266r x11i5rnm xat24cr x1mh8g0r xexx8yu x4uap5 x18d9i69 xkhd6sd x16tdsg8 x1hl2dhg xggy1nq x1a2a7pz xt0b8zv x1fey0fg\" tabindex=\"0\" role=\"link\" href=\"https:\/\/l.facebook.com\/l.php?u=https%3A%2F%2Fwww.lazada.vn%2Fshop%2Fthuan-phong-electric%2F-%3Ffbclid%3DIwAR1Dqvi1JlStFkf76usfEgrX0sdgaDsLlAxnf6TW2P3IdtlBEaM9IuF1t1k_aem_AbxChIfm4suvVKsrvONSSgvB6rYnqx_7850Xn8Bjp3sT5Li1sl8wW6_fJOAibg5DA-9qNGk4vC8AGgYV5WP3P_Il&amp;h=AT2_3FmrtpjkjO1IcnWuFqOe4iRJjV6q0Ye5w21cBOAuVFP6nWVFR74K5Vv3SoGglc3eOSVvmT7RKxCShGo727ggnTyw__cEoJJPyWjaDJEtbFABiXByGPXSp06ViWbA6fBO&amp;__tn__=-UK-R&amp;c[0]=AT2F0A169zZhpw8xp_j2RHiqbhIdCESRhjhLnLTosFESbl96tIrPxbUDtQVDSQQujyXlv6rcd6hWA8xclbPELZ94I5eoAQHPLJXahSFgs4BmlcajFJLP7mLM5K6dWkhGYxDnvOcs8mT88UMZvOAQbc3imlqPKd8ohl9PRVhLdTMgcC47d5IS7g5axBBlGzQLgXMGumNWpqm2\" target=\"_blank\" rel=\"nofollow noopener noreferrer\">https:\/\/www.lazada.vn\/shop\/thuan-phong-electric\/-<\/a><\/li>\n<\/ul>\n<\/div>\n<\/div>\n<\/div>\n<\/div>\n<\/div>\n<\/div>\n<\/div>\n<\/div>\n<\/div>\n<\/div>\n<\/div>\n<\/div>\n<\/div>\n<\/div>\n<\/div>\n<\/div>\n<\/div>\n<\/div>\n<\/div>\n<\/div>\n<\/div>\n<\/div>\n<\/div>\n<\/div>\n<\/div>\n<\/div>\n<\/div>\n<\/div>\n<\/div>\n<\/div>\n<\/div>\n<\/div>\n<\/div>\n<\/div>\n<\/div>\n","protected":false},"excerpt":{"rendered":"<p>Th\u00f4ng s\u1ed1 s\u1ea3n ph\u1ea9m:<\/p>\n<table>\n<tbody>\n<tr>\n<td colspan=\"1\" rowspan=\"1\">\n<div>\n<div>C\u00f4ng su\u1ea5t n\u0103ng l\u01b0\u1ee3ng danh \u0111\u1ecbnh (Wh)<\/div>\n<\/div>\n<\/td>\n<td colspan=\"1\" rowspan=\"1\">\n<div>\n<div>10200<\/div>\n<\/div>\n<\/td>\n<\/tr>\n<tr>\n<td colspan=\"1\" rowspan=\"1\">\n<div>\n<div>\u0110i\u1ec7n \u00e1p danh \u0111\u1ecbnh (V)<\/div>\n<\/div>\n<\/td>\n<td colspan=\"1\" rowspan=\"1\">\n<div>\n<div>51.2<\/div>\n<\/div>\n<\/td>\n<\/tr>\n<tr>\n<td colspan=\"1\" rowspan=\"1\">\n<div>\n<div>\u00a0Ph\u1ea1m vi \u0111i\u1ec7n \u00e1p ho\u1ea1t \u0111\u1ed9ng<\/div>\n<\/div>\n<\/td>\n<td colspan=\"1\" rowspan=\"1\">\n<div>\n<div>48-57<\/div>\n<\/div>\n<\/td>\n<\/tr>\n<tr>\n<td colspan=\"1\" rowspan=\"1\">\n<div>\n<div>D\u00f2ng \u0111i\u1ec7n s\u1ea1c t\u1ed1i \u0111a(A)<\/div>\n<\/div>\n<\/td>\n<td colspan=\"1\" rowspan=\"1\">\n<div>\n<div>100<\/div>\n<\/div>\n<\/td>\n<\/tr>\n<tr>\n<td colspan=\"1\" rowspan=\"1\">\n<div>\n<div>D\u00f2ng \u0111i\u1ec7n x\u1ea3 t\u1ed1i \u0111a(A)<\/div>\n<\/div>\n<\/td>\n<td colspan=\"1\" rowspan=\"1\">\n<div>\n<div>100<\/div>\n<\/div>\n<\/td>\n<\/tr>\n<tr>\n<td colspan=\"1\" rowspan=\"1\">\n<div>\n<div>D\u00f2ng \u0111i\u1ec7n s\u1ea1c li\u00ean t\u1ee5c (A)<\/div>\n<\/div>\n<\/td>\n<td colspan=\"1\" rowspan=\"1\">\n<div>\n<div>100<\/div>\n<\/div>\n<\/td>\n<\/tr>\n<tr>\n<td colspan=\"1\" rowspan=\"1\">\n<div>\n<div>D\u00f2ng \u0111i\u1ec7n x\u1ea3 li\u00ean t\u1ee5c(A)<\/div>\n<\/div>\n<\/td>\n<td colspan=\"1\" rowspan=\"1\">\n<div>\n<div>100<\/div>\n<\/div>\n<\/td>\n<\/tr>\n<tr>\n<td colspan=\"1\" rowspan=\"1\">\n<div>\n<div>Chi\u1ec1u s\u00e2u x\u1ea3 (%)<\/div>\n<\/div>\n<\/td>\n<td colspan=\"1\" rowspan=\"1\">\n<div>\n<div>80<\/div>\n<\/div>\n<\/td>\n<\/tr>\n<tr>\n<td colspan=\"1\" rowspan=\"1\">\n<div>\n<div>V\u1eadt li\u1ec7u pin<\/div>\n<\/div>\n<\/td>\n<td colspan=\"1\" rowspan=\"1\">\n<div>\n<div>Lithium(LiFePO4)<\/div>\n<\/div>\n<\/td>\n<\/tr>\n<\/tbody>\n<\/table>\n<p>B\u1ea3o h\u00e0nh: 10 n\u0103m<\/p>\n","protected":false},"featured_media":6529,"template":"","meta":[],"product_cat":[1072],"product_tag":[],"yoast_head":"<!-- This site is optimized with the Yoast SEO plugin v20.6 - https:\/\/yoast.com\/wordpress\/plugins\/seo\/ -->\r\n<title>Pin lithium Bettenergy Eleshell-10.2K (51.2V\u2013200AH) - Solar Qu\u1ea3ng B\u00ecnh chuy\u00ean gi\u1ea3i ph\u00e1p v\u00e0 cung c\u1ea5p h\u1ec7 th\u1ed1ng \u0111i\u1ec7n m\u1eb7t tr\u1eddi h\u00f2a l\u01b0\u1edbi v\u00e0 l\u01b0u tr\u1eef t\u1ea1i Qu\u1ea3ng B\u00ecnh<\/title>\r\n<meta name=\"robots\" content=\"index, follow, max-snippet:-1, max-image-preview:large, max-video-preview:-1\" \/>\r\n<link rel=\"canonical\" href=\"https:\/\/solarquangbinh.com\/?product=pin-lithium-bettenergy-eleshell-10-2k-51-2v-200ah\" \/>\r\n<meta property=\"og:locale\" content=\"vi_VN\" \/>\r\n<meta property=\"og:type\" content=\"article\" \/>\r\n<meta property=\"og:title\" content=\"Pin lithium Bettenergy Eleshell-10.2K (51.2V\u2013200AH) - Solar Qu\u1ea3ng B\u00ecnh chuy\u00ean gi\u1ea3i ph\u00e1p v\u00e0 cung c\u1ea5p h\u1ec7 th\u1ed1ng \u0111i\u1ec7n m\u1eb7t tr\u1eddi h\u00f2a l\u01b0\u1edbi v\u00e0 l\u01b0u tr\u1eef t\u1ea1i Qu\u1ea3ng B\u00ecnh\" \/>\r\n<meta property=\"og:description\" content=\"Th\u00f4ng s\u1ed1 s\u1ea3n ph\u1ea9m:      C\u00f4ng su\u1ea5t n\u0103ng l\u01b0\u1ee3ng danh \u0111\u1ecbnh (Wh)    10200      \u0110i\u1ec7n \u00e1p danh \u0111\u1ecbnh (V)    51.2      \u00a0Ph\u1ea1m vi \u0111i\u1ec7n \u00e1p ho\u1ea1t \u0111\u1ed9ng    48-57      D\u00f2ng \u0111i\u1ec7n s\u1ea1c t\u1ed1i \u0111a(A)    100      D\u00f2ng \u0111i\u1ec7n x\u1ea3 t\u1ed1i \u0111a(A)    100      D\u00f2ng \u0111i\u1ec7n s\u1ea1c li\u00ean t\u1ee5c (A)    100      D\u00f2ng \u0111i\u1ec7n x\u1ea3 li\u00ean t\u1ee5c(A)    100      Chi\u1ec1u s\u00e2u x\u1ea3 (%)    80      V\u1eadt li\u1ec7u pin    Lithium(LiFePO4)     B\u1ea3o h\u00e0nh: 10 n\u0103m\" \/>\r\n<meta property=\"og:url\" content=\"https:\/\/solarquangbinh.com\/?product=pin-lithium-bettenergy-eleshell-10-2k-51-2v-200ah\" \/>\r\n<meta property=\"og:site_name\" content=\"Solar Qu\u1ea3ng B\u00ecnh chuy\u00ean gi\u1ea3i ph\u00e1p v\u00e0 cung c\u1ea5p h\u1ec7 th\u1ed1ng \u0111i\u1ec7n m\u1eb7t tr\u1eddi h\u00f2a l\u01b0\u1edbi v\u00e0 l\u01b0u tr\u1eef t\u1ea1i Qu\u1ea3ng B\u00ecnh\" \/>\r\n<meta property=\"article:modified_time\" content=\"2024-07-31T02:36:25+00:00\" \/>\r\n<meta property=\"og:image\" content=\"https:\/\/tpenergy.com.vn\/wp-content\/uploads\/2024\/07\/model-ELESHELL-10.2K.jpg\" \/>\r\n<meta name=\"twitter:card\" content=\"summary_large_image\" \/>\r\n<meta name=\"twitter:label1\" content=\"\u01af\u1edbc t\u00ednh th\u1eddi gian \u0111\u1ecdc\" \/>\n\t<meta name=\"twitter:data1\" content=\"3 ph\u00fat\" \/>\r\n<script type=\"application\/ld+json\" class=\"yoast-schema-graph\">{\"@context\":\"https:\/\/schema.org\",\"@graph\":[{\"@type\":\"WebPage\",\"@id\":\"https:\/\/solarquangbinh.com\/?product=pin-lithium-bettenergy-eleshell-10-2k-51-2v-200ah\",\"url\":\"https:\/\/solarquangbinh.com\/?product=pin-lithium-bettenergy-eleshell-10-2k-51-2v-200ah\",\"name\":\"Pin lithium Bettenergy Eleshell-10.2K (51.2V\u2013200AH) - Solar Qu\u1ea3ng B\u00ecnh chuy\u00ean gi\u1ea3i ph\u00e1p v\u00e0 cung c\u1ea5p h\u1ec7 th\u1ed1ng \u0111i\u1ec7n m\u1eb7t tr\u1eddi h\u00f2a l\u01b0\u1edbi v\u00e0 l\u01b0u tr\u1eef t\u1ea1i Qu\u1ea3ng B\u00ecnh\",\"isPartOf\":{\"@id\":\"https:\/\/solarquangbinh.com\/#website\"},\"datePublished\":\"2024-07-31T02:36:18+00:00\",\"dateModified\":\"2024-07-31T02:36:25+00:00\",\"breadcrumb\":{\"@id\":\"https:\/\/solarquangbinh.com\/?product=pin-lithium-bettenergy-eleshell-10-2k-51-2v-200ah#breadcrumb\"},\"inLanguage\":\"vi\",\"potentialAction\":[{\"@type\":\"ReadAction\",\"target\":[\"https:\/\/solarquangbinh.com\/?product=pin-lithium-bettenergy-eleshell-10-2k-51-2v-200ah\"]}]},{\"@type\":\"BreadcrumbList\",\"@id\":\"https:\/\/solarquangbinh.com\/?product=pin-lithium-bettenergy-eleshell-10-2k-51-2v-200ah#breadcrumb\",\"itemListElement\":[{\"@type\":\"ListItem\",\"position\":1,\"name\":\"Trang ch\u1ee7\",\"item\":\"https:\/\/solarquangbinh.com\/\"},{\"@type\":\"ListItem\",\"position\":2,\"name\":\"S\u1ea3n ph\u1ea9m\",\"item\":\"https:\/\/solarquangbinh.com\/?page_id=20\"},{\"@type\":\"ListItem\",\"position\":3,\"name\":\"Pin lithium Bettenergy Eleshell-10.2K (51.2V\u2013200AH)\"}]},{\"@type\":\"WebSite\",\"@id\":\"https:\/\/solarquangbinh.com\/#website\",\"url\":\"https:\/\/solarquangbinh.com\/\",\"name\":\"Solar Qu\u1ea3ng B\u00ecnh chuy\u00ean gi\u1ea3i ph\u00e1p v\u00e0 cung c\u1ea5p h\u1ec7 th\u1ed1ng \u0111i\u1ec7n m\u1eb7t tr\u1eddi h\u00f2a l\u01b0\u1edbi v\u00e0 l\u01b0u tr\u1eef t\u1ea1i Qu\u1ea3ng B\u00ecnh\",\"description\":\"\u0110i\u1ec7n n\u0103ng l\u01b0\u1ee3ng m\u1eb7t tr\u1eddi Qu\u1ea3ng B\u00ecnh, Solar Quang Binh, Solar Qu\u1ea3ng B\u00ecnh chuy\u00ean cung c\u1ea5p h\u1ec7 th\u1ed1ng \u0111i\u1ec7n m\u1eb7t tr\u1eddi h\u00f2a l\u01b0\u1edbi v\u00e0 l\u01b0u tr\u1eef, pin n\u0103ng l\u01b0\u1ee3ng m\u1eb7t tr\u1eddi, Solar Quang Binh\",\"potentialAction\":[{\"@type\":\"SearchAction\",\"target\":{\"@type\":\"EntryPoint\",\"urlTemplate\":\"https:\/\/solarquangbinh.com\/?s={search_term_string}\"},\"query-input\":\"required name=search_term_string\"}],\"inLanguage\":\"vi\"}]}<\/script>\r\n<!-- \/ Yoast SEO plugin. -->","yoast_head_json":{"title":"Pin lithium Bettenergy Eleshell-10.2K (51.2V\u2013200AH) - Solar Qu\u1ea3ng B\u00ecnh chuy\u00ean gi\u1ea3i ph\u00e1p v\u00e0 cung c\u1ea5p h\u1ec7 th\u1ed1ng \u0111i\u1ec7n m\u1eb7t tr\u1eddi h\u00f2a l\u01b0\u1edbi v\u00e0 l\u01b0u tr\u1eef t\u1ea1i Qu\u1ea3ng B\u00ecnh","robots":{"index":"index","follow":"follow","max-snippet":"max-snippet:-1","max-image-preview":"max-image-preview:large","max-video-preview":"max-video-preview:-1"},"canonical":"https:\/\/solarquangbinh.com\/?product=pin-lithium-bettenergy-eleshell-10-2k-51-2v-200ah","og_locale":"vi_VN","og_type":"article","og_title":"Pin lithium Bettenergy Eleshell-10.2K (51.2V\u2013200AH) - Solar Qu\u1ea3ng B\u00ecnh chuy\u00ean gi\u1ea3i ph\u00e1p v\u00e0 cung c\u1ea5p h\u1ec7 th\u1ed1ng \u0111i\u1ec7n m\u1eb7t tr\u1eddi h\u00f2a l\u01b0\u1edbi v\u00e0 l\u01b0u tr\u1eef t\u1ea1i Qu\u1ea3ng B\u00ecnh","og_description":"Th\u00f4ng s\u1ed1 s\u1ea3n ph\u1ea9m:      C\u00f4ng su\u1ea5t n\u0103ng l\u01b0\u1ee3ng danh \u0111\u1ecbnh (Wh)    10200      \u0110i\u1ec7n \u00e1p danh \u0111\u1ecbnh (V)    51.2      \u00a0Ph\u1ea1m vi \u0111i\u1ec7n \u00e1p ho\u1ea1t \u0111\u1ed9ng    48-57      D\u00f2ng \u0111i\u1ec7n s\u1ea1c t\u1ed1i \u0111a(A)    100      D\u00f2ng \u0111i\u1ec7n x\u1ea3 t\u1ed1i \u0111a(A)    100      D\u00f2ng \u0111i\u1ec7n s\u1ea1c li\u00ean t\u1ee5c (A)    100      D\u00f2ng \u0111i\u1ec7n x\u1ea3 li\u00ean t\u1ee5c(A)    100      Chi\u1ec1u s\u00e2u x\u1ea3 (%)    80      V\u1eadt li\u1ec7u pin    Lithium(LiFePO4)     B\u1ea3o h\u00e0nh: 10 n\u0103m","og_url":"https:\/\/solarquangbinh.com\/?product=pin-lithium-bettenergy-eleshell-10-2k-51-2v-200ah","og_site_name":"Solar Qu\u1ea3ng B\u00ecnh chuy\u00ean gi\u1ea3i ph\u00e1p v\u00e0 cung c\u1ea5p h\u1ec7 th\u1ed1ng \u0111i\u1ec7n m\u1eb7t tr\u1eddi h\u00f2a l\u01b0\u1edbi v\u00e0 l\u01b0u tr\u1eef t\u1ea1i Qu\u1ea3ng B\u00ecnh","article_modified_time":"2024-07-31T02:36:25+00:00","og_image":[{"url":"https:\/\/tpenergy.com.vn\/wp-content\/uploads\/2024\/07\/model-ELESHELL-10.2K.jpg"}],"twitter_card":"summary_large_image","twitter_misc":{"\u01af\u1edbc t\u00ednh th\u1eddi gian \u0111\u1ecdc":"3 ph\u00fat"},"schema":{"@context":"https:\/\/schema.org","@graph":[{"@type":"WebPage","@id":"https:\/\/solarquangbinh.com\/?product=pin-lithium-bettenergy-eleshell-10-2k-51-2v-200ah","url":"https:\/\/solarquangbinh.com\/?product=pin-lithium-bettenergy-eleshell-10-2k-51-2v-200ah","name":"Pin lithium Bettenergy Eleshell-10.2K (51.2V\u2013200AH) - Solar Qu\u1ea3ng B\u00ecnh chuy\u00ean gi\u1ea3i ph\u00e1p v\u00e0 cung c\u1ea5p h\u1ec7 th\u1ed1ng \u0111i\u1ec7n m\u1eb7t tr\u1eddi h\u00f2a l\u01b0\u1edbi v\u00e0 l\u01b0u tr\u1eef t\u1ea1i Qu\u1ea3ng B\u00ecnh","isPartOf":{"@id":"https:\/\/solarquangbinh.com\/#website"},"datePublished":"2024-07-31T02:36:18+00:00","dateModified":"2024-07-31T02:36:25+00:00","breadcrumb":{"@id":"https:\/\/solarquangbinh.com\/?product=pin-lithium-bettenergy-eleshell-10-2k-51-2v-200ah#breadcrumb"},"inLanguage":"vi","potentialAction":[{"@type":"ReadAction","target":["https:\/\/solarquangbinh.com\/?product=pin-lithium-bettenergy-eleshell-10-2k-51-2v-200ah"]}]},{"@type":"BreadcrumbList","@id":"https:\/\/solarquangbinh.com\/?product=pin-lithium-bettenergy-eleshell-10-2k-51-2v-200ah#breadcrumb","itemListElement":[{"@type":"ListItem","position":1,"name":"Trang ch\u1ee7","item":"https:\/\/solarquangbinh.com\/"},{"@type":"ListItem","position":2,"name":"S\u1ea3n ph\u1ea9m","item":"https:\/\/solarquangbinh.com\/?page_id=20"},{"@type":"ListItem","position":3,"name":"Pin lithium Bettenergy Eleshell-10.2K (51.2V\u2013200AH)"}]},{"@type":"WebSite","@id":"https:\/\/solarquangbinh.com\/#website","url":"https:\/\/solarquangbinh.com\/","name":"Solar Qu\u1ea3ng B\u00ecnh chuy\u00ean gi\u1ea3i ph\u00e1p v\u00e0 cung c\u1ea5p h\u1ec7 th\u1ed1ng \u0111i\u1ec7n m\u1eb7t tr\u1eddi h\u00f2a l\u01b0\u1edbi v\u00e0 l\u01b0u tr\u1eef t\u1ea1i Qu\u1ea3ng B\u00ecnh","description":"\u0110i\u1ec7n n\u0103ng l\u01b0\u1ee3ng m\u1eb7t tr\u1eddi Qu\u1ea3ng B\u00ecnh, Solar Quang Binh, Solar Qu\u1ea3ng B\u00ecnh chuy\u00ean cung c\u1ea5p h\u1ec7 th\u1ed1ng \u0111i\u1ec7n m\u1eb7t tr\u1eddi h\u00f2a l\u01b0\u1edbi v\u00e0 l\u01b0u tr\u1eef, pin n\u0103ng l\u01b0\u1ee3ng m\u1eb7t tr\u1eddi, Solar Quang Binh","potentialAction":[{"@type":"SearchAction","target":{"@type":"EntryPoint","urlTemplate":"https:\/\/solarquangbinh.com\/?s={search_term_string}"},"query-input":"required name=search_term_string"}],"inLanguage":"vi"}]}},"_links":{"self":[{"href":"https:\/\/solarquangbinh.com\/index.php?rest_route=\/wp\/v3\/product\/7124"}],"collection":[{"href":"https:\/\/solarquangbinh.com\/index.php?rest_route=\/wp\/v3\/product"}],"about":[{"href":"https:\/\/solarquangbinh.com\/index.php?rest_route=\/wp\/v2\/types\/product"}],"wp:featuredmedia":[{"embeddable":true,"href":"https:\/\/solarquangbinh.com\/index.php?rest_route=\/wp\/v2\/media\/6529"}],"wp:attachment":[{"href":"https:\/\/solarquangbinh.com\/index.php?rest_route=%2Fwp%2Fv2%2Fmedia&parent=7124"}],"wp:term":[{"taxonomy":"product_cat","embeddable":true,"href":"https:\/\/solarquangbinh.com\/index.php?rest_route=%2Fwp%2Fv2%2Fproduct_cat&post=7124"},{"taxonomy":"product_tag","embeddable":true,"href":"https:\/\/solarquangbinh.com\/index.php?rest_route=%2Fwp%2Fv2%2Fproduct_tag&post=7124"}],"curies":[{"name":"wp","href":"https:\/\/api.w.org\/{rel}","templated":true}]}}