{"id":7150,"date":"2024-10-23T16:35:19","date_gmt":"2024-10-23T09:35:19","guid":{"rendered":"https:\/\/solarquangbinh.com\/?post_type=product&#038;p=7150"},"modified":"2024-10-23T16:37:59","modified_gmt":"2024-10-23T09:37:59","slug":"tam-pin-nlmt-longi-bifacial-lr5-72hbd-545w-3","status":"publish","type":"product","link":"https:\/\/solarquangbinh.com\/?product=tam-pin-nlmt-longi-bifacial-lr5-72hbd-545w-3","title":{"rendered":"T\u1ea5m Pin NLMT LONGI Bifacial LR5-72HBD 545W"},"content":{"rendered":"<h3>V\u1ec0 C\u00d4NG TY:<\/h3>\n<h3>Th\u00e0nh l\u1eadp t\u1eeb n\u0103m 2000, LONGi lu\u00f4n c\u1ed1 g\u1eafng \u0111i \u0111\u1ea7u trong ng\u00e0nh c\u00f4ng nghi\u1ec7p n\u0103ng l\u01b0\u1ee3ng m\u1eb7t tr\u1eddi \u0111\u1ec3 n\u00e2ng ng\u00e0nh l\u00ean m\u1ed9t t\u1ea7m cao m\u1edbi v\u1edbi nh\u1eefng c\u1ea3i ti\u1ebfn s\u1ea3n ph\u1ea9m v\u00e0 t\u1ef7 l\u1ec7 chi ph\u00ed \u0111i\u1ec7n n\u0103ng t\u1ed1i \u01b0u h\u00f3a cho kh\u00e1ch h\u00e0ng. LONGi \u0111\u00e3 cung c\u1ea5p h\u01a1n 30GW c\u00e1c t\u1ea5m v\u00e0 c\u00e1c thi\u1ebft b\u1ecb n\u0103ng n\u0103ng l\u01b0\u1ee3ng m\u1eb7t tr\u1eddi hi\u1ec7u qu\u1ea3 cao tr\u00ean to\u00e0n th\u1ebf gi\u1edbi m\u1ed7i n\u0103m, kho\u1ea3ng m\u1ed9t ph\u1ea7n t\u01b0 nhu c\u1ea7u th\u1ecb tr\u01b0\u1eddng to\u00e0n c\u1ea7u. LONGi \u0111\u01b0\u1ee3c c\u00f4ng nh\u1eadn l\u00e0 c\u00f4ng ty c\u00f4ng ngh\u1ec7 n\u0103ng l\u01b0\u1ee3ng m\u1eb7t tr\u1eddi c\u00f3 gi\u00e1 tr\u1ecb nh\u1ea5t v\u00e0 lu\u00f4n c\u00f3 tinh th\u1ea7n \u0111\u1ed5i m\u1edbi v\u00e0 ph\u00e1t tri\u1ec3n b\u1ec1n v\u1eefng.<\/h3>\n<h3>S\u1ee8 M\u1ec6NH C\u1ee6A C\u00d4NG TY:<\/h3>\n<h3>&#8211; T\u1eadn d\u1ee5ng n\u0103ng l\u01b0\u1ee3ng m\u1eb7t tr\u1eddi, cung c\u1ea5p n\u0103ng l\u01b0\u1ee3ng cho th\u1ebf gi\u1edbi xanh s\u1ea1ch!<\/h3>\n<h3>&#8211; LONGi lu\u00f4n \u0111i \u0111\u1ea7u v\u00e0 duy tr\u00ec s\u1ea3n xu\u1ea5t c\u00e1c s\u1ea3n ph\u1ea9m n\u0103ng l\u01b0\u1ee3ng m\u1eb7t tr\u1eddi \u0111\u1ec3 mang l\u1ea1i hi\u1ec7u qu\u1ea3 cao h\u01a1n v\u00e0 t\u1ed1t h\u01a1n cho ng\u00e0nh c\u00f4ng nghi\u1ec7p quang \u0111i\u1ec7n to\u00e0n c\u1ea7u.<\/h3>\n<h3>&#8211; LONGi lu\u00f4n l\u00e0 \u0111\u1ed1i t\u00e1c trung th\u00e0nh c\u1ee7a ng\u00e0nh c\u00f4ng nghi\u1ec7p quang \u0111i\u1ec7n, t\u1ea1o ra gi\u00e1 tr\u1ecb l\u1edbn h\u01a1n cho vi\u1ec7c \u0111\u1ea7u t\u01b0 c\u1ee7a kh\u00e1ch h\u00e0ng.<\/h3>\n<h3>&#8211; LONGi lu\u00f4n c\u1ed1ng hi\u1ebfn \u0111\u1ec3 th\u00fac \u0111\u1ea9y s\u1ef1 ph\u00e1t tri\u1ec3n c\u1ee7a ng\u00e0nh c\u00f4ng nghi\u1ec7p quang \u0111i\u1ec7n, t\u1ea1o s\u1ee9c m\u1ea1nh cho m\u1ed9t th\u1ebf gi\u1edbi xanh c\u0169ng nh\u01b0 c\u00e1c th\u1ebf h\u1ec7 t\u01b0\u01a1ng lai.<\/h3>\n","protected":false},"excerpt":{"rendered":"<h3>Pin n\u0103ng l\u01b0\u1ee3ng m\u1eb7t tr\u1eddi LONGI 545W<\/h3>\n<h3>&#8211; H\u00e3ng s\u1ea3n xu\u1ea5t LONGI (Trung Qu\u1ed1c)\u00a0LONGI LR5-72HBD\u00a0545W<\/h3>\n<h3>&#8211; C\u00f4ng su\u1ea5t: 545Wp\/t\u1ea5m<\/h3>\n<h3>&#8211; Lo\u1ea1i: Mono 2 m\u1eb7t k\u00ednh<\/h3>\n<h3>&#8211; S\u1ed1 Cell: 144 (6&#215;24)<\/h3>\n<h3>&#8211; Kh\u1ed1i l\u01b0\u1ee3ng : 32.3kg\/t\u1ea5m<\/h3>\n<h3>&#8211; Hi\u1ec7u su\u1ea5t: 21~21,5%<\/h3>\n<h3>&#8211; Pin \u0111\u1ea1t c\u00e1c ti\u00eau chu\u1ea9n: IP68<\/h3>\n<h3>&#8211; K\u00edch th\u01b0\u1edbc: 2256x1133x35 mm<\/h3>\n<h3>&#8211; S\u1ea3n ph\u1ea9m \u0111\u01b0\u1ee3c b\u1ea3o h\u00e0nh: 12 n\u0103m<\/h3>\n<p>Xu\u1ea5t x\u1ee9:\u00a0<strong>TRUNG QU\u1ed0C<\/strong><\/p>\n<h3><strong><i class=\"fa fa-download \" ><\/i> Download<\/strong><\/h3>\n<h3><a href=\"https:\/\/tpenergy.com.vn\/wp-content\/uploads\/2023\/08\/6.-LGiLEPM-T-PMD-059-F108-LR5-72HBD-530-550M35-3015Frame-V17.pdf\"><img decoding=\"async\" loading=\"lazy\" class=\"alignnone size-full wp-image-3072\" src=\"https:\/\/tpenergy.com.vn\/wp-content\/uploads\/2023\/08\/datta.png\" alt=\"\" width=\"136\" height=\"39\" \/><\/a><\/h3>\n","protected":false},"featured_media":5948,"template":"","meta":[],"product_cat":[721],"product_tag":[],"yoast_head":"<!-- This site is optimized with the Yoast SEO plugin v20.6 - https:\/\/yoast.com\/wordpress\/plugins\/seo\/ -->\r\n<title>T\u1ea5m Pin NLMT LONGI Bifacial LR5-72HBD 545W - Solar Qu\u1ea3ng B\u00ecnh chuy\u00ean gi\u1ea3i ph\u00e1p v\u00e0 cung c\u1ea5p h\u1ec7 th\u1ed1ng \u0111i\u1ec7n m\u1eb7t tr\u1eddi h\u00f2a l\u01b0\u1edbi v\u00e0 l\u01b0u tr\u1eef t\u1ea1i Qu\u1ea3ng B\u00ecnh<\/title>\r\n<meta name=\"description\" content=\"Pin n\u0103ng l\u01b0\u1ee3ng m\u1eb7t tr\u1eddi LONGI 545W. - H\u00e3ng s\u1ea3n xu\u1ea5t LONGI (Trung Qu\u1ed1c) LONGI LR5-72HPH 545W. - C\u00f4ng su\u1ea5t: 545Wp\/t\u1ea5m. - Lo\u1ea1i: Mono 2 m\u1eb7t k\u00ednh.\" \/>\r\n<meta name=\"robots\" content=\"index, follow, max-snippet:-1, max-image-preview:large, max-video-preview:-1\" \/>\r\n<link rel=\"canonical\" href=\"https:\/\/solarquangbinh.com\/?product=tam-pin-nlmt-longi-bifacial-lr5-72hbd-545w-3\" \/>\r\n<meta property=\"og:locale\" content=\"vi_VN\" \/>\r\n<meta property=\"og:type\" content=\"article\" \/>\r\n<meta property=\"og:title\" content=\"T\u1ea5m Pin NLMT LONGI Bifacial LR5-72HBD 545W - Solar Qu\u1ea3ng B\u00ecnh chuy\u00ean gi\u1ea3i ph\u00e1p v\u00e0 cung c\u1ea5p h\u1ec7 th\u1ed1ng \u0111i\u1ec7n m\u1eb7t tr\u1eddi h\u00f2a l\u01b0\u1edbi v\u00e0 l\u01b0u tr\u1eef t\u1ea1i Qu\u1ea3ng B\u00ecnh\" \/>\r\n<meta property=\"og:description\" content=\"Pin n\u0103ng l\u01b0\u1ee3ng m\u1eb7t tr\u1eddi LONGI 545W. - H\u00e3ng s\u1ea3n xu\u1ea5t LONGI (Trung Qu\u1ed1c) LONGI LR5-72HPH 545W. - C\u00f4ng su\u1ea5t: 545Wp\/t\u1ea5m. - Lo\u1ea1i: Mono 2 m\u1eb7t k\u00ednh.\" \/>\r\n<meta property=\"og:url\" content=\"https:\/\/solarquangbinh.com\/?product=tam-pin-nlmt-longi-bifacial-lr5-72hbd-545w-3\" \/>\r\n<meta property=\"og:site_name\" content=\"Solar Qu\u1ea3ng B\u00ecnh chuy\u00ean gi\u1ea3i ph\u00e1p v\u00e0 cung c\u1ea5p h\u1ec7 th\u1ed1ng \u0111i\u1ec7n m\u1eb7t tr\u1eddi h\u00f2a l\u01b0\u1edbi v\u00e0 l\u01b0u tr\u1eef t\u1ea1i Qu\u1ea3ng B\u00ecnh\" \/>\r\n<meta property=\"article:modified_time\" content=\"2024-10-23T09:37:59+00:00\" \/>\r\n<meta name=\"twitter:card\" content=\"summary_large_image\" \/>\r\n<meta name=\"twitter:label1\" content=\"\u01af\u1edbc t\u00ednh th\u1eddi gian \u0111\u1ecdc\" \/>\n\t<meta name=\"twitter:data1\" content=\"2 ph\u00fat\" \/>\r\n<script type=\"application\/ld+json\" class=\"yoast-schema-graph\">{\"@context\":\"https:\/\/schema.org\",\"@graph\":[{\"@type\":\"WebPage\",\"@id\":\"https:\/\/solarquangbinh.com\/?product=tam-pin-nlmt-longi-bifacial-lr5-72hbd-545w-3\",\"url\":\"https:\/\/solarquangbinh.com\/?product=tam-pin-nlmt-longi-bifacial-lr5-72hbd-545w-3\",\"name\":\"T\u1ea5m Pin NLMT LONGI Bifacial LR5-72HBD 545W - Solar Qu\u1ea3ng B\u00ecnh chuy\u00ean gi\u1ea3i ph\u00e1p v\u00e0 cung c\u1ea5p h\u1ec7 th\u1ed1ng \u0111i\u1ec7n m\u1eb7t tr\u1eddi h\u00f2a l\u01b0\u1edbi v\u00e0 l\u01b0u tr\u1eef t\u1ea1i Qu\u1ea3ng B\u00ecnh\",\"isPartOf\":{\"@id\":\"https:\/\/solarquangbinh.com\/#website\"},\"datePublished\":\"2024-10-23T09:35:19+00:00\",\"dateModified\":\"2024-10-23T09:37:59+00:00\",\"description\":\"Pin n\u0103ng l\u01b0\u1ee3ng m\u1eb7t tr\u1eddi LONGI 545W. - H\u00e3ng s\u1ea3n xu\u1ea5t LONGI (Trung Qu\u1ed1c) LONGI LR5-72HPH 545W. - C\u00f4ng su\u1ea5t: 545Wp\/t\u1ea5m. - Lo\u1ea1i: Mono 2 m\u1eb7t k\u00ednh.\",\"breadcrumb\":{\"@id\":\"https:\/\/solarquangbinh.com\/?product=tam-pin-nlmt-longi-bifacial-lr5-72hbd-545w-3#breadcrumb\"},\"inLanguage\":\"vi\",\"potentialAction\":[{\"@type\":\"ReadAction\",\"target\":[\"https:\/\/solarquangbinh.com\/?product=tam-pin-nlmt-longi-bifacial-lr5-72hbd-545w-3\"]}]},{\"@type\":\"BreadcrumbList\",\"@id\":\"https:\/\/solarquangbinh.com\/?product=tam-pin-nlmt-longi-bifacial-lr5-72hbd-545w-3#breadcrumb\",\"itemListElement\":[{\"@type\":\"ListItem\",\"position\":1,\"name\":\"Trang ch\u1ee7\",\"item\":\"https:\/\/solarquangbinh.com\/\"},{\"@type\":\"ListItem\",\"position\":2,\"name\":\"S\u1ea3n ph\u1ea9m\",\"item\":\"https:\/\/solarquangbinh.com\/?page_id=20\"},{\"@type\":\"ListItem\",\"position\":3,\"name\":\"T\u1ea5m Pin NLMT LONGI Bifacial LR5-72HBD 545W\"}]},{\"@type\":\"WebSite\",\"@id\":\"https:\/\/solarquangbinh.com\/#website\",\"url\":\"https:\/\/solarquangbinh.com\/\",\"name\":\"Solar Qu\u1ea3ng B\u00ecnh chuy\u00ean gi\u1ea3i ph\u00e1p v\u00e0 cung c\u1ea5p h\u1ec7 th\u1ed1ng \u0111i\u1ec7n m\u1eb7t tr\u1eddi h\u00f2a l\u01b0\u1edbi v\u00e0 l\u01b0u tr\u1eef t\u1ea1i Qu\u1ea3ng B\u00ecnh\",\"description\":\"\u0110i\u1ec7n n\u0103ng l\u01b0\u1ee3ng m\u1eb7t tr\u1eddi Qu\u1ea3ng B\u00ecnh, Solar Quang Binh, Solar Qu\u1ea3ng B\u00ecnh chuy\u00ean cung c\u1ea5p h\u1ec7 th\u1ed1ng \u0111i\u1ec7n m\u1eb7t tr\u1eddi h\u00f2a l\u01b0\u1edbi v\u00e0 l\u01b0u tr\u1eef, pin n\u0103ng l\u01b0\u1ee3ng m\u1eb7t tr\u1eddi, Solar Quang Binh\",\"potentialAction\":[{\"@type\":\"SearchAction\",\"target\":{\"@type\":\"EntryPoint\",\"urlTemplate\":\"https:\/\/solarquangbinh.com\/?s={search_term_string}\"},\"query-input\":\"required name=search_term_string\"}],\"inLanguage\":\"vi\"}]}<\/script>\r\n<!-- \/ Yoast SEO plugin. -->","yoast_head_json":{"title":"T\u1ea5m Pin NLMT LONGI Bifacial LR5-72HBD 545W - Solar Qu\u1ea3ng B\u00ecnh chuy\u00ean gi\u1ea3i ph\u00e1p v\u00e0 cung c\u1ea5p h\u1ec7 th\u1ed1ng \u0111i\u1ec7n m\u1eb7t tr\u1eddi h\u00f2a l\u01b0\u1edbi v\u00e0 l\u01b0u tr\u1eef t\u1ea1i Qu\u1ea3ng B\u00ecnh","description":"Pin n\u0103ng l\u01b0\u1ee3ng m\u1eb7t tr\u1eddi LONGI 545W. - H\u00e3ng s\u1ea3n xu\u1ea5t LONGI (Trung Qu\u1ed1c) LONGI LR5-72HPH 545W. - C\u00f4ng su\u1ea5t: 545Wp\/t\u1ea5m. - Lo\u1ea1i: Mono 2 m\u1eb7t k\u00ednh.","robots":{"index":"index","follow":"follow","max-snippet":"max-snippet:-1","max-image-preview":"max-image-preview:large","max-video-preview":"max-video-preview:-1"},"canonical":"https:\/\/solarquangbinh.com\/?product=tam-pin-nlmt-longi-bifacial-lr5-72hbd-545w-3","og_locale":"vi_VN","og_type":"article","og_title":"T\u1ea5m Pin NLMT LONGI Bifacial LR5-72HBD 545W - Solar Qu\u1ea3ng B\u00ecnh chuy\u00ean gi\u1ea3i ph\u00e1p v\u00e0 cung c\u1ea5p h\u1ec7 th\u1ed1ng \u0111i\u1ec7n m\u1eb7t tr\u1eddi h\u00f2a l\u01b0\u1edbi v\u00e0 l\u01b0u tr\u1eef t\u1ea1i Qu\u1ea3ng B\u00ecnh","og_description":"Pin n\u0103ng l\u01b0\u1ee3ng m\u1eb7t tr\u1eddi LONGI 545W. - H\u00e3ng s\u1ea3n xu\u1ea5t LONGI (Trung Qu\u1ed1c) LONGI LR5-72HPH 545W. - C\u00f4ng su\u1ea5t: 545Wp\/t\u1ea5m. - Lo\u1ea1i: Mono 2 m\u1eb7t k\u00ednh.","og_url":"https:\/\/solarquangbinh.com\/?product=tam-pin-nlmt-longi-bifacial-lr5-72hbd-545w-3","og_site_name":"Solar Qu\u1ea3ng B\u00ecnh chuy\u00ean gi\u1ea3i ph\u00e1p v\u00e0 cung c\u1ea5p h\u1ec7 th\u1ed1ng \u0111i\u1ec7n m\u1eb7t tr\u1eddi h\u00f2a l\u01b0\u1edbi v\u00e0 l\u01b0u tr\u1eef t\u1ea1i Qu\u1ea3ng B\u00ecnh","article_modified_time":"2024-10-23T09:37:59+00:00","twitter_card":"summary_large_image","twitter_misc":{"\u01af\u1edbc t\u00ednh th\u1eddi gian \u0111\u1ecdc":"2 ph\u00fat"},"schema":{"@context":"https:\/\/schema.org","@graph":[{"@type":"WebPage","@id":"https:\/\/solarquangbinh.com\/?product=tam-pin-nlmt-longi-bifacial-lr5-72hbd-545w-3","url":"https:\/\/solarquangbinh.com\/?product=tam-pin-nlmt-longi-bifacial-lr5-72hbd-545w-3","name":"T\u1ea5m Pin NLMT LONGI Bifacial LR5-72HBD 545W - Solar Qu\u1ea3ng B\u00ecnh chuy\u00ean gi\u1ea3i ph\u00e1p v\u00e0 cung c\u1ea5p h\u1ec7 th\u1ed1ng \u0111i\u1ec7n m\u1eb7t tr\u1eddi h\u00f2a l\u01b0\u1edbi v\u00e0 l\u01b0u tr\u1eef t\u1ea1i Qu\u1ea3ng B\u00ecnh","isPartOf":{"@id":"https:\/\/solarquangbinh.com\/#website"},"datePublished":"2024-10-23T09:35:19+00:00","dateModified":"2024-10-23T09:37:59+00:00","description":"Pin n\u0103ng l\u01b0\u1ee3ng m\u1eb7t tr\u1eddi LONGI 545W. - H\u00e3ng s\u1ea3n xu\u1ea5t LONGI (Trung Qu\u1ed1c) LONGI LR5-72HPH 545W. - C\u00f4ng su\u1ea5t: 545Wp\/t\u1ea5m. - Lo\u1ea1i: Mono 2 m\u1eb7t k\u00ednh.","breadcrumb":{"@id":"https:\/\/solarquangbinh.com\/?product=tam-pin-nlmt-longi-bifacial-lr5-72hbd-545w-3#breadcrumb"},"inLanguage":"vi","potentialAction":[{"@type":"ReadAction","target":["https:\/\/solarquangbinh.com\/?product=tam-pin-nlmt-longi-bifacial-lr5-72hbd-545w-3"]}]},{"@type":"BreadcrumbList","@id":"https:\/\/solarquangbinh.com\/?product=tam-pin-nlmt-longi-bifacial-lr5-72hbd-545w-3#breadcrumb","itemListElement":[{"@type":"ListItem","position":1,"name":"Trang ch\u1ee7","item":"https:\/\/solarquangbinh.com\/"},{"@type":"ListItem","position":2,"name":"S\u1ea3n ph\u1ea9m","item":"https:\/\/solarquangbinh.com\/?page_id=20"},{"@type":"ListItem","position":3,"name":"T\u1ea5m Pin NLMT LONGI Bifacial LR5-72HBD 545W"}]},{"@type":"WebSite","@id":"https:\/\/solarquangbinh.com\/#website","url":"https:\/\/solarquangbinh.com\/","name":"Solar Qu\u1ea3ng B\u00ecnh chuy\u00ean gi\u1ea3i ph\u00e1p v\u00e0 cung c\u1ea5p h\u1ec7 th\u1ed1ng \u0111i\u1ec7n m\u1eb7t tr\u1eddi h\u00f2a l\u01b0\u1edbi v\u00e0 l\u01b0u tr\u1eef t\u1ea1i Qu\u1ea3ng B\u00ecnh","description":"\u0110i\u1ec7n n\u0103ng l\u01b0\u1ee3ng m\u1eb7t tr\u1eddi Qu\u1ea3ng B\u00ecnh, Solar Quang Binh, Solar Qu\u1ea3ng B\u00ecnh chuy\u00ean cung c\u1ea5p h\u1ec7 th\u1ed1ng \u0111i\u1ec7n m\u1eb7t tr\u1eddi h\u00f2a l\u01b0\u1edbi v\u00e0 l\u01b0u tr\u1eef, pin n\u0103ng l\u01b0\u1ee3ng m\u1eb7t tr\u1eddi, Solar Quang Binh","potentialAction":[{"@type":"SearchAction","target":{"@type":"EntryPoint","urlTemplate":"https:\/\/solarquangbinh.com\/?s={search_term_string}"},"query-input":"required name=search_term_string"}],"inLanguage":"vi"}]}},"_links":{"self":[{"href":"https:\/\/solarquangbinh.com\/index.php?rest_route=\/wp\/v3\/product\/7150"}],"collection":[{"href":"https:\/\/solarquangbinh.com\/index.php?rest_route=\/wp\/v3\/product"}],"about":[{"href":"https:\/\/solarquangbinh.com\/index.php?rest_route=\/wp\/v2\/types\/product"}],"wp:featuredmedia":[{"embeddable":true,"href":"https:\/\/solarquangbinh.com\/index.php?rest_route=\/wp\/v2\/media\/5948"}],"wp:attachment":[{"href":"https:\/\/solarquangbinh.com\/index.php?rest_route=%2Fwp%2Fv2%2Fmedia&parent=7150"}],"wp:term":[{"taxonomy":"product_cat","embeddable":true,"href":"https:\/\/solarquangbinh.com\/index.php?rest_route=%2Fwp%2Fv2%2Fproduct_cat&post=7150"},{"taxonomy":"product_tag","embeddable":true,"href":"https:\/\/solarquangbinh.com\/index.php?rest_route=%2Fwp%2Fv2%2Fproduct_tag&post=7150"}],"curies":[{"name":"wp","href":"https:\/\/api.w.org\/{rel}","templated":true}]}}