{"id":7154,"date":"2024-10-23T16:35:19","date_gmt":"2024-10-23T09:35:19","guid":{"rendered":"https:\/\/solarquangbinh.com\/?post_type=product&#038;p=7154"},"modified":"2024-10-23T16:37:02","modified_gmt":"2024-10-23T09:37:02","slug":"pin-lithium-ufo-lfp100-48p-48v-100ah-4-8kwh-3","status":"publish","type":"product","link":"https:\/\/solarquangbinh.com\/?product=pin-lithium-ufo-lfp100-48p-48v-100ah-4-8kwh-3","title":{"rendered":"Pin lithium UFO LFP100-48P 48V\/100Ah 4.8KWH"},"content":{"rendered":"<h3>Pin l\u01b0u tr\u1eef Lithium UFO l\u00e0 m\u1ed9t lo\u1ea1i pin tr\u1eef \u0111i\u1ec7n \u0111i\u1ec7n n\u0103ng l\u01b0\u1ee3ng m\u1eb7t tr\u1eddi.Pin UFO Lithium c\u00f3 \u0111\u1ed9 b\u1ec1n v\u00e0 kha\u0309 n\u0103ng l\u01b0u tr\u01b0\u0303 \u0111i\u1ec7n cao h\u01a1n r\u1ea5t nhi\u1ec1u so v\u1edbi \u1eafc quy th\u00f4ng th\u01b0\u1eddng.Pin lithium UFO 48V-100Ah \u0111\u1eb7c bi\u1ec7t ph\u00f9 h\u1ee3p r\u1ea5t nhi\u1ec1u lo\u1ea1i Inverter Hybrid \u0111\u1eb7c bi\u1ec7t l\u00e0 Bi\u1ebfn t\u1ea7n Hybrid Deye. V\u01a1\u0301i nhi\u00ea\u0300u ca\u0309i ti\u00ea\u0301n c\u00f4ng ngh\u00ea\u0323 thi\u0300 pin l\u01b0u tr\u1eef UFO 48V-100Ah \u0111ang d\u1ea7n tr\u1edf n\u00ean ph\u1ed5 bi\u1ebfn v\u00e0 gi\u00e1 th\u00e0nh ng\u00e0y m\u1ed9t phu\u0300 h\u01a1\u0323p \u0111\u00ea\u0309 ch\u00fang ta c\u00f3 th\u1ec3 l\u1ef1a ch\u1ecdn l\u1eafp \u0111\u1eb7t <a>h\u1ec7 th\u1ed1ng \u0110i\u1ec7n m\u1eb7t tr\u1eddi l\u01b0u tr\u1eef<\/a>.<\/h3>\n<h3>\u0110\u0103\u0323c \u0111i\u1ec3m n\u1ed5i b\u1eadt cu\u0309a Pin l\u01b0u tr\u01b0\u0303 Lithium UFO:<\/h3>\n<h3>Pin lithium UFO LiFePO4 la\u0300 thi\u00ea\u0301t bi\u0323 c\u00e2\u0300n thi\u00ea\u0301t trong m\u1ed9t h\u1ec7 th\u1ed1ng \u0111i\u00ea\u0323n n\u0103ng l\u01b0\u01a1\u0323ng m\u0103\u0323t tr\u01a1\u0300i co\u0301 l\u01b0u tr\u01b0\u0303 th\u00f4ng minh, hi\u1ec7u qu\u1ea3, \u0111\u00e1ng tin c\u1eady, gi\u00fap ti\u1ebft ki\u1ec7m chi ph\u00ed s\u01b0\u0309 du\u0323ng n\u0103ng l\u01b0\u1ee3ng h\u00e0ng ng\u00e0y c\u1ee7a b\u1ea1n.<\/h3>\n<h3>Th\u00f4ng s\u1ed1 k\u1ef9 thu\u1eadt :<\/h3>\n<ul>\n<li>\n<h3>V\u00f2ng \u0111\u1eddi sa\u0323c xa\u0309 cao v\u00e0 cho phe\u0301p x\u1ea3 s\u00e2u:&gt; 6000 cycles @ 25 \u0111\u1ed9 C<\/h3>\n<\/li>\n<li>\n<h3>H\u00ea\u0323 th\u00f4\u0301ng gi\u00e1m s\u00e1t th\u00f4ng minh: t\u1ef1 \u0111\u1ed9ng ki\u1ec3m tra d\u00f2ng \u0111i\u1ec7n s\u1ea1c v\u00e0 x\u1ea3, \u0111i\u1ec7n \u00e1p, nhi\u1ec7t \u0111\u1ed9 b\u1ec1 m\u1eb7t pin v\u00e0 nhi\u1ec7t \u0111\u1ed9 m\u00f4i tr\u01b0\u1eddng xung quanh.<\/h3>\n<\/li>\n<li>\n<h3>Tr\u1ecdng l\u01b0\u1ee3ng nh\u1eb9, nho\u0309 go\u0323n nh\u01b0ng m\u1eadt \u0111\u1ed9 n\u0103ng l\u01b0\u1ee3ng kha\u0301 cao.<\/h3>\n<\/li>\n<li>\n<h3>V\u00e2\u0323n ha\u0300nh an to\u00e0n: Pin Lithium UFO \u00e1p d\u1ee5ng c\u00f4ng ngh\u1ec7 ion lithium ti\u00ean ti\u1ebfn nh\u1ea5t, kh\u00f4ng c\u00f3 nguy c\u01a1 ch\u00e1y n\u1ed5, \u0111\u01b0\u1ee3c thi\u1ebft k\u1ebf cho c\u00e1c \u1ee9ng d\u1ee5ng th\u01b0\u01a1ng m\u1ea1i v\u00e0 d\u00e2n du\u0323ng v\u1edbi \u0111\u1ed9 an to\u00e0n tuy\u1ec7t \u0111\u1ed1i.<\/h3>\n<\/li>\n<\/ul>\n<h3>C\u00e1c do\u0300ng sa\u0309n ph\u00e2\u0309m Pin l\u01b0u tr\u01b0\u0303 Lithium UFO<\/h3>\n<h3>Th\u01b0\u1edbc K\u1ebb V\u00e0ng ph\u00e2n ph\u1ed1i 2 d\u00f2ng s\u1ea3n ph\u1ea9m Pin l\u01b0u tr\u01b0\u0303 UFO lo\u1ea1i gi\u00e1 \u0111\u1ee1 v\u00e0 lo\u1ea1i tro t\u01b0\u1eddng v\u1edbi dung l\u01b0\u01a1\u0323ng la\u030048V-100Ahva\u030048V-50Ah, m\u00f4\u0303i do\u0300ng sa\u0309n ph\u00e2\u0309m co\u0301 2 m\u00e2\u0303u ma\u0303 nh\u01b0 b\u00ean d\u01b0\u01a1\u0301i:<\/h3>\n<ul>\n<li>\n<h3>Powerwall: Lo\u1ea1i g\u0103\u0301n t\u01b0\u1eddng cao c\u1ea5p. M\u00e2\u0303u ma\u0303 \u0111\u1eb9p trang tr\u1ecdng, thi\u0301ch h\u1ee3p v\u1edbi n\u1ed9i th\u1ea5t nh\u00e0 \u0111\u1eb9p v\u00e0 cao c\u1ea5p, giao di\u1ec7n m\u00e0n h\u00ecnh LCD l\u1edbn.<\/h3>\n<\/li>\n<li>\n<h3>Rackmount: Lo\u1ea1i gi\u00e1 \u0111\u1ee1 th\u00f4ng du\u0323ng. Ph\u00f9 h\u1ee3p cho nhu c\u1ea7u l\u01b0u tr\u1eef \u0111i\u1ec7n th\u00f4ng th\u01b0\u1eddng (N\u00ean s\u1eed d\u1ee5ng khi l\u01b0u tr\u1eef l\u1edbn)<\/h3>\n<\/li>\n<\/ul>\n","protected":false},"excerpt":{"rendered":"<h3>V\u1ec1 s\u1ea3n ph\u1ea9m:<\/h3>\n<ul>\n<li>\n<h3>Model: Pin lithium UFO LFP100-48P 48V\/100Ah 4.8KWH<\/h3>\n<\/li>\n<li>\n<h3>C\u00f4ng su\u1ea5t : 48V\/100Ah 4.8KWH<\/h3>\n<\/li>\n<li>\n<h3>K\u00edch th\u01b0\u1edbc: 442*400*221 (mm)<\/h3>\n<\/li>\n<li>\n<h3>Tro\u0323ng l\u01b0\u01a1\u0323ng: 48kg<\/h3>\n<\/li>\n<li>\n<h3>Phu\u0300 h\u01a1\u0323p Inverter Hybrid Deye<\/h3>\n<\/li>\n<\/ul>\n<h3><strong>\u00a0 \u00a0 \u00a0 <i class=\"fa fa-download \" ><\/i> Download<\/strong><\/h3>\n<ul>\n<li>\n<h3><a href=\"https:\/\/tpenergy.com.vn\/wp-content\/uploads\/2023\/07\/UFO-48V100Ah-Datasheet-1.pdf-1.pdf\">DATADHEET<\/a><\/h3>\n<\/li>\n<\/ul>\n","protected":false},"featured_media":5957,"template":"","meta":[],"product_cat":[728],"product_tag":[],"yoast_head":"<!-- This site is optimized with the Yoast SEO plugin v20.6 - https:\/\/yoast.com\/wordpress\/plugins\/seo\/ -->\r\n<title>Pin lithium UFO LFP100-48P 48V\/100Ah 4.8KWH - Solar Qu\u1ea3ng B\u00ecnh chuy\u00ean gi\u1ea3i ph\u00e1p v\u00e0 cung c\u1ea5p h\u1ec7 th\u1ed1ng \u0111i\u1ec7n m\u1eb7t tr\u1eddi h\u00f2a l\u01b0\u1edbi v\u00e0 l\u01b0u tr\u1eef t\u1ea1i Qu\u1ea3ng B\u00ecnh<\/title>\r\n<meta name=\"description\" content=\"B\u00ecnh l\u01b0u tr\u1eef lithium UFO 48V 100Ah, s\u1eed d\u1ee5ng cho l\u01b0u tr\u1eef \u0111i\u1ec7n m\u1eb7t tr\u1eddi\" \/>\r\n<meta name=\"robots\" content=\"index, follow, max-snippet:-1, max-image-preview:large, max-video-preview:-1\" \/>\r\n<link rel=\"canonical\" href=\"https:\/\/solarquangbinh.com\/?product=pin-lithium-ufo-lfp100-48p-48v-100ah-4-8kwh-3\" \/>\r\n<meta property=\"og:locale\" content=\"vi_VN\" \/>\r\n<meta property=\"og:type\" content=\"article\" \/>\r\n<meta property=\"og:title\" content=\"Pin lithium UFO LFP100-48P 48V\/100Ah 4.8KWH - Solar Qu\u1ea3ng B\u00ecnh chuy\u00ean gi\u1ea3i ph\u00e1p v\u00e0 cung c\u1ea5p h\u1ec7 th\u1ed1ng \u0111i\u1ec7n m\u1eb7t tr\u1eddi h\u00f2a l\u01b0\u1edbi v\u00e0 l\u01b0u tr\u1eef t\u1ea1i Qu\u1ea3ng B\u00ecnh\" \/>\r\n<meta property=\"og:description\" content=\"B\u00ecnh l\u01b0u tr\u1eef lithium UFO 48V 100Ah, s\u1eed d\u1ee5ng cho l\u01b0u tr\u1eef \u0111i\u1ec7n m\u1eb7t tr\u1eddi\" \/>\r\n<meta property=\"og:url\" content=\"https:\/\/solarquangbinh.com\/?product=pin-lithium-ufo-lfp100-48p-48v-100ah-4-8kwh-3\" \/>\r\n<meta property=\"og:site_name\" content=\"Solar Qu\u1ea3ng B\u00ecnh chuy\u00ean gi\u1ea3i ph\u00e1p v\u00e0 cung c\u1ea5p h\u1ec7 th\u1ed1ng \u0111i\u1ec7n m\u1eb7t tr\u1eddi h\u00f2a l\u01b0\u1edbi v\u00e0 l\u01b0u tr\u1eef t\u1ea1i Qu\u1ea3ng B\u00ecnh\" \/>\r\n<meta property=\"article:modified_time\" content=\"2024-10-23T09:37:02+00:00\" \/>\r\n<meta name=\"twitter:card\" content=\"summary_large_image\" \/>\r\n<meta name=\"twitter:label1\" content=\"\u01af\u1edbc t\u00ednh th\u1eddi gian \u0111\u1ecdc\" \/>\n\t<meta name=\"twitter:data1\" content=\"2 ph\u00fat\" \/>\r\n<script type=\"application\/ld+json\" class=\"yoast-schema-graph\">{\"@context\":\"https:\/\/schema.org\",\"@graph\":[{\"@type\":\"WebPage\",\"@id\":\"https:\/\/solarquangbinh.com\/?product=pin-lithium-ufo-lfp100-48p-48v-100ah-4-8kwh-3\",\"url\":\"https:\/\/solarquangbinh.com\/?product=pin-lithium-ufo-lfp100-48p-48v-100ah-4-8kwh-3\",\"name\":\"Pin lithium UFO LFP100-48P 48V\/100Ah 4.8KWH - Solar Qu\u1ea3ng B\u00ecnh chuy\u00ean gi\u1ea3i ph\u00e1p v\u00e0 cung c\u1ea5p h\u1ec7 th\u1ed1ng \u0111i\u1ec7n m\u1eb7t tr\u1eddi h\u00f2a l\u01b0\u1edbi v\u00e0 l\u01b0u tr\u1eef t\u1ea1i Qu\u1ea3ng B\u00ecnh\",\"isPartOf\":{\"@id\":\"https:\/\/solarquangbinh.com\/#website\"},\"datePublished\":\"2024-10-23T09:35:19+00:00\",\"dateModified\":\"2024-10-23T09:37:02+00:00\",\"description\":\"B\u00ecnh l\u01b0u tr\u1eef lithium UFO 48V 100Ah, s\u1eed d\u1ee5ng cho l\u01b0u tr\u1eef \u0111i\u1ec7n m\u1eb7t tr\u1eddi\",\"breadcrumb\":{\"@id\":\"https:\/\/solarquangbinh.com\/?product=pin-lithium-ufo-lfp100-48p-48v-100ah-4-8kwh-3#breadcrumb\"},\"inLanguage\":\"vi\",\"potentialAction\":[{\"@type\":\"ReadAction\",\"target\":[\"https:\/\/solarquangbinh.com\/?product=pin-lithium-ufo-lfp100-48p-48v-100ah-4-8kwh-3\"]}]},{\"@type\":\"BreadcrumbList\",\"@id\":\"https:\/\/solarquangbinh.com\/?product=pin-lithium-ufo-lfp100-48p-48v-100ah-4-8kwh-3#breadcrumb\",\"itemListElement\":[{\"@type\":\"ListItem\",\"position\":1,\"name\":\"Trang ch\u1ee7\",\"item\":\"https:\/\/solarquangbinh.com\/\"},{\"@type\":\"ListItem\",\"position\":2,\"name\":\"S\u1ea3n ph\u1ea9m\",\"item\":\"https:\/\/solarquangbinh.com\/?page_id=20\"},{\"@type\":\"ListItem\",\"position\":3,\"name\":\"Pin lithium UFO LFP100-48P 48V\/100Ah 4.8KWH\"}]},{\"@type\":\"WebSite\",\"@id\":\"https:\/\/solarquangbinh.com\/#website\",\"url\":\"https:\/\/solarquangbinh.com\/\",\"name\":\"Solar Qu\u1ea3ng B\u00ecnh chuy\u00ean gi\u1ea3i ph\u00e1p v\u00e0 cung c\u1ea5p h\u1ec7 th\u1ed1ng \u0111i\u1ec7n m\u1eb7t tr\u1eddi h\u00f2a l\u01b0\u1edbi v\u00e0 l\u01b0u tr\u1eef t\u1ea1i Qu\u1ea3ng B\u00ecnh\",\"description\":\"\u0110i\u1ec7n n\u0103ng l\u01b0\u1ee3ng m\u1eb7t tr\u1eddi Qu\u1ea3ng B\u00ecnh, Solar Quang Binh, Solar Qu\u1ea3ng B\u00ecnh chuy\u00ean cung c\u1ea5p h\u1ec7 th\u1ed1ng \u0111i\u1ec7n m\u1eb7t tr\u1eddi h\u00f2a l\u01b0\u1edbi v\u00e0 l\u01b0u tr\u1eef, pin n\u0103ng l\u01b0\u1ee3ng m\u1eb7t tr\u1eddi, Solar Quang Binh\",\"potentialAction\":[{\"@type\":\"SearchAction\",\"target\":{\"@type\":\"EntryPoint\",\"urlTemplate\":\"https:\/\/solarquangbinh.com\/?s={search_term_string}\"},\"query-input\":\"required name=search_term_string\"}],\"inLanguage\":\"vi\"}]}<\/script>\r\n<!-- \/ Yoast SEO plugin. -->","yoast_head_json":{"title":"Pin lithium UFO LFP100-48P 48V\/100Ah 4.8KWH - Solar Qu\u1ea3ng B\u00ecnh chuy\u00ean gi\u1ea3i ph\u00e1p v\u00e0 cung c\u1ea5p h\u1ec7 th\u1ed1ng \u0111i\u1ec7n m\u1eb7t tr\u1eddi h\u00f2a l\u01b0\u1edbi v\u00e0 l\u01b0u tr\u1eef t\u1ea1i Qu\u1ea3ng B\u00ecnh","description":"B\u00ecnh l\u01b0u tr\u1eef lithium UFO 48V 100Ah, s\u1eed d\u1ee5ng cho l\u01b0u tr\u1eef \u0111i\u1ec7n m\u1eb7t tr\u1eddi","robots":{"index":"index","follow":"follow","max-snippet":"max-snippet:-1","max-image-preview":"max-image-preview:large","max-video-preview":"max-video-preview:-1"},"canonical":"https:\/\/solarquangbinh.com\/?product=pin-lithium-ufo-lfp100-48p-48v-100ah-4-8kwh-3","og_locale":"vi_VN","og_type":"article","og_title":"Pin lithium UFO LFP100-48P 48V\/100Ah 4.8KWH - Solar Qu\u1ea3ng B\u00ecnh chuy\u00ean gi\u1ea3i ph\u00e1p v\u00e0 cung c\u1ea5p h\u1ec7 th\u1ed1ng \u0111i\u1ec7n m\u1eb7t tr\u1eddi h\u00f2a l\u01b0\u1edbi v\u00e0 l\u01b0u tr\u1eef t\u1ea1i Qu\u1ea3ng B\u00ecnh","og_description":"B\u00ecnh l\u01b0u tr\u1eef lithium UFO 48V 100Ah, s\u1eed d\u1ee5ng cho l\u01b0u tr\u1eef \u0111i\u1ec7n m\u1eb7t tr\u1eddi","og_url":"https:\/\/solarquangbinh.com\/?product=pin-lithium-ufo-lfp100-48p-48v-100ah-4-8kwh-3","og_site_name":"Solar Qu\u1ea3ng B\u00ecnh chuy\u00ean gi\u1ea3i ph\u00e1p v\u00e0 cung c\u1ea5p h\u1ec7 th\u1ed1ng \u0111i\u1ec7n m\u1eb7t tr\u1eddi h\u00f2a l\u01b0\u1edbi v\u00e0 l\u01b0u tr\u1eef t\u1ea1i Qu\u1ea3ng B\u00ecnh","article_modified_time":"2024-10-23T09:37:02+00:00","twitter_card":"summary_large_image","twitter_misc":{"\u01af\u1edbc t\u00ednh th\u1eddi gian \u0111\u1ecdc":"2 ph\u00fat"},"schema":{"@context":"https:\/\/schema.org","@graph":[{"@type":"WebPage","@id":"https:\/\/solarquangbinh.com\/?product=pin-lithium-ufo-lfp100-48p-48v-100ah-4-8kwh-3","url":"https:\/\/solarquangbinh.com\/?product=pin-lithium-ufo-lfp100-48p-48v-100ah-4-8kwh-3","name":"Pin lithium UFO LFP100-48P 48V\/100Ah 4.8KWH - Solar Qu\u1ea3ng B\u00ecnh chuy\u00ean gi\u1ea3i ph\u00e1p v\u00e0 cung c\u1ea5p h\u1ec7 th\u1ed1ng \u0111i\u1ec7n m\u1eb7t tr\u1eddi h\u00f2a l\u01b0\u1edbi v\u00e0 l\u01b0u tr\u1eef t\u1ea1i Qu\u1ea3ng B\u00ecnh","isPartOf":{"@id":"https:\/\/solarquangbinh.com\/#website"},"datePublished":"2024-10-23T09:35:19+00:00","dateModified":"2024-10-23T09:37:02+00:00","description":"B\u00ecnh l\u01b0u tr\u1eef lithium UFO 48V 100Ah, s\u1eed d\u1ee5ng cho l\u01b0u tr\u1eef \u0111i\u1ec7n m\u1eb7t tr\u1eddi","breadcrumb":{"@id":"https:\/\/solarquangbinh.com\/?product=pin-lithium-ufo-lfp100-48p-48v-100ah-4-8kwh-3#breadcrumb"},"inLanguage":"vi","potentialAction":[{"@type":"ReadAction","target":["https:\/\/solarquangbinh.com\/?product=pin-lithium-ufo-lfp100-48p-48v-100ah-4-8kwh-3"]}]},{"@type":"BreadcrumbList","@id":"https:\/\/solarquangbinh.com\/?product=pin-lithium-ufo-lfp100-48p-48v-100ah-4-8kwh-3#breadcrumb","itemListElement":[{"@type":"ListItem","position":1,"name":"Trang ch\u1ee7","item":"https:\/\/solarquangbinh.com\/"},{"@type":"ListItem","position":2,"name":"S\u1ea3n ph\u1ea9m","item":"https:\/\/solarquangbinh.com\/?page_id=20"},{"@type":"ListItem","position":3,"name":"Pin lithium UFO LFP100-48P 48V\/100Ah 4.8KWH"}]},{"@type":"WebSite","@id":"https:\/\/solarquangbinh.com\/#website","url":"https:\/\/solarquangbinh.com\/","name":"Solar Qu\u1ea3ng B\u00ecnh chuy\u00ean gi\u1ea3i ph\u00e1p v\u00e0 cung c\u1ea5p h\u1ec7 th\u1ed1ng \u0111i\u1ec7n m\u1eb7t tr\u1eddi h\u00f2a l\u01b0\u1edbi v\u00e0 l\u01b0u tr\u1eef t\u1ea1i Qu\u1ea3ng B\u00ecnh","description":"\u0110i\u1ec7n n\u0103ng l\u01b0\u1ee3ng m\u1eb7t tr\u1eddi Qu\u1ea3ng B\u00ecnh, Solar Quang Binh, Solar Qu\u1ea3ng B\u00ecnh chuy\u00ean cung c\u1ea5p h\u1ec7 th\u1ed1ng \u0111i\u1ec7n m\u1eb7t tr\u1eddi h\u00f2a l\u01b0\u1edbi v\u00e0 l\u01b0u tr\u1eef, pin n\u0103ng l\u01b0\u1ee3ng m\u1eb7t tr\u1eddi, Solar Quang Binh","potentialAction":[{"@type":"SearchAction","target":{"@type":"EntryPoint","urlTemplate":"https:\/\/solarquangbinh.com\/?s={search_term_string}"},"query-input":"required name=search_term_string"}],"inLanguage":"vi"}]}},"_links":{"self":[{"href":"https:\/\/solarquangbinh.com\/index.php?rest_route=\/wp\/v3\/product\/7154"}],"collection":[{"href":"https:\/\/solarquangbinh.com\/index.php?rest_route=\/wp\/v3\/product"}],"about":[{"href":"https:\/\/solarquangbinh.com\/index.php?rest_route=\/wp\/v2\/types\/product"}],"wp:featuredmedia":[{"embeddable":true,"href":"https:\/\/solarquangbinh.com\/index.php?rest_route=\/wp\/v2\/media\/5957"}],"wp:attachment":[{"href":"https:\/\/solarquangbinh.com\/index.php?rest_route=%2Fwp%2Fv2%2Fmedia&parent=7154"}],"wp:term":[{"taxonomy":"product_cat","embeddable":true,"href":"https:\/\/solarquangbinh.com\/index.php?rest_route=%2Fwp%2Fv2%2Fproduct_cat&post=7154"},{"taxonomy":"product_tag","embeddable":true,"href":"https:\/\/solarquangbinh.com\/index.php?rest_route=%2Fwp%2Fv2%2Fproduct_tag&post=7154"}],"curies":[{"name":"wp","href":"https:\/\/api.w.org\/{rel}","templated":true}]}}