{"id":7175,"date":"2024-10-23T16:35:21","date_gmt":"2024-10-23T09:35:21","guid":{"rendered":"https:\/\/solarquangbinh.com\/?post_type=product&#038;p=7175"},"modified":"2024-10-23T16:37:49","modified_gmt":"2024-10-23T09:37:49","slug":"inverter-hoa-luoi-5kw-3-pha-spi5k-b-3","status":"publish","type":"product","link":"https:\/\/solarquangbinh.com\/?product=inverter-hoa-luoi-5kw-3-pha-spi5k-b-3","title":{"rendered":"Inverter H\u00f2a L\u01b0\u1edbi 5kw 3 Pha &#8211; SPI5K-B"},"content":{"rendered":"<h3>V\u1ec1 c\u00f4ng ty:<\/h3>\n<h3>KEHUA Tech t\u1eadp trung v\u00e0o m\u1ea3ng chuy\u1ec3n \u0111\u1ed5i n\u0103ng l\u01b0\u1ee3ng v\u1edbi h\u01a1n 31 n\u0103m kinh nghi\u1ec7m (\u0111\u01b0\u1ee3c th\u00e0nh l\u1eadp n\u0103m 1988), \u0111\u1ea1t \u0111\u01b0\u1ee3c r\u1ea5t nhi\u1ec1u ti\u00eau chu\u1ea9n qu\u1ed1c t\u1ebf v\u1edbi s\u1ea3n ph\u1ea9m \u0111\u01b0\u1ee3c \u1ee9ng d\u1ee5ng tr\u00ean h\u01a1n 104 qu\u1ed1c gia v\u00e0 v\u00f9ng l\u00e3nh th\u1ed5.\u00a0Chuy\u00ean v\u1ec1 Trung t\u00e2m d\u1eef li\u1ec7u, Kehua chi\u1ebfm h\u01a1n 13,0% to\u00e0n b\u1ed9 th\u1ecb tr\u01b0\u1eddng UPS, Kehua l\u00e0 th\u01b0\u01a1ng hi\u1ec7u UPS s\u1ed1 1 t\u1ea1i Trung Qu\u1ed1c trong h\u01a1n 20 n\u0103m. N\u0103m 2016, Kehua \u0111\u00e3 \u0111\u01b0\u1ee3c trao gi\u1ea3i C\u00f4ng ty Top 500 to\u00e0n c\u1ea7u trong ng\u00e0nh n\u0103ng l\u01b0\u1ee3ng t\u00e1i t\u1ea1o v\u00e0 t\u1ed5ng \u1ee9ng d\u1ee5ng h\u1ec7 m\u1eb7t tr\u1eddi c\u1ee7a n\u00f3 \u0111\u00e3 \u0111\u1ea1t \u0111\u01b0\u1ee3c h\u01a1n 10GW. \u0110\u1ebfn nay, Kehua \u0111\u00e3 x\u00e2y d\u1ef1ng th\u00e0nh c\u00f4ng h\u01a1n 25.000 gi\u00e1 \u0111\u1ee1 trung t\u00e2m d\u1eef li\u1ec7u tr\u00ean to\u00e0n qu\u1ed1c.<br \/>\nV\u1edbi quy m\u00f4 h\u01a1n 4500 nh\u00e2n vi\u00ean, h\u01a1n 1000 k\u1ef9 s\u01b0 R&amp;D v\u1edbi 5 nh\u00e0 m\u00e1y l\u1edbn t\u1ea1i Trung Qu\u1ed1c.\u00a0V\u00ec v\u1eady ch\u00fang t\u00f4i \u0111\u1ea3m b\u1ea3o 100% h\u1ed7 tr\u1ee3 ch\u1ea5t l\u01b0\u1ee3ng s\u1ea3n ph\u1ea9m t\u1ed1t nh\u1ea5t v\u00e0 th\u1eddi gian giao h\u00e0ng nhanh ch\u00f3ng cho kh\u00e1ch h\u00e0ng.<\/h3>\n<h3>Th\u00e0nh t\u1ef1u \u0111\u1ea1t \u0111\u01b0\u1ee3c:<\/h3>\n<ul>\n<li>T\u1ed5ng c\u00f4ng su\u1ea5t l\u1eb7p \u0111\u1eb7t \u0111\u1ea1t tr\u00ean 12GW cho ng\u00e0nh n\u0103ng l\u01b0\u1ee3ng t\u00e1i t\u1ea1o tr\u00ean ph\u1ea1m vi to\u00e0n th\u1ebf gi\u1edbi<\/li>\n<li>Nh\u00e0 cung c\u1ea5p s\u1ed1 1 Trung Qu\u1ed1c cho gi\u1ea3i ph\u00e1p h\u1ec7 th\u1ed1ng l\u01b0u tr\u1eef n\u0103ng l\u01b0\u1ee3ng;<\/li>\n<li>Th\u01b0\u01a1ng hi\u1ec7u UPS Trung Qu\u1ed1c s\u1ed1 1 h\u01a1n 20 n\u0103m.<\/li>\n<li>Top 10 nh\u00e0 cung c\u1ea5p h\u1ec7 th\u1ed1ng bi\u1ebfn t\u1ea7n t\u1eadp trung cho c\u00e1c trang tr\u1ea1i \u0111i\u1ec7n m\u1eb7t tr\u1eddi tr\u00ean th\u1ebf gi\u1edbi<\/li>\n<\/ul>\n<h3>V\u1ec1 s\u1ea3n ph\u1ea9m:<\/h3>\n<h3>Kinh t\u1ebf:<\/h3>\n<ul>\n<li>C\u1ea5u tr\u00fac li\u00ean k\u1ebft bi\u1ebfn t\u1ea7n hi\u1ec7u su\u1ea5t cao v\u1edbi hi\u1ec7u su\u1ea5t t\u1ed1i \u0111a l\u00ean t\u1edbi 98,2%<\/li>\n<li>C\u00e1c thu\u1eadt to\u00e1n \u0111i\u1ec1u khi\u1ec3n ti\u00ean ti\u1ebfn v\u00e0 kh\u1ea3 n\u0103ng th\u00edch \u1ee9ng cao v\u1edbi l\u01b0\u1edbi \u0111i\u1ec7n, c\u1ea3i thi\u1ec7n t\u00ednh \u1ed5n \u0111\u1ecbnh c\u1ee7a h\u1ec7 th\u1ed1ng ph\u00e1t \u0111i\u1ec7n<\/li>\n<\/ul>\n<h3>An to\u00e0n v\u00e0 tin c\u1eady:<\/h3>\n<ul>\n<li>Ph\u1ea1m vi nhi\u1ec7t \u0111\u1ed9 ho\u1ea1t \u0111\u1ed9ng si\u00eau r\u1ed9ng: -40\u00baC ~ 60\u00baC, l\u00e0 bi\u1ebfn t\u1ea7n ch\u1ed1ng l\u1ea1nh \u0111\u1ea7u ti\u00ean trong ng\u00e0nh<\/li>\n<\/ul>\n<h3>Chi ph\u00ed l\u1eafp \u0111\u1eb7t t\u1ed1i thi\u1ec3u:<\/h3>\n<ul>\n<li>K\u00edch th\u01b0\u1edbc nh\u1ecf, d\u1ec5 c\u00e0i \u0111\u1eb7t v\u00e0 s\u1eed d\u1ee5ng<\/li>\n<li>L\u00e0m m\u00e1t t\u1ef1 nhi\u00ean, \u0111\u1ea3m b\u1ea3o ti\u1ebfng \u1ed3n m\u00f4i tr\u01b0\u1eddng th\u1ea5p<\/li>\n<\/ul>\n<h3>Qu\u1ea3n l\u00fd th\u00f4ng minh:<\/h3>\n<ul>\n<li>H\u1ed7 tr\u1ee3 RS485, GPRS, WIFI v\u00e0 c\u00e1c ph\u01b0\u01a1ng th\u1ee9c li\u00ean l\u1ea1c kh\u00e1c<\/li>\n<li>\u0110i\u1ec1u khi\u1ec3n n\u1ea1p th\u00f4ng minh qua \u0111\u1ed3ng h\u1ed3 th\u00f4ng minh<\/li>\n<li>C\u1ea5u tr\u00fac li\u00ean k\u1ebft bi\u1ebfn t\u1ea7n hi\u1ec7u qu\u1ea3 cao<\/li>\n<li>An to\u00e0n v\u00e0 \u0111\u00e1ng tin c\u1eady trong su\u1ed1t v\u00f2ng \u0111\u1eddi ho\u1ea1t \u0111\u1ed9ng<\/li>\n<li>Ti\u1ebft ki\u1ec7m xanh v\u00e0 th\u00edch nghi v\u1edbi m\u00f4i tr\u01b0\u1eddng<\/li>\n<li>Qu\u1ea3n l\u00fd gi\u00e1m s\u00e1t th\u00f4ng minh b\u1eb1ng wifi.<\/li>\n<\/ul>\n","protected":false},"excerpt":{"rendered":"<p>V\u1ec1 s\u1ea3n ph\u1ea9m<\/p>\n<ul>\n<li>C\u00f4ng su\u1ea5t ra AC: 5000W<\/li>\n<li>Hi\u1ec7u su\u1ea5t: 98.6%<\/li>\n<li>D\u1ea3i \u0111i\u1ec7n \u00e1p MPPT: 200VDC-950VDC<\/li>\n<li>C\u1ea5p ch\u1ed1ng n\u01b0\u1edbc: IP65<\/li>\n<li>K\u00edch th\u01b0\u1edbc: 480mmx420mmx180mm<\/li>\n<li>Kh\u1ed1i L\u01b0\u1ee3ng: 23kg<\/li>\n<li>K\u1ebft n\u1ed1i: Wifi, RS485, GPRS<\/li>\n<li>\u1ee8ng d\u1ee5ng gi\u00e1m s\u00e1t: Wisesolar+<\/li>\n<\/ul>\n<i class=\"fa fa-download \" ><\/i> Download<\/p>\n<ul>\n<li><a href=\"https:\/\/tpenergy.com.vn\/wp-content\/uploads\/2023\/07\/kehua-5-8-10-data.pdf\">DATASHEET<\/a><\/li>\n<\/ul>\n","protected":false},"featured_media":5973,"template":"","meta":[],"product_cat":[732],"product_tag":[],"yoast_head":"<!-- This site is optimized with the Yoast SEO plugin v20.6 - https:\/\/yoast.com\/wordpress\/plugins\/seo\/ -->\r\n<title>Inverter H\u00f2a L\u01b0\u1edbi 5kw 3 Pha - SPI5K-B - Solar Qu\u1ea3ng B\u00ecnh chuy\u00ean gi\u1ea3i ph\u00e1p v\u00e0 cung c\u1ea5p h\u1ec7 th\u1ed1ng \u0111i\u1ec7n m\u1eb7t tr\u1eddi h\u00f2a l\u01b0\u1edbi v\u00e0 l\u01b0u tr\u1eef t\u1ea1i Qu\u1ea3ng B\u00ecnh<\/title>\r\n<meta name=\"robots\" content=\"index, follow, max-snippet:-1, max-image-preview:large, max-video-preview:-1\" \/>\r\n<link rel=\"canonical\" href=\"https:\/\/solarquangbinh.com\/?product=inverter-hoa-luoi-5kw-3-pha-spi5k-b-3\" \/>\r\n<meta property=\"og:locale\" content=\"vi_VN\" \/>\r\n<meta property=\"og:type\" content=\"article\" \/>\r\n<meta property=\"og:title\" content=\"Inverter H\u00f2a L\u01b0\u1edbi 5kw 3 Pha - SPI5K-B - Solar Qu\u1ea3ng B\u00ecnh chuy\u00ean gi\u1ea3i ph\u00e1p v\u00e0 cung c\u1ea5p h\u1ec7 th\u1ed1ng \u0111i\u1ec7n m\u1eb7t tr\u1eddi h\u00f2a l\u01b0\u1edbi v\u00e0 l\u01b0u tr\u1eef t\u1ea1i Qu\u1ea3ng B\u00ecnh\" \/>\r\n<meta property=\"og:description\" content=\"V\u1ec1 s\u1ea3n ph\u1ea9m   C\u00f4ng su\u1ea5t ra AC: 5000W  Hi\u1ec7u su\u1ea5t: 98.6%  D\u1ea3i \u0111i\u1ec7n \u00e1p MPPT: 200VDC-950VDC  C\u1ea5p ch\u1ed1ng n\u01b0\u1edbc: IP65  K\u00edch th\u01b0\u1edbc: 480mmx420mmx180mm  Kh\u1ed1i L\u01b0\u1ee3ng: 23kg  K\u1ebft n\u1ed1i: Wifi, RS485, GPRS  \u1ee8ng d\u1ee5ng gi\u00e1m s\u00e1t: Wisesolar+   Download   DATASHEET\" \/>\r\n<meta property=\"og:url\" content=\"https:\/\/solarquangbinh.com\/?product=inverter-hoa-luoi-5kw-3-pha-spi5k-b-3\" \/>\r\n<meta property=\"og:site_name\" content=\"Solar Qu\u1ea3ng B\u00ecnh chuy\u00ean gi\u1ea3i ph\u00e1p v\u00e0 cung c\u1ea5p h\u1ec7 th\u1ed1ng \u0111i\u1ec7n m\u1eb7t tr\u1eddi h\u00f2a l\u01b0\u1edbi v\u00e0 l\u01b0u tr\u1eef t\u1ea1i Qu\u1ea3ng B\u00ecnh\" \/>\r\n<meta property=\"article:modified_time\" content=\"2024-10-23T09:37:49+00:00\" \/>\r\n<meta name=\"twitter:card\" content=\"summary_large_image\" \/>\r\n<meta name=\"twitter:label1\" content=\"\u01af\u1edbc t\u00ednh th\u1eddi gian \u0111\u1ecdc\" \/>\n\t<meta name=\"twitter:data1\" content=\"3 ph\u00fat\" \/>\r\n<script type=\"application\/ld+json\" class=\"yoast-schema-graph\">{\"@context\":\"https:\/\/schema.org\",\"@graph\":[{\"@type\":\"WebPage\",\"@id\":\"https:\/\/solarquangbinh.com\/?product=inverter-hoa-luoi-5kw-3-pha-spi5k-b-3\",\"url\":\"https:\/\/solarquangbinh.com\/?product=inverter-hoa-luoi-5kw-3-pha-spi5k-b-3\",\"name\":\"Inverter H\u00f2a L\u01b0\u1edbi 5kw 3 Pha - SPI5K-B - Solar Qu\u1ea3ng B\u00ecnh chuy\u00ean gi\u1ea3i ph\u00e1p v\u00e0 cung c\u1ea5p h\u1ec7 th\u1ed1ng \u0111i\u1ec7n m\u1eb7t tr\u1eddi h\u00f2a l\u01b0\u1edbi v\u00e0 l\u01b0u tr\u1eef t\u1ea1i Qu\u1ea3ng B\u00ecnh\",\"isPartOf\":{\"@id\":\"https:\/\/solarquangbinh.com\/#website\"},\"datePublished\":\"2024-10-23T09:35:21+00:00\",\"dateModified\":\"2024-10-23T09:37:49+00:00\",\"breadcrumb\":{\"@id\":\"https:\/\/solarquangbinh.com\/?product=inverter-hoa-luoi-5kw-3-pha-spi5k-b-3#breadcrumb\"},\"inLanguage\":\"vi\",\"potentialAction\":[{\"@type\":\"ReadAction\",\"target\":[\"https:\/\/solarquangbinh.com\/?product=inverter-hoa-luoi-5kw-3-pha-spi5k-b-3\"]}]},{\"@type\":\"BreadcrumbList\",\"@id\":\"https:\/\/solarquangbinh.com\/?product=inverter-hoa-luoi-5kw-3-pha-spi5k-b-3#breadcrumb\",\"itemListElement\":[{\"@type\":\"ListItem\",\"position\":1,\"name\":\"Trang ch\u1ee7\",\"item\":\"https:\/\/solarquangbinh.com\/\"},{\"@type\":\"ListItem\",\"position\":2,\"name\":\"S\u1ea3n ph\u1ea9m\",\"item\":\"https:\/\/solarquangbinh.com\/?page_id=20\"},{\"@type\":\"ListItem\",\"position\":3,\"name\":\"Inverter H\u00f2a L\u01b0\u1edbi 5kw 3 Pha &#8211; SPI5K-B\"}]},{\"@type\":\"WebSite\",\"@id\":\"https:\/\/solarquangbinh.com\/#website\",\"url\":\"https:\/\/solarquangbinh.com\/\",\"name\":\"Solar Qu\u1ea3ng B\u00ecnh chuy\u00ean gi\u1ea3i ph\u00e1p v\u00e0 cung c\u1ea5p h\u1ec7 th\u1ed1ng \u0111i\u1ec7n m\u1eb7t tr\u1eddi h\u00f2a l\u01b0\u1edbi v\u00e0 l\u01b0u tr\u1eef t\u1ea1i Qu\u1ea3ng B\u00ecnh\",\"description\":\"\u0110i\u1ec7n n\u0103ng l\u01b0\u1ee3ng m\u1eb7t tr\u1eddi Qu\u1ea3ng B\u00ecnh, Solar Quang Binh, Solar Qu\u1ea3ng B\u00ecnh chuy\u00ean cung c\u1ea5p h\u1ec7 th\u1ed1ng \u0111i\u1ec7n m\u1eb7t tr\u1eddi h\u00f2a l\u01b0\u1edbi v\u00e0 l\u01b0u tr\u1eef, pin n\u0103ng l\u01b0\u1ee3ng m\u1eb7t tr\u1eddi, Solar Quang Binh\",\"potentialAction\":[{\"@type\":\"SearchAction\",\"target\":{\"@type\":\"EntryPoint\",\"urlTemplate\":\"https:\/\/solarquangbinh.com\/?s={search_term_string}\"},\"query-input\":\"required name=search_term_string\"}],\"inLanguage\":\"vi\"}]}<\/script>\r\n<!-- \/ Yoast SEO plugin. -->","yoast_head_json":{"title":"Inverter H\u00f2a L\u01b0\u1edbi 5kw 3 Pha - SPI5K-B - Solar Qu\u1ea3ng B\u00ecnh chuy\u00ean gi\u1ea3i ph\u00e1p v\u00e0 cung c\u1ea5p h\u1ec7 th\u1ed1ng \u0111i\u1ec7n m\u1eb7t tr\u1eddi h\u00f2a l\u01b0\u1edbi v\u00e0 l\u01b0u tr\u1eef t\u1ea1i Qu\u1ea3ng B\u00ecnh","robots":{"index":"index","follow":"follow","max-snippet":"max-snippet:-1","max-image-preview":"max-image-preview:large","max-video-preview":"max-video-preview:-1"},"canonical":"https:\/\/solarquangbinh.com\/?product=inverter-hoa-luoi-5kw-3-pha-spi5k-b-3","og_locale":"vi_VN","og_type":"article","og_title":"Inverter H\u00f2a L\u01b0\u1edbi 5kw 3 Pha - SPI5K-B - Solar Qu\u1ea3ng B\u00ecnh chuy\u00ean gi\u1ea3i ph\u00e1p v\u00e0 cung c\u1ea5p h\u1ec7 th\u1ed1ng \u0111i\u1ec7n m\u1eb7t tr\u1eddi h\u00f2a l\u01b0\u1edbi v\u00e0 l\u01b0u tr\u1eef t\u1ea1i Qu\u1ea3ng B\u00ecnh","og_description":"V\u1ec1 s\u1ea3n ph\u1ea9m   C\u00f4ng su\u1ea5t ra AC: 5000W  Hi\u1ec7u su\u1ea5t: 98.6%  D\u1ea3i \u0111i\u1ec7n \u00e1p MPPT: 200VDC-950VDC  C\u1ea5p ch\u1ed1ng n\u01b0\u1edbc: IP65  K\u00edch th\u01b0\u1edbc: 480mmx420mmx180mm  Kh\u1ed1i L\u01b0\u1ee3ng: 23kg  K\u1ebft n\u1ed1i: Wifi, RS485, GPRS  \u1ee8ng d\u1ee5ng gi\u00e1m s\u00e1t: Wisesolar+   Download   DATASHEET","og_url":"https:\/\/solarquangbinh.com\/?product=inverter-hoa-luoi-5kw-3-pha-spi5k-b-3","og_site_name":"Solar Qu\u1ea3ng B\u00ecnh chuy\u00ean gi\u1ea3i ph\u00e1p v\u00e0 cung c\u1ea5p h\u1ec7 th\u1ed1ng \u0111i\u1ec7n m\u1eb7t tr\u1eddi h\u00f2a l\u01b0\u1edbi v\u00e0 l\u01b0u tr\u1eef t\u1ea1i Qu\u1ea3ng B\u00ecnh","article_modified_time":"2024-10-23T09:37:49+00:00","twitter_card":"summary_large_image","twitter_misc":{"\u01af\u1edbc t\u00ednh th\u1eddi gian \u0111\u1ecdc":"3 ph\u00fat"},"schema":{"@context":"https:\/\/schema.org","@graph":[{"@type":"WebPage","@id":"https:\/\/solarquangbinh.com\/?product=inverter-hoa-luoi-5kw-3-pha-spi5k-b-3","url":"https:\/\/solarquangbinh.com\/?product=inverter-hoa-luoi-5kw-3-pha-spi5k-b-3","name":"Inverter H\u00f2a L\u01b0\u1edbi 5kw 3 Pha - SPI5K-B - Solar Qu\u1ea3ng B\u00ecnh chuy\u00ean gi\u1ea3i ph\u00e1p v\u00e0 cung c\u1ea5p h\u1ec7 th\u1ed1ng \u0111i\u1ec7n m\u1eb7t tr\u1eddi h\u00f2a l\u01b0\u1edbi v\u00e0 l\u01b0u tr\u1eef t\u1ea1i Qu\u1ea3ng B\u00ecnh","isPartOf":{"@id":"https:\/\/solarquangbinh.com\/#website"},"datePublished":"2024-10-23T09:35:21+00:00","dateModified":"2024-10-23T09:37:49+00:00","breadcrumb":{"@id":"https:\/\/solarquangbinh.com\/?product=inverter-hoa-luoi-5kw-3-pha-spi5k-b-3#breadcrumb"},"inLanguage":"vi","potentialAction":[{"@type":"ReadAction","target":["https:\/\/solarquangbinh.com\/?product=inverter-hoa-luoi-5kw-3-pha-spi5k-b-3"]}]},{"@type":"BreadcrumbList","@id":"https:\/\/solarquangbinh.com\/?product=inverter-hoa-luoi-5kw-3-pha-spi5k-b-3#breadcrumb","itemListElement":[{"@type":"ListItem","position":1,"name":"Trang ch\u1ee7","item":"https:\/\/solarquangbinh.com\/"},{"@type":"ListItem","position":2,"name":"S\u1ea3n ph\u1ea9m","item":"https:\/\/solarquangbinh.com\/?page_id=20"},{"@type":"ListItem","position":3,"name":"Inverter H\u00f2a L\u01b0\u1edbi 5kw 3 Pha &#8211; SPI5K-B"}]},{"@type":"WebSite","@id":"https:\/\/solarquangbinh.com\/#website","url":"https:\/\/solarquangbinh.com\/","name":"Solar Qu\u1ea3ng B\u00ecnh chuy\u00ean gi\u1ea3i ph\u00e1p v\u00e0 cung c\u1ea5p h\u1ec7 th\u1ed1ng \u0111i\u1ec7n m\u1eb7t tr\u1eddi h\u00f2a l\u01b0\u1edbi v\u00e0 l\u01b0u tr\u1eef t\u1ea1i Qu\u1ea3ng B\u00ecnh","description":"\u0110i\u1ec7n n\u0103ng l\u01b0\u1ee3ng m\u1eb7t tr\u1eddi Qu\u1ea3ng B\u00ecnh, Solar Quang Binh, Solar Qu\u1ea3ng B\u00ecnh chuy\u00ean cung c\u1ea5p h\u1ec7 th\u1ed1ng \u0111i\u1ec7n m\u1eb7t tr\u1eddi h\u00f2a l\u01b0\u1edbi v\u00e0 l\u01b0u tr\u1eef, pin n\u0103ng l\u01b0\u1ee3ng m\u1eb7t tr\u1eddi, Solar Quang Binh","potentialAction":[{"@type":"SearchAction","target":{"@type":"EntryPoint","urlTemplate":"https:\/\/solarquangbinh.com\/?s={search_term_string}"},"query-input":"required name=search_term_string"}],"inLanguage":"vi"}]}},"_links":{"self":[{"href":"https:\/\/solarquangbinh.com\/index.php?rest_route=\/wp\/v3\/product\/7175"}],"collection":[{"href":"https:\/\/solarquangbinh.com\/index.php?rest_route=\/wp\/v3\/product"}],"about":[{"href":"https:\/\/solarquangbinh.com\/index.php?rest_route=\/wp\/v2\/types\/product"}],"wp:featuredmedia":[{"embeddable":true,"href":"https:\/\/solarquangbinh.com\/index.php?rest_route=\/wp\/v2\/media\/5973"}],"wp:attachment":[{"href":"https:\/\/solarquangbinh.com\/index.php?rest_route=%2Fwp%2Fv2%2Fmedia&parent=7175"}],"wp:term":[{"taxonomy":"product_cat","embeddable":true,"href":"https:\/\/solarquangbinh.com\/index.php?rest_route=%2Fwp%2Fv2%2Fproduct_cat&post=7175"},{"taxonomy":"product_tag","embeddable":true,"href":"https:\/\/solarquangbinh.com\/index.php?rest_route=%2Fwp%2Fv2%2Fproduct_tag&post=7175"}],"curies":[{"name":"wp","href":"https:\/\/api.w.org\/{rel}","templated":true}]}}