{"id":7202,"date":"2024-10-23T16:35:44","date_gmt":"2024-10-23T09:35:44","guid":{"rendered":"https:\/\/solarquangbinh.com\/?post_type=product&#038;p=7202"},"modified":"2024-10-23T16:35:58","modified_gmt":"2024-10-23T09:35:58","slug":"tam-pin-first-solar-440w-thin-film-3","status":"publish","type":"product","link":"https:\/\/solarquangbinh.com\/?product=tam-pin-first-solar-440w-thin-film-3","title":{"rendered":"T\u1ea5m Pin First Solar 440w Thin Film"},"content":{"rendered":"<p>C\u00f4ng ty \u0111\u01b0\u1ee3c th\u00e0nh l\u1eadp v\u00e0o n\u0103m 1990 b\u1edfi nh\u00e0 ph\u00e1t\u00a0minh Harold McMaster\u00a0v\u1edbi t\u00ean Solar Cells, Inc. v\u00e0 Florida Corporation v\u00e0o n\u0103m 1993 v\u1edbi JD Polk. N\u0103m 1999, n\u00f3 \u0111\u01b0\u1ee3c mua l\u1ea1i b\u1edfi True North Partners, LLC, ng\u01b0\u1eddi \u0111\u00e3 \u0111\u1ed5i t\u00ean th\u00e0nh First Solar, Inc. C\u00f4ng ty \u0111\u00e3 c\u00f4ng khai v\u00e0o n\u0103m 2006, giao d\u1ecbch tr\u00ean NASDAQ. Gi\u00e1m \u0111\u1ed1c \u0111i\u1ec1u h\u00e0nh hi\u1ec7n t\u1ea1i c\u1ee7a n\u00f3 l\u00e0 Mark Widmar, ng\u01b0\u1eddi \u0111\u00e3 k\u1ebf nhi\u1ec7m CEO james Hughes tr\u01b0\u1edbc \u0111\u00f3 v\u00e0o ng\u00e0y 1 th\u00e1ng 7 n\u0103m 2016. First Solar c\u00f3 tr\u1ee5 s\u1edf\u00a0t\u1ea1i Tempe, Arizona.<\/p>\n<p>T\u00ednh \u0111\u1ebfn n\u0103m 2010, First Solar \u0111\u01b0\u1ee3c coi l\u00e0 nh\u00e0 s\u1ea3n xu\u1ea5t m\u00f4-\u0111un PV l\u1edbn th\u1ee9 hai tr\u00ean to\u00e0n th\u1ebf gi\u1edbi.<\/p>\n<figure id=\"attachment_3498\" class=\"wp-caption aligncenter\" aria-describedby=\"caption-attachment-3498\"><img decoding=\"async\" loading=\"lazy\" class=\"wp-image-3498 size-full entered lazyloaded\" title=\"pin m\u1eb7t tr\u1eddi gi\u00e1 bao nhi\u00eau\" src=\"https:\/\/www.dhcsolar.com\/wp-content\/uploads\/2021\/04\/pin-mat-troi-first-solar.png\" alt=\"pin m\u1eb7t tr\u1eddi gi\u00e1 bao nhi\u00eau\" width=\"512\" height=\"293\" data-lazy-src=\"https:\/\/www.dhcsolar.com\/wp-content\/uploads\/2021\/04\/pin-mat-troi-first-solar.png\" data-ll-status=\"loaded\" \/><\/figure>\n","protected":false},"excerpt":{"rendered":"<p><strong>Th\u00f4ng s\u1ed1 k\u1ef9 thu\u1eadt nh\u01b0 sau: <\/strong><\/p>\n<ul>\n<li>Model: FS-6440A * Pmax: 440wp (+5%, \/ -0%)<\/li>\n<li>\u0110i\u1ec7n \u00e1p h\u1edf m\u1ea1ch: 220v<\/li>\n<li>\u0110i\u1ec7n \u00e1p l\u00e0m vi\u1ec7c 184.7v<\/li>\n<li>D\u00f2ng \u0111i\u1ec7n ng\u1eafn m\u1ea1ch 2.55A<\/li>\n<li>D\u00f2ng \u0111i\u1ec7n l\u00e0m vi\u1ec7c 2.38A<\/li>\n<li>H\u00e0ng ti\u00eau chu\u1ea9n Grade A<\/li>\n<li>\u0110i\u1ec7n \u00e1p max trong h\u1ec7 th\u1ed1ng 1500v<\/li>\n<li>Tr\u1ecdng l\u01b0\u1ee3ng 36kg<\/li>\n<li>K\u00edch th\u01b0\u1edbc D,R,C = 2010, 1230, 35 (mm)<\/li>\n<li>B\u1ea3o h\u00e0nh 10 n\u0103m<\/li>\n<\/ul>\n<p><a href=\"https:\/\/www.firstsolar.com\/-\/media\/First-Solar\/Landing-Pages\/EU-Roadshows\/FS_Series6Datasheet.ashx?la=en-EMEA\"><span style=\"color: #ff0000;\">DATASHEET<\/span><\/a><\/p>\n","protected":false},"featured_media":6035,"template":"","meta":[],"product_cat":[747],"product_tag":[748,749,750],"yoast_head":"<!-- This site is optimized with the Yoast SEO plugin v20.6 - https:\/\/yoast.com\/wordpress\/plugins\/seo\/ -->\r\n<title>T\u1ea5m Pin First Solar 440w Thin Film - Solar Qu\u1ea3ng B\u00ecnh chuy\u00ean gi\u1ea3i ph\u00e1p v\u00e0 cung c\u1ea5p h\u1ec7 th\u1ed1ng \u0111i\u1ec7n m\u1eb7t tr\u1eddi h\u00f2a l\u01b0\u1edbi v\u00e0 l\u01b0u tr\u1eef t\u1ea1i Qu\u1ea3ng B\u00ecnh<\/title>\r\n<meta name=\"description\" content=\"first solar\" \/>\r\n<meta name=\"robots\" content=\"index, follow, max-snippet:-1, max-image-preview:large, max-video-preview:-1\" \/>\r\n<link rel=\"canonical\" href=\"https:\/\/solarquangbinh.com\/?product=tam-pin-first-solar-440w-thin-film-3\" \/>\r\n<meta property=\"og:locale\" content=\"vi_VN\" \/>\r\n<meta property=\"og:type\" content=\"article\" \/>\r\n<meta property=\"og:title\" content=\"T\u1ea5m Pin First Solar 440w Thin Film - Solar Qu\u1ea3ng B\u00ecnh chuy\u00ean gi\u1ea3i ph\u00e1p v\u00e0 cung c\u1ea5p h\u1ec7 th\u1ed1ng \u0111i\u1ec7n m\u1eb7t tr\u1eddi h\u00f2a l\u01b0\u1edbi v\u00e0 l\u01b0u tr\u1eef t\u1ea1i Qu\u1ea3ng B\u00ecnh\" \/>\r\n<meta property=\"og:description\" content=\"first solar\" \/>\r\n<meta property=\"og:url\" content=\"https:\/\/solarquangbinh.com\/?product=tam-pin-first-solar-440w-thin-film-3\" \/>\r\n<meta property=\"og:site_name\" content=\"Solar Qu\u1ea3ng B\u00ecnh chuy\u00ean gi\u1ea3i ph\u00e1p v\u00e0 cung c\u1ea5p h\u1ec7 th\u1ed1ng \u0111i\u1ec7n m\u1eb7t tr\u1eddi h\u00f2a l\u01b0\u1edbi v\u00e0 l\u01b0u tr\u1eef t\u1ea1i Qu\u1ea3ng B\u00ecnh\" \/>\r\n<meta property=\"article:modified_time\" content=\"2024-10-23T09:35:58+00:00\" \/>\r\n<meta property=\"og:image\" content=\"https:\/\/www.dhcsolar.com\/wp-content\/uploads\/2021\/04\/pin-mat-troi-first-solar.png\" \/>\r\n<meta name=\"twitter:card\" content=\"summary_large_image\" \/>\r\n<meta name=\"twitter:label1\" content=\"\u01af\u1edbc t\u00ednh th\u1eddi gian \u0111\u1ecdc\" \/>\n\t<meta name=\"twitter:data1\" content=\"1 ph\u00fat\" \/>\r\n<script type=\"application\/ld+json\" class=\"yoast-schema-graph\">{\"@context\":\"https:\/\/schema.org\",\"@graph\":[{\"@type\":\"WebPage\",\"@id\":\"https:\/\/solarquangbinh.com\/?product=tam-pin-first-solar-440w-thin-film-3\",\"url\":\"https:\/\/solarquangbinh.com\/?product=tam-pin-first-solar-440w-thin-film-3\",\"name\":\"T\u1ea5m Pin First Solar 440w Thin Film - Solar Qu\u1ea3ng B\u00ecnh chuy\u00ean gi\u1ea3i ph\u00e1p v\u00e0 cung c\u1ea5p h\u1ec7 th\u1ed1ng \u0111i\u1ec7n m\u1eb7t tr\u1eddi h\u00f2a l\u01b0\u1edbi v\u00e0 l\u01b0u tr\u1eef t\u1ea1i Qu\u1ea3ng B\u00ecnh\",\"isPartOf\":{\"@id\":\"https:\/\/solarquangbinh.com\/#website\"},\"datePublished\":\"2024-10-23T09:35:44+00:00\",\"dateModified\":\"2024-10-23T09:35:58+00:00\",\"description\":\"first solar\",\"breadcrumb\":{\"@id\":\"https:\/\/solarquangbinh.com\/?product=tam-pin-first-solar-440w-thin-film-3#breadcrumb\"},\"inLanguage\":\"vi\",\"potentialAction\":[{\"@type\":\"ReadAction\",\"target\":[\"https:\/\/solarquangbinh.com\/?product=tam-pin-first-solar-440w-thin-film-3\"]}]},{\"@type\":\"BreadcrumbList\",\"@id\":\"https:\/\/solarquangbinh.com\/?product=tam-pin-first-solar-440w-thin-film-3#breadcrumb\",\"itemListElement\":[{\"@type\":\"ListItem\",\"position\":1,\"name\":\"Trang ch\u1ee7\",\"item\":\"https:\/\/solarquangbinh.com\/\"},{\"@type\":\"ListItem\",\"position\":2,\"name\":\"S\u1ea3n ph\u1ea9m\",\"item\":\"https:\/\/solarquangbinh.com\/?page_id=20\"},{\"@type\":\"ListItem\",\"position\":3,\"name\":\"T\u1ea5m Pin First Solar 440w Thin Film\"}]},{\"@type\":\"WebSite\",\"@id\":\"https:\/\/solarquangbinh.com\/#website\",\"url\":\"https:\/\/solarquangbinh.com\/\",\"name\":\"Solar Qu\u1ea3ng B\u00ecnh chuy\u00ean gi\u1ea3i ph\u00e1p v\u00e0 cung c\u1ea5p h\u1ec7 th\u1ed1ng \u0111i\u1ec7n m\u1eb7t tr\u1eddi h\u00f2a l\u01b0\u1edbi v\u00e0 l\u01b0u tr\u1eef t\u1ea1i Qu\u1ea3ng B\u00ecnh\",\"description\":\"\u0110i\u1ec7n n\u0103ng l\u01b0\u1ee3ng m\u1eb7t tr\u1eddi Qu\u1ea3ng B\u00ecnh, Solar Quang Binh, Solar Qu\u1ea3ng B\u00ecnh chuy\u00ean cung c\u1ea5p h\u1ec7 th\u1ed1ng \u0111i\u1ec7n m\u1eb7t tr\u1eddi h\u00f2a l\u01b0\u1edbi v\u00e0 l\u01b0u tr\u1eef, pin n\u0103ng l\u01b0\u1ee3ng m\u1eb7t tr\u1eddi, Solar Quang Binh\",\"potentialAction\":[{\"@type\":\"SearchAction\",\"target\":{\"@type\":\"EntryPoint\",\"urlTemplate\":\"https:\/\/solarquangbinh.com\/?s={search_term_string}\"},\"query-input\":\"required name=search_term_string\"}],\"inLanguage\":\"vi\"}]}<\/script>\r\n<!-- \/ Yoast SEO plugin. -->","yoast_head_json":{"title":"T\u1ea5m Pin First Solar 440w Thin Film - Solar Qu\u1ea3ng B\u00ecnh chuy\u00ean gi\u1ea3i ph\u00e1p v\u00e0 cung c\u1ea5p h\u1ec7 th\u1ed1ng \u0111i\u1ec7n m\u1eb7t tr\u1eddi h\u00f2a l\u01b0\u1edbi v\u00e0 l\u01b0u tr\u1eef t\u1ea1i Qu\u1ea3ng B\u00ecnh","description":"first solar","robots":{"index":"index","follow":"follow","max-snippet":"max-snippet:-1","max-image-preview":"max-image-preview:large","max-video-preview":"max-video-preview:-1"},"canonical":"https:\/\/solarquangbinh.com\/?product=tam-pin-first-solar-440w-thin-film-3","og_locale":"vi_VN","og_type":"article","og_title":"T\u1ea5m Pin First Solar 440w Thin Film - Solar Qu\u1ea3ng B\u00ecnh chuy\u00ean gi\u1ea3i ph\u00e1p v\u00e0 cung c\u1ea5p h\u1ec7 th\u1ed1ng \u0111i\u1ec7n m\u1eb7t tr\u1eddi h\u00f2a l\u01b0\u1edbi v\u00e0 l\u01b0u tr\u1eef t\u1ea1i Qu\u1ea3ng B\u00ecnh","og_description":"first solar","og_url":"https:\/\/solarquangbinh.com\/?product=tam-pin-first-solar-440w-thin-film-3","og_site_name":"Solar Qu\u1ea3ng B\u00ecnh chuy\u00ean gi\u1ea3i ph\u00e1p v\u00e0 cung c\u1ea5p h\u1ec7 th\u1ed1ng \u0111i\u1ec7n m\u1eb7t tr\u1eddi h\u00f2a l\u01b0\u1edbi v\u00e0 l\u01b0u tr\u1eef t\u1ea1i Qu\u1ea3ng B\u00ecnh","article_modified_time":"2024-10-23T09:35:58+00:00","og_image":[{"url":"https:\/\/www.dhcsolar.com\/wp-content\/uploads\/2021\/04\/pin-mat-troi-first-solar.png"}],"twitter_card":"summary_large_image","twitter_misc":{"\u01af\u1edbc t\u00ednh th\u1eddi gian \u0111\u1ecdc":"1 ph\u00fat"},"schema":{"@context":"https:\/\/schema.org","@graph":[{"@type":"WebPage","@id":"https:\/\/solarquangbinh.com\/?product=tam-pin-first-solar-440w-thin-film-3","url":"https:\/\/solarquangbinh.com\/?product=tam-pin-first-solar-440w-thin-film-3","name":"T\u1ea5m Pin First Solar 440w Thin Film - Solar Qu\u1ea3ng B\u00ecnh chuy\u00ean gi\u1ea3i ph\u00e1p v\u00e0 cung c\u1ea5p h\u1ec7 th\u1ed1ng \u0111i\u1ec7n m\u1eb7t tr\u1eddi h\u00f2a l\u01b0\u1edbi v\u00e0 l\u01b0u tr\u1eef t\u1ea1i Qu\u1ea3ng B\u00ecnh","isPartOf":{"@id":"https:\/\/solarquangbinh.com\/#website"},"datePublished":"2024-10-23T09:35:44+00:00","dateModified":"2024-10-23T09:35:58+00:00","description":"first solar","breadcrumb":{"@id":"https:\/\/solarquangbinh.com\/?product=tam-pin-first-solar-440w-thin-film-3#breadcrumb"},"inLanguage":"vi","potentialAction":[{"@type":"ReadAction","target":["https:\/\/solarquangbinh.com\/?product=tam-pin-first-solar-440w-thin-film-3"]}]},{"@type":"BreadcrumbList","@id":"https:\/\/solarquangbinh.com\/?product=tam-pin-first-solar-440w-thin-film-3#breadcrumb","itemListElement":[{"@type":"ListItem","position":1,"name":"Trang ch\u1ee7","item":"https:\/\/solarquangbinh.com\/"},{"@type":"ListItem","position":2,"name":"S\u1ea3n ph\u1ea9m","item":"https:\/\/solarquangbinh.com\/?page_id=20"},{"@type":"ListItem","position":3,"name":"T\u1ea5m Pin First Solar 440w Thin Film"}]},{"@type":"WebSite","@id":"https:\/\/solarquangbinh.com\/#website","url":"https:\/\/solarquangbinh.com\/","name":"Solar Qu\u1ea3ng B\u00ecnh chuy\u00ean gi\u1ea3i ph\u00e1p v\u00e0 cung c\u1ea5p h\u1ec7 th\u1ed1ng \u0111i\u1ec7n m\u1eb7t tr\u1eddi h\u00f2a l\u01b0\u1edbi v\u00e0 l\u01b0u tr\u1eef t\u1ea1i Qu\u1ea3ng B\u00ecnh","description":"\u0110i\u1ec7n n\u0103ng l\u01b0\u1ee3ng m\u1eb7t tr\u1eddi Qu\u1ea3ng B\u00ecnh, Solar Quang Binh, Solar Qu\u1ea3ng B\u00ecnh chuy\u00ean cung c\u1ea5p h\u1ec7 th\u1ed1ng \u0111i\u1ec7n m\u1eb7t tr\u1eddi h\u00f2a l\u01b0\u1edbi v\u00e0 l\u01b0u tr\u1eef, pin n\u0103ng l\u01b0\u1ee3ng m\u1eb7t tr\u1eddi, Solar Quang Binh","potentialAction":[{"@type":"SearchAction","target":{"@type":"EntryPoint","urlTemplate":"https:\/\/solarquangbinh.com\/?s={search_term_string}"},"query-input":"required name=search_term_string"}],"inLanguage":"vi"}]}},"_links":{"self":[{"href":"https:\/\/solarquangbinh.com\/index.php?rest_route=\/wp\/v3\/product\/7202"}],"collection":[{"href":"https:\/\/solarquangbinh.com\/index.php?rest_route=\/wp\/v3\/product"}],"about":[{"href":"https:\/\/solarquangbinh.com\/index.php?rest_route=\/wp\/v2\/types\/product"}],"wp:featuredmedia":[{"embeddable":true,"href":"https:\/\/solarquangbinh.com\/index.php?rest_route=\/wp\/v2\/media\/6035"}],"wp:attachment":[{"href":"https:\/\/solarquangbinh.com\/index.php?rest_route=%2Fwp%2Fv2%2Fmedia&parent=7202"}],"wp:term":[{"taxonomy":"product_cat","embeddable":true,"href":"https:\/\/solarquangbinh.com\/index.php?rest_route=%2Fwp%2Fv2%2Fproduct_cat&post=7202"},{"taxonomy":"product_tag","embeddable":true,"href":"https:\/\/solarquangbinh.com\/index.php?rest_route=%2Fwp%2Fv2%2Fproduct_tag&post=7202"}],"curies":[{"name":"wp","href":"https:\/\/api.w.org\/{rel}","templated":true}]}}