{"id":7204,"date":"2024-10-23T16:35:44","date_gmt":"2024-10-23T09:35:44","guid":{"rendered":"https:\/\/solarquangbinh.com\/?post_type=product&#038;p=7204"},"modified":"2024-10-23T16:35:59","modified_gmt":"2024-10-23T09:35:59","slug":"lithium-deye-ap-cao-b0s-g-3","status":"publish","type":"product","link":"https:\/\/solarquangbinh.com\/?product=lithium-deye-ap-cao-b0s-g-3","title":{"rendered":"LITHIUM DEYE \u00c1P CAO B0S-G"},"content":{"rendered":"<div id=\"RootGridCell_f7bd7025bd3bb5ec5db8eef11048f0330\" class=\"col-xs-12 col-sm-6 col-md-6 col-lg-6 col-xl-6 RootGridCell_f7bd7025bd3bb5ec5db8eef11048f0330 cell\" data-id=\"RootGridCell_f7bd7025bd3bb5ec5db8eef11048f0330\" data-type=\"cell\">\n<div id=\"RootGridBg_f7bd7025bd3bb5ec5db8eef11048f0330\" class=\"grid_content\">\n<div id=\"ImageSource424_ae680394a95b39d0150dbb8177f7a878\" class=\"Slide0\" data-id=\"ImageSource424_ae680394a95b39d0150dbb8177f7a878\">\n<div class=\"ImageSource\">\n<div class=\"detail_img_big\">\n<div class=\"detail_img\">\n<div class=\"ScrollImage-inner\">\n<div class=\"ScrollImage-content\">\n<div class=\"ScrollImage-box\"><span style=\"font-size: 25.92px;\">BOS-G (HV\uff09<\/span><\/div>\n<\/div>\n<\/div>\n<\/div>\n<\/div>\n<\/div>\n<\/div>\n<\/div>\n<\/div>\n<div id=\"RootGridCell_d4ac61cb4bf4c3827008f820c7c58fe2\" class=\"col-xs-12 col-sm-6 col-md-6 col-lg-6 col-xl-6 RootGridCell_d4ac61cb4bf4c3827008f820c7c58fe2 cell\" data-id=\"RootGridCell_d4ac61cb4bf4c3827008f820c7c58fe2\" data-type=\"cell\">\n<div id=\"RootGridBg_d4ac61cb4bf4c3827008f820c7c58fe2\" class=\"grid_content\">\n<div id=\"SplitLine222_870ced1010ce75f68fd74bd3134d5720\" class=\"SplitLine1\" data-id=\"SplitLine222_870ced1010ce75f68fd74bd3134d5720\">\n<hr \/>\n<\/div>\n<div id=\"ProDel313_f3421a727723e2382f3272a88fe55a9c0\" class=\"ProDel\" data-id=\"ProDel313_f3421a727723e2382f3272a88fe55a9c0\">\n<div>\n<div class=\"ProdelContent\">\n<p><strong>\u2022\u00a0Thu\u1eadn ti\u1ec7n<\/strong><\/p>\n<p>C\u00e0i \u0111\u1eb7t nhanh ch\u00f3ng, ti\u00eau chu\u1ea9n c\u1ee7a m\u00f4-\u0111un \u0111\u01b0\u1ee3c thi\u1ebft k\u1ebf nh\u00fang 19 inch tho\u1ea3i m\u00e1i cho vi\u1ec7c c\u00e0i \u0111\u1eb7t v\u00e0 b\u1ea3o tr\u00ec.<\/p>\n<p><strong>\u2022<\/strong><strong>\u00a0An to\u00e0n v\u00e0 \u0111\u00e1ng tin c\u1eady<\/strong><\/p>\n<p>V\u1eadt li\u1ec7u c\u1ef1c \u00e2m \u0111\u01b0\u1ee3c l\u00e0m t\u1eeb LiFeP04 v\u1edbi hi\u1ec7u su\u1ea5t an to\u00e0n v\u00e0 tu\u1ed5i th\u1ecd d\u00e0i, M\u00f4-\u0111un \u00edt t\u1ef1 ph\u00f3ng \u0111i\u1ec7n h\u01a1n, l\u00ean \u0111\u1ebfn 6 th\u00e1ng m\u00e0 kh\u00f4ng c\u1ea7n s\u1ea1c tr\u00ean k\u1ec7, kh\u00f4ng c\u00f3 hi\u1ec7u \u1ee9ng b\u1ed9 nh\u1edb, hi\u1ec7u su\u1ea5t s\u1ea1c v\u00e0 x\u1ea3 s\u00e2u tuy\u1ec7t v\u1eddi.<\/p>\n<p><strong>\u2022<\/strong><strong>\u00a0BMS th\u00f4ng minh<\/strong><\/p>\n<p>N\u00f3 c\u00f3 c\u00e1c ch\u1ee9c n\u0103ng b\u1ea3o v\u1ec7 bao g\u1ed3m x\u1ea3 qu\u00e1 m\u1ee9c v\u00e0 nhi\u1ec7t \u0111\u1ed9 qu\u00e1 cao ho\u1eb7c qu\u00e1 th\u1ea5p. H\u1ec7 th\u1ed1ng c\u00f3 th\u1ec3 t\u1ef1 \u0111\u1ed9ng qu\u1ea3n l\u00fd tr\u1ea1ng th\u00e1i s\u1ea1c v\u00e0 x\u1ea3 v\u00e0 c\u00e2n b\u1eb1ng d\u00f2ng \u0111i\u1ec7n v\u00e0 \u0111i\u1ec7n \u00e1p c\u1ee7a t\u1eebng t\u1ebf b\u00e0o cell pin.<\/p>\n<p><strong>\u2022<\/strong><strong>\u00a0Th\u00e2n thi\u1ec7n v\u1edbi m\u00f4i tr\u01b0\u1eddng<\/strong><\/p>\n<p>To\u00e0n b\u1ed9 m\u00f4-\u0111un kh\u00f4ng \u0111\u1ed9c h\u1ea1i, kh\u00f4ng g\u00e2y \u00f4 nhi\u1ec5m v\u00e0 th\u00e2n thi\u1ec7n v\u1edbi m\u00f4i tr\u01b0\u1eddng.<\/p>\n<p><strong>\u2022<\/strong><strong>\u00a0C\u1ea5u h\u00ecnh linh ho\u1ea1t<\/strong><\/p>\n<p>Nhi\u1ec1u m\u00f4-\u0111un pin c\u00f3 th\u1ec3 song song \u0111\u1ec3 m\u1edf r\u1ed9ng dung l\u01b0\u1ee3ng v\u00e0 s\u1ee9c m\u1ea1nh. H\u1ed7 tr\u1ee3 n\u00e2ng c\u1ea5p USB, n\u00e2ng c\u1ea5p wifi (t\u00f9y ch\u1ecdn), n\u00e2ng c\u1ea5p t\u1eeb xa (T\u01b0\u01a1ng th\u00edch v\u1edbi bi\u1ebfn t\u1ea7n Deye).<\/p>\n<p><strong>\u2022<\/strong><strong>\u00a0Nhi\u1ec7t \u0111\u1ed9 r\u1ed9ng<\/strong><\/p>\n<p>Ph\u1ea1m vi nhi\u1ec7t \u0111\u1ed9 l\u00e0m vi\u1ec7c l\u00e0 t\u1eeb -20\u00b0C \u0111\u1ebfn 55\u00b0C, v\u1edbi hi\u1ec7u su\u1ea5t x\u1ea3 v\u00e0 v\u00f2ng \u0111\u1eddi tuy\u1ec7t v\u1eddi.<\/p>\n<\/div>\n<\/div>\n<\/div>\n<\/div>\n<\/div>\n","protected":false},"excerpt":{"rendered":"<table border=\"0\">\n<tbody>\n<tr>\n<td><strong>D\u1ea3i c\u00f4ng su\u1ea5t h\u1ec7 th\u1ed1ng:<\/strong>\u00a020,48&#8211;61,44KWh<\/p>\n<p><strong>K\u00edch th\u01b0\u1edbc t\u1ed1i \u0111a:<\/strong>\u00a0540*590*2250mm<\/p>\n<p><strong>Tr\u1ecdng l\u01b0\u1ee3ng t\u1ed1i \u0111a:<\/strong>\u00a0430kg<\/p>\n<p><strong>C\u00f4ng su\u1ea5t c\u1ee7a m\u1ed9t b\u1ed9 pin:<\/strong>\u00a05,12kWh<\/td>\n<td><strong>\u0110\u1ed9 s\u00e2u x\u1ea3 khuy\u1ebfn ngh\u1ecb:<\/strong>\u00a090%<\/p>\n<p><strong>Gi\u1ea5y ch\u1ee9ng nh\u1eadn:<\/strong>\u00a0CE, IEC, UL<\/p>\n<p><strong>Lo\u1ea1i pin:<\/strong>\u00a0Lithium Iron Phosphate<\/td>\n<\/tr>\n<\/tbody>\n<\/table>\n<i class=\"fa fa-download \" ><\/i> DOWNLOAD<\/p>\n<p><a href=\"https:\/\/tpenergy.com.vn\/wp-content\/uploads\/2023\/07\/Datasheet-A-HV-3U-Battery-BOS-G-V1.4.pdf\">Datasheet<\/a><\/p>\n","protected":false},"featured_media":6039,"template":"","meta":[],"product_cat":[727],"product_tag":[],"yoast_head":"<!-- This site is optimized with the Yoast SEO plugin v20.6 - https:\/\/yoast.com\/wordpress\/plugins\/seo\/ -->\r\n<title>LITHIUM DEYE \u00c1P CAO B0S-G - Solar Qu\u1ea3ng B\u00ecnh chuy\u00ean gi\u1ea3i ph\u00e1p v\u00e0 cung c\u1ea5p h\u1ec7 th\u1ed1ng \u0111i\u1ec7n m\u1eb7t tr\u1eddi h\u00f2a l\u01b0\u1edbi v\u00e0 l\u01b0u tr\u1eef t\u1ea1i Qu\u1ea3ng B\u00ecnh<\/title>\r\n<meta name=\"robots\" content=\"index, follow, max-snippet:-1, max-image-preview:large, max-video-preview:-1\" \/>\r\n<link rel=\"canonical\" href=\"https:\/\/solarquangbinh.com\/?product=lithium-deye-ap-cao-b0s-g-3\" \/>\r\n<meta property=\"og:locale\" content=\"vi_VN\" \/>\r\n<meta property=\"og:type\" content=\"article\" \/>\r\n<meta property=\"og:title\" content=\"LITHIUM DEYE \u00c1P CAO B0S-G - Solar Qu\u1ea3ng B\u00ecnh chuy\u00ean gi\u1ea3i ph\u00e1p v\u00e0 cung c\u1ea5p h\u1ec7 th\u1ed1ng \u0111i\u1ec7n m\u1eb7t tr\u1eddi h\u00f2a l\u01b0\u1edbi v\u00e0 l\u01b0u tr\u1eef t\u1ea1i Qu\u1ea3ng B\u00ecnh\" \/>\r\n<meta property=\"og:description\" content=\"D\u1ea3i c\u00f4ng su\u1ea5t h\u1ec7 th\u1ed1ng:\u00a020,48--61,44KWh  K\u00edch th\u01b0\u1edbc t\u1ed1i \u0111a:\u00a0540*590*2250mm  Tr\u1ecdng l\u01b0\u1ee3ng t\u1ed1i \u0111a:\u00a0430kg  C\u00f4ng su\u1ea5t c\u1ee7a m\u1ed9t b\u1ed9 pin:\u00a05,12kWh \u0110\u1ed9 s\u00e2u x\u1ea3 khuy\u1ebfn ngh\u1ecb:\u00a090%  Gi\u1ea5y ch\u1ee9ng nh\u1eadn:\u00a0CE, IEC, UL  Lo\u1ea1i pin:\u00a0Lithium Iron Phosphate     DOWNLOAD  Datasheet\" \/>\r\n<meta property=\"og:url\" content=\"https:\/\/solarquangbinh.com\/?product=lithium-deye-ap-cao-b0s-g-3\" \/>\r\n<meta property=\"og:site_name\" content=\"Solar Qu\u1ea3ng B\u00ecnh chuy\u00ean gi\u1ea3i ph\u00e1p v\u00e0 cung c\u1ea5p h\u1ec7 th\u1ed1ng \u0111i\u1ec7n m\u1eb7t tr\u1eddi h\u00f2a l\u01b0\u1edbi v\u00e0 l\u01b0u tr\u1eef t\u1ea1i Qu\u1ea3ng B\u00ecnh\" \/>\r\n<meta property=\"article:modified_time\" content=\"2024-10-23T09:35:59+00:00\" \/>\r\n<meta name=\"twitter:card\" content=\"summary_large_image\" \/>\r\n<meta name=\"twitter:label1\" content=\"\u01af\u1edbc t\u00ednh th\u1eddi gian \u0111\u1ecdc\" \/>\n\t<meta name=\"twitter:data1\" content=\"2 ph\u00fat\" \/>\r\n<script type=\"application\/ld+json\" class=\"yoast-schema-graph\">{\"@context\":\"https:\/\/schema.org\",\"@graph\":[{\"@type\":\"WebPage\",\"@id\":\"https:\/\/solarquangbinh.com\/?product=lithium-deye-ap-cao-b0s-g-3\",\"url\":\"https:\/\/solarquangbinh.com\/?product=lithium-deye-ap-cao-b0s-g-3\",\"name\":\"LITHIUM DEYE \u00c1P CAO B0S-G - Solar Qu\u1ea3ng B\u00ecnh chuy\u00ean gi\u1ea3i ph\u00e1p v\u00e0 cung c\u1ea5p h\u1ec7 th\u1ed1ng \u0111i\u1ec7n m\u1eb7t tr\u1eddi h\u00f2a l\u01b0\u1edbi v\u00e0 l\u01b0u tr\u1eef t\u1ea1i Qu\u1ea3ng B\u00ecnh\",\"isPartOf\":{\"@id\":\"https:\/\/solarquangbinh.com\/#website\"},\"datePublished\":\"2024-10-23T09:35:44+00:00\",\"dateModified\":\"2024-10-23T09:35:59+00:00\",\"breadcrumb\":{\"@id\":\"https:\/\/solarquangbinh.com\/?product=lithium-deye-ap-cao-b0s-g-3#breadcrumb\"},\"inLanguage\":\"vi\",\"potentialAction\":[{\"@type\":\"ReadAction\",\"target\":[\"https:\/\/solarquangbinh.com\/?product=lithium-deye-ap-cao-b0s-g-3\"]}]},{\"@type\":\"BreadcrumbList\",\"@id\":\"https:\/\/solarquangbinh.com\/?product=lithium-deye-ap-cao-b0s-g-3#breadcrumb\",\"itemListElement\":[{\"@type\":\"ListItem\",\"position\":1,\"name\":\"Trang ch\u1ee7\",\"item\":\"https:\/\/solarquangbinh.com\/\"},{\"@type\":\"ListItem\",\"position\":2,\"name\":\"S\u1ea3n ph\u1ea9m\",\"item\":\"https:\/\/solarquangbinh.com\/?page_id=20\"},{\"@type\":\"ListItem\",\"position\":3,\"name\":\"LITHIUM DEYE \u00c1P CAO B0S-G\"}]},{\"@type\":\"WebSite\",\"@id\":\"https:\/\/solarquangbinh.com\/#website\",\"url\":\"https:\/\/solarquangbinh.com\/\",\"name\":\"Solar Qu\u1ea3ng B\u00ecnh chuy\u00ean gi\u1ea3i ph\u00e1p v\u00e0 cung c\u1ea5p h\u1ec7 th\u1ed1ng \u0111i\u1ec7n m\u1eb7t tr\u1eddi h\u00f2a l\u01b0\u1edbi v\u00e0 l\u01b0u tr\u1eef t\u1ea1i Qu\u1ea3ng B\u00ecnh\",\"description\":\"\u0110i\u1ec7n n\u0103ng l\u01b0\u1ee3ng m\u1eb7t tr\u1eddi Qu\u1ea3ng B\u00ecnh, Solar Quang Binh, Solar Qu\u1ea3ng B\u00ecnh chuy\u00ean cung c\u1ea5p h\u1ec7 th\u1ed1ng \u0111i\u1ec7n m\u1eb7t tr\u1eddi h\u00f2a l\u01b0\u1edbi v\u00e0 l\u01b0u tr\u1eef, pin n\u0103ng l\u01b0\u1ee3ng m\u1eb7t tr\u1eddi, Solar Quang Binh\",\"potentialAction\":[{\"@type\":\"SearchAction\",\"target\":{\"@type\":\"EntryPoint\",\"urlTemplate\":\"https:\/\/solarquangbinh.com\/?s={search_term_string}\"},\"query-input\":\"required name=search_term_string\"}],\"inLanguage\":\"vi\"}]}<\/script>\r\n<!-- \/ Yoast SEO plugin. -->","yoast_head_json":{"title":"LITHIUM DEYE \u00c1P CAO B0S-G - Solar Qu\u1ea3ng B\u00ecnh chuy\u00ean gi\u1ea3i ph\u00e1p v\u00e0 cung c\u1ea5p h\u1ec7 th\u1ed1ng \u0111i\u1ec7n m\u1eb7t tr\u1eddi h\u00f2a l\u01b0\u1edbi v\u00e0 l\u01b0u tr\u1eef t\u1ea1i Qu\u1ea3ng B\u00ecnh","robots":{"index":"index","follow":"follow","max-snippet":"max-snippet:-1","max-image-preview":"max-image-preview:large","max-video-preview":"max-video-preview:-1"},"canonical":"https:\/\/solarquangbinh.com\/?product=lithium-deye-ap-cao-b0s-g-3","og_locale":"vi_VN","og_type":"article","og_title":"LITHIUM DEYE \u00c1P CAO B0S-G - Solar Qu\u1ea3ng B\u00ecnh chuy\u00ean gi\u1ea3i ph\u00e1p v\u00e0 cung c\u1ea5p h\u1ec7 th\u1ed1ng \u0111i\u1ec7n m\u1eb7t tr\u1eddi h\u00f2a l\u01b0\u1edbi v\u00e0 l\u01b0u tr\u1eef t\u1ea1i Qu\u1ea3ng B\u00ecnh","og_description":"D\u1ea3i c\u00f4ng su\u1ea5t h\u1ec7 th\u1ed1ng:\u00a020,48--61,44KWh  K\u00edch th\u01b0\u1edbc t\u1ed1i \u0111a:\u00a0540*590*2250mm  Tr\u1ecdng l\u01b0\u1ee3ng t\u1ed1i \u0111a:\u00a0430kg  C\u00f4ng su\u1ea5t c\u1ee7a m\u1ed9t b\u1ed9 pin:\u00a05,12kWh \u0110\u1ed9 s\u00e2u x\u1ea3 khuy\u1ebfn ngh\u1ecb:\u00a090%  Gi\u1ea5y ch\u1ee9ng nh\u1eadn:\u00a0CE, IEC, UL  Lo\u1ea1i pin:\u00a0Lithium Iron Phosphate     DOWNLOAD  Datasheet","og_url":"https:\/\/solarquangbinh.com\/?product=lithium-deye-ap-cao-b0s-g-3","og_site_name":"Solar Qu\u1ea3ng B\u00ecnh chuy\u00ean gi\u1ea3i ph\u00e1p v\u00e0 cung c\u1ea5p h\u1ec7 th\u1ed1ng \u0111i\u1ec7n m\u1eb7t tr\u1eddi h\u00f2a l\u01b0\u1edbi v\u00e0 l\u01b0u tr\u1eef t\u1ea1i Qu\u1ea3ng B\u00ecnh","article_modified_time":"2024-10-23T09:35:59+00:00","twitter_card":"summary_large_image","twitter_misc":{"\u01af\u1edbc t\u00ednh th\u1eddi gian \u0111\u1ecdc":"2 ph\u00fat"},"schema":{"@context":"https:\/\/schema.org","@graph":[{"@type":"WebPage","@id":"https:\/\/solarquangbinh.com\/?product=lithium-deye-ap-cao-b0s-g-3","url":"https:\/\/solarquangbinh.com\/?product=lithium-deye-ap-cao-b0s-g-3","name":"LITHIUM DEYE \u00c1P CAO B0S-G - Solar Qu\u1ea3ng B\u00ecnh chuy\u00ean gi\u1ea3i ph\u00e1p v\u00e0 cung c\u1ea5p h\u1ec7 th\u1ed1ng \u0111i\u1ec7n m\u1eb7t tr\u1eddi h\u00f2a l\u01b0\u1edbi v\u00e0 l\u01b0u tr\u1eef t\u1ea1i Qu\u1ea3ng B\u00ecnh","isPartOf":{"@id":"https:\/\/solarquangbinh.com\/#website"},"datePublished":"2024-10-23T09:35:44+00:00","dateModified":"2024-10-23T09:35:59+00:00","breadcrumb":{"@id":"https:\/\/solarquangbinh.com\/?product=lithium-deye-ap-cao-b0s-g-3#breadcrumb"},"inLanguage":"vi","potentialAction":[{"@type":"ReadAction","target":["https:\/\/solarquangbinh.com\/?product=lithium-deye-ap-cao-b0s-g-3"]}]},{"@type":"BreadcrumbList","@id":"https:\/\/solarquangbinh.com\/?product=lithium-deye-ap-cao-b0s-g-3#breadcrumb","itemListElement":[{"@type":"ListItem","position":1,"name":"Trang ch\u1ee7","item":"https:\/\/solarquangbinh.com\/"},{"@type":"ListItem","position":2,"name":"S\u1ea3n ph\u1ea9m","item":"https:\/\/solarquangbinh.com\/?page_id=20"},{"@type":"ListItem","position":3,"name":"LITHIUM DEYE \u00c1P CAO B0S-G"}]},{"@type":"WebSite","@id":"https:\/\/solarquangbinh.com\/#website","url":"https:\/\/solarquangbinh.com\/","name":"Solar Qu\u1ea3ng B\u00ecnh chuy\u00ean gi\u1ea3i ph\u00e1p v\u00e0 cung c\u1ea5p h\u1ec7 th\u1ed1ng \u0111i\u1ec7n m\u1eb7t tr\u1eddi h\u00f2a l\u01b0\u1edbi v\u00e0 l\u01b0u tr\u1eef t\u1ea1i Qu\u1ea3ng B\u00ecnh","description":"\u0110i\u1ec7n n\u0103ng l\u01b0\u1ee3ng m\u1eb7t tr\u1eddi Qu\u1ea3ng B\u00ecnh, Solar Quang Binh, Solar Qu\u1ea3ng B\u00ecnh chuy\u00ean cung c\u1ea5p h\u1ec7 th\u1ed1ng \u0111i\u1ec7n m\u1eb7t tr\u1eddi h\u00f2a l\u01b0\u1edbi v\u00e0 l\u01b0u tr\u1eef, pin n\u0103ng l\u01b0\u1ee3ng m\u1eb7t tr\u1eddi, Solar Quang Binh","potentialAction":[{"@type":"SearchAction","target":{"@type":"EntryPoint","urlTemplate":"https:\/\/solarquangbinh.com\/?s={search_term_string}"},"query-input":"required name=search_term_string"}],"inLanguage":"vi"}]}},"_links":{"self":[{"href":"https:\/\/solarquangbinh.com\/index.php?rest_route=\/wp\/v3\/product\/7204"}],"collection":[{"href":"https:\/\/solarquangbinh.com\/index.php?rest_route=\/wp\/v3\/product"}],"about":[{"href":"https:\/\/solarquangbinh.com\/index.php?rest_route=\/wp\/v2\/types\/product"}],"wp:featuredmedia":[{"embeddable":true,"href":"https:\/\/solarquangbinh.com\/index.php?rest_route=\/wp\/v2\/media\/6039"}],"wp:attachment":[{"href":"https:\/\/solarquangbinh.com\/index.php?rest_route=%2Fwp%2Fv2%2Fmedia&parent=7204"}],"wp:term":[{"taxonomy":"product_cat","embeddable":true,"href":"https:\/\/solarquangbinh.com\/index.php?rest_route=%2Fwp%2Fv2%2Fproduct_cat&post=7204"},{"taxonomy":"product_tag","embeddable":true,"href":"https:\/\/solarquangbinh.com\/index.php?rest_route=%2Fwp%2Fv2%2Fproduct_tag&post=7204"}],"curies":[{"name":"wp","href":"https:\/\/api.w.org\/{rel}","templated":true}]}}