{"id":7277,"date":"2024-10-23T16:36:54","date_gmt":"2024-10-23T09:36:54","guid":{"rendered":"https:\/\/solarquangbinh.com\/?post_type=product&#038;p=7277"},"modified":"2024-10-23T16:37:03","modified_gmt":"2024-10-23T09:37:03","slug":"inverter-hybrid-deye-10kw-3-pha-2","status":"publish","type":"product","link":"https:\/\/solarquangbinh.com\/?product=inverter-hybrid-deye-10kw-3-pha-2","title":{"rendered":"Inverter hybrid Deye 10kw 3 pha"},"content":{"rendered":"<div class=\"\" dir=\"auto\">\n<div id=\":r6as:\" class=\"x1iorvi4 x1pi30zi x1l90r2v x1swvt13\" data-ad-comet-preview=\"message\" data-ad-preview=\"message\">\n<div class=\"x78zum5 xdt5ytf xz62fqu x16ldp7u\">\n<div class=\"xu06os2 x1ok221b\">\n<div class=\"x11i5rnm xat24cr x1mh8g0r x1vvkbs xtlvy1s x126k92a\">\n<div dir=\"auto\">Inverter hybrid Deye 10KW 3 pha \u2013 SUN-10K-SG04LP3-EU nhi\u1ec1u t\u00ednh n\u0103ng \u01b0u vi\u1ec7t:<\/div>\n<\/div>\n<\/div>\n<\/div>\n<\/div>\n<\/div>\n<div id=\":r6at:\" class=\"x1n2onr6\">\n<div class=\"x1n2onr6\">\n<div class=\"x6s0dn4 x1jx94hy x78zum5 xdt5ytf x6ikm8r x10wlt62 x1n2onr6 xh8yej3\">\n<div class=\"xqtp20y x6ikm8r x10wlt62 x1n2onr6\">\n<ul>\n<li>M\u1eabu m\u00e3 hi\u1ec7n \u0111\u1ea1i, m\u00e0n h\u00ecnh LCD \u0111a m\u00e0u s\u1eafc ch\u1ea5m ch\u1ea1m t\u1ed1t<\/li>\n<li>H\u1ed7 tr\u1ee3 m\u1edf r\u1ed9ng song song 16 m\u00e1y \u0111\u1ec3 n\u00e2ng c\u00f4ng su\u1ea5t<\/li>\n<li>C\u00f3 6 kho\u1ea3ng th\u1eddi gian cho ph\u00e9p s\u1ea1c x\u1ea3 \u0111\u1ec3 t\u1ed1i \u01b0u dung l\u01b0\u1ee3ng acquy<\/li>\n<li>Theo d\u00f5i gi\u00e1m s\u00e1t th\u00f4ng minh qua \u0111i\u1ec7n tho\u1ea1i v\u00e0 m\u00e1y t\u00ednh<\/li>\n<\/ul>\n<p><b>Th\u00f4ng s\u1ed1 k\u1ef9 thu\u1eadt c\u1ee7a\u00a0<\/b><b>Inverter hybrid Deye<strong> 10kw 3 pha (SUN-10K-SG04LP3-EU)<\/strong><\/b><b><strong>\u00a0<\/strong><\/b><b><strong>\u00a0<em>\u00a0<\/em><\/strong><\/b><\/p>\n<p><img decoding=\"async\" loading=\"lazy\" class=\"alignnone size-full wp-image-4594\" src=\"https:\/\/tpenergy.com.vn\/wp-content\/uploads\/2023\/11\/deye-hybrid-3p-sun-10k-sg04lp3-eu-spec.jpg\" alt=\"\" width=\"1000\" height=\"1200\" \/><\/p>\n<h3 dir=\"ltr\"><a href=\"https:\/\/tpenergy.com.vn\/\">V\u00ec sao n\u00ean l\u1ef1a ch\u1ecdn Inverter hybrid Deye 10kW t\u1ea1i Thu\u1eadn Phong?<\/a><\/h3>\n<p>Thu\u1eadn Phong\u00a0t\u1ef1 h\u00e0o l\u00e0 m\u1ed9t trong nh\u1eefng nh\u00e0 ph\u00e2n ph\u1ed1i ch\u00ednh th\u1ee9c c\u1ee7a th\u01b0\u01a1ng hi\u1ec7u Deye t\u1ea1i Vi\u1ec7t Nam. Thu\u1eadn Phong lu\u00f4n mong mu\u1ed1n x\u00e2y d\u1ef1ng m\u1ed9t \u0111\u1ed9i ng\u0169 k\u1ef9 s\u01b0, nh\u00e2n vi\u00ean n\u1ed7 l\u1ef1c h\u1ebft m\u00ecnh, \u0111\u1ec3 mang \u0111\u1ebfn nh\u1eefng s\u1ea3n ph\u1ea9m v\u00e0 d\u1ecbch v\u1ee5 t\u1ed1t nh\u1ea5t t\u1edbi tay ng\u01b0\u1eddi ti\u00eau d\u00f9ng.<\/p>\n<p><img decoding=\"async\" loading=\"lazy\" class=\"alignnone size-full wp-image-4412\" src=\"https:\/\/tpenergy.com.vn\/wp-content\/uploads\/2023\/07\/deye.jpg\" alt=\"\" width=\"541\" height=\"729\" \/><\/p>\n<p>Thu\u1eadn Phong\u00a0cung c\u1ea5p l\u1eafp \u0111\u1eb7t tr\u1ecdn g\u00f3i h\u1ec7 th\u1ed1ng \u0111i\u1ec7n m\u1eb7t tr\u1eddi g\u1ed3m:<\/p>\n<p>\u2013 Thi\u1ebft k\u1ebf, l\u1eadp d\u1ef1 \u00e1n \u0111\u1ea7u t\u01b0<\/p>\n<p>\u2013 Cung c\u1ea5p thi\u1ebft b\u1ecb<\/p>\n<p>\u2013 Thi c\u00f4ng c\u00f4ng tr\u00ecnh<\/p>\n<p>\u2013 B\u1ea3o tr\u00ec, b\u1ea3o d\u01b0\u1ee1ng<\/p>\n<p>V\u1edbi s\u1ef1 n\u1ed7 l\u1ef1c, l\u00f2ng nhi\u1ec7t th\u00e0nh c\u1ed1ng hi\u1ebfn c\u1ee7a \u0111\u1ed9i ng\u0169 nh\u00e2n vi\u00ean c\u00f4ng ty, Thu\u1eadn Phong mong mu\u1ed1n \u0111\u01b0a th\u01b0\u01a1ng hi\u1ec7u trong c\u00e1c l\u0129nh v\u1ef1c ph\u00e2n ph\u1ed1i thi\u1ebft b\u1ecb, t\u01b0 v\u1ea5n thi\u1ebft k\u1ebf, l\u1eafp \u0111\u1eb7t v\u00e0 thi c\u00f4ng \u0111i\u1ec7n m\u1eb7t tr\u1eddi t\u1ea1i Vi\u1ec7t Nam, mang l\u1ea1i ni\u1ec1m tin cho nhi\u1ec1u kh\u00e1ch h\u00e0ng v\u00e0 \u0111\u1ed1i t\u00e1c l\u1edbn, truy\u1ec1n t\u1ea3i nh\u1eefng gi\u00e1 tr\u1ecb t\u1ed1t \u0111\u1eb9p v\u1ec1 m\u1ed9t th\u1ebf gi\u1edbi s\u1ea1ch v\u00e0 b\u1ec1n v\u1eefng, \u0111\u1ed3ng th\u1eddi thi\u1ebft l\u1eadp m\u1ed9t h\u1ec7 sinh th\u00e1i an to\u00e0n cho t\u01b0\u01a1ng lai.<\/p>\n<p>V\u00ec v\u1eady, n\u1ebfu b\u1ea1n l\u00e0 ch\u1ee7 d\u1ef1 \u00e1n c\u00f3 nhu c\u1ea7u s\u1eed d\u1ee5ng bi\u1ebfn t\u1ea7n Deye h\u00f2a l\u01b0\u1edbi ch\u1ea5t l\u01b0\u1ee3ng, h\u00e3y li\u00ean h\u1ec7 v\u1edbi Thu\u1eadn Phong qua hotline 0869.564.567 \u0111\u1ec3 l\u1ef1a ch\u1ecdn d\u00f2ng bi\u1ebfn t\u1ea7n chi ph\u00ed t\u1ed1t v\u00e0 uy t\u00edn nh\u1ea5t t\u1ea1i th\u1ecb tr\u01b0\u1eddng Vi\u1ec7t Nam hi\u1ec7n nay nh\u00e9.<\/p>\n<p>\u2014\u2014\u2014\u2014\u2014\u2014\u2014\u2014\u2014\u2014\u2014\u2013<\/p>\n<p>CH\u1eccN THU\u1eacN PHONG \u2013 CH\u1eccN S\u1ef0 AN T\u00c2M<\/p>\n<ul>\n<li>\u00a0Hotline: 0869.564.567<\/li>\n<li>\u00a0K\u1ef9 thu\u1eadt: Mr D\u0169ng 0899768777<\/li>\n<li>\u00a0Tr\u1ee5 s\u1edf ch\u00ednh: 30 Nguy\u1ec5n H\u1eefu D\u1eadt, ph\u01b0\u1eddng Nam L\u00fd, th\u00e0nh ph\u1ed1 \u0110\u1ed3ng H\u1edbi, t\u1ec9nh Qu\u1ea3ng B\u00ecnh,Vi\u1ec7t Nam<\/li>\n<li>\u00a0Tr\u1ee5 s\u1edf H\u00e0 N\u1ed9i: Nh\u00e0 ph\u1ed1 th\u01b0\u01a1ng m\u1ea1i Khai S\u01a1n Town s\u1ed118 thu\u1ed9c Town 7, khu \u0111\u00f4 th\u1ecb Khai S\u01a1n City, Ph\u01b0\u1eddng Th\u01b0\u1ee3ng Thanh, Qu\u1eadn Long Bi\u00ean, TP H\u00e0 N\u1ed9i<\/li>\n<li>\u00a0Email: solarquangbinh@gmail.com<\/li>\n<li>\u00a0Website:\u00a0https:\/\/tpenergy.com.vn\/<\/li>\n<li>\u00a0Shopee:\u00a0https:\/\/shopee.vn\/solarquangbinh<\/li>\n<li>\u00a0Lazada:\u00a0https:\/\/www.lazada.vn\/shop\/thuan-phong-electric\/-<\/li>\n<\/ul>\n<\/div>\n<\/div>\n<\/div>\n<\/div>\n","protected":false},"excerpt":{"rendered":"<h2>V\u1ec1 s\u1ea3n ph\u1ea9m:<\/h2>\n<ul>\n<li>\u00a0C\u00f4ng su\u1ea5t ra AC: 10000W<\/li>\n<li>Hi\u1ec7u su\u1ea5t: 97.6%<\/li>\n<li>C\u1ea5p ch\u1ed1ng n\u01b0\u1edbc: IP65<\/li>\n<li>K\u00edch th\u01b0\u1edbc: 422x702x281 (mm)<\/li>\n<li>Kh\u1ed1i L\u01b0\u1ee3ng: 33.6kg<\/li>\n<li>K\u1ebft n\u1ed1i: Wifi, RS485, GPRS<\/li>\n<li>B\u1ea3o h\u00e0nh: 5 n\u0103m<\/li>\n<\/ul>\n<i class=\"fa fa-download \" ><\/i> Download<\/p>\n<ul>\n<li><a href=\"https:\/\/tpenergy.com.vn\/wp-content\/uploads\/2023\/11\/deye-hybrid-3p-sun-10k-sg04lp3-eu-sheet.pdf\">DATASHEET<\/a><\/li>\n<li><a href=\"https:\/\/tpenergy.com.vn\/wp-content\/uploads\/2023\/11\/deye-hybrid-3p-sun-10k-sg04lp3-eu-manual.pdf\">User Manual<\/a><\/li>\n<\/ul>\n<p>&nbsp;<\/p>\n","protected":false},"featured_media":6745,"template":"","meta":[],"product_cat":[828],"product_tag":[830,831,832,851,985,835,986],"yoast_head":"<!-- This site is optimized with the Yoast SEO plugin v20.6 - https:\/\/yoast.com\/wordpress\/plugins\/seo\/ -->\r\n<title>Inverter hybrid Deye 10kw 3 pha - Solar Qu\u1ea3ng B\u00ecnh chuy\u00ean gi\u1ea3i ph\u00e1p v\u00e0 cung c\u1ea5p h\u1ec7 th\u1ed1ng \u0111i\u1ec7n m\u1eb7t tr\u1eddi h\u00f2a l\u01b0\u1edbi v\u00e0 l\u01b0u tr\u1eef t\u1ea1i Qu\u1ea3ng B\u00ecnh<\/title>\r\n<meta name=\"description\" content=\"Inverter hybrid Deye 10kw 3 pha l\u00e0 b\u1ed9 ngh\u1ecbch l\u01b0u ba pha ho\u00e0n to\u00e0n m\u1edbi v\u1edbi \u0111i\u1ec7n \u00e1p \u1eafc quy th\u1ea5p 48V, \u0111\u1ea3m b\u1ea3o h\u1ec7 th\u1ed1ng an to\u00e0n v\u00e0 \u0111\u00e1ng tin c\u1eady....\" \/>\r\n<meta name=\"robots\" content=\"index, follow, max-snippet:-1, max-image-preview:large, max-video-preview:-1\" \/>\r\n<link rel=\"canonical\" href=\"https:\/\/solarquangbinh.com\/?product=inverter-hybrid-deye-10kw-3-pha-2\" \/>\r\n<meta property=\"og:locale\" content=\"vi_VN\" \/>\r\n<meta property=\"og:type\" content=\"article\" \/>\r\n<meta property=\"og:title\" content=\"Inverter hybrid Deye 10kw 3 pha - Solar Qu\u1ea3ng B\u00ecnh chuy\u00ean gi\u1ea3i ph\u00e1p v\u00e0 cung c\u1ea5p h\u1ec7 th\u1ed1ng \u0111i\u1ec7n m\u1eb7t tr\u1eddi h\u00f2a l\u01b0\u1edbi v\u00e0 l\u01b0u tr\u1eef t\u1ea1i Qu\u1ea3ng B\u00ecnh\" \/>\r\n<meta property=\"og:description\" content=\"Inverter hybrid Deye 10kw 3 pha l\u00e0 b\u1ed9 ngh\u1ecbch l\u01b0u ba pha ho\u00e0n to\u00e0n m\u1edbi v\u1edbi \u0111i\u1ec7n \u00e1p \u1eafc quy th\u1ea5p 48V, \u0111\u1ea3m b\u1ea3o h\u1ec7 th\u1ed1ng an to\u00e0n v\u00e0 \u0111\u00e1ng tin c\u1eady....\" \/>\r\n<meta property=\"og:url\" content=\"https:\/\/solarquangbinh.com\/?product=inverter-hybrid-deye-10kw-3-pha-2\" \/>\r\n<meta property=\"og:site_name\" content=\"Solar Qu\u1ea3ng B\u00ecnh chuy\u00ean gi\u1ea3i ph\u00e1p v\u00e0 cung c\u1ea5p h\u1ec7 th\u1ed1ng \u0111i\u1ec7n m\u1eb7t tr\u1eddi h\u00f2a l\u01b0\u1edbi v\u00e0 l\u01b0u tr\u1eef t\u1ea1i Qu\u1ea3ng B\u00ecnh\" \/>\r\n<meta property=\"article:modified_time\" content=\"2024-10-23T09:37:03+00:00\" \/>\r\n<meta property=\"og:image\" content=\"https:\/\/tpenergy.com.vn\/wp-content\/uploads\/2023\/11\/deye-hybrid-3p-sun-10k-sg04lp3-eu-spec.jpg\" \/>\r\n<meta name=\"twitter:card\" content=\"summary_large_image\" \/>\r\n<meta name=\"twitter:label1\" content=\"\u01af\u1edbc t\u00ednh th\u1eddi gian \u0111\u1ecdc\" \/>\n\t<meta name=\"twitter:data1\" content=\"3 ph\u00fat\" \/>\r\n<script type=\"application\/ld+json\" class=\"yoast-schema-graph\">{\"@context\":\"https:\/\/schema.org\",\"@graph\":[{\"@type\":\"WebPage\",\"@id\":\"https:\/\/solarquangbinh.com\/?product=inverter-hybrid-deye-10kw-3-pha-2\",\"url\":\"https:\/\/solarquangbinh.com\/?product=inverter-hybrid-deye-10kw-3-pha-2\",\"name\":\"Inverter hybrid Deye 10kw 3 pha - Solar Qu\u1ea3ng B\u00ecnh chuy\u00ean gi\u1ea3i ph\u00e1p v\u00e0 cung c\u1ea5p h\u1ec7 th\u1ed1ng \u0111i\u1ec7n m\u1eb7t tr\u1eddi h\u00f2a l\u01b0\u1edbi v\u00e0 l\u01b0u tr\u1eef t\u1ea1i Qu\u1ea3ng B\u00ecnh\",\"isPartOf\":{\"@id\":\"https:\/\/solarquangbinh.com\/#website\"},\"datePublished\":\"2024-10-23T09:36:54+00:00\",\"dateModified\":\"2024-10-23T09:37:03+00:00\",\"description\":\"Inverter hybrid Deye 10kw 3 pha l\u00e0 b\u1ed9 ngh\u1ecbch l\u01b0u ba pha ho\u00e0n to\u00e0n m\u1edbi v\u1edbi \u0111i\u1ec7n \u00e1p \u1eafc quy th\u1ea5p 48V, \u0111\u1ea3m b\u1ea3o h\u1ec7 th\u1ed1ng an to\u00e0n v\u00e0 \u0111\u00e1ng tin c\u1eady....\",\"breadcrumb\":{\"@id\":\"https:\/\/solarquangbinh.com\/?product=inverter-hybrid-deye-10kw-3-pha-2#breadcrumb\"},\"inLanguage\":\"vi\",\"potentialAction\":[{\"@type\":\"ReadAction\",\"target\":[\"https:\/\/solarquangbinh.com\/?product=inverter-hybrid-deye-10kw-3-pha-2\"]}]},{\"@type\":\"BreadcrumbList\",\"@id\":\"https:\/\/solarquangbinh.com\/?product=inverter-hybrid-deye-10kw-3-pha-2#breadcrumb\",\"itemListElement\":[{\"@type\":\"ListItem\",\"position\":1,\"name\":\"Trang ch\u1ee7\",\"item\":\"https:\/\/solarquangbinh.com\/\"},{\"@type\":\"ListItem\",\"position\":2,\"name\":\"S\u1ea3n ph\u1ea9m\",\"item\":\"https:\/\/solarquangbinh.com\/?page_id=20\"},{\"@type\":\"ListItem\",\"position\":3,\"name\":\"Inverter hybrid Deye 10kw 3 pha\"}]},{\"@type\":\"WebSite\",\"@id\":\"https:\/\/solarquangbinh.com\/#website\",\"url\":\"https:\/\/solarquangbinh.com\/\",\"name\":\"Solar Qu\u1ea3ng B\u00ecnh chuy\u00ean gi\u1ea3i ph\u00e1p v\u00e0 cung c\u1ea5p h\u1ec7 th\u1ed1ng \u0111i\u1ec7n m\u1eb7t tr\u1eddi h\u00f2a l\u01b0\u1edbi v\u00e0 l\u01b0u tr\u1eef t\u1ea1i Qu\u1ea3ng B\u00ecnh\",\"description\":\"\u0110i\u1ec7n n\u0103ng l\u01b0\u1ee3ng m\u1eb7t tr\u1eddi Qu\u1ea3ng B\u00ecnh, Solar Quang Binh, Solar Qu\u1ea3ng B\u00ecnh chuy\u00ean cung c\u1ea5p h\u1ec7 th\u1ed1ng \u0111i\u1ec7n m\u1eb7t tr\u1eddi h\u00f2a l\u01b0\u1edbi v\u00e0 l\u01b0u tr\u1eef, pin n\u0103ng l\u01b0\u1ee3ng m\u1eb7t tr\u1eddi, Solar Quang Binh\",\"potentialAction\":[{\"@type\":\"SearchAction\",\"target\":{\"@type\":\"EntryPoint\",\"urlTemplate\":\"https:\/\/solarquangbinh.com\/?s={search_term_string}\"},\"query-input\":\"required name=search_term_string\"}],\"inLanguage\":\"vi\"}]}<\/script>\r\n<!-- \/ Yoast SEO plugin. -->","yoast_head_json":{"title":"Inverter hybrid Deye 10kw 3 pha - Solar Qu\u1ea3ng B\u00ecnh chuy\u00ean gi\u1ea3i ph\u00e1p v\u00e0 cung c\u1ea5p h\u1ec7 th\u1ed1ng \u0111i\u1ec7n m\u1eb7t tr\u1eddi h\u00f2a l\u01b0\u1edbi v\u00e0 l\u01b0u tr\u1eef t\u1ea1i Qu\u1ea3ng B\u00ecnh","description":"Inverter hybrid Deye 10kw 3 pha l\u00e0 b\u1ed9 ngh\u1ecbch l\u01b0u ba pha ho\u00e0n to\u00e0n m\u1edbi v\u1edbi \u0111i\u1ec7n \u00e1p \u1eafc quy th\u1ea5p 48V, \u0111\u1ea3m b\u1ea3o h\u1ec7 th\u1ed1ng an to\u00e0n v\u00e0 \u0111\u00e1ng tin c\u1eady....","robots":{"index":"index","follow":"follow","max-snippet":"max-snippet:-1","max-image-preview":"max-image-preview:large","max-video-preview":"max-video-preview:-1"},"canonical":"https:\/\/solarquangbinh.com\/?product=inverter-hybrid-deye-10kw-3-pha-2","og_locale":"vi_VN","og_type":"article","og_title":"Inverter hybrid Deye 10kw 3 pha - Solar Qu\u1ea3ng B\u00ecnh chuy\u00ean gi\u1ea3i ph\u00e1p v\u00e0 cung c\u1ea5p h\u1ec7 th\u1ed1ng \u0111i\u1ec7n m\u1eb7t tr\u1eddi h\u00f2a l\u01b0\u1edbi v\u00e0 l\u01b0u tr\u1eef t\u1ea1i Qu\u1ea3ng B\u00ecnh","og_description":"Inverter hybrid Deye 10kw 3 pha l\u00e0 b\u1ed9 ngh\u1ecbch l\u01b0u ba pha ho\u00e0n to\u00e0n m\u1edbi v\u1edbi \u0111i\u1ec7n \u00e1p \u1eafc quy th\u1ea5p 48V, \u0111\u1ea3m b\u1ea3o h\u1ec7 th\u1ed1ng an to\u00e0n v\u00e0 \u0111\u00e1ng tin c\u1eady....","og_url":"https:\/\/solarquangbinh.com\/?product=inverter-hybrid-deye-10kw-3-pha-2","og_site_name":"Solar Qu\u1ea3ng B\u00ecnh chuy\u00ean gi\u1ea3i ph\u00e1p v\u00e0 cung c\u1ea5p h\u1ec7 th\u1ed1ng \u0111i\u1ec7n m\u1eb7t tr\u1eddi h\u00f2a l\u01b0\u1edbi v\u00e0 l\u01b0u tr\u1eef t\u1ea1i Qu\u1ea3ng B\u00ecnh","article_modified_time":"2024-10-23T09:37:03+00:00","og_image":[{"url":"https:\/\/tpenergy.com.vn\/wp-content\/uploads\/2023\/11\/deye-hybrid-3p-sun-10k-sg04lp3-eu-spec.jpg"}],"twitter_card":"summary_large_image","twitter_misc":{"\u01af\u1edbc t\u00ednh th\u1eddi gian \u0111\u1ecdc":"3 ph\u00fat"},"schema":{"@context":"https:\/\/schema.org","@graph":[{"@type":"WebPage","@id":"https:\/\/solarquangbinh.com\/?product=inverter-hybrid-deye-10kw-3-pha-2","url":"https:\/\/solarquangbinh.com\/?product=inverter-hybrid-deye-10kw-3-pha-2","name":"Inverter hybrid Deye 10kw 3 pha - Solar Qu\u1ea3ng B\u00ecnh chuy\u00ean gi\u1ea3i ph\u00e1p v\u00e0 cung c\u1ea5p h\u1ec7 th\u1ed1ng \u0111i\u1ec7n m\u1eb7t tr\u1eddi h\u00f2a l\u01b0\u1edbi v\u00e0 l\u01b0u tr\u1eef t\u1ea1i Qu\u1ea3ng B\u00ecnh","isPartOf":{"@id":"https:\/\/solarquangbinh.com\/#website"},"datePublished":"2024-10-23T09:36:54+00:00","dateModified":"2024-10-23T09:37:03+00:00","description":"Inverter hybrid Deye 10kw 3 pha l\u00e0 b\u1ed9 ngh\u1ecbch l\u01b0u ba pha ho\u00e0n to\u00e0n m\u1edbi v\u1edbi \u0111i\u1ec7n \u00e1p \u1eafc quy th\u1ea5p 48V, \u0111\u1ea3m b\u1ea3o h\u1ec7 th\u1ed1ng an to\u00e0n v\u00e0 \u0111\u00e1ng tin c\u1eady....","breadcrumb":{"@id":"https:\/\/solarquangbinh.com\/?product=inverter-hybrid-deye-10kw-3-pha-2#breadcrumb"},"inLanguage":"vi","potentialAction":[{"@type":"ReadAction","target":["https:\/\/solarquangbinh.com\/?product=inverter-hybrid-deye-10kw-3-pha-2"]}]},{"@type":"BreadcrumbList","@id":"https:\/\/solarquangbinh.com\/?product=inverter-hybrid-deye-10kw-3-pha-2#breadcrumb","itemListElement":[{"@type":"ListItem","position":1,"name":"Trang ch\u1ee7","item":"https:\/\/solarquangbinh.com\/"},{"@type":"ListItem","position":2,"name":"S\u1ea3n ph\u1ea9m","item":"https:\/\/solarquangbinh.com\/?page_id=20"},{"@type":"ListItem","position":3,"name":"Inverter hybrid Deye 10kw 3 pha"}]},{"@type":"WebSite","@id":"https:\/\/solarquangbinh.com\/#website","url":"https:\/\/solarquangbinh.com\/","name":"Solar Qu\u1ea3ng B\u00ecnh chuy\u00ean gi\u1ea3i ph\u00e1p v\u00e0 cung c\u1ea5p h\u1ec7 th\u1ed1ng \u0111i\u1ec7n m\u1eb7t tr\u1eddi h\u00f2a l\u01b0\u1edbi v\u00e0 l\u01b0u tr\u1eef t\u1ea1i Qu\u1ea3ng B\u00ecnh","description":"\u0110i\u1ec7n n\u0103ng l\u01b0\u1ee3ng m\u1eb7t tr\u1eddi Qu\u1ea3ng B\u00ecnh, Solar Quang Binh, Solar Qu\u1ea3ng B\u00ecnh chuy\u00ean cung c\u1ea5p h\u1ec7 th\u1ed1ng \u0111i\u1ec7n m\u1eb7t tr\u1eddi h\u00f2a l\u01b0\u1edbi v\u00e0 l\u01b0u tr\u1eef, pin n\u0103ng l\u01b0\u1ee3ng m\u1eb7t tr\u1eddi, Solar Quang Binh","potentialAction":[{"@type":"SearchAction","target":{"@type":"EntryPoint","urlTemplate":"https:\/\/solarquangbinh.com\/?s={search_term_string}"},"query-input":"required name=search_term_string"}],"inLanguage":"vi"}]}},"_links":{"self":[{"href":"https:\/\/solarquangbinh.com\/index.php?rest_route=\/wp\/v3\/product\/7277"}],"collection":[{"href":"https:\/\/solarquangbinh.com\/index.php?rest_route=\/wp\/v3\/product"}],"about":[{"href":"https:\/\/solarquangbinh.com\/index.php?rest_route=\/wp\/v2\/types\/product"}],"wp:featuredmedia":[{"embeddable":true,"href":"https:\/\/solarquangbinh.com\/index.php?rest_route=\/wp\/v2\/media\/6745"}],"wp:attachment":[{"href":"https:\/\/solarquangbinh.com\/index.php?rest_route=%2Fwp%2Fv2%2Fmedia&parent=7277"}],"wp:term":[{"taxonomy":"product_cat","embeddable":true,"href":"https:\/\/solarquangbinh.com\/index.php?rest_route=%2Fwp%2Fv2%2Fproduct_cat&post=7277"},{"taxonomy":"product_tag","embeddable":true,"href":"https:\/\/solarquangbinh.com\/index.php?rest_route=%2Fwp%2Fv2%2Fproduct_tag&post=7277"}],"curies":[{"name":"wp","href":"https:\/\/api.w.org\/{rel}","templated":true}]}}