{"id":7558,"date":"2024-10-23T16:38:17","date_gmt":"2024-10-23T09:38:17","guid":{"rendered":"https:\/\/solarquangbinh.com\/?post_type=product&#038;p=7558"},"modified":"2024-10-23T16:38:39","modified_gmt":"2024-10-23T09:38:39","slug":"tam-pin-mat-troi-risen-550w-2","status":"publish","type":"product","link":"https:\/\/solarquangbinh.com\/?product=tam-pin-mat-troi-risen-550w-2","title":{"rendered":"T\u1ea5m pin m\u1eb7t tr\u1eddi Risen 550W"},"content":{"rendered":"<div class=\"x11i5rnm xat24cr x1mh8g0r x1vvkbs xtlvy1s x126k92a\">\n<div dir=\"auto\">T\u1ea4M PIN N\u0102NG L\u01af\u1ee2NG M\u1eb6T TR\u1edcI RISEN 550Wp \u0111\u00e3 c\u00f3 m\u1eb7t t\u1ea1i c\u00e1c chi nh\u00e1nh \u0110i\u1ec7n M\u1eb7t Tr\u1eddi &#8211; Thu\u1eadn Phong Solar Energy<\/div>\n<div dir=\"auto\"><\/div>\n<\/div>\n<div class=\"x11i5rnm xat24cr x1mh8g0r x1vvkbs xtlvy1s x126k92a\">\n<div dir=\"auto\"><strong>T\u1ea5m pin n\u0103ng l\u01b0\u1ee3ng m\u1eb7t tr\u1eddi Risen 550Wp \u2013 Hi\u1ec7u su\u1ea5t cao \u00e1p d\u1ee5ng c\u00f4ng ngh\u1ec7 PERC<\/strong><\/div>\n<div dir=\"auto\"><\/div>\n<div dir=\"auto\"><span class=\"html-span xexx8yu x4uap5 x18d9i69 xkhd6sd x1hl2dhg x16tdsg8 x1vvkbs x3nfvp2 x1j61x8r x1fcty0u xdj266r xat24cr xgzva0m xhhsvwb xxymvpz xlup9mm x1kky2od\"><img decoding=\"async\" loading=\"lazy\" class=\"xz74otr\" src=\"https:\/\/static.xx.fbcdn.net\/images\/emoji.php\/v9\/t5d\/1\/16\/26a1.png\" alt=\"\u26a1\ufe0f\" width=\"16\" height=\"16\" \/><\/span> C\u00f4ng ngh\u1ec7 hai m\u1eb7t cho ph\u00e9p thu n\u0103ng l\u01b0\u1ee3ng b\u1ed5 sung Bifacial t\u1eeb ph\u00eda sau (l\u00ean t\u1edbi 30%)<\/div>\n<div dir=\"auto\"><span class=\"html-span xexx8yu x4uap5 x18d9i69 xkhd6sd x1hl2dhg x16tdsg8 x1vvkbs x3nfvp2 x1j61x8r x1fcty0u xdj266r xat24cr xgzva0m xhhsvwb xxymvpz xlup9mm x1kky2od\"><img decoding=\"async\" loading=\"lazy\" class=\"xz74otr\" src=\"https:\/\/static.xx.fbcdn.net\/images\/emoji.php\/v9\/t5d\/1\/16\/26a1.png\" alt=\"\u26a1\ufe0f\" width=\"16\" height=\"16\" \/><\/span> H\u1ec7 s\u1ed1 nhi\u1ec7t \u0111i\u1ec7n th\u1ea5p nh\u1ea5t d\u1eabn \u0111\u1ea7u ng\u00e0nh<\/div>\n<div dir=\"auto\"><span class=\"html-span xexx8yu x4uap5 x18d9i69 xkhd6sd x1hl2dhg x16tdsg8 x1vvkbs x3nfvp2 x1j61x8r x1fcty0u xdj266r xat24cr xgzva0m xhhsvwb xxymvpz xlup9mm x1kky2od\"><img decoding=\"async\" loading=\"lazy\" class=\"xz74otr\" src=\"https:\/\/static.xx.fbcdn.net\/images\/emoji.php\/v9\/t5d\/1\/16\/26a1.png\" alt=\"\u26a1\ufe0f\" width=\"16\" height=\"16\" \/><\/span> Hi\u1ec7u su\u1ea5t b\u1ee9c x\u1ea1 th\u1ea5p tuy\u1ec7t v\u1eddi<\/div>\n<div dir=\"auto\"><span class=\"html-span xexx8yu x4uap5 x18d9i69 xkhd6sd x1hl2dhg x16tdsg8 x1vvkbs x3nfvp2 x1j61x8r x1fcty0u xdj266r xat24cr xgzva0m xhhsvwb xxymvpz xlup9mm x1kky2od\"><img decoding=\"async\" loading=\"lazy\" class=\"xz74otr\" src=\"https:\/\/static.xx.fbcdn.net\/images\/emoji.php\/v9\/t5d\/1\/16\/26a1.png\" alt=\"\u26a1\ufe0f\" width=\"16\" height=\"16\" \/><\/span> Kh\u1ea3 n\u0103ng ch\u1ed1ng PID tuy\u1ec7t v\u1eddi<\/div>\n<div dir=\"auto\"><span class=\"html-span xexx8yu x4uap5 x18d9i69 xkhd6sd x1hl2dhg x16tdsg8 x1vvkbs x3nfvp2 x1j61x8r x1fcty0u xdj266r xat24cr xgzva0m xhhsvwb xxymvpz xlup9mm x1kky2od\"><img decoding=\"async\" loading=\"lazy\" class=\"xz74otr\" src=\"https:\/\/static.xx.fbcdn.net\/images\/emoji.php\/v9\/t5d\/1\/16\/26a1.png\" alt=\"\u26a1\ufe0f\" width=\"16\" height=\"16\" \/><\/span> Dung sai c\u00f4ng su\u1ea5t d\u01b0\u01a1ng 0 ~ + 3%<\/div>\n<div dir=\"auto\"><span class=\"html-span xexx8yu x4uap5 x18d9i69 xkhd6sd x1hl2dhg x16tdsg8 x1vvkbs x3nfvp2 x1j61x8r x1fcty0u xdj266r xat24cr xgzva0m xhhsvwb xxymvpz xlup9mm x1kky2od\"><img decoding=\"async\" loading=\"lazy\" class=\"xz74otr\" src=\"https:\/\/static.xx.fbcdn.net\/images\/emoji.php\/v9\/t5d\/1\/16\/26a1.png\" alt=\"\u26a1\ufe0f\" width=\"16\" height=\"16\" \/><\/span> Ki\u1ec3m tra 100% EL giai \u0111o\u1ea1n k\u00e9p \u0111\u1ea3m b\u1ea3o s\u1ea3n ph\u1ea9m E2L kh\u00f4ng c\u00f3 l\u1ed7i<\/div>\n<div dir=\"auto\"><span class=\"html-span xexx8yu x4uap5 x18d9i69 xkhd6sd x1hl2dhg x16tdsg8 x1vvkbs x3nfvp2 x1j61x8r x1fcty0u xdj266r xat24cr xgzva0m xhhsvwb xxymvpz xlup9mm x1kky2od\"><img decoding=\"async\" loading=\"lazy\" class=\"xz74otr\" src=\"https:\/\/static.xx.fbcdn.net\/images\/emoji.php\/v9\/t5d\/1\/16\/26a1.png\" alt=\"\u26a1\ufe0f\" width=\"16\" height=\"16\" \/><\/span> Vi\u1ec7c t\u1ea1o th\u00f9ng m\u00f4-\u0111un Imp gi\u00fap gi\u1ea3m \u0111\u00e1ng k\u1ec3 t\u1ed5n th\u1ea5t do chu\u1ed7i kh\u00f4ng kh\u1edbp<\/div>\n<div dir=\"auto\"><span class=\"html-span xexx8yu x4uap5 x18d9i69 xkhd6sd x1hl2dhg x16tdsg8 x1vvkbs x3nfvp2 x1j61x8r x1fcty0u xdj266r xat24cr xgzva0m xhhsvwb xxymvpz xlup9mm x1kky2od\"><img decoding=\"async\" loading=\"lazy\" class=\"xz74otr\" src=\"https:\/\/static.xx.fbcdn.net\/images\/emoji.php\/v9\/t5d\/1\/16\/26a1.png\" alt=\"\u26a1\ufe0f\" width=\"16\" height=\"16\" \/><\/span> T\u1ea3i tr\u1ecdng gi\u00f3 tuy\u1ec7t v\u1eddi 2400Pa &amp; t\u1ea3i tuy\u1ebft 5400Pa theo ph\u01b0\u01a1ng ph\u00e1p l\u1eafp \u0111\u1eb7t nh\u1ea5t \u0111\u1ecbnh<\/div>\n<div dir=\"auto\"><img decoding=\"async\" loading=\"lazy\" class=\"alignnone size-full wp-image-4765\" src=\"https:\/\/tpenergy.com.vn\/wp-content\/uploads\/2024\/06\/RSM144-9-540-560BMDG-IEC1500V-30mm-2024-H1-1-EN-1_001.png\" alt=\"\" width=\"1873\" height=\"2560\" \/> <img decoding=\"async\" loading=\"lazy\" class=\"alignnone size-medium wp-image-4766\" src=\"https:\/\/tpenergy.com.vn\/wp-content\/uploads\/2024\/06\/RSM144-9-540-560BMDG-IEC1500V-30mm-2024-H1-1-EN-1_002.png\" alt=\"\" width=\"1873\" height=\"2560\" \/><\/div>\n<div dir=\"auto\"><strong>Ch\u1ee9ng nh\u1eadn Thu\u1eadn Phong l\u00e0 nh\u00e0 ph\u00e2n ph\u1ed1i\u00a0<a href=\"https:\/\/www.facebook.com\/DienMatTroi.SolarQuangBinh\/posts\/pfbid02YpemojdN9egZjxVqtdb7RgBQowGoeZRdeYXws9R7jMsTSN1DZaPimSsrFKsugXYVl\">Risen Solar<\/a>\u00a0t\u1ea1i th\u1ecb tr\u01b0\u1eddng Vi\u1ec7t Nam:<\/strong><\/div>\n<div dir=\"auto\"><img decoding=\"async\" loading=\"lazy\" class=\"alignnone size-full wp-image-4445\" src=\"https:\/\/tpenergy.com.vn\/wp-content\/uploads\/2024\/02\/chung-nhan-phan-phoi-risen-solar.png\" alt=\"\" width=\"2481\" height=\"3508\" \/><\/div>\n<div dir=\"auto\">\n<p>Thu\u1eadn Phong Energy t\u1ef1 h\u00e0o l\u00e0 nh\u00e0 ph\u00e2n ph\u1ed1i ch\u00ednh h\u00e3ng t\u1ea5m pin m\u1eb7t tr\u1eddi Risen Solar 575W<\/p>\n<div class=\"x11i5rnm xat24cr x1mh8g0r x1vvkbs xtlvy1s x126k92a\">\n<div dir=\"auto\">S\u1ea3n ph\u1ea9m c\u1ee7a Thu\u1eadn Phong khi \u0111\u1ebfn tay \u0111\u1ea1i l\u00fd lu\u00f4n \u0111\u1ea3m b\u1ea3o:<\/div>\n<div dir=\"auto\"><span class=\"x3nfvp2 x1j61x8r x1fcty0u xdj266r xhhsvwb xat24cr xgzva0m xxymvpz xlup9mm x1kky2od\"><img decoding=\"async\" loading=\"lazy\" class=\"xz74otr lazy-load-active\" src=\"https:\/\/static.xx.fbcdn.net\/images\/emoji.php\/v9\/t6b\/1\/16\/25fe.png\" alt=\"\u25fe\ufe0f\" width=\"16\" height=\"16\" data-src=\"https:\/\/static.xx.fbcdn.net\/images\/emoji.php\/v9\/t6b\/1\/16\/25fe.png\" \/><\/span>\u00a0H\u00e0ng h\u00f3a ch\u00ednh h\u00e3ng, \u0111\u1ea7y \u0111\u1ee7 CO, CQ, VAT cho d\u1ef1 \u00e1n<\/div>\n<div dir=\"auto\"><span class=\"x3nfvp2 x1j61x8r x1fcty0u xdj266r xhhsvwb xat24cr xgzva0m xxymvpz xlup9mm x1kky2od\"><img decoding=\"async\" loading=\"lazy\" class=\"xz74otr lazy-load-active\" src=\"https:\/\/static.xx.fbcdn.net\/images\/emoji.php\/v9\/t6b\/1\/16\/25fe.png\" alt=\"\u25fe\ufe0f\" width=\"16\" height=\"16\" data-src=\"https:\/\/static.xx.fbcdn.net\/images\/emoji.php\/v9\/t6b\/1\/16\/25fe.png\" \/><\/span>\u00a0Gi\u00e1 lu\u00f4n c\u1ea1nh tranh nh\u1edd nh\u1eadp kh\u1ea9u tr\u1ef1c ti\u1ebfp.<\/div>\n<div dir=\"auto\"><span class=\"x3nfvp2 x1j61x8r x1fcty0u xdj266r xhhsvwb xat24cr xgzva0m xxymvpz xlup9mm x1kky2od\"><img decoding=\"async\" loading=\"lazy\" class=\"xz74otr lazy-load-active\" src=\"https:\/\/static.xx.fbcdn.net\/images\/emoji.php\/v9\/t6b\/1\/16\/25fe.png\" alt=\"\u25fe\ufe0f\" width=\"16\" height=\"16\" data-src=\"https:\/\/static.xx.fbcdn.net\/images\/emoji.php\/v9\/t6b\/1\/16\/25fe.png\" \/><\/span>\u00a0C\u1ea5p s\u1ec9 to\u00e0n qu\u1ed1c. V\u1eadn chuy\u1ec3n t\u1eadn n\u01a1i.<\/div>\n<div dir=\"auto\"><span class=\"x3nfvp2 x1j61x8r x1fcty0u xdj266r xhhsvwb xat24cr xgzva0m xxymvpz xlup9mm x1kky2od\"><img decoding=\"async\" loading=\"lazy\" class=\"xz74otr lazy-load-active\" src=\"https:\/\/static.xx.fbcdn.net\/images\/emoji.php\/v9\/t6b\/1\/16\/25fe.png\" alt=\"\u25fe\ufe0f\" width=\"16\" height=\"16\" data-src=\"https:\/\/static.xx.fbcdn.net\/images\/emoji.php\/v9\/t6b\/1\/16\/25fe.png\" \/><\/span>\u00a0B\u1ea3o h\u00e0nh hi\u1ec7u su\u1ea5t l\u00ean t\u1edbi 30 n\u0103m<\/div>\n<\/div>\n<div class=\"x11i5rnm xat24cr x1mh8g0r x1vvkbs xtlvy1s x126k92a\">\n<div dir=\"auto\"><span class=\"x3nfvp2 x1j61x8r x1fcty0u xdj266r xhhsvwb xat24cr xgzva0m xxymvpz xlup9mm x1kky2od\"><img decoding=\"async\" loading=\"lazy\" class=\"xz74otr lazy-load-active\" src=\"https:\/\/static.xx.fbcdn.net\/images\/emoji.php\/v9\/td8\/1\/16\/1f4f2.png\" alt=\"\ud83d\udcf2\" width=\"16\" height=\"16\" data-src=\"https:\/\/static.xx.fbcdn.net\/images\/emoji.php\/v9\/td8\/1\/16\/1f4f2.png\" \/><\/span>\u00a0Li\u00ean h\u1ec7 Thu\u1eadn Phong qua Hotline: 0869 564 567 \u0111\u1ec3 \u0111\u01b0\u1ee3c t\u01b0 v\u1ea5n th\u00eam!<\/div>\n<\/div>\n<div dir=\"auto\">\u2014\u2014\u2014\u2014\u2014\u2014\u2014\u2014\u2014\u2014\u2014\u2013<\/div>\n<div dir=\"auto\">CH\u1eccN THU\u1eacN PHONG \u2013 CH\u1eccN S\u1ef0 AN T\u00c2M<\/div>\n<div dir=\"auto\"><span class=\"x3nfvp2 x1j61x8r x1fcty0u xdj266r xhhsvwb xat24cr xgzva0m xxymvpz xlup9mm x1kky2od\"><img decoding=\"async\" loading=\"lazy\" class=\"xz74otr lazy-load-active\" src=\"https:\/\/static.xx.fbcdn.net\/images\/emoji.php\/v9\/t4c\/1\/16\/25aa.png\" alt=\"\u25aa\" width=\"16\" height=\"16\" data-src=\"https:\/\/static.xx.fbcdn.net\/images\/emoji.php\/v9\/t4c\/1\/16\/25aa.png\" \/><\/span>\u00a0Hotline: 0869.564.567<\/div>\n<div dir=\"auto\"><span class=\"x3nfvp2 x1j61x8r x1fcty0u xdj266r xhhsvwb xat24cr xgzva0m xxymvpz xlup9mm x1kky2od\"><img decoding=\"async\" loading=\"lazy\" class=\"xz74otr lazy-load-active\" src=\"https:\/\/static.xx.fbcdn.net\/images\/emoji.php\/v9\/t4c\/1\/16\/25aa.png\" alt=\"\u25aa\" width=\"16\" height=\"16\" data-src=\"https:\/\/static.xx.fbcdn.net\/images\/emoji.php\/v9\/t4c\/1\/16\/25aa.png\" \/><\/span>\u00a0K\u1ef9 thu\u1eadt: Mr D\u0169ng 0899768777<\/div>\n<div dir=\"auto\"><span class=\"x3nfvp2 x1j61x8r x1fcty0u xdj266r xhhsvwb xat24cr xgzva0m xxymvpz xlup9mm x1kky2od\"><img decoding=\"async\" loading=\"lazy\" class=\"xz74otr lazy-load-active\" src=\"https:\/\/static.xx.fbcdn.net\/images\/emoji.php\/v9\/t4c\/1\/16\/25aa.png\" alt=\"\u25aa\" width=\"16\" height=\"16\" data-src=\"https:\/\/static.xx.fbcdn.net\/images\/emoji.php\/v9\/t4c\/1\/16\/25aa.png\" \/><\/span>\u00a0Tr\u1ee5 s\u1edf ch\u00ednh: 30 Nguy\u1ec5n H\u1eefu D\u1eadt, ph\u01b0\u1eddng Nam L\u00fd, th\u00e0nh ph\u1ed1 \u0110\u1ed3ng H\u1edbi, t\u1ec9nh Qu\u1ea3ng B\u00ecnh,Vi\u1ec7t Nam<\/div>\n<div dir=\"auto\"><span class=\"x3nfvp2 x1j61x8r x1fcty0u xdj266r xhhsvwb xat24cr xgzva0m xxymvpz xlup9mm x1kky2od\"><img decoding=\"async\" loading=\"lazy\" class=\"xz74otr lazy-load-active\" src=\"https:\/\/static.xx.fbcdn.net\/images\/emoji.php\/v9\/t4c\/1\/16\/25aa.png\" alt=\"\u25aa\" width=\"16\" height=\"16\" data-src=\"https:\/\/static.xx.fbcdn.net\/images\/emoji.php\/v9\/t4c\/1\/16\/25aa.png\" \/><\/span>\u00a0Email: solarquangbinh@gmail.com<\/div>\n<div dir=\"auto\"><span class=\"x3nfvp2 x1j61x8r x1fcty0u xdj266r xhhsvwb xat24cr xgzva0m xxymvpz xlup9mm x1kky2od\"><img decoding=\"async\" loading=\"lazy\" class=\"xz74otr lazy-load-active\" src=\"https:\/\/static.xx.fbcdn.net\/images\/emoji.php\/v9\/t4c\/1\/16\/25aa.png\" alt=\"\u25aa\" width=\"16\" height=\"16\" data-src=\"https:\/\/static.xx.fbcdn.net\/images\/emoji.php\/v9\/t4c\/1\/16\/25aa.png\" \/><\/span>\u00a0Website:\u00a0<a class=\"x1i10hfl xjbqb8w x1ejq31n xd10rxx x1sy0etr x17r0tee x972fbf xcfux6l x1qhh985 xm0m39n x9f619 x1ypdohk xt0psk2 xe8uvvx xdj266r x11i5rnm xat24cr x1mh8g0r xexx8yu x4uap5 x18d9i69 xkhd6sd x16tdsg8 x1hl2dhg xggy1nq x1a2a7pz xt0b8zv x1fey0fg\" tabindex=\"0\" role=\"link\" href=\"https:\/\/l.facebook.com\/l.php?u=https%3A%2F%2Ftpenergy.com.vn%2F%3Ffbclid%3DIwAR1zTSbdXOi_Tl2faWM8WrkjoJ4DUyjMX0nCVZZgeiI5f-ccyxaJjrvKiyc_aem_Ac8kyG2kzUYIVmKTJ4YQIET7j7QtZNsZTK69SDLbvqP-IShA8AIuhFWzo_o8RexIn7bvj1QLRP0dLubEyeT43z5b&amp;h=AT0_0Xuro56qVins9SsASkKZ2-4CppJsU6DxCPrtSCGjJm3qA6poPdulzeHF0c1B1DJymZpiMqyexrG0jG0GnHBeZWxHueJOlpBJmGh_XHfS-3h-uDELSSZJFEkCvJ0sY6uf&amp;__tn__=-UK-R&amp;c[0]=AT15V3qAYiO51xnsl6t1ix6fBknFoK8VhyQGikjMPZ_yjjuVErZ1Mfujp5GU7rocupsiXl0roMwthvpTdIbyg8j5ETd4oxaQ-ttmS8_tXnEE73UfDCkUixQ_AnxErnCbSalGXJkUrlhUaMlb1YWNBSfqmeHw3GsQe1k7YmX_rCami_YGRA\" target=\"_blank\" rel=\"nofollow noopener noreferrer\">https:\/\/tpenergy.com.vn\/<\/a><\/div>\n<div dir=\"auto\"><span class=\"x3nfvp2 x1j61x8r x1fcty0u xdj266r xhhsvwb xat24cr xgzva0m xxymvpz xlup9mm x1kky2od\"><img decoding=\"async\" loading=\"lazy\" class=\"xz74otr lazy-load-active\" src=\"https:\/\/static.xx.fbcdn.net\/images\/emoji.php\/v9\/t4c\/1\/16\/25aa.png\" alt=\"\u25aa\" width=\"16\" height=\"16\" data-src=\"https:\/\/static.xx.fbcdn.net\/images\/emoji.php\/v9\/t4c\/1\/16\/25aa.png\" \/><\/span>\u00a0Shopee:\u00a0<a class=\"x1i10hfl xjbqb8w x1ejq31n xd10rxx x1sy0etr x17r0tee x972fbf xcfux6l x1qhh985 xm0m39n x9f619 x1ypdohk xt0psk2 xe8uvvx xdj266r x11i5rnm xat24cr x1mh8g0r xexx8yu x4uap5 x18d9i69 xkhd6sd x16tdsg8 x1hl2dhg xggy1nq x1a2a7pz xt0b8zv x1fey0fg\" tabindex=\"0\" role=\"link\" href=\"https:\/\/l.facebook.com\/l.php?u=https%3A%2F%2Fshopee.vn%2Fsolarquangbinh%3Ffbclid%3DIwAR0RgrhyNxcw24vSw5-Jq7sk_i1yrfXJvokFtjsVQNAJqrOz1hsuOD9bp8s_aem_Ac900jYtQ5as_4nkHxETyKZXCmZOOqHC9L6BcyinLPZROOx8Bpzf0PUma2h9sSeJHFidNAwXjOfheMzK7s9zBSBo&amp;h=AT0gC7uYbN-4cJAMnDKXawM8C1EerQ8R49-X83wFzPEk1Z2joQqOIH0c0yP7MF21cMBzWE-iaGHwdB293A0k4tZV-kE5sBssbmd70QLM2iz-PdU_NtpzR8bTvwj2DQE7PVMS&amp;__tn__=-UK-R&amp;c[0]=AT15V3qAYiO51xnsl6t1ix6fBknFoK8VhyQGikjMPZ_yjjuVErZ1Mfujp5GU7rocupsiXl0roMwthvpTdIbyg8j5ETd4oxaQ-ttmS8_tXnEE73UfDCkUixQ_AnxErnCbSalGXJkUrlhUaMlb1YWNBSfqmeHw3GsQe1k7YmX_rCami_YGRA\" target=\"_blank\" rel=\"nofollow noopener noreferrer\">https:\/\/shopee.vn\/solarquangbinh<\/a><\/div>\n<div dir=\"auto\"><span class=\"x3nfvp2 x1j61x8r x1fcty0u xdj266r xhhsvwb xat24cr xgzva0m xxymvpz xlup9mm x1kky2od\"><img decoding=\"async\" loading=\"lazy\" class=\"xz74otr lazy-load-active\" src=\"https:\/\/static.xx.fbcdn.net\/images\/emoji.php\/v9\/t4c\/1\/16\/25aa.png\" alt=\"\u25aa\" width=\"16\" height=\"16\" data-src=\"https:\/\/static.xx.fbcdn.net\/images\/emoji.php\/v9\/t4c\/1\/16\/25aa.png\" \/><\/span>\u00a0Lazada:\u00a0<a class=\"x1i10hfl xjbqb8w x1ejq31n xd10rxx x1sy0etr x17r0tee x972fbf xcfux6l x1qhh985 xm0m39n x9f619 x1ypdohk xt0psk2 xe8uvvx xdj266r x11i5rnm xat24cr x1mh8g0r xexx8yu x4uap5 x18d9i69 xkhd6sd x16tdsg8 x1hl2dhg xggy1nq x1a2a7pz xt0b8zv x1fey0fg\" tabindex=\"0\" role=\"link\" href=\"https:\/\/www.lazada.vn\/shop\/thuan-phong-electric\/-?fbclid=IwAR2f9Xwv69oI7Gq6oR2qEv5dMV7Awum2wxr8HQkpsePWn3APXFmtEo_kmkU_aem_Ac-jHhf1octjrwXby9Br9EVZ-7hmEmXheIzOaye2pbejFXCnyAiZjEUPLdDWFtm7UMsZi45YCNRE1OnQThJa8FDJ\" target=\"_blank\" rel=\"nofollow noopener noreferrer\">https:\/\/www.lazada.vn\/shop\/thuan-phong-electric\/-<\/a><\/div>\n<\/div>\n<\/div>\n","protected":false},"excerpt":{"rendered":"<table>\n<tbody>\n<tr>\n<td width=\"308\">Th\u01b0\u01a1ng hi\u1ec7u<\/td>\n<td width=\"308\">Risen Solar<\/td>\n<\/tr>\n<tr>\n<td width=\"308\">Model<\/td>\n<td width=\"308\">RSM144-9-550BMDG<\/td>\n<\/tr>\n<tr>\n<td width=\"308\">C\u00f4ng su\u1ea5t<\/td>\n<td width=\"308\">550WP<\/td>\n<\/tr>\n<tr>\n<td width=\"308\">Hi\u1ec7u su\u1ea5t<\/td>\n<td width=\"308\">21.7%<\/td>\n<\/tr>\n<tr>\n<td width=\"308\">Tr\u1ecdng L\u01b0\u1ee3ng<\/td>\n<td width=\"308\">32.5kg<\/td>\n<\/tr>\n<tr>\n<td width=\"308\">K\u00edch Th\u01b0\u1edbc<\/td>\n<td width=\"308\">2278\u00d71134\u00d730mm<\/td>\n<\/tr>\n<tr>\n<td width=\"308\">B\u1ea3o H\u00e0nh V\u1eadt L\u00fd<\/td>\n<td width=\"308\">15 Years<\/td>\n<\/tr>\n<tr>\n<td width=\"308\">B\u1ea3o H\u00e0nh Hi\u1ec7u Su\u1ea5t<\/td>\n<td width=\"308\">25 Years<\/td>\n<\/tr>\n<\/tbody>\n<\/table>\n","protected":false},"featured_media":6515,"template":"","meta":[],"product_cat":[1035],"product_tag":[1052,1053,1054,1055,1056],"yoast_head":"<!-- This site is optimized with the Yoast SEO plugin v20.6 - https:\/\/yoast.com\/wordpress\/plugins\/seo\/ -->\r\n<title>T\u1ea5m pin m\u1eb7t tr\u1eddi Risen 550W - Solar Qu\u1ea3ng B\u00ecnh chuy\u00ean gi\u1ea3i ph\u00e1p v\u00e0 cung c\u1ea5p h\u1ec7 th\u1ed1ng \u0111i\u1ec7n m\u1eb7t tr\u1eddi h\u00f2a l\u01b0\u1edbi v\u00e0 l\u01b0u tr\u1eef t\u1ea1i Qu\u1ea3ng B\u00ecnh<\/title>\r\n<meta name=\"description\" content=\"T\u1ea5m pin n\u0103ng l\u01b0\u1ee3ng m\u1eb7t tr\u1eddi Risen 550Wp \u2013 Hi\u1ec7u su\u1ea5t cao \u00e1p d\u1ee5ng c\u00f4ng ngh\u1ec7 PERC, Dung sai c\u00f4ng su\u1ea5t d\u01b0\u01a1ng 0 ~ + 3% , H\u1ec7 s\u1ed1 nhi\u1ec7t \u0111i\u1ec7n th\u1ea5p nh\u1ea5t d\u1eabn \u0111\u1ea7u ng\u00e0nh\" \/>\r\n<meta name=\"robots\" content=\"index, follow, max-snippet:-1, max-image-preview:large, max-video-preview:-1\" \/>\r\n<link rel=\"canonical\" href=\"https:\/\/solarquangbinh.com\/?product=tam-pin-mat-troi-risen-550w-2\" \/>\r\n<meta property=\"og:locale\" content=\"vi_VN\" \/>\r\n<meta property=\"og:type\" content=\"article\" \/>\r\n<meta property=\"og:title\" content=\"T\u1ea5m pin m\u1eb7t tr\u1eddi Risen 550W - Solar Qu\u1ea3ng B\u00ecnh chuy\u00ean gi\u1ea3i ph\u00e1p v\u00e0 cung c\u1ea5p h\u1ec7 th\u1ed1ng \u0111i\u1ec7n m\u1eb7t tr\u1eddi h\u00f2a l\u01b0\u1edbi v\u00e0 l\u01b0u tr\u1eef t\u1ea1i Qu\u1ea3ng B\u00ecnh\" \/>\r\n<meta property=\"og:description\" content=\"T\u1ea5m pin n\u0103ng l\u01b0\u1ee3ng m\u1eb7t tr\u1eddi Risen 550Wp \u2013 Hi\u1ec7u su\u1ea5t cao \u00e1p d\u1ee5ng c\u00f4ng ngh\u1ec7 PERC, Dung sai c\u00f4ng su\u1ea5t d\u01b0\u01a1ng 0 ~ + 3% , H\u1ec7 s\u1ed1 nhi\u1ec7t \u0111i\u1ec7n th\u1ea5p nh\u1ea5t d\u1eabn \u0111\u1ea7u ng\u00e0nh\" \/>\r\n<meta property=\"og:url\" content=\"https:\/\/solarquangbinh.com\/?product=tam-pin-mat-troi-risen-550w-2\" \/>\r\n<meta property=\"og:site_name\" content=\"Solar Qu\u1ea3ng B\u00ecnh chuy\u00ean gi\u1ea3i ph\u00e1p v\u00e0 cung c\u1ea5p h\u1ec7 th\u1ed1ng \u0111i\u1ec7n m\u1eb7t tr\u1eddi h\u00f2a l\u01b0\u1edbi v\u00e0 l\u01b0u tr\u1eef t\u1ea1i Qu\u1ea3ng B\u00ecnh\" \/>\r\n<meta property=\"article:modified_time\" content=\"2024-10-23T09:38:39+00:00\" \/>\r\n<meta property=\"og:image\" content=\"https:\/\/static.xx.fbcdn.net\/images\/emoji.php\/v9\/t5d\/1\/16\/26a1.png\" \/>\r\n<meta name=\"twitter:card\" content=\"summary_large_image\" \/>\r\n<meta name=\"twitter:label1\" content=\"\u01af\u1edbc t\u00ednh th\u1eddi gian \u0111\u1ecdc\" \/>\n\t<meta name=\"twitter:data1\" content=\"7 ph\u00fat\" \/>\r\n<script type=\"application\/ld+json\" class=\"yoast-schema-graph\">{\"@context\":\"https:\/\/schema.org\",\"@graph\":[{\"@type\":\"WebPage\",\"@id\":\"https:\/\/solarquangbinh.com\/?product=tam-pin-mat-troi-risen-550w-2\",\"url\":\"https:\/\/solarquangbinh.com\/?product=tam-pin-mat-troi-risen-550w-2\",\"name\":\"T\u1ea5m pin m\u1eb7t tr\u1eddi Risen 550W - Solar Qu\u1ea3ng B\u00ecnh chuy\u00ean gi\u1ea3i ph\u00e1p v\u00e0 cung c\u1ea5p h\u1ec7 th\u1ed1ng \u0111i\u1ec7n m\u1eb7t tr\u1eddi h\u00f2a l\u01b0\u1edbi v\u00e0 l\u01b0u tr\u1eef t\u1ea1i Qu\u1ea3ng B\u00ecnh\",\"isPartOf\":{\"@id\":\"https:\/\/solarquangbinh.com\/#website\"},\"datePublished\":\"2024-10-23T09:38:17+00:00\",\"dateModified\":\"2024-10-23T09:38:39+00:00\",\"description\":\"T\u1ea5m pin n\u0103ng l\u01b0\u1ee3ng m\u1eb7t tr\u1eddi Risen 550Wp \u2013 Hi\u1ec7u su\u1ea5t cao \u00e1p d\u1ee5ng c\u00f4ng ngh\u1ec7 PERC, Dung sai c\u00f4ng su\u1ea5t d\u01b0\u01a1ng 0 ~ + 3% , H\u1ec7 s\u1ed1 nhi\u1ec7t \u0111i\u1ec7n th\u1ea5p nh\u1ea5t d\u1eabn \u0111\u1ea7u ng\u00e0nh\",\"breadcrumb\":{\"@id\":\"https:\/\/solarquangbinh.com\/?product=tam-pin-mat-troi-risen-550w-2#breadcrumb\"},\"inLanguage\":\"vi\",\"potentialAction\":[{\"@type\":\"ReadAction\",\"target\":[\"https:\/\/solarquangbinh.com\/?product=tam-pin-mat-troi-risen-550w-2\"]}]},{\"@type\":\"BreadcrumbList\",\"@id\":\"https:\/\/solarquangbinh.com\/?product=tam-pin-mat-troi-risen-550w-2#breadcrumb\",\"itemListElement\":[{\"@type\":\"ListItem\",\"position\":1,\"name\":\"Trang ch\u1ee7\",\"item\":\"https:\/\/solarquangbinh.com\/\"},{\"@type\":\"ListItem\",\"position\":2,\"name\":\"S\u1ea3n ph\u1ea9m\",\"item\":\"https:\/\/solarquangbinh.com\/?page_id=20\"},{\"@type\":\"ListItem\",\"position\":3,\"name\":\"T\u1ea5m pin m\u1eb7t tr\u1eddi Risen 550W\"}]},{\"@type\":\"WebSite\",\"@id\":\"https:\/\/solarquangbinh.com\/#website\",\"url\":\"https:\/\/solarquangbinh.com\/\",\"name\":\"Solar Qu\u1ea3ng B\u00ecnh chuy\u00ean gi\u1ea3i ph\u00e1p v\u00e0 cung c\u1ea5p h\u1ec7 th\u1ed1ng \u0111i\u1ec7n m\u1eb7t tr\u1eddi h\u00f2a l\u01b0\u1edbi v\u00e0 l\u01b0u tr\u1eef t\u1ea1i Qu\u1ea3ng B\u00ecnh\",\"description\":\"\u0110i\u1ec7n n\u0103ng l\u01b0\u1ee3ng m\u1eb7t tr\u1eddi Qu\u1ea3ng B\u00ecnh, Solar Quang Binh, Solar Qu\u1ea3ng B\u00ecnh chuy\u00ean cung c\u1ea5p h\u1ec7 th\u1ed1ng \u0111i\u1ec7n m\u1eb7t tr\u1eddi h\u00f2a l\u01b0\u1edbi v\u00e0 l\u01b0u tr\u1eef, pin n\u0103ng l\u01b0\u1ee3ng m\u1eb7t tr\u1eddi, Solar Quang Binh\",\"potentialAction\":[{\"@type\":\"SearchAction\",\"target\":{\"@type\":\"EntryPoint\",\"urlTemplate\":\"https:\/\/solarquangbinh.com\/?s={search_term_string}\"},\"query-input\":\"required name=search_term_string\"}],\"inLanguage\":\"vi\"}]}<\/script>\r\n<!-- \/ Yoast SEO plugin. -->","yoast_head_json":{"title":"T\u1ea5m pin m\u1eb7t tr\u1eddi Risen 550W - Solar Qu\u1ea3ng B\u00ecnh chuy\u00ean gi\u1ea3i ph\u00e1p v\u00e0 cung c\u1ea5p h\u1ec7 th\u1ed1ng \u0111i\u1ec7n m\u1eb7t tr\u1eddi h\u00f2a l\u01b0\u1edbi v\u00e0 l\u01b0u tr\u1eef t\u1ea1i Qu\u1ea3ng B\u00ecnh","description":"T\u1ea5m pin n\u0103ng l\u01b0\u1ee3ng m\u1eb7t tr\u1eddi Risen 550Wp \u2013 Hi\u1ec7u su\u1ea5t cao \u00e1p d\u1ee5ng c\u00f4ng ngh\u1ec7 PERC, Dung sai c\u00f4ng su\u1ea5t d\u01b0\u01a1ng 0 ~ + 3% , H\u1ec7 s\u1ed1 nhi\u1ec7t \u0111i\u1ec7n th\u1ea5p nh\u1ea5t d\u1eabn \u0111\u1ea7u ng\u00e0nh","robots":{"index":"index","follow":"follow","max-snippet":"max-snippet:-1","max-image-preview":"max-image-preview:large","max-video-preview":"max-video-preview:-1"},"canonical":"https:\/\/solarquangbinh.com\/?product=tam-pin-mat-troi-risen-550w-2","og_locale":"vi_VN","og_type":"article","og_title":"T\u1ea5m pin m\u1eb7t tr\u1eddi Risen 550W - Solar Qu\u1ea3ng B\u00ecnh chuy\u00ean gi\u1ea3i ph\u00e1p v\u00e0 cung c\u1ea5p h\u1ec7 th\u1ed1ng \u0111i\u1ec7n m\u1eb7t tr\u1eddi h\u00f2a l\u01b0\u1edbi v\u00e0 l\u01b0u tr\u1eef t\u1ea1i Qu\u1ea3ng B\u00ecnh","og_description":"T\u1ea5m pin n\u0103ng l\u01b0\u1ee3ng m\u1eb7t tr\u1eddi Risen 550Wp \u2013 Hi\u1ec7u su\u1ea5t cao \u00e1p d\u1ee5ng c\u00f4ng ngh\u1ec7 PERC, Dung sai c\u00f4ng su\u1ea5t d\u01b0\u01a1ng 0 ~ + 3% , H\u1ec7 s\u1ed1 nhi\u1ec7t \u0111i\u1ec7n th\u1ea5p nh\u1ea5t d\u1eabn \u0111\u1ea7u ng\u00e0nh","og_url":"https:\/\/solarquangbinh.com\/?product=tam-pin-mat-troi-risen-550w-2","og_site_name":"Solar Qu\u1ea3ng B\u00ecnh chuy\u00ean gi\u1ea3i ph\u00e1p v\u00e0 cung c\u1ea5p h\u1ec7 th\u1ed1ng \u0111i\u1ec7n m\u1eb7t tr\u1eddi h\u00f2a l\u01b0\u1edbi v\u00e0 l\u01b0u tr\u1eef t\u1ea1i Qu\u1ea3ng B\u00ecnh","article_modified_time":"2024-10-23T09:38:39+00:00","og_image":[{"url":"https:\/\/static.xx.fbcdn.net\/images\/emoji.php\/v9\/t5d\/1\/16\/26a1.png"}],"twitter_card":"summary_large_image","twitter_misc":{"\u01af\u1edbc t\u00ednh th\u1eddi gian \u0111\u1ecdc":"7 ph\u00fat"},"schema":{"@context":"https:\/\/schema.org","@graph":[{"@type":"WebPage","@id":"https:\/\/solarquangbinh.com\/?product=tam-pin-mat-troi-risen-550w-2","url":"https:\/\/solarquangbinh.com\/?product=tam-pin-mat-troi-risen-550w-2","name":"T\u1ea5m pin m\u1eb7t tr\u1eddi Risen 550W - Solar Qu\u1ea3ng B\u00ecnh chuy\u00ean gi\u1ea3i ph\u00e1p v\u00e0 cung c\u1ea5p h\u1ec7 th\u1ed1ng \u0111i\u1ec7n m\u1eb7t tr\u1eddi h\u00f2a l\u01b0\u1edbi v\u00e0 l\u01b0u tr\u1eef t\u1ea1i Qu\u1ea3ng B\u00ecnh","isPartOf":{"@id":"https:\/\/solarquangbinh.com\/#website"},"datePublished":"2024-10-23T09:38:17+00:00","dateModified":"2024-10-23T09:38:39+00:00","description":"T\u1ea5m pin n\u0103ng l\u01b0\u1ee3ng m\u1eb7t tr\u1eddi Risen 550Wp \u2013 Hi\u1ec7u su\u1ea5t cao \u00e1p d\u1ee5ng c\u00f4ng ngh\u1ec7 PERC, Dung sai c\u00f4ng su\u1ea5t d\u01b0\u01a1ng 0 ~ + 3% , H\u1ec7 s\u1ed1 nhi\u1ec7t \u0111i\u1ec7n th\u1ea5p nh\u1ea5t d\u1eabn \u0111\u1ea7u ng\u00e0nh","breadcrumb":{"@id":"https:\/\/solarquangbinh.com\/?product=tam-pin-mat-troi-risen-550w-2#breadcrumb"},"inLanguage":"vi","potentialAction":[{"@type":"ReadAction","target":["https:\/\/solarquangbinh.com\/?product=tam-pin-mat-troi-risen-550w-2"]}]},{"@type":"BreadcrumbList","@id":"https:\/\/solarquangbinh.com\/?product=tam-pin-mat-troi-risen-550w-2#breadcrumb","itemListElement":[{"@type":"ListItem","position":1,"name":"Trang ch\u1ee7","item":"https:\/\/solarquangbinh.com\/"},{"@type":"ListItem","position":2,"name":"S\u1ea3n ph\u1ea9m","item":"https:\/\/solarquangbinh.com\/?page_id=20"},{"@type":"ListItem","position":3,"name":"T\u1ea5m pin m\u1eb7t tr\u1eddi Risen 550W"}]},{"@type":"WebSite","@id":"https:\/\/solarquangbinh.com\/#website","url":"https:\/\/solarquangbinh.com\/","name":"Solar Qu\u1ea3ng B\u00ecnh chuy\u00ean gi\u1ea3i ph\u00e1p v\u00e0 cung c\u1ea5p h\u1ec7 th\u1ed1ng \u0111i\u1ec7n m\u1eb7t tr\u1eddi h\u00f2a l\u01b0\u1edbi v\u00e0 l\u01b0u tr\u1eef t\u1ea1i Qu\u1ea3ng B\u00ecnh","description":"\u0110i\u1ec7n n\u0103ng l\u01b0\u1ee3ng m\u1eb7t tr\u1eddi Qu\u1ea3ng B\u00ecnh, Solar Quang Binh, Solar Qu\u1ea3ng B\u00ecnh chuy\u00ean cung c\u1ea5p h\u1ec7 th\u1ed1ng \u0111i\u1ec7n m\u1eb7t tr\u1eddi h\u00f2a l\u01b0\u1edbi v\u00e0 l\u01b0u tr\u1eef, pin n\u0103ng l\u01b0\u1ee3ng m\u1eb7t tr\u1eddi, Solar Quang Binh","potentialAction":[{"@type":"SearchAction","target":{"@type":"EntryPoint","urlTemplate":"https:\/\/solarquangbinh.com\/?s={search_term_string}"},"query-input":"required name=search_term_string"}],"inLanguage":"vi"}]}},"_links":{"self":[{"href":"https:\/\/solarquangbinh.com\/index.php?rest_route=\/wp\/v3\/product\/7558"}],"collection":[{"href":"https:\/\/solarquangbinh.com\/index.php?rest_route=\/wp\/v3\/product"}],"about":[{"href":"https:\/\/solarquangbinh.com\/index.php?rest_route=\/wp\/v2\/types\/product"}],"wp:featuredmedia":[{"embeddable":true,"href":"https:\/\/solarquangbinh.com\/index.php?rest_route=\/wp\/v2\/media\/6515"}],"wp:attachment":[{"href":"https:\/\/solarquangbinh.com\/index.php?rest_route=%2Fwp%2Fv2%2Fmedia&parent=7558"}],"wp:term":[{"taxonomy":"product_cat","embeddable":true,"href":"https:\/\/solarquangbinh.com\/index.php?rest_route=%2Fwp%2Fv2%2Fproduct_cat&post=7558"},{"taxonomy":"product_tag","embeddable":true,"href":"https:\/\/solarquangbinh.com\/index.php?rest_route=%2Fwp%2Fv2%2Fproduct_tag&post=7558"}],"curies":[{"name":"wp","href":"https:\/\/api.w.org\/{rel}","templated":true}]}}