{"id":7575,"date":"2024-10-23T16:38:30","date_gmt":"2024-10-23T09:38:30","guid":{"rendered":"https:\/\/solarquangbinh.com\/?post_type=product&#038;p=7575"},"modified":"2024-10-23T16:38:39","modified_gmt":"2024-10-23T09:38:39","slug":"pin-luu-tru-lithium-ess-rackmount-51-2v-280ah-2","status":"publish","type":"product","link":"https:\/\/solarquangbinh.com\/?product=pin-luu-tru-lithium-ess-rackmount-51-2v-280ah-2","title":{"rendered":"Pin l\u01b0u tr\u1eef lithium ESS Rackmount 51.2V\/280Ah"},"content":{"rendered":"<div class=\"x11i5rnm xat24cr x1mh8g0r x1vvkbs xtlvy1s x126k92a\">\n<div dir=\"auto\"><strong>PIN L\u01afU TR\u1eee LITHIUM ESS RACKMOUNT 51.2V\/280AH<\/strong><\/div>\n<div dir=\"auto\">\n<p><iframe loading=\"lazy\" title=\"Pin l\u01b0u tr\u1eef Lithium PTESS - b\u1ea3n treo t\u01b0\u1eddng Wallmount 51,2V (\u00c1p Th\u1ea5p)\" width=\"1020\" height=\"574\" src=\"https:\/\/www.youtube.com\/embed\/3zvI8ai1LJw?feature=oembed\" frameborder=\"0\" allow=\"accelerometer; autoplay; clipboard-write; encrypted-media; gyroscope; picture-in-picture; web-share\" referrerpolicy=\"strict-origin-when-cross-origin\" allowfullscreen><\/iframe><\/p>\n<\/div>\n<div dir=\"auto\"><strong style=\"color: #555555;\">TH\u00d4NG S\u1ed0 K\u1ef8 THU\u1eacT:\u00a0<\/strong><\/div>\n<\/div>\n<div class=\"table-responsive\">\n<table border=\"0\" cellspacing=\"0\" cellpadding=\"0\">\n<tbody>\n<tr>\n<td><strong>M\u00e3 s\u1ea3n ph\u1ea9m<\/strong><\/td>\n<td>PT-ESS-R14400<\/td>\n<\/tr>\n<tr>\n<td><strong>Lo\u1ea1i cell<\/strong><\/td>\n<td>LFP<\/td>\n<\/tr>\n<tr>\n<td><strong>\u0110i\u1ec7n \u00e1p danh \u0111\u1ecbnh<\/strong><\/td>\n<td>51.2 Vdc<\/td>\n<\/tr>\n<tr>\n<td><strong>T\u1ed5ng n\u0103ng l\u01b0\u1ee3ng<\/strong><\/td>\n<td>14400 Wh<\/td>\n<\/tr>\n<tr>\n<td><strong>D\u00f2ng s\u1ea1c\/x\u1ea3 t\u1ed1i \u0111a<\/strong><\/td>\n<td>160\/200\u00a0A<\/td>\n<\/tr>\n<tr>\n<td><strong>D\u00f2ng s\u1ea1c\/x\u1ea3 khuy\u1ebfn ngh\u1ecb<\/strong><\/td>\n<td>100 A<\/td>\n<\/tr>\n<tr>\n<td><strong>M\u1ee9c \u0111\u1ed9 x\u1ea3 s\u00e2u (DOD)<\/strong><\/td>\n<td>90%<\/td>\n<\/tr>\n<tr>\n<td><strong>Cho ph\u00e9p l\u1eafp \u0111\u1eb7t song song<\/strong><\/td>\n<td>l\u00ean \u0111\u1ebfn 33 b\u1ed9<\/td>\n<\/tr>\n<tr>\n<td><strong>V\u00f2ng \u0111\u1eddi ho\u1ea1t \u0111\u1ed9ng<\/strong><\/td>\n<td>\u00a0\u2265 6000 chu k\u1ef3<\/td>\n<\/tr>\n<tr>\n<td><strong>K\u00edch th\u01b0\u1edbc<\/strong><\/td>\n<td>676*530*230\u00a0(cm)<\/td>\n<\/tr>\n<tr>\n<td><strong>C\u00e2n n\u1eb7ng<\/strong><\/td>\n<td>125 kg<\/td>\n<\/tr>\n<tr>\n<td><strong>Nhi\u1ec7t \u0111\u1ed9 ho\u1ea1t \u0111\u1ed9ng<\/strong><\/td>\n<td>20 \u0111\u1ebfn +55 \u0111\u1ed9 C<\/td>\n<\/tr>\n<tr>\n<td><strong>\u0110\u1ed9 \u1ed3n (t\u1ea1i kho\u1ea3ng c\u00e1ch 1 m\u00e9t)<\/strong><\/td>\n<td>&lt;25 dB<\/td>\n<\/tr>\n<\/tbody>\n<\/table>\n<p><strong>C\u00c1C TH\u00d4NG S\u1ed0 KH\u00c1C:<\/strong><\/p>\n<div class=\"table-responsive\">\n<table border=\"0\" cellspacing=\"0\" cellpadding=\"0\" align=\"left\">\n<tbody>\n<tr>\n<td><strong>H\u00ecnh th\u1ee9c l\u1eafp \u0111\u1eb7t<\/strong><\/td>\n<td>B\u1ea3n \u0111\u1ee9ng\/l\u1eafp t\u1ee7<\/td>\n<\/tr>\n<tr>\n<td><strong>Theo d\u00f5i th\u00f4ng s\u1ed1<\/strong><\/td>\n<td>M\u00e0n h\u00ecnh LCD<\/td>\n<\/tr>\n<tr>\n<td><strong>Ph\u01b0\u01a1ng th\u1ee9c giao ti\u1ebfp<\/strong><\/td>\n<td>CAN\/RS485<\/td>\n<\/tr>\n<tr>\n<td><strong>Theo d\u00f5i th\u00f4ng s\u1ed1 tr\u1ef1c tuy\u1ebfn<\/strong><\/td>\n<td>\u1ee8ng d\u1ee5ng PTESS Cloud<\/td>\n<\/tr>\n<tr>\n<td><strong>Th\u1eddi h\u1ea1n b\u1ea3o h\u00e0nh<\/strong><\/td>\n<td>5 n\u0103m<\/td>\n<\/tr>\n<\/tbody>\n<\/table>\n<\/div>\n<\/div>\n<p><strong>PIN L\u01afU TR\u1eee LITHIUM ESS RACKMOUNT 51.2V\/280AH <\/strong><strong>T\u01af\u01a0NG TH\u00cdCH V\u1edaI C\u00c1C TH\u01af\u01a0NG HI\u1ec6U INVERTER HYBRID:<\/strong><\/p>\n<p><strong>Deye\/Luxpower\/Growatt\/Megarevo\/Goodwe\/Must\/SRNE\/EPEVER\/<\/strong><strong>Afore\/SMA\/Suder\/Solax\/Solis\/Sofar\/Schneider\/Sorotec\/SMK\/<\/strong><strong>Victron\/Voltronic\/Inhenergy\/&#8230;<\/strong><\/p>\n<figure id=\"attachment_4982\" aria-describedby=\"caption-attachment-4982\" style=\"width: 1600px\" class=\"wp-caption aligncenter\"><img decoding=\"async\" loading=\"lazy\" class=\"wp-image-4982 size-full\" src=\"https:\/\/tpenergy.com.vn\/wp-content\/uploads\/2024\/07\/image1-1.png\" alt=\"H\u1ec7 th\u1ed1ng \u0111i\u1ec7n m\u1eb7t tr\u01a1i ho\u00e0 l\u01b0\u1edbi c\u00f3 l\u01b0u tr\u1eef s\u1eed d\u1ee5ng Pin l\u01b0u tr\u1eef lithium ESS Rackmount 51,2V\/280Ah\" width=\"1600\" height=\"891\" \/><figcaption id=\"caption-attachment-4982\" class=\"wp-caption-text\">H\u1ec7 th\u1ed1ng \u0111i\u1ec7n m\u1eb7t tr\u01a1i ho\u00e0 l\u01b0\u1edbi c\u00f3 l\u01b0u tr\u1eef s\u1eed d\u1ee5ng Pin l\u01b0u tr\u1eef lithium ESS Rackmount 51,2V\/280Ah<\/figcaption><\/figure>\n<div dir=\"auto\"><span class=\"x3nfvp2 x1j61x8r x1fcty0u xdj266r xhhsvwb xat24cr xgzva0m xxymvpz xlup9mm x1kky2od\"><img decoding=\"async\" loading=\"lazy\" class=\"xz74otr lazy-load-active\" src=\"https:\/\/static.xx.fbcdn.net\/images\/emoji.php\/v9\/t94\/1\/16\/1f947.png\" alt=\"\ud83e\udd47\" width=\"16\" height=\"16\" data-src=\"https:\/\/static.xx.fbcdn.net\/images\/emoji.php\/v9\/t94\/1\/16\/1f947.png\" \/><\/span>\u00a0<a href=\"https:\/\/tpenergy.com.vn\/\">Thu\u1eadn Phong<\/a>\u00a0cam k\u1ebft ch\u1ea5t l\u01b0\u1ee3ng s\u1ea3n ph\u1ea9m \u0111\u01b0\u1ee3c ki\u1ec3m duy\u1ec7t nghi\u00eam ng\u1eb7t, b\u1ea3o h\u00e0nh nhanh ch\u00f3ng, tr\u1ef1c ti\u1ebfp kh\u00f4ng qua x\u1eed l\u00fd trung gian, th\u1eddi gian b\u1ea3o h\u00e0nh l\u00ean \u0111\u1ebfn 5 n\u0103m c\u00f9ng nhi\u1ec1u ch\u00ednh s\u00e1ch h\u1eadu m\u00e3i c\u1ef1c k\u00ec h\u1ea5p d\u1eabn. Li\u00ean h\u1ec7 ch\u00fang t\u00f4i \u0111\u1ec3 \u0111\u01b0\u1ee3c t\u01b0 v\u1ea5n s\u1edbm nh\u1ea5t nh\u00e9!<\/div>\n<div dir=\"auto\">\u2014\u2014\u2014\u2014\u2014<\/div>\n<div dir=\"auto\"><a href=\"https:\/\/www.facebook.com\/DienMatTroi.SolarQuangBinh\"><strong>CH\u1eccN THU\u1eacN PHONG \u2013 CH\u1eccN S\u1ef0 AN T\u00c2M<\/strong><\/a><\/div>\n<div dir=\"auto\"><span class=\"x3nfvp2 x1j61x8r x1fcty0u xdj266r xhhsvwb xat24cr xgzva0m xxymvpz xlup9mm x1kky2od\"><img decoding=\"async\" loading=\"lazy\" class=\"xz74otr lazy-load-active\" src=\"https:\/\/static.xx.fbcdn.net\/images\/emoji.php\/v9\/t4c\/1\/16\/25aa.png\" alt=\"\u25aa\" width=\"16\" height=\"16\" data-src=\"https:\/\/static.xx.fbcdn.net\/images\/emoji.php\/v9\/t4c\/1\/16\/25aa.png\" \/><\/span>\u00a0Hotline: 0869.564.567<\/div>\n<div dir=\"auto\"><span class=\"x3nfvp2 x1j61x8r x1fcty0u xdj266r xhhsvwb xat24cr xgzva0m xxymvpz xlup9mm x1kky2od\"><img decoding=\"async\" loading=\"lazy\" class=\"xz74otr lazy-load-active\" src=\"https:\/\/static.xx.fbcdn.net\/images\/emoji.php\/v9\/t4c\/1\/16\/25aa.png\" alt=\"\u25aa\" width=\"16\" height=\"16\" data-src=\"https:\/\/static.xx.fbcdn.net\/images\/emoji.php\/v9\/t4c\/1\/16\/25aa.png\" \/><\/span>\u00a0K\u1ef9 thu\u1eadt: Mr D\u0169ng 0899768777<\/div>\n<div dir=\"auto\"><span class=\"x3nfvp2 x1j61x8r x1fcty0u xdj266r xhhsvwb xat24cr xgzva0m xxymvpz xlup9mm x1kky2od\"><img decoding=\"async\" loading=\"lazy\" class=\"xz74otr lazy-load-active\" src=\"https:\/\/static.xx.fbcdn.net\/images\/emoji.php\/v9\/t4c\/1\/16\/25aa.png\" alt=\"\u25aa\" width=\"16\" height=\"16\" data-src=\"https:\/\/static.xx.fbcdn.net\/images\/emoji.php\/v9\/t4c\/1\/16\/25aa.png\" \/><\/span>\u00a0Tr\u1ee5 s\u1edf ch\u00ednh: 30 Nguy\u1ec5n H\u1eefu D\u1eadt, ph\u01b0\u1eddng Nam L\u00fd, th\u00e0nh ph\u1ed1 \u0110\u1ed3ng H\u1edbi, t\u1ec9nh Qu\u1ea3ng B\u00ecnh, Vi\u1ec7t Nam<\/div>\n<div dir=\"auto\"><span class=\"x3nfvp2 x1j61x8r x1fcty0u xdj266r xhhsvwb xat24cr xgzva0m xxymvpz xlup9mm x1kky2od\"><img decoding=\"async\" loading=\"lazy\" class=\"xz74otr lazy-load-active\" src=\"https:\/\/static.xx.fbcdn.net\/images\/emoji.php\/v9\/t4c\/1\/16\/25aa.png\" alt=\"\u25aa\" width=\"16\" height=\"16\" data-src=\"https:\/\/static.xx.fbcdn.net\/images\/emoji.php\/v9\/t4c\/1\/16\/25aa.png\" \/><\/span>\u00a0Tr\u1ee5 s\u1edf H\u00e0 N\u1ed9i: Nh\u00e0 ph\u1ed1 th\u01b0\u01a1ng m\u1ea1i Khai S\u01a1n Town s\u1ed1 18 thu\u1ed9c Town 7, khu \u0111\u00f4 th\u1ecb Khai S\u01a1n City, Ph\u01b0\u1eddng Th\u01b0\u1ee3ng Thanh, Qu\u1eadn Long Bi\u00ean, TP H\u00e0 N\u1ed9i<\/div>\n","protected":false},"excerpt":{"rendered":"<p><strong>TH\u00d4NG S\u1ed0 K\u1ef8 THU\u1eacT:<\/strong><\/p>\n<div class=\"table-responsive\">\n<table border=\"0\" cellspacing=\"0\" cellpadding=\"0\">\n<tbody>\n<tr>\n<td><strong>M\u00e3 s\u1ea3n ph\u1ea9m<\/strong><\/td>\n<td>PT-ESS-R14400<\/td>\n<\/tr>\n<tr>\n<td><strong>Lo\u1ea1i cell<\/strong><\/td>\n<td>LFP<\/td>\n<\/tr>\n<tr>\n<td><strong>\u0110i\u1ec7n \u00e1p danh \u0111\u1ecbnh<\/strong><\/td>\n<td>51,2 Vdc<\/td>\n<\/tr>\n<tr>\n<td><strong>T\u1ed5ng n\u0103ng l\u01b0\u1ee3ng<\/strong><\/td>\n<td>14400 Wh<\/td>\n<\/tr>\n<tr>\n<td><strong>D\u00f2ng s\u1ea1c\/x\u1ea3 t\u1ed1i \u0111a<\/strong><\/td>\n<td>160\/200\u00a0A<\/td>\n<\/tr>\n<tr>\n<td><strong>D\u00f2ng s\u1ea1c\/x\u1ea3 khuy\u1ebfn ngh\u1ecb<\/strong><\/td>\n<td>100 A<\/td>\n<\/tr>\n<tr>\n<td><strong>M\u1ee9c \u0111\u1ed9 x\u1ea3 s\u00e2u (DOD)<\/strong><\/td>\n<td>90%<\/td>\n<\/tr>\n<tr>\n<td><strong>Cho ph\u00e9p l\u1eafp \u0111\u1eb7t song song<\/strong><\/td>\n<td>l\u00ean \u0111\u1ebfn 33 b\u1ed9<\/td>\n<\/tr>\n<tr>\n<td><strong>V\u00f2ng \u0111\u1eddi ho\u1ea1t \u0111\u1ed9ng<\/strong><\/td>\n<td>\u00a0\u2265 6000 chu k\u1ef3<\/td>\n<\/tr>\n<tr>\n<td><strong>K\u00edch th\u01b0\u1edbc<\/strong><\/td>\n<td>676*530*230\u00a0(cm)<\/td>\n<\/tr>\n<tr>\n<td><strong>C\u00e2n n\u1eb7ng<\/strong><\/td>\n<td>125 kg<\/td>\n<\/tr>\n<tr>\n<td><strong>Nhi\u1ec7t \u0111\u1ed9 ho\u1ea1t \u0111\u1ed9ng<\/strong><\/td>\n<td>20 \u0111\u1ebfn +55 \u0111\u1ed9 C<\/td>\n<\/tr>\n<tr>\n<td><strong>\u0110\u1ed9 \u1ed3n (t\u1ea1i kho\u1ea3ng c\u00e1ch 1 m\u00e9t)<\/strong><\/td>\n<td>&lt;25 dB<\/td>\n<\/tr>\n<\/tbody>\n<\/table>\n<\/div>\n","protected":false},"featured_media":6527,"template":"","meta":[],"product_cat":[998],"product_tag":[1003,613,1067,999,1068],"yoast_head":"<!-- This site is optimized with the Yoast SEO plugin v20.6 - https:\/\/yoast.com\/wordpress\/plugins\/seo\/ -->\r\n<title>Pin l\u01b0u tr\u1eef lithium ESS Rackmount 51.2V\/280Ah - Solar Qu\u1ea3ng B\u00ecnh chuy\u00ean gi\u1ea3i ph\u00e1p v\u00e0 cung c\u1ea5p h\u1ec7 th\u1ed1ng \u0111i\u1ec7n m\u1eb7t tr\u1eddi h\u00f2a l\u01b0\u1edbi v\u00e0 l\u01b0u tr\u1eef t\u1ea1i Qu\u1ea3ng B\u00ecnh<\/title>\r\n<meta name=\"description\" content=\"N\u1eafng n\u00f3ng c\u1ef1c \u0111i\u1ec3m, c\u1eaft \u0111i\u1ec7n lu\u00e2n phi\u00ean v\u00e0 n\u1ed7i lo ho\u00e1 \u0111\u01a1n ti\u1ec1n \u0111i\u1ec7n s\u1ebd \u0111\u01b0\u1ee3c gi\u1ea3i quy\u1ebft ngay v\u1edbi Pin l\u01b0u tr\u1eef lithium ESS Rackmount 51.2V\/280Ah\" \/>\r\n<meta name=\"robots\" content=\"index, follow, max-snippet:-1, max-image-preview:large, max-video-preview:-1\" \/>\r\n<link rel=\"canonical\" href=\"https:\/\/solarquangbinh.com\/?product=pin-luu-tru-lithium-ess-rackmount-51-2v-280ah-2\" \/>\r\n<meta property=\"og:locale\" content=\"vi_VN\" \/>\r\n<meta property=\"og:type\" content=\"article\" \/>\r\n<meta property=\"og:title\" content=\"Pin l\u01b0u tr\u1eef lithium ESS Rackmount 51.2V\/280Ah - Solar Qu\u1ea3ng B\u00ecnh chuy\u00ean gi\u1ea3i ph\u00e1p v\u00e0 cung c\u1ea5p h\u1ec7 th\u1ed1ng \u0111i\u1ec7n m\u1eb7t tr\u1eddi h\u00f2a l\u01b0\u1edbi v\u00e0 l\u01b0u tr\u1eef t\u1ea1i Qu\u1ea3ng B\u00ecnh\" \/>\r\n<meta property=\"og:description\" content=\"N\u1eafng n\u00f3ng c\u1ef1c \u0111i\u1ec3m, c\u1eaft \u0111i\u1ec7n lu\u00e2n phi\u00ean v\u00e0 n\u1ed7i lo ho\u00e1 \u0111\u01a1n ti\u1ec1n \u0111i\u1ec7n s\u1ebd \u0111\u01b0\u1ee3c gi\u1ea3i quy\u1ebft ngay v\u1edbi Pin l\u01b0u tr\u1eef lithium ESS Rackmount 51.2V\/280Ah\" \/>\r\n<meta property=\"og:url\" content=\"https:\/\/solarquangbinh.com\/?product=pin-luu-tru-lithium-ess-rackmount-51-2v-280ah-2\" \/>\r\n<meta property=\"og:site_name\" content=\"Solar Qu\u1ea3ng B\u00ecnh chuy\u00ean gi\u1ea3i ph\u00e1p v\u00e0 cung c\u1ea5p h\u1ec7 th\u1ed1ng \u0111i\u1ec7n m\u1eb7t tr\u1eddi h\u00f2a l\u01b0\u1edbi v\u00e0 l\u01b0u tr\u1eef t\u1ea1i Qu\u1ea3ng B\u00ecnh\" \/>\r\n<meta property=\"article:modified_time\" content=\"2024-10-23T09:38:39+00:00\" \/>\r\n<meta property=\"og:image\" content=\"https:\/\/tpenergy.com.vn\/wp-content\/uploads\/2024\/07\/image1-1.png\" \/>\r\n<meta name=\"twitter:card\" content=\"summary_large_image\" \/>\r\n<meta name=\"twitter:label1\" content=\"\u01af\u1edbc t\u00ednh th\u1eddi gian \u0111\u1ecdc\" \/>\n\t<meta name=\"twitter:data1\" content=\"3 ph\u00fat\" \/>\r\n<script type=\"application\/ld+json\" class=\"yoast-schema-graph\">{\"@context\":\"https:\/\/schema.org\",\"@graph\":[{\"@type\":\"WebPage\",\"@id\":\"https:\/\/solarquangbinh.com\/?product=pin-luu-tru-lithium-ess-rackmount-51-2v-280ah-2\",\"url\":\"https:\/\/solarquangbinh.com\/?product=pin-luu-tru-lithium-ess-rackmount-51-2v-280ah-2\",\"name\":\"Pin l\u01b0u tr\u1eef lithium ESS Rackmount 51.2V\/280Ah - Solar Qu\u1ea3ng B\u00ecnh chuy\u00ean gi\u1ea3i ph\u00e1p v\u00e0 cung c\u1ea5p h\u1ec7 th\u1ed1ng \u0111i\u1ec7n m\u1eb7t tr\u1eddi h\u00f2a l\u01b0\u1edbi v\u00e0 l\u01b0u tr\u1eef t\u1ea1i Qu\u1ea3ng B\u00ecnh\",\"isPartOf\":{\"@id\":\"https:\/\/solarquangbinh.com\/#website\"},\"datePublished\":\"2024-10-23T09:38:30+00:00\",\"dateModified\":\"2024-10-23T09:38:39+00:00\",\"description\":\"N\u1eafng n\u00f3ng c\u1ef1c \u0111i\u1ec3m, c\u1eaft \u0111i\u1ec7n lu\u00e2n phi\u00ean v\u00e0 n\u1ed7i lo ho\u00e1 \u0111\u01a1n ti\u1ec1n \u0111i\u1ec7n s\u1ebd \u0111\u01b0\u1ee3c gi\u1ea3i quy\u1ebft ngay v\u1edbi Pin l\u01b0u tr\u1eef lithium ESS Rackmount 51.2V\/280Ah\",\"breadcrumb\":{\"@id\":\"https:\/\/solarquangbinh.com\/?product=pin-luu-tru-lithium-ess-rackmount-51-2v-280ah-2#breadcrumb\"},\"inLanguage\":\"vi\",\"potentialAction\":[{\"@type\":\"ReadAction\",\"target\":[\"https:\/\/solarquangbinh.com\/?product=pin-luu-tru-lithium-ess-rackmount-51-2v-280ah-2\"]}]},{\"@type\":\"BreadcrumbList\",\"@id\":\"https:\/\/solarquangbinh.com\/?product=pin-luu-tru-lithium-ess-rackmount-51-2v-280ah-2#breadcrumb\",\"itemListElement\":[{\"@type\":\"ListItem\",\"position\":1,\"name\":\"Trang ch\u1ee7\",\"item\":\"https:\/\/solarquangbinh.com\/\"},{\"@type\":\"ListItem\",\"position\":2,\"name\":\"S\u1ea3n ph\u1ea9m\",\"item\":\"https:\/\/solarquangbinh.com\/?page_id=20\"},{\"@type\":\"ListItem\",\"position\":3,\"name\":\"Pin l\u01b0u tr\u1eef lithium ESS Rackmount 51.2V\/280Ah\"}]},{\"@type\":\"WebSite\",\"@id\":\"https:\/\/solarquangbinh.com\/#website\",\"url\":\"https:\/\/solarquangbinh.com\/\",\"name\":\"Solar Qu\u1ea3ng B\u00ecnh chuy\u00ean gi\u1ea3i ph\u00e1p v\u00e0 cung c\u1ea5p h\u1ec7 th\u1ed1ng \u0111i\u1ec7n m\u1eb7t tr\u1eddi h\u00f2a l\u01b0\u1edbi v\u00e0 l\u01b0u tr\u1eef t\u1ea1i Qu\u1ea3ng B\u00ecnh\",\"description\":\"\u0110i\u1ec7n n\u0103ng l\u01b0\u1ee3ng m\u1eb7t tr\u1eddi Qu\u1ea3ng B\u00ecnh, Solar Quang Binh, Solar Qu\u1ea3ng B\u00ecnh chuy\u00ean cung c\u1ea5p h\u1ec7 th\u1ed1ng \u0111i\u1ec7n m\u1eb7t tr\u1eddi h\u00f2a l\u01b0\u1edbi v\u00e0 l\u01b0u tr\u1eef, pin n\u0103ng l\u01b0\u1ee3ng m\u1eb7t tr\u1eddi, Solar Quang Binh\",\"potentialAction\":[{\"@type\":\"SearchAction\",\"target\":{\"@type\":\"EntryPoint\",\"urlTemplate\":\"https:\/\/solarquangbinh.com\/?s={search_term_string}\"},\"query-input\":\"required name=search_term_string\"}],\"inLanguage\":\"vi\"}]}<\/script>\r\n<!-- \/ Yoast SEO plugin. -->","yoast_head_json":{"title":"Pin l\u01b0u tr\u1eef lithium ESS Rackmount 51.2V\/280Ah - Solar Qu\u1ea3ng B\u00ecnh chuy\u00ean gi\u1ea3i ph\u00e1p v\u00e0 cung c\u1ea5p h\u1ec7 th\u1ed1ng \u0111i\u1ec7n m\u1eb7t tr\u1eddi h\u00f2a l\u01b0\u1edbi v\u00e0 l\u01b0u tr\u1eef t\u1ea1i Qu\u1ea3ng B\u00ecnh","description":"N\u1eafng n\u00f3ng c\u1ef1c \u0111i\u1ec3m, c\u1eaft \u0111i\u1ec7n lu\u00e2n phi\u00ean v\u00e0 n\u1ed7i lo ho\u00e1 \u0111\u01a1n ti\u1ec1n \u0111i\u1ec7n s\u1ebd \u0111\u01b0\u1ee3c gi\u1ea3i quy\u1ebft ngay v\u1edbi Pin l\u01b0u tr\u1eef lithium ESS Rackmount 51.2V\/280Ah","robots":{"index":"index","follow":"follow","max-snippet":"max-snippet:-1","max-image-preview":"max-image-preview:large","max-video-preview":"max-video-preview:-1"},"canonical":"https:\/\/solarquangbinh.com\/?product=pin-luu-tru-lithium-ess-rackmount-51-2v-280ah-2","og_locale":"vi_VN","og_type":"article","og_title":"Pin l\u01b0u tr\u1eef lithium ESS Rackmount 51.2V\/280Ah - Solar Qu\u1ea3ng B\u00ecnh chuy\u00ean gi\u1ea3i ph\u00e1p v\u00e0 cung c\u1ea5p h\u1ec7 th\u1ed1ng \u0111i\u1ec7n m\u1eb7t tr\u1eddi h\u00f2a l\u01b0\u1edbi v\u00e0 l\u01b0u tr\u1eef t\u1ea1i Qu\u1ea3ng B\u00ecnh","og_description":"N\u1eafng n\u00f3ng c\u1ef1c \u0111i\u1ec3m, c\u1eaft \u0111i\u1ec7n lu\u00e2n phi\u00ean v\u00e0 n\u1ed7i lo ho\u00e1 \u0111\u01a1n ti\u1ec1n \u0111i\u1ec7n s\u1ebd \u0111\u01b0\u1ee3c gi\u1ea3i quy\u1ebft ngay v\u1edbi Pin l\u01b0u tr\u1eef lithium ESS Rackmount 51.2V\/280Ah","og_url":"https:\/\/solarquangbinh.com\/?product=pin-luu-tru-lithium-ess-rackmount-51-2v-280ah-2","og_site_name":"Solar Qu\u1ea3ng B\u00ecnh chuy\u00ean gi\u1ea3i ph\u00e1p v\u00e0 cung c\u1ea5p h\u1ec7 th\u1ed1ng \u0111i\u1ec7n m\u1eb7t tr\u1eddi h\u00f2a l\u01b0\u1edbi v\u00e0 l\u01b0u tr\u1eef t\u1ea1i Qu\u1ea3ng B\u00ecnh","article_modified_time":"2024-10-23T09:38:39+00:00","og_image":[{"url":"https:\/\/tpenergy.com.vn\/wp-content\/uploads\/2024\/07\/image1-1.png"}],"twitter_card":"summary_large_image","twitter_misc":{"\u01af\u1edbc t\u00ednh th\u1eddi gian \u0111\u1ecdc":"3 ph\u00fat"},"schema":{"@context":"https:\/\/schema.org","@graph":[{"@type":"WebPage","@id":"https:\/\/solarquangbinh.com\/?product=pin-luu-tru-lithium-ess-rackmount-51-2v-280ah-2","url":"https:\/\/solarquangbinh.com\/?product=pin-luu-tru-lithium-ess-rackmount-51-2v-280ah-2","name":"Pin l\u01b0u tr\u1eef lithium ESS Rackmount 51.2V\/280Ah - Solar Qu\u1ea3ng B\u00ecnh chuy\u00ean gi\u1ea3i ph\u00e1p v\u00e0 cung c\u1ea5p h\u1ec7 th\u1ed1ng \u0111i\u1ec7n m\u1eb7t tr\u1eddi h\u00f2a l\u01b0\u1edbi v\u00e0 l\u01b0u tr\u1eef t\u1ea1i Qu\u1ea3ng B\u00ecnh","isPartOf":{"@id":"https:\/\/solarquangbinh.com\/#website"},"datePublished":"2024-10-23T09:38:30+00:00","dateModified":"2024-10-23T09:38:39+00:00","description":"N\u1eafng n\u00f3ng c\u1ef1c \u0111i\u1ec3m, c\u1eaft \u0111i\u1ec7n lu\u00e2n phi\u00ean v\u00e0 n\u1ed7i lo ho\u00e1 \u0111\u01a1n ti\u1ec1n \u0111i\u1ec7n s\u1ebd \u0111\u01b0\u1ee3c gi\u1ea3i quy\u1ebft ngay v\u1edbi Pin l\u01b0u tr\u1eef lithium ESS Rackmount 51.2V\/280Ah","breadcrumb":{"@id":"https:\/\/solarquangbinh.com\/?product=pin-luu-tru-lithium-ess-rackmount-51-2v-280ah-2#breadcrumb"},"inLanguage":"vi","potentialAction":[{"@type":"ReadAction","target":["https:\/\/solarquangbinh.com\/?product=pin-luu-tru-lithium-ess-rackmount-51-2v-280ah-2"]}]},{"@type":"BreadcrumbList","@id":"https:\/\/solarquangbinh.com\/?product=pin-luu-tru-lithium-ess-rackmount-51-2v-280ah-2#breadcrumb","itemListElement":[{"@type":"ListItem","position":1,"name":"Trang ch\u1ee7","item":"https:\/\/solarquangbinh.com\/"},{"@type":"ListItem","position":2,"name":"S\u1ea3n ph\u1ea9m","item":"https:\/\/solarquangbinh.com\/?page_id=20"},{"@type":"ListItem","position":3,"name":"Pin l\u01b0u tr\u1eef lithium ESS Rackmount 51.2V\/280Ah"}]},{"@type":"WebSite","@id":"https:\/\/solarquangbinh.com\/#website","url":"https:\/\/solarquangbinh.com\/","name":"Solar Qu\u1ea3ng B\u00ecnh chuy\u00ean gi\u1ea3i ph\u00e1p v\u00e0 cung c\u1ea5p h\u1ec7 th\u1ed1ng \u0111i\u1ec7n m\u1eb7t tr\u1eddi h\u00f2a l\u01b0\u1edbi v\u00e0 l\u01b0u tr\u1eef t\u1ea1i Qu\u1ea3ng B\u00ecnh","description":"\u0110i\u1ec7n n\u0103ng l\u01b0\u1ee3ng m\u1eb7t tr\u1eddi Qu\u1ea3ng B\u00ecnh, Solar Quang Binh, Solar Qu\u1ea3ng B\u00ecnh chuy\u00ean cung c\u1ea5p h\u1ec7 th\u1ed1ng \u0111i\u1ec7n m\u1eb7t tr\u1eddi h\u00f2a l\u01b0\u1edbi v\u00e0 l\u01b0u tr\u1eef, pin n\u0103ng l\u01b0\u1ee3ng m\u1eb7t tr\u1eddi, Solar Quang Binh","potentialAction":[{"@type":"SearchAction","target":{"@type":"EntryPoint","urlTemplate":"https:\/\/solarquangbinh.com\/?s={search_term_string}"},"query-input":"required name=search_term_string"}],"inLanguage":"vi"}]}},"_links":{"self":[{"href":"https:\/\/solarquangbinh.com\/index.php?rest_route=\/wp\/v3\/product\/7575"}],"collection":[{"href":"https:\/\/solarquangbinh.com\/index.php?rest_route=\/wp\/v3\/product"}],"about":[{"href":"https:\/\/solarquangbinh.com\/index.php?rest_route=\/wp\/v2\/types\/product"}],"wp:featuredmedia":[{"embeddable":true,"href":"https:\/\/solarquangbinh.com\/index.php?rest_route=\/wp\/v2\/media\/6527"}],"wp:attachment":[{"href":"https:\/\/solarquangbinh.com\/index.php?rest_route=%2Fwp%2Fv2%2Fmedia&parent=7575"}],"wp:term":[{"taxonomy":"product_cat","embeddable":true,"href":"https:\/\/solarquangbinh.com\/index.php?rest_route=%2Fwp%2Fv2%2Fproduct_cat&post=7575"},{"taxonomy":"product_tag","embeddable":true,"href":"https:\/\/solarquangbinh.com\/index.php?rest_route=%2Fwp%2Fv2%2Fproduct_tag&post=7575"}],"curies":[{"name":"wp","href":"https:\/\/api.w.org\/{rel}","templated":true}]}}